{"id":850,"date":"2025-04-17T10:32:16","date_gmt":"2025-04-17T10:32:16","guid":{"rendered":"https:\/\/top-parfumerie.fr\/?post_type=product&#038;p=850"},"modified":"2025-06-15T10:35:00","modified_gmt":"2025-06-15T10:35:00","slug":"le-santal","status":"publish","type":"product","link":"https:\/\/top-parfumerie.fr\/en\/product\/le-santal\/","title":{"rendered":"LE SANTAL &#8211; Collection Authentique &#8211; 50ML"},"content":{"rendered":"<p class=\"\" data-start=\"165\" data-end=\"208\">Une invitation \u00e0 l\u2019\u00e9vasion et \u00e0 la douceur.<\/p>\n<p class=\"\" data-start=\"210\" data-end=\"366\">Santal de Paris, de la collection <strong data-start=\"244\" data-end=\"264\">Place de R\u00eaverie<\/strong>, est une fragrance d\u00e9licate et enveloppante, pens\u00e9e comme un moment suspendu entre r\u00eave et r\u00e9alit\u00e9.<\/p>\n<p class=\"\" data-start=\"368\" data-end=\"662\">L&rsquo;ouverture d\u00e9voile des notes lumineuses de <strong data-start=\"412\" data-end=\"419\">lys<\/strong> associ\u00e9es \u00e0 la chaleur bois\u00e9e de <strong data-start=\"453\" data-end=\"465\">l\u2019amyris<\/strong>, cr\u00e9ant un premier souffle \u00e0 la fois doux et raffin\u00e9. Au c\u0153ur, les <strong data-start=\"533\" data-end=\"551\">notes poudr\u00e9es<\/strong> se m\u00ealent \u00e0 la sensualit\u00e9 musqu\u00e9e de <strong data-start=\"589\" data-end=\"603\">l\u2019ambrette<\/strong>, apportant une texture soyeuse et une \u00e9l\u00e9gance discr\u00e8te.<\/p>\n<p class=\"\" data-start=\"664\" data-end=\"915\">Le fond r\u00e9v\u00e8le toute la richesse du <strong data-start=\"700\" data-end=\"718\">bois de santal<\/strong>, sublim\u00e9 par la <strong data-start=\"735\" data-end=\"746\">vanilla<\/strong>, <strong data-start=\"748\" data-end=\"759\">l\u2019ambre<\/strong>, <strong data-start=\"761\" data-end=\"775\">le benjoin<\/strong> et <strong data-start=\"779\" data-end=\"793\">l\u2019ambroxan<\/strong>. Un sillage chaleureux, cr\u00e9meux et profond\u00e9ment apaisant, qui caresse la peau comme un voile de confort et de s\u00e9r\u00e9nit\u00e9.<\/p>\n<p class=\"\" data-start=\"917\" data-end=\"1078\"><strong data-start=\"917\" data-end=\"936\">Santal de Paris<\/strong> est un parfum cocon, \u00e0 la fois intime et enveloppant, id\u00e9al pour ceux qui recherchent une signature olfactive douce, bois\u00e9e et r\u00e9confortante.<\/p>","protected":false},"excerpt":{"rendered":"<p><strong>Correspondence:<\/strong> PLACE DE REVERIE &#8211; Santal de Paris<\/p>\n<p><strong>Top Notes:<\/strong>\u00a0Lys, Amyris<\/p>\n<p><strong>Heart Notes:<\/strong>\u00a0Notes Poudr\u00e9es, Ambrette<\/p>\n<div class=\"elementor-element elementor-element-02fd1a3 pyramideolfactive elementor-widget elementor-widget-shortcode\" data-id=\"02fd1a3\" data-element_type=\"widget\" data-widget_type=\"shortcode.default\">\n<div class=\"elementor-widget-container\">\n<p><strong>Base Notes:<\/strong> Santal, Vanille, Ambre, Ambroxan, Benjoin<\/p>\n<\/div>\n<\/div>","protected":false},"featured_media":851,"comment_status":"open","ping_status":"closed","template":"","meta":[],"product_brand":[],"product_cat":[80],"product_tag":[102,103,101],"class_list":{"0":"post-850","1":"product","2":"type-product","3":"status-publish","4":"has-post-thumbnail","6":"product_cat-nos-lots-authentique-en-gros","7":"product_tag-le","8":"product_tag-le-santal","9":"product_tag-santal","11":"first","12":"instock","13":"shipping-taxable","14":"purchasable","15":"product-type-simple"},"yoast_head":"<!-- This site is optimized with the Yoast SEO plugin v27.5 - https:\/\/yoast.com\/product\/yoast-seo-wordpress\/ -->\n<title>LE SANTAL - Collection Authentique - 50ML - TOP PARFUMERIE<\/title>\n<meta name=\"description\" content=\"Santal de Paris est un parfum cocon, \u00e0 la fois intime et enveloppant, id\u00e9al pour ceux qui recherchent une signature olfactive douce\" \/>\n<meta name=\"robots\" content=\"index, follow, max-snippet:-1, max-image-preview:large, max-video-preview:-1\" \/>\n<link rel=\"canonical\" href=\"https:\/\/top-parfumerie.fr\/en\/product\/le-santal\/\" \/>\n<meta property=\"og:locale\" content=\"en_US\" \/>\n<meta property=\"og:type\" content=\"article\" \/>\n<meta property=\"og:title\" content=\"LE SANTAL - Collection Authentique - 50ML - TOP PARFUMERIE\" \/>\n<meta property=\"og:description\" content=\"Santal de Paris est un parfum cocon, \u00e0 la fois intime et enveloppant, id\u00e9al pour ceux qui recherchent une signature olfactive douce\" \/>\n<meta property=\"og:url\" content=\"https:\/\/top-parfumerie.fr\/en\/product\/le-santal\/\" \/>\n<meta property=\"og:site_name\" content=\"TOP PARFUMERIE\" \/>\n<meta property=\"article:modified_time\" content=\"2025-06-15T10:35:00+00:00\" \/>\n<meta property=\"og:image\" content=\"https:\/\/top-parfumerie.fr\/wp-content\/uploads\/2025\/04\/LE-SANTAL.png\" \/>\n\t<meta property=\"og:image:width\" content=\"1080\" \/>\n\t<meta property=\"og:image:height\" content=\"1080\" \/>\n\t<meta property=\"og:image:type\" content=\"image\/png\" \/>\n<meta name=\"twitter:card\" content=\"summary_large_image\" \/>\n<meta name=\"twitter:label1\" content=\"Est. reading time\" \/>\n\t<meta name=\"twitter:data1\" content=\"1 minute\" \/>\n<script type=\"application\/ld+json\" class=\"yoast-schema-graph\">{\"@context\":\"https:\\\/\\\/schema.org\",\"@graph\":[{\"@type\":\"WebPage\",\"@id\":\"https:\\\/\\\/top-parfumerie.fr\\\/produit\\\/le-santal\\\/\",\"url\":\"https:\\\/\\\/top-parfumerie.fr\\\/produit\\\/le-santal\\\/\",\"name\":\"LE SANTAL - Collection Authentique - 50ML - TOP PARFUMERIE\",\"isPartOf\":{\"@id\":\"https:\\\/\\\/top-parfumerie.fr\\\/#website\"},\"primaryImageOfPage\":{\"@id\":\"https:\\\/\\\/top-parfumerie.fr\\\/produit\\\/le-santal\\\/#primaryimage\"},\"image\":{\"@id\":\"https:\\\/\\\/top-parfumerie.fr\\\/produit\\\/le-santal\\\/#primaryimage\"},\"thumbnailUrl\":\"https:\\\/\\\/top-parfumerie.fr\\\/wp-content\\\/uploads\\\/2025\\\/04\\\/LE-SANTAL.png\",\"datePublished\":\"2025-04-17T10:32:16+00:00\",\"dateModified\":\"2025-06-15T10:35:00+00:00\",\"description\":\"Santal de Paris est un parfum cocon, \u00e0 la fois intime et enveloppant, id\u00e9al pour ceux qui recherchent une signature olfactive douce\",\"breadcrumb\":{\"@id\":\"https:\\\/\\\/top-parfumerie.fr\\\/produit\\\/le-santal\\\/#breadcrumb\"},\"inLanguage\":\"en-US\",\"potentialAction\":[{\"@type\":\"ReadAction\",\"target\":[\"https:\\\/\\\/top-parfumerie.fr\\\/produit\\\/le-santal\\\/\"]}]},{\"@type\":\"ImageObject\",\"inLanguage\":\"en-US\",\"@id\":\"https:\\\/\\\/top-parfumerie.fr\\\/produit\\\/le-santal\\\/#primaryimage\",\"url\":\"https:\\\/\\\/top-parfumerie.fr\\\/wp-content\\\/uploads\\\/2025\\\/04\\\/LE-SANTAL.png\",\"contentUrl\":\"https:\\\/\\\/top-parfumerie.fr\\\/wp-content\\\/uploads\\\/2025\\\/04\\\/LE-SANTAL.png\",\"width\":1080,\"height\":1080,\"caption\":\"LE SANTAL\"},{\"@type\":\"BreadcrumbList\",\"@id\":\"https:\\\/\\\/top-parfumerie.fr\\\/produit\\\/le-santal\\\/#breadcrumb\",\"itemListElement\":[{\"@type\":\"ListItem\",\"position\":1,\"name\":\"Accueil\",\"item\":\"https:\\\/\\\/top-parfumerie.fr\\\/\"},{\"@type\":\"ListItem\",\"position\":2,\"name\":\"Boutique\",\"item\":\"https:\\\/\\\/top-parfumerie.fr\\\/boutique\\\/\"},{\"@type\":\"ListItem\",\"position\":3,\"name\":\"LE SANTAL &#8211; Collection Authentique &#8211; 50ML\"}]},{\"@type\":\"WebSite\",\"@id\":\"https:\\\/\\\/top-parfumerie.fr\\\/#website\",\"url\":\"https:\\\/\\\/top-parfumerie.fr\\\/\",\"name\":\"TOP PARFUMERIE\",\"description\":\"L&#039;excellence du Parfum en Gros\",\"publisher\":{\"@id\":\"https:\\\/\\\/top-parfumerie.fr\\\/#organization\"},\"potentialAction\":[{\"@type\":\"SearchAction\",\"target\":{\"@type\":\"EntryPoint\",\"urlTemplate\":\"https:\\\/\\\/top-parfumerie.fr\\\/?s={search_term_string}\"},\"query-input\":{\"@type\":\"PropertyValueSpecification\",\"valueRequired\":true,\"valueName\":\"search_term_string\"}}],\"inLanguage\":\"en-US\"},{\"@type\":\"Organization\",\"@id\":\"https:\\\/\\\/top-parfumerie.fr\\\/#organization\",\"name\":\"TOP PARFUMERIE\",\"url\":\"https:\\\/\\\/top-parfumerie.fr\\\/\",\"logo\":{\"@type\":\"ImageObject\",\"inLanguage\":\"en-US\",\"@id\":\"https:\\\/\\\/top-parfumerie.fr\\\/#\\\/schema\\\/logo\\\/image\\\/\",\"url\":\"https:\\\/\\\/top-parfumerie.fr\\\/wp-content\\\/uploads\\\/2025\\\/02\\\/logo.jpg\",\"contentUrl\":\"https:\\\/\\\/top-parfumerie.fr\\\/wp-content\\\/uploads\\\/2025\\\/02\\\/logo.jpg\",\"width\":1600,\"height\":1600,\"caption\":\"TOP PARFUMERIE\"},\"image\":{\"@id\":\"https:\\\/\\\/top-parfumerie.fr\\\/#\\\/schema\\\/logo\\\/image\\\/\"}}]}<\/script>\n<!-- \/ Yoast SEO plugin. -->","yoast_head_json":{"title":"LE SANTAL - Collection Authentique - 50ML - TOP PARFUMERIE","description":"Santal de Paris est un parfum cocon, \u00e0 la fois intime et enveloppant, id\u00e9al pour ceux qui recherchent une signature olfactive douce","robots":{"index":"index","follow":"follow","max-snippet":"max-snippet:-1","max-image-preview":"max-image-preview:large","max-video-preview":"max-video-preview:-1"},"canonical":"https:\/\/top-parfumerie.fr\/en\/product\/le-santal\/","og_locale":"en_US","og_type":"article","og_title":"LE SANTAL - Collection Authentique - 50ML - TOP PARFUMERIE","og_description":"Santal de Paris est un parfum cocon, \u00e0 la fois intime et enveloppant, id\u00e9al pour ceux qui recherchent une signature olfactive douce","og_url":"https:\/\/top-parfumerie.fr\/en\/product\/le-santal\/","og_site_name":"TOP PARFUMERIE","article_modified_time":"2025-06-15T10:35:00+00:00","og_image":[{"width":1080,"height":1080,"url":"https:\/\/top-parfumerie.fr\/wp-content\/uploads\/2025\/04\/LE-SANTAL.png","type":"image\/png"}],"twitter_card":"summary_large_image","twitter_misc":{"Est. reading time":"1 minute"},"schema":{"@context":"https:\/\/schema.org","@graph":[{"@type":"WebPage","@id":"https:\/\/top-parfumerie.fr\/produit\/le-santal\/","url":"https:\/\/top-parfumerie.fr\/produit\/le-santal\/","name":"LE SANTAL - Collection Authentique - 50ML - TOP PARFUMERIE","isPartOf":{"@id":"https:\/\/top-parfumerie.fr\/#website"},"primaryImageOfPage":{"@id":"https:\/\/top-parfumerie.fr\/produit\/le-santal\/#primaryimage"},"image":{"@id":"https:\/\/top-parfumerie.fr\/produit\/le-santal\/#primaryimage"},"thumbnailUrl":"https:\/\/top-parfumerie.fr\/wp-content\/uploads\/2025\/04\/LE-SANTAL.png","datePublished":"2025-04-17T10:32:16+00:00","dateModified":"2025-06-15T10:35:00+00:00","description":"Santal de Paris est un parfum cocon, \u00e0 la fois intime et enveloppant, id\u00e9al pour ceux qui recherchent une signature olfactive douce","breadcrumb":{"@id":"https:\/\/top-parfumerie.fr\/produit\/le-santal\/#breadcrumb"},"inLanguage":"en-US","potentialAction":[{"@type":"ReadAction","target":["https:\/\/top-parfumerie.fr\/produit\/le-santal\/"]}]},{"@type":"ImageObject","inLanguage":"en-US","@id":"https:\/\/top-parfumerie.fr\/produit\/le-santal\/#primaryimage","url":"https:\/\/top-parfumerie.fr\/wp-content\/uploads\/2025\/04\/LE-SANTAL.png","contentUrl":"https:\/\/top-parfumerie.fr\/wp-content\/uploads\/2025\/04\/LE-SANTAL.png","width":1080,"height":1080,"caption":"LE SANTAL"},{"@type":"BreadcrumbList","@id":"https:\/\/top-parfumerie.fr\/produit\/le-santal\/#breadcrumb","itemListElement":[{"@type":"ListItem","position":1,"name":"Accueil","item":"https:\/\/top-parfumerie.fr\/"},{"@type":"ListItem","position":2,"name":"Boutique","item":"https:\/\/top-parfumerie.fr\/boutique\/"},{"@type":"ListItem","position":3,"name":"LE SANTAL &#8211; Collection Authentique &#8211; 50ML"}]},{"@type":"WebSite","@id":"https:\/\/top-parfumerie.fr\/#website","url":"https:\/\/top-parfumerie.fr\/","name":"TOP PARFUMERIE","description":"L&#039;excellence du Parfum en Gros","publisher":{"@id":"https:\/\/top-parfumerie.fr\/#organization"},"potentialAction":[{"@type":"SearchAction","target":{"@type":"EntryPoint","urlTemplate":"https:\/\/top-parfumerie.fr\/?s={search_term_string}"},"query-input":{"@type":"PropertyValueSpecification","valueRequired":true,"valueName":"search_term_string"}}],"inLanguage":"en-US"},{"@type":"Organization","@id":"https:\/\/top-parfumerie.fr\/#organization","name":"TOP PARFUMERIE","url":"https:\/\/top-parfumerie.fr\/","logo":{"@type":"ImageObject","inLanguage":"en-US","@id":"https:\/\/top-parfumerie.fr\/#\/schema\/logo\/image\/","url":"https:\/\/top-parfumerie.fr\/wp-content\/uploads\/2025\/02\/logo.jpg","contentUrl":"https:\/\/top-parfumerie.fr\/wp-content\/uploads\/2025\/02\/logo.jpg","width":1600,"height":1600,"caption":"TOP PARFUMERIE"},"image":{"@id":"https:\/\/top-parfumerie.fr\/#\/schema\/logo\/image\/"}}]}},"_links":{"self":[{"href":"https:\/\/top-parfumerie.fr\/en\/wp-json\/wp\/v2\/product\/850","targetHints":{"allow":["GET"]}}],"collection":[{"href":"https:\/\/top-parfumerie.fr\/en\/wp-json\/wp\/v2\/product"}],"about":[{"href":"https:\/\/top-parfumerie.fr\/en\/wp-json\/wp\/v2\/types\/product"}],"replies":[{"embeddable":true,"href":"https:\/\/top-parfumerie.fr\/en\/wp-json\/wp\/v2\/comments?post=850"}],"wp:featuredmedia":[{"embeddable":true,"href":"https:\/\/top-parfumerie.fr\/en\/wp-json\/wp\/v2\/media\/851"}],"wp:attachment":[{"href":"https:\/\/top-parfumerie.fr\/en\/wp-json\/wp\/v2\/media?parent=850"}],"wp:term":[{"taxonomy":"product_brand","embeddable":true,"href":"https:\/\/top-parfumerie.fr\/en\/wp-json\/wp\/v2\/product_brand?post=850"},{"taxonomy":"product_cat","embeddable":true,"href":"https:\/\/top-parfumerie.fr\/en\/wp-json\/wp\/v2\/product_cat?post=850"},{"taxonomy":"product_tag","embeddable":true,"href":"https:\/\/top-parfumerie.fr\/en\/wp-json\/wp\/v2\/product_tag?post=850"}],"curies":[{"name":"wp","href":"https:\/\/api.w.org\/{rel}","templated":true}]}}