{"id":335,"date":"2025-02-06T12:21:57","date_gmt":"2025-02-06T12:21:57","guid":{"rendered":"https:\/\/top-parfumerie.fr\/?post_type=product&#038;p=335"},"modified":"2026-04-23T14:47:40","modified_gmt":"2026-04-23T14:47:40","slug":"lot-35-parfums","status":"publish","type":"product","link":"https:\/\/top-parfumerie.fr\/en\/product\/lot-35-parfums\/","title":{"rendered":"LOT DE 35 PARFUMS COLLECTION PRIV\u00c9E AUTHENTIQUE"},"content":{"rendered":"<p data-start=\"303\" data-end=\"602\">Explorez notre <strong data-start=\"318\" data-end=\"369\">Lot de 35 Parfums Collection Priv\u00e9e Authentique<\/strong>, une gamme soigneusement compos\u00e9e de <strong data-start=\"407\" data-end=\"451\">fragrances inspir\u00e9es des grandes marques<\/strong>, alliant accessibilit\u00e9, tenue longue dur\u00e9e et qualit\u00e9 olfactive. Un excellent choix pour enrichir votre offre ou d\u00e9velopper votre activit\u00e9 de revente.<\/p>\n<p data-start=\"604\" data-end=\"747\">Avec <strong data-start=\"609\" data-end=\"638\">87 r\u00e9f\u00e9rences disponibles<\/strong>, vous avez la libert\u00e9 de proposer des senteurs vari\u00e9es, adapt\u00e9es \u00e0 tous les go\u00fbts et \u00e0 toutes les occasions.<\/p>\n<h4 data-start=\"749\" data-end=\"782\">\ud83d\udd39 Points forts du produit :<\/h4>\n<ul data-start=\"783\" data-end=\"1129\">\n<li data-start=\"783\" data-end=\"858\">\n<p data-start=\"785\" data-end=\"858\"><strong data-start=\"785\" data-end=\"805\">Flacons de 50 ml<\/strong> : un format id\u00e9al pour une utilisation quotidienne<\/p>\n<\/li>\n<li data-start=\"859\" data-end=\"952\">\n<p data-start=\"861\" data-end=\"952\"><strong data-start=\"861\" data-end=\"883\">Tenue longue dur\u00e9e<\/strong> : jusqu&rsquo;\u00e0 8 \u00e0 10 heures sur la peau, jusqu\u2019\u00e0 3 \u00e0 4 jours sur les v\u00eatements<\/p>\n<\/li>\n<li data-start=\"953\" data-end=\"1048\">\n<p data-start=\"955\" data-end=\"1048\"><strong data-start=\"955\" data-end=\"976\">Sillage travaill\u00e9<\/strong> : des parfums intenses et fid\u00e8les \u00e0 l\u2019esprit des plus grandes maisons<\/p>\n<\/li>\n<li data-start=\"1049\" data-end=\"1129\">\n<p data-start=\"1051\" data-end=\"1129\"><strong data-start=\"1051\" data-end=\"1077\">Formulation de qualit\u00e9<\/strong> : pour une exp\u00e9rience olfactive agr\u00e9able et durable<\/p>\n<\/li>\n<\/ul>\n<p data-start=\"1131\" data-end=\"1337\">Ce lot est con\u00e7u pour les <strong data-start=\"1157\" data-end=\"1187\">professionnels de la vente<\/strong>, souhaitant se d\u00e9marquer avec des produits tendance, attractifs et \u00e0 <strong data-start=\"1257\" data-end=\"1286\">fort potentiel commercial<\/strong>, le tout \u00e0 <strong data-start=\"1298\" data-end=\"1336\">prix comp\u00e9titif en tarif grossiste<\/strong>.<\/p>\n<hr data-start=\"1339\" data-end=\"1342\" \/>\n<p data-start=\"1344\" data-end=\"1534\">\ud83d\udce6 <strong data-start=\"1347\" data-end=\"1376\">Commandez d\u00e8s aujourd\u2019hui<\/strong> votre lot de 35 parfums et profitez d\u2019une collection polyvalente, disponible en stock toute l\u2019ann\u00e9e, pour r\u00e9pondre rapidement aux besoins de votre client\u00e8le.<\/p>\n<p data-start=\"1344\" data-end=\"1534\">\u26a0\ufe0f <strong data-start=\"1338\" data-end=\"1364\">Information importante<\/strong> : En cas de rupture de stock, certains \u00e9l\u00e9ments (packaging, bouchon, cache-pompe ou pulv\u00e9risateur) peuvent \u00eatre livr\u00e9s sans gravure ou avec une finition diff\u00e9rente, sans impact sur la qualit\u00e9 du parfum.<\/p>","protected":false},"excerpt":{"rendered":"<p><em>6,50\u2009\u20ac l\u2019unit\u00e9 \u2013 <\/em>NOS PRODUITS SONT CLASS\u00c9S PAR ODRE ALPHAB\u00c9TIQUE.<\/p>\n<p>Consulter notre tableau des r\u00e9f\u00e9rences et \u00e9quivalences en cliquant ici : <a href=\"https:\/\/top-parfumerie.fr\/wp-content\/uploads\/2025\/02\/Liste-ref-CA.pdf\">LISTE CORRESPONDANCE DES R\u00c9F\u00c9RENCES.<\/a><\/p>","protected":false},"featured_media":1480,"comment_status":"open","ping_status":"closed","template":"","meta":[],"product_brand":[],"product_cat":[80],"product_tag":[25,27,88,85,86,26],"class_list":{"0":"post-335","1":"product","2":"type-product","3":"status-publish","4":"has-post-thumbnail","6":"product_cat-nos-lots-authentique-en-gros","7":"product_tag-collection","8":"product_tag-collection-privee","9":"product_tag-gros","10":"product_tag-lot","11":"product_tag-parfums","12":"product_tag-privee","14":"first","15":"instock","16":"downloadable","17":"shipping-taxable","18":"purchasable","19":"product-type-woosb"},"yoast_head":"<!-- This site is optimized with the Yoast SEO plugin v27.5 - https:\/\/yoast.com\/product\/yoast-seo-wordpress\/ -->\n<title>LOT DE 35 PARFUMS COLLECTION PRIV\u00c9E AUTHENTIQUE - TOP PARFUMERIE<\/title>\n<meta name=\"description\" content=\"La Collection Priv\u00e9e Paris vous propose une gamme raffin\u00e9e de parfums en vente en gros, alliant qualit\u00e9 et \u00e9l\u00e9gance et s\u00e9duisent une client\u00e8le exigeante.\" \/>\n<meta name=\"robots\" content=\"index, follow, max-snippet:-1, max-image-preview:large, max-video-preview:-1\" \/>\n<link rel=\"canonical\" href=\"https:\/\/top-parfumerie.fr\/en\/product\/lot-35-parfums\/\" \/>\n<meta property=\"og:locale\" content=\"en_US\" \/>\n<meta property=\"og:type\" content=\"article\" \/>\n<meta property=\"og:title\" content=\"LOT DE 35 PARFUMS COLLECTION PRIV\u00c9E AUTHENTIQUE - TOP PARFUMERIE\" \/>\n<meta property=\"og:description\" content=\"La Collection Priv\u00e9e Paris vous propose une gamme raffin\u00e9e de parfums en vente en gros, alliant qualit\u00e9 et \u00e9l\u00e9gance et s\u00e9duisent une client\u00e8le exigeante.\" \/>\n<meta property=\"og:url\" content=\"https:\/\/top-parfumerie.fr\/en\/product\/lot-35-parfums\/\" \/>\n<meta property=\"og:site_name\" content=\"TOP PARFUMERIE\" \/>\n<meta property=\"article:modified_time\" content=\"2026-04-23T14:47:40+00:00\" \/>\n<meta property=\"og:image\" content=\"https:\/\/top-parfumerie.fr\/wp-content\/uploads\/2025\/11\/Photo-lot--1024x1024.png\" \/>\n\t<meta property=\"og:image:width\" content=\"1024\" \/>\n\t<meta property=\"og:image:height\" content=\"1024\" \/>\n\t<meta property=\"og:image:type\" content=\"image\/png\" \/>\n<meta name=\"twitter:card\" content=\"summary_large_image\" \/>\n<meta name=\"twitter:label1\" content=\"Est. reading time\" \/>\n\t<meta name=\"twitter:data1\" content=\"2 minutes\" \/>\n<script type=\"application\/ld+json\" class=\"yoast-schema-graph\">{\"@context\":\"https:\\\/\\\/schema.org\",\"@graph\":[{\"@type\":\"WebPage\",\"@id\":\"https:\\\/\\\/top-parfumerie.fr\\\/produit\\\/lot-35-parfums\\\/\",\"url\":\"https:\\\/\\\/top-parfumerie.fr\\\/produit\\\/lot-35-parfums\\\/\",\"name\":\"LOT DE 35 PARFUMS COLLECTION PRIV\u00c9E AUTHENTIQUE - TOP PARFUMERIE\",\"isPartOf\":{\"@id\":\"https:\\\/\\\/top-parfumerie.fr\\\/#website\"},\"primaryImageOfPage\":{\"@id\":\"https:\\\/\\\/top-parfumerie.fr\\\/produit\\\/lot-35-parfums\\\/#primaryimage\"},\"image\":{\"@id\":\"https:\\\/\\\/top-parfumerie.fr\\\/produit\\\/lot-35-parfums\\\/#primaryimage\"},\"thumbnailUrl\":\"https:\\\/\\\/top-parfumerie.fr\\\/wp-content\\\/uploads\\\/2025\\\/11\\\/Photo-lot-.png\",\"datePublished\":\"2025-02-06T12:21:57+00:00\",\"dateModified\":\"2026-04-23T14:47:40+00:00\",\"description\":\"La Collection Priv\u00e9e Paris vous propose une gamme raffin\u00e9e de parfums en vente en gros, alliant qualit\u00e9 et \u00e9l\u00e9gance et s\u00e9duisent une client\u00e8le exigeante.\",\"breadcrumb\":{\"@id\":\"https:\\\/\\\/top-parfumerie.fr\\\/produit\\\/lot-35-parfums\\\/#breadcrumb\"},\"inLanguage\":\"en-US\",\"potentialAction\":[{\"@type\":\"ReadAction\",\"target\":[\"https:\\\/\\\/top-parfumerie.fr\\\/produit\\\/lot-35-parfums\\\/\"]}]},{\"@type\":\"ImageObject\",\"inLanguage\":\"en-US\",\"@id\":\"https:\\\/\\\/top-parfumerie.fr\\\/produit\\\/lot-35-parfums\\\/#primaryimage\",\"url\":\"https:\\\/\\\/top-parfumerie.fr\\\/wp-content\\\/uploads\\\/2025\\\/11\\\/Photo-lot-.png\",\"contentUrl\":\"https:\\\/\\\/top-parfumerie.fr\\\/wp-content\\\/uploads\\\/2025\\\/11\\\/Photo-lot-.png\",\"width\":1600,\"height\":1600},{\"@type\":\"BreadcrumbList\",\"@id\":\"https:\\\/\\\/top-parfumerie.fr\\\/produit\\\/lot-35-parfums\\\/#breadcrumb\",\"itemListElement\":[{\"@type\":\"ListItem\",\"position\":1,\"name\":\"Accueil\",\"item\":\"https:\\\/\\\/top-parfumerie.fr\\\/\"},{\"@type\":\"ListItem\",\"position\":2,\"name\":\"Boutique\",\"item\":\"https:\\\/\\\/top-parfumerie.fr\\\/boutique\\\/\"},{\"@type\":\"ListItem\",\"position\":3,\"name\":\"LOT DE 35 PARFUMS COLLECTION PRIV\u00c9E AUTHENTIQUE\"}]},{\"@type\":\"WebSite\",\"@id\":\"https:\\\/\\\/top-parfumerie.fr\\\/#website\",\"url\":\"https:\\\/\\\/top-parfumerie.fr\\\/\",\"name\":\"TOP PARFUMERIE\",\"description\":\"L&#039;excellence du Parfum en Gros\",\"publisher\":{\"@id\":\"https:\\\/\\\/top-parfumerie.fr\\\/#organization\"},\"potentialAction\":[{\"@type\":\"SearchAction\",\"target\":{\"@type\":\"EntryPoint\",\"urlTemplate\":\"https:\\\/\\\/top-parfumerie.fr\\\/?s={search_term_string}\"},\"query-input\":{\"@type\":\"PropertyValueSpecification\",\"valueRequired\":true,\"valueName\":\"search_term_string\"}}],\"inLanguage\":\"en-US\"},{\"@type\":\"Organization\",\"@id\":\"https:\\\/\\\/top-parfumerie.fr\\\/#organization\",\"name\":\"TOP PARFUMERIE\",\"url\":\"https:\\\/\\\/top-parfumerie.fr\\\/\",\"logo\":{\"@type\":\"ImageObject\",\"inLanguage\":\"en-US\",\"@id\":\"https:\\\/\\\/top-parfumerie.fr\\\/#\\\/schema\\\/logo\\\/image\\\/\",\"url\":\"https:\\\/\\\/top-parfumerie.fr\\\/wp-content\\\/uploads\\\/2025\\\/02\\\/logo.jpg\",\"contentUrl\":\"https:\\\/\\\/top-parfumerie.fr\\\/wp-content\\\/uploads\\\/2025\\\/02\\\/logo.jpg\",\"width\":1600,\"height\":1600,\"caption\":\"TOP PARFUMERIE\"},\"image\":{\"@id\":\"https:\\\/\\\/top-parfumerie.fr\\\/#\\\/schema\\\/logo\\\/image\\\/\"}}]}<\/script>\n<!-- \/ Yoast SEO plugin. -->","yoast_head_json":{"title":"LOT DE 35 PARFUMS COLLECTION PRIV\u00c9E AUTHENTIQUE - TOP PARFUMERIE","description":"La Collection Priv\u00e9e Paris vous propose une gamme raffin\u00e9e de parfums en vente en gros, alliant qualit\u00e9 et \u00e9l\u00e9gance et s\u00e9duisent une client\u00e8le exigeante.","robots":{"index":"index","follow":"follow","max-snippet":"max-snippet:-1","max-image-preview":"max-image-preview:large","max-video-preview":"max-video-preview:-1"},"canonical":"https:\/\/top-parfumerie.fr\/en\/product\/lot-35-parfums\/","og_locale":"en_US","og_type":"article","og_title":"LOT DE 35 PARFUMS COLLECTION PRIV\u00c9E AUTHENTIQUE - TOP PARFUMERIE","og_description":"La Collection Priv\u00e9e Paris vous propose une gamme raffin\u00e9e de parfums en vente en gros, alliant qualit\u00e9 et \u00e9l\u00e9gance et s\u00e9duisent une client\u00e8le exigeante.","og_url":"https:\/\/top-parfumerie.fr\/en\/product\/lot-35-parfums\/","og_site_name":"TOP PARFUMERIE","article_modified_time":"2026-04-23T14:47:40+00:00","og_image":[{"width":1024,"height":1024,"url":"https:\/\/top-parfumerie.fr\/wp-content\/uploads\/2025\/11\/Photo-lot--1024x1024.png","type":"image\/png"}],"twitter_card":"summary_large_image","twitter_misc":{"Est. reading time":"2 minutes"},"schema":{"@context":"https:\/\/schema.org","@graph":[{"@type":"WebPage","@id":"https:\/\/top-parfumerie.fr\/produit\/lot-35-parfums\/","url":"https:\/\/top-parfumerie.fr\/produit\/lot-35-parfums\/","name":"LOT DE 35 PARFUMS COLLECTION PRIV\u00c9E AUTHENTIQUE - TOP PARFUMERIE","isPartOf":{"@id":"https:\/\/top-parfumerie.fr\/#website"},"primaryImageOfPage":{"@id":"https:\/\/top-parfumerie.fr\/produit\/lot-35-parfums\/#primaryimage"},"image":{"@id":"https:\/\/top-parfumerie.fr\/produit\/lot-35-parfums\/#primaryimage"},"thumbnailUrl":"https:\/\/top-parfumerie.fr\/wp-content\/uploads\/2025\/11\/Photo-lot-.png","datePublished":"2025-02-06T12:21:57+00:00","dateModified":"2026-04-23T14:47:40+00:00","description":"La Collection Priv\u00e9e Paris vous propose une gamme raffin\u00e9e de parfums en vente en gros, alliant qualit\u00e9 et \u00e9l\u00e9gance et s\u00e9duisent une client\u00e8le exigeante.","breadcrumb":{"@id":"https:\/\/top-parfumerie.fr\/produit\/lot-35-parfums\/#breadcrumb"},"inLanguage":"en-US","potentialAction":[{"@type":"ReadAction","target":["https:\/\/top-parfumerie.fr\/produit\/lot-35-parfums\/"]}]},{"@type":"ImageObject","inLanguage":"en-US","@id":"https:\/\/top-parfumerie.fr\/produit\/lot-35-parfums\/#primaryimage","url":"https:\/\/top-parfumerie.fr\/wp-content\/uploads\/2025\/11\/Photo-lot-.png","contentUrl":"https:\/\/top-parfumerie.fr\/wp-content\/uploads\/2025\/11\/Photo-lot-.png","width":1600,"height":1600},{"@type":"BreadcrumbList","@id":"https:\/\/top-parfumerie.fr\/produit\/lot-35-parfums\/#breadcrumb","itemListElement":[{"@type":"ListItem","position":1,"name":"Accueil","item":"https:\/\/top-parfumerie.fr\/"},{"@type":"ListItem","position":2,"name":"Boutique","item":"https:\/\/top-parfumerie.fr\/boutique\/"},{"@type":"ListItem","position":3,"name":"LOT DE 35 PARFUMS COLLECTION PRIV\u00c9E AUTHENTIQUE"}]},{"@type":"WebSite","@id":"https:\/\/top-parfumerie.fr\/#website","url":"https:\/\/top-parfumerie.fr\/","name":"TOP PARFUMERIE","description":"L&#039;excellence du Parfum en Gros","publisher":{"@id":"https:\/\/top-parfumerie.fr\/#organization"},"potentialAction":[{"@type":"SearchAction","target":{"@type":"EntryPoint","urlTemplate":"https:\/\/top-parfumerie.fr\/?s={search_term_string}"},"query-input":{"@type":"PropertyValueSpecification","valueRequired":true,"valueName":"search_term_string"}}],"inLanguage":"en-US"},{"@type":"Organization","@id":"https:\/\/top-parfumerie.fr\/#organization","name":"TOP PARFUMERIE","url":"https:\/\/top-parfumerie.fr\/","logo":{"@type":"ImageObject","inLanguage":"en-US","@id":"https:\/\/top-parfumerie.fr\/#\/schema\/logo\/image\/","url":"https:\/\/top-parfumerie.fr\/wp-content\/uploads\/2025\/02\/logo.jpg","contentUrl":"https:\/\/top-parfumerie.fr\/wp-content\/uploads\/2025\/02\/logo.jpg","width":1600,"height":1600,"caption":"TOP PARFUMERIE"},"image":{"@id":"https:\/\/top-parfumerie.fr\/#\/schema\/logo\/image\/"}}]}},"_links":{"self":[{"href":"https:\/\/top-parfumerie.fr\/en\/wp-json\/wp\/v2\/product\/335","targetHints":{"allow":["GET"]}}],"collection":[{"href":"https:\/\/top-parfumerie.fr\/en\/wp-json\/wp\/v2\/product"}],"about":[{"href":"https:\/\/top-parfumerie.fr\/en\/wp-json\/wp\/v2\/types\/product"}],"replies":[{"embeddable":true,"href":"https:\/\/top-parfumerie.fr\/en\/wp-json\/wp\/v2\/comments?post=335"}],"wp:featuredmedia":[{"embeddable":true,"href":"https:\/\/top-parfumerie.fr\/en\/wp-json\/wp\/v2\/media\/1480"}],"wp:attachment":[{"href":"https:\/\/top-parfumerie.fr\/en\/wp-json\/wp\/v2\/media?parent=335"}],"wp:term":[{"taxonomy":"product_brand","embeddable":true,"href":"https:\/\/top-parfumerie.fr\/en\/wp-json\/wp\/v2\/product_brand?post=335"},{"taxonomy":"product_cat","embeddable":true,"href":"https:\/\/top-parfumerie.fr\/en\/wp-json\/wp\/v2\/product_cat?post=335"},{"taxonomy":"product_tag","embeddable":true,"href":"https:\/\/top-parfumerie.fr\/en\/wp-json\/wp\/v2\/product_tag?post=335"}],"curies":[{"name":"wp","href":"https:\/\/api.w.org\/{rel}","templated":true}]}}