{"id":1715,"date":"2026-01-22T12:08:51","date_gmt":"2026-01-22T12:08:51","guid":{"rendered":"https:\/\/top-parfumerie.fr\/?post_type=product&#038;p=1715"},"modified":"2026-01-22T23:44:21","modified_gmt":"2026-01-22T23:44:21","slug":"eau-de-parfum-bois-50ml-collection-royale-longue-tenue","status":"publish","type":"product","link":"https:\/\/top-parfumerie.fr\/en\/product\/eau-de-parfum-bois-50ml-collection-royale-longue-tenue\/","title":{"rendered":"BOIS Collection Royale &#8211; Eau de parfum 50ML longue tenue"},"content":{"rendered":"<p data-pm-slice=\"1 1 []\"><strong>Bois<\/strong>, c\u2019est l\u2019alliance puissante et assum\u00e9e du bois de oud profond, du musc envo\u00fbtant et d\u2019un fond cuir\u00e9-v\u00e9tiver qui affirme une masculinit\u00e9 moderne, \u00e9l\u00e9gante et r\u00e9solument charismatique.<\/p>\n<p>Sa structure riche d\u00e9voile une intensit\u00e9 ma\u00eetris\u00e9e, taill\u00e9e pour ceux qui s\u2019imposent sans \u00e9lever la voix, simplement par leur pr\u00e9sence.<\/p>\n<p>Chaque note se d\u00e9ploie avec force, laissant une signature olfactive sombre, noble et magn\u00e9tique.<\/p>\n<p><strong>Best-seller de la collection priv\u00e9e,<\/strong> Bois offre une tenue impressionnante, qui dure toute la journ\u00e9e sur les v\u00eatements.<\/p>\n<p>Un parfum intense, s\u00fbr de lui, qui attire irr\u00e9sistiblement l\u2019attention. <strong>Stock limit\u00e9\u2026 \u00e0 ne pas laisser passer.<\/strong><\/p>","protected":false},"excerpt":{"rendered":"<p>Bois, c\u2019est l\u2019alliance puissante et assum\u00e9e du bois de oud profond, du musc envo\u00fbtant et d\u2019un fond cuir\u00e9-v\u00e9tiver qui affirme une masculinit\u00e9 moderne, \u00e9l\u00e9gante et r\u00e9solument charismatique. Sa structure riche d\u00e9voile une intensit\u00e9 ma\u00eetris\u00e9e, taill\u00e9e pour ceux qui s\u2019imposent sans \u00e9lever la voix, simplement par leur pr\u00e9sence. Chaque note se d\u00e9ploie avec force, laissant une [&#8230;]\n","protected":false},"featured_media":1716,"comment_status":"open","ping_status":"closed","template":"","meta":[],"product_brand":[],"product_cat":[111],"product_tag":[],"class_list":{"0":"post-1715","1":"product","2":"type-product","3":"status-publish","4":"has-post-thumbnail","6":"product_cat-collection-royale","8":"first","9":"instock","10":"shipping-taxable","11":"purchasable","12":"product-type-simple"},"yoast_head":"<!-- This site is optimized with the Yoast SEO plugin v27.4 - https:\/\/yoast.com\/product\/yoast-seo-wordpress\/ -->\n<title>BOIS Collection Royale - Eau de parfum 50ML longue tenue - TOP PARFUMERIE<\/title>\n<meta name=\"robots\" content=\"index, follow, max-snippet:-1, max-image-preview:large, max-video-preview:-1\" \/>\n<link rel=\"canonical\" href=\"https:\/\/top-parfumerie.fr\/en\/product\/eau-de-parfum-bois-50ml-collection-royale-longue-tenue\/\" \/>\n<meta property=\"og:locale\" content=\"en_US\" \/>\n<meta property=\"og:type\" content=\"article\" \/>\n<meta property=\"og:title\" content=\"BOIS Collection Royale - Eau de parfum 50ML longue tenue - TOP PARFUMERIE\" \/>\n<meta property=\"og:description\" content=\"Bois, c\u2019est l\u2019alliance puissante et assum\u00e9e du bois de oud profond, du musc envo\u00fbtant et d\u2019un fond cuir\u00e9-v\u00e9tiver qui affirme une masculinit\u00e9 moderne, \u00e9l\u00e9gante et r\u00e9solument charismatique. Sa structure riche d\u00e9voile une intensit\u00e9 ma\u00eetris\u00e9e, taill\u00e9e pour ceux qui s\u2019imposent sans \u00e9lever la voix, simplement par leur pr\u00e9sence. Chaque note se d\u00e9ploie avec force, laissant une [...]\" \/>\n<meta property=\"og:url\" content=\"https:\/\/top-parfumerie.fr\/en\/product\/eau-de-parfum-bois-50ml-collection-royale-longue-tenue\/\" \/>\n<meta property=\"og:site_name\" content=\"TOP PARFUMERIE\" \/>\n<meta property=\"article:modified_time\" content=\"2026-01-22T23:44:21+00:00\" \/>\n<meta property=\"og:image\" content=\"https:\/\/top-parfumerie.fr\/wp-content\/uploads\/2026\/01\/9F030783-7C49-4663-80EA-23A97461370D-683x1024.png\" \/>\n\t<meta property=\"og:image:width\" content=\"683\" \/>\n\t<meta property=\"og:image:height\" content=\"1024\" \/>\n\t<meta property=\"og:image:type\" content=\"image\/png\" \/>\n<meta name=\"twitter:card\" content=\"summary_large_image\" \/>\n<meta name=\"twitter:label1\" content=\"Est. reading time\" \/>\n\t<meta name=\"twitter:data1\" content=\"1 minute\" \/>\n<script type=\"application\/ld+json\" class=\"yoast-schema-graph\">{\"@context\":\"https:\\\/\\\/schema.org\",\"@graph\":[{\"@type\":\"WebPage\",\"@id\":\"https:\\\/\\\/top-parfumerie.fr\\\/produit\\\/eau-de-parfum-bois-50ml-collection-royale-longue-tenue\\\/\",\"url\":\"https:\\\/\\\/top-parfumerie.fr\\\/produit\\\/eau-de-parfum-bois-50ml-collection-royale-longue-tenue\\\/\",\"name\":\"BOIS Collection Royale - Eau de parfum 50ML longue tenue - TOP PARFUMERIE\",\"isPartOf\":{\"@id\":\"https:\\\/\\\/top-parfumerie.fr\\\/#website\"},\"primaryImageOfPage\":{\"@id\":\"https:\\\/\\\/top-parfumerie.fr\\\/produit\\\/eau-de-parfum-bois-50ml-collection-royale-longue-tenue\\\/#primaryimage\"},\"image\":{\"@id\":\"https:\\\/\\\/top-parfumerie.fr\\\/produit\\\/eau-de-parfum-bois-50ml-collection-royale-longue-tenue\\\/#primaryimage\"},\"thumbnailUrl\":\"https:\\\/\\\/top-parfumerie.fr\\\/wp-content\\\/uploads\\\/2026\\\/01\\\/9F030783-7C49-4663-80EA-23A97461370D.png\",\"datePublished\":\"2026-01-22T12:08:51+00:00\",\"dateModified\":\"2026-01-22T23:44:21+00:00\",\"breadcrumb\":{\"@id\":\"https:\\\/\\\/top-parfumerie.fr\\\/produit\\\/eau-de-parfum-bois-50ml-collection-royale-longue-tenue\\\/#breadcrumb\"},\"inLanguage\":\"en-US\",\"potentialAction\":[{\"@type\":\"ReadAction\",\"target\":[\"https:\\\/\\\/top-parfumerie.fr\\\/produit\\\/eau-de-parfum-bois-50ml-collection-royale-longue-tenue\\\/\"]}]},{\"@type\":\"ImageObject\",\"inLanguage\":\"en-US\",\"@id\":\"https:\\\/\\\/top-parfumerie.fr\\\/produit\\\/eau-de-parfum-bois-50ml-collection-royale-longue-tenue\\\/#primaryimage\",\"url\":\"https:\\\/\\\/top-parfumerie.fr\\\/wp-content\\\/uploads\\\/2026\\\/01\\\/9F030783-7C49-4663-80EA-23A97461370D.png\",\"contentUrl\":\"https:\\\/\\\/top-parfumerie.fr\\\/wp-content\\\/uploads\\\/2026\\\/01\\\/9F030783-7C49-4663-80EA-23A97461370D.png\",\"width\":1024,\"height\":1536},{\"@type\":\"BreadcrumbList\",\"@id\":\"https:\\\/\\\/top-parfumerie.fr\\\/produit\\\/eau-de-parfum-bois-50ml-collection-royale-longue-tenue\\\/#breadcrumb\",\"itemListElement\":[{\"@type\":\"ListItem\",\"position\":1,\"name\":\"Accueil\",\"item\":\"https:\\\/\\\/top-parfumerie.fr\\\/\"},{\"@type\":\"ListItem\",\"position\":2,\"name\":\"Boutique\",\"item\":\"https:\\\/\\\/top-parfumerie.fr\\\/boutique\\\/\"},{\"@type\":\"ListItem\",\"position\":3,\"name\":\"BOIS Collection Royale &#8211; Eau de parfum 50ML longue tenue\"}]},{\"@type\":\"WebSite\",\"@id\":\"https:\\\/\\\/top-parfumerie.fr\\\/#website\",\"url\":\"https:\\\/\\\/top-parfumerie.fr\\\/\",\"name\":\"TOP PARFUMERIE\",\"description\":\"L&#039;excellence du Parfum en Gros\",\"publisher\":{\"@id\":\"https:\\\/\\\/top-parfumerie.fr\\\/#organization\"},\"potentialAction\":[{\"@type\":\"SearchAction\",\"target\":{\"@type\":\"EntryPoint\",\"urlTemplate\":\"https:\\\/\\\/top-parfumerie.fr\\\/?s={search_term_string}\"},\"query-input\":{\"@type\":\"PropertyValueSpecification\",\"valueRequired\":true,\"valueName\":\"search_term_string\"}}],\"inLanguage\":\"en-US\"},{\"@type\":\"Organization\",\"@id\":\"https:\\\/\\\/top-parfumerie.fr\\\/#organization\",\"name\":\"TOP PARFUMERIE\",\"url\":\"https:\\\/\\\/top-parfumerie.fr\\\/\",\"logo\":{\"@type\":\"ImageObject\",\"inLanguage\":\"en-US\",\"@id\":\"https:\\\/\\\/top-parfumerie.fr\\\/#\\\/schema\\\/logo\\\/image\\\/\",\"url\":\"https:\\\/\\\/top-parfumerie.fr\\\/wp-content\\\/uploads\\\/2025\\\/02\\\/logo.jpg\",\"contentUrl\":\"https:\\\/\\\/top-parfumerie.fr\\\/wp-content\\\/uploads\\\/2025\\\/02\\\/logo.jpg\",\"width\":1600,\"height\":1600,\"caption\":\"TOP PARFUMERIE\"},\"image\":{\"@id\":\"https:\\\/\\\/top-parfumerie.fr\\\/#\\\/schema\\\/logo\\\/image\\\/\"}}]}<\/script>\n<!-- \/ Yoast SEO plugin. -->","yoast_head_json":{"title":"BOIS Collection Royale - Eau de parfum 50ML longue tenue - TOP PARFUMERIE","robots":{"index":"index","follow":"follow","max-snippet":"max-snippet:-1","max-image-preview":"max-image-preview:large","max-video-preview":"max-video-preview:-1"},"canonical":"https:\/\/top-parfumerie.fr\/en\/product\/eau-de-parfum-bois-50ml-collection-royale-longue-tenue\/","og_locale":"en_US","og_type":"article","og_title":"BOIS Collection Royale - Eau de parfum 50ML longue tenue - TOP PARFUMERIE","og_description":"Bois, c\u2019est l\u2019alliance puissante et assum\u00e9e du bois de oud profond, du musc envo\u00fbtant et d\u2019un fond cuir\u00e9-v\u00e9tiver qui affirme une masculinit\u00e9 moderne, \u00e9l\u00e9gante et r\u00e9solument charismatique. Sa structure riche d\u00e9voile une intensit\u00e9 ma\u00eetris\u00e9e, taill\u00e9e pour ceux qui s\u2019imposent sans \u00e9lever la voix, simplement par leur pr\u00e9sence. Chaque note se d\u00e9ploie avec force, laissant une [...]","og_url":"https:\/\/top-parfumerie.fr\/en\/product\/eau-de-parfum-bois-50ml-collection-royale-longue-tenue\/","og_site_name":"TOP PARFUMERIE","article_modified_time":"2026-01-22T23:44:21+00:00","og_image":[{"width":683,"height":1024,"url":"https:\/\/top-parfumerie.fr\/wp-content\/uploads\/2026\/01\/9F030783-7C49-4663-80EA-23A97461370D-683x1024.png","type":"image\/png"}],"twitter_card":"summary_large_image","twitter_misc":{"Est. reading time":"1 minute"},"schema":{"@context":"https:\/\/schema.org","@graph":[{"@type":"WebPage","@id":"https:\/\/top-parfumerie.fr\/produit\/eau-de-parfum-bois-50ml-collection-royale-longue-tenue\/","url":"https:\/\/top-parfumerie.fr\/produit\/eau-de-parfum-bois-50ml-collection-royale-longue-tenue\/","name":"BOIS Collection Royale - Eau de parfum 50ML longue tenue - TOP PARFUMERIE","isPartOf":{"@id":"https:\/\/top-parfumerie.fr\/#website"},"primaryImageOfPage":{"@id":"https:\/\/top-parfumerie.fr\/produit\/eau-de-parfum-bois-50ml-collection-royale-longue-tenue\/#primaryimage"},"image":{"@id":"https:\/\/top-parfumerie.fr\/produit\/eau-de-parfum-bois-50ml-collection-royale-longue-tenue\/#primaryimage"},"thumbnailUrl":"https:\/\/top-parfumerie.fr\/wp-content\/uploads\/2026\/01\/9F030783-7C49-4663-80EA-23A97461370D.png","datePublished":"2026-01-22T12:08:51+00:00","dateModified":"2026-01-22T23:44:21+00:00","breadcrumb":{"@id":"https:\/\/top-parfumerie.fr\/produit\/eau-de-parfum-bois-50ml-collection-royale-longue-tenue\/#breadcrumb"},"inLanguage":"en-US","potentialAction":[{"@type":"ReadAction","target":["https:\/\/top-parfumerie.fr\/produit\/eau-de-parfum-bois-50ml-collection-royale-longue-tenue\/"]}]},{"@type":"ImageObject","inLanguage":"en-US","@id":"https:\/\/top-parfumerie.fr\/produit\/eau-de-parfum-bois-50ml-collection-royale-longue-tenue\/#primaryimage","url":"https:\/\/top-parfumerie.fr\/wp-content\/uploads\/2026\/01\/9F030783-7C49-4663-80EA-23A97461370D.png","contentUrl":"https:\/\/top-parfumerie.fr\/wp-content\/uploads\/2026\/01\/9F030783-7C49-4663-80EA-23A97461370D.png","width":1024,"height":1536},{"@type":"BreadcrumbList","@id":"https:\/\/top-parfumerie.fr\/produit\/eau-de-parfum-bois-50ml-collection-royale-longue-tenue\/#breadcrumb","itemListElement":[{"@type":"ListItem","position":1,"name":"Accueil","item":"https:\/\/top-parfumerie.fr\/"},{"@type":"ListItem","position":2,"name":"Boutique","item":"https:\/\/top-parfumerie.fr\/boutique\/"},{"@type":"ListItem","position":3,"name":"BOIS Collection Royale &#8211; Eau de parfum 50ML longue tenue"}]},{"@type":"WebSite","@id":"https:\/\/top-parfumerie.fr\/#website","url":"https:\/\/top-parfumerie.fr\/","name":"TOP PARFUMERIE","description":"L&#039;excellence du Parfum en Gros","publisher":{"@id":"https:\/\/top-parfumerie.fr\/#organization"},"potentialAction":[{"@type":"SearchAction","target":{"@type":"EntryPoint","urlTemplate":"https:\/\/top-parfumerie.fr\/?s={search_term_string}"},"query-input":{"@type":"PropertyValueSpecification","valueRequired":true,"valueName":"search_term_string"}}],"inLanguage":"en-US"},{"@type":"Organization","@id":"https:\/\/top-parfumerie.fr\/#organization","name":"TOP PARFUMERIE","url":"https:\/\/top-parfumerie.fr\/","logo":{"@type":"ImageObject","inLanguage":"en-US","@id":"https:\/\/top-parfumerie.fr\/#\/schema\/logo\/image\/","url":"https:\/\/top-parfumerie.fr\/wp-content\/uploads\/2025\/02\/logo.jpg","contentUrl":"https:\/\/top-parfumerie.fr\/wp-content\/uploads\/2025\/02\/logo.jpg","width":1600,"height":1600,"caption":"TOP PARFUMERIE"},"image":{"@id":"https:\/\/top-parfumerie.fr\/#\/schema\/logo\/image\/"}}]}},"_links":{"self":[{"href":"https:\/\/top-parfumerie.fr\/en\/wp-json\/wp\/v2\/product\/1715","targetHints":{"allow":["GET"]}}],"collection":[{"href":"https:\/\/top-parfumerie.fr\/en\/wp-json\/wp\/v2\/product"}],"about":[{"href":"https:\/\/top-parfumerie.fr\/en\/wp-json\/wp\/v2\/types\/product"}],"replies":[{"embeddable":true,"href":"https:\/\/top-parfumerie.fr\/en\/wp-json\/wp\/v2\/comments?post=1715"}],"wp:featuredmedia":[{"embeddable":true,"href":"https:\/\/top-parfumerie.fr\/en\/wp-json\/wp\/v2\/media\/1716"}],"wp:attachment":[{"href":"https:\/\/top-parfumerie.fr\/en\/wp-json\/wp\/v2\/media?parent=1715"}],"wp:term":[{"taxonomy":"product_brand","embeddable":true,"href":"https:\/\/top-parfumerie.fr\/en\/wp-json\/wp\/v2\/product_brand?post=1715"},{"taxonomy":"product_cat","embeddable":true,"href":"https:\/\/top-parfumerie.fr\/en\/wp-json\/wp\/v2\/product_cat?post=1715"},{"taxonomy":"product_tag","embeddable":true,"href":"https:\/\/top-parfumerie.fr\/en\/wp-json\/wp\/v2\/product_tag?post=1715"}],"curies":[{"name":"wp","href":"https:\/\/api.w.org\/{rel}","templated":true}]}}