{"id":1709,"date":"2026-01-22T12:04:00","date_gmt":"2026-01-22T12:04:00","guid":{"rendered":"https:\/\/top-parfumerie.fr\/?post_type=product&#038;p=1709"},"modified":"2026-01-22T23:45:22","modified_gmt":"2026-01-22T23:45:22","slug":"eau-de-parfum-kirke-50ml-collection-royale-longue-tenue","status":"publish","type":"product","link":"https:\/\/top-parfumerie.fr\/en\/product\/eau-de-parfum-kirke-50ml-collection-royale-longue-tenue\/","title":{"rendered":"KIRKE Collection Royale &#8211; Eau de parfum 50ML longue tenue"},"content":{"rendered":"<p data-pm-slice=\"1 1 []\"><strong>Kirk\u00e9<\/strong>, c\u2019est l\u2019alliance parfaite d\u2019un fruit\u00e9 tropical juteux et lumineux, m\u00eal\u00e9 \u00e0 un musqu\u00e9 sensuel qui enveloppe la peau d\u2019une douceur captivante. Ses notes sucr\u00e9es et fondantes s\u2019associent \u00e0 une facette poudr\u00e9e \u00e9l\u00e9gante, tandis qu\u2019une touche bois\u00e9e vient structurer l\u2019ensemble et lui donner ce caract\u00e8re irr\u00e9sistiblement addictif. Ce parfum mixte s\u00e9duit par son intensit\u00e9 g\u00e9n\u00e9reuse, son aura solaire et sa signature olfactive unique, reconnaissable entre mille.<\/p>\n<p><strong>Best-seller de la collection priv\u00e9e,<\/strong> Kirk\u00e9 fascine, surprend et fait tourner les t\u00eates.<\/p>\n<p>Puissant, envo\u00fbtant\u2026 <strong>un indispensable absolu.<\/strong><\/p>","protected":false},"excerpt":{"rendered":"<p>Kirk\u00e9, c\u2019est l\u2019alliance parfaite d\u2019un fruit\u00e9 tropical juteux et lumineux, m\u00eal\u00e9 \u00e0 un musqu\u00e9 sensuel qui enveloppe la peau d\u2019une douceur captivante. Ses notes sucr\u00e9es et fondantes s\u2019associent \u00e0 une facette poudr\u00e9e \u00e9l\u00e9gante, tandis qu\u2019une touche bois\u00e9e vient structurer l\u2019ensemble et lui donner ce caract\u00e8re irr\u00e9sistiblement addictif. Ce parfum mixte s\u00e9duit par son intensit\u00e9 g\u00e9n\u00e9reuse, [&#8230;]\n","protected":false},"featured_media":1710,"comment_status":"open","ping_status":"closed","template":"","meta":[],"product_brand":[],"product_cat":[111],"product_tag":[],"class_list":{"0":"post-1709","1":"product","2":"type-product","3":"status-publish","4":"has-post-thumbnail","6":"product_cat-collection-royale","8":"first","9":"instock","10":"shipping-taxable","11":"purchasable","12":"product-type-simple"},"yoast_head":"<!-- This site is optimized with the Yoast SEO plugin v27.5 - https:\/\/yoast.com\/product\/yoast-seo-wordpress\/ -->\n<title>KIRKE Collection Royale - Eau de parfum 50ML longue tenue - TOP PARFUMERIE<\/title>\n<meta name=\"robots\" content=\"index, follow, max-snippet:-1, max-image-preview:large, max-video-preview:-1\" \/>\n<link rel=\"canonical\" href=\"https:\/\/top-parfumerie.fr\/en\/product\/eau-de-parfum-kirke-50ml-collection-royale-longue-tenue\/\" \/>\n<meta property=\"og:locale\" content=\"en_US\" \/>\n<meta property=\"og:type\" content=\"article\" \/>\n<meta property=\"og:title\" content=\"KIRKE Collection Royale - Eau de parfum 50ML longue tenue - TOP PARFUMERIE\" \/>\n<meta property=\"og:description\" content=\"Kirk\u00e9, c\u2019est l\u2019alliance parfaite d\u2019un fruit\u00e9 tropical juteux et lumineux, m\u00eal\u00e9 \u00e0 un musqu\u00e9 sensuel qui enveloppe la peau d\u2019une douceur captivante. Ses notes sucr\u00e9es et fondantes s\u2019associent \u00e0 une facette poudr\u00e9e \u00e9l\u00e9gante, tandis qu\u2019une touche bois\u00e9e vient structurer l\u2019ensemble et lui donner ce caract\u00e8re irr\u00e9sistiblement addictif. Ce parfum mixte s\u00e9duit par son intensit\u00e9 g\u00e9n\u00e9reuse, [...]\" \/>\n<meta property=\"og:url\" content=\"https:\/\/top-parfumerie.fr\/en\/product\/eau-de-parfum-kirke-50ml-collection-royale-longue-tenue\/\" \/>\n<meta property=\"og:site_name\" content=\"TOP PARFUMERIE\" \/>\n<meta property=\"article:modified_time\" content=\"2026-01-22T23:45:22+00:00\" \/>\n<meta property=\"og:image\" content=\"https:\/\/top-parfumerie.fr\/wp-content\/uploads\/2026\/01\/854CE3C5-6391-450B-905A-2BD0B6A78C9B-683x1024.png\" \/>\n\t<meta property=\"og:image:width\" content=\"683\" \/>\n\t<meta property=\"og:image:height\" content=\"1024\" \/>\n\t<meta property=\"og:image:type\" content=\"image\/png\" \/>\n<meta name=\"twitter:card\" content=\"summary_large_image\" \/>\n<meta name=\"twitter:label1\" content=\"Est. reading time\" \/>\n\t<meta name=\"twitter:data1\" content=\"1 minute\" \/>\n<script type=\"application\/ld+json\" class=\"yoast-schema-graph\">{\"@context\":\"https:\\\/\\\/schema.org\",\"@graph\":[{\"@type\":\"WebPage\",\"@id\":\"https:\\\/\\\/top-parfumerie.fr\\\/produit\\\/eau-de-parfum-kirke-50ml-collection-royale-longue-tenue\\\/\",\"url\":\"https:\\\/\\\/top-parfumerie.fr\\\/produit\\\/eau-de-parfum-kirke-50ml-collection-royale-longue-tenue\\\/\",\"name\":\"KIRKE Collection Royale - Eau de parfum 50ML longue tenue - TOP PARFUMERIE\",\"isPartOf\":{\"@id\":\"https:\\\/\\\/top-parfumerie.fr\\\/#website\"},\"primaryImageOfPage\":{\"@id\":\"https:\\\/\\\/top-parfumerie.fr\\\/produit\\\/eau-de-parfum-kirke-50ml-collection-royale-longue-tenue\\\/#primaryimage\"},\"image\":{\"@id\":\"https:\\\/\\\/top-parfumerie.fr\\\/produit\\\/eau-de-parfum-kirke-50ml-collection-royale-longue-tenue\\\/#primaryimage\"},\"thumbnailUrl\":\"https:\\\/\\\/top-parfumerie.fr\\\/wp-content\\\/uploads\\\/2026\\\/01\\\/854CE3C5-6391-450B-905A-2BD0B6A78C9B.png\",\"datePublished\":\"2026-01-22T12:04:00+00:00\",\"dateModified\":\"2026-01-22T23:45:22+00:00\",\"breadcrumb\":{\"@id\":\"https:\\\/\\\/top-parfumerie.fr\\\/produit\\\/eau-de-parfum-kirke-50ml-collection-royale-longue-tenue\\\/#breadcrumb\"},\"inLanguage\":\"en-US\",\"potentialAction\":[{\"@type\":\"ReadAction\",\"target\":[\"https:\\\/\\\/top-parfumerie.fr\\\/produit\\\/eau-de-parfum-kirke-50ml-collection-royale-longue-tenue\\\/\"]}]},{\"@type\":\"ImageObject\",\"inLanguage\":\"en-US\",\"@id\":\"https:\\\/\\\/top-parfumerie.fr\\\/produit\\\/eau-de-parfum-kirke-50ml-collection-royale-longue-tenue\\\/#primaryimage\",\"url\":\"https:\\\/\\\/top-parfumerie.fr\\\/wp-content\\\/uploads\\\/2026\\\/01\\\/854CE3C5-6391-450B-905A-2BD0B6A78C9B.png\",\"contentUrl\":\"https:\\\/\\\/top-parfumerie.fr\\\/wp-content\\\/uploads\\\/2026\\\/01\\\/854CE3C5-6391-450B-905A-2BD0B6A78C9B.png\",\"width\":1024,\"height\":1536},{\"@type\":\"BreadcrumbList\",\"@id\":\"https:\\\/\\\/top-parfumerie.fr\\\/produit\\\/eau-de-parfum-kirke-50ml-collection-royale-longue-tenue\\\/#breadcrumb\",\"itemListElement\":[{\"@type\":\"ListItem\",\"position\":1,\"name\":\"Accueil\",\"item\":\"https:\\\/\\\/top-parfumerie.fr\\\/\"},{\"@type\":\"ListItem\",\"position\":2,\"name\":\"Boutique\",\"item\":\"https:\\\/\\\/top-parfumerie.fr\\\/boutique\\\/\"},{\"@type\":\"ListItem\",\"position\":3,\"name\":\"KIRKE Collection Royale &#8211; Eau de parfum 50ML longue tenue\"}]},{\"@type\":\"WebSite\",\"@id\":\"https:\\\/\\\/top-parfumerie.fr\\\/#website\",\"url\":\"https:\\\/\\\/top-parfumerie.fr\\\/\",\"name\":\"TOP PARFUMERIE\",\"description\":\"L&#039;excellence du Parfum en Gros\",\"publisher\":{\"@id\":\"https:\\\/\\\/top-parfumerie.fr\\\/#organization\"},\"potentialAction\":[{\"@type\":\"SearchAction\",\"target\":{\"@type\":\"EntryPoint\",\"urlTemplate\":\"https:\\\/\\\/top-parfumerie.fr\\\/?s={search_term_string}\"},\"query-input\":{\"@type\":\"PropertyValueSpecification\",\"valueRequired\":true,\"valueName\":\"search_term_string\"}}],\"inLanguage\":\"en-US\"},{\"@type\":\"Organization\",\"@id\":\"https:\\\/\\\/top-parfumerie.fr\\\/#organization\",\"name\":\"TOP PARFUMERIE\",\"url\":\"https:\\\/\\\/top-parfumerie.fr\\\/\",\"logo\":{\"@type\":\"ImageObject\",\"inLanguage\":\"en-US\",\"@id\":\"https:\\\/\\\/top-parfumerie.fr\\\/#\\\/schema\\\/logo\\\/image\\\/\",\"url\":\"https:\\\/\\\/top-parfumerie.fr\\\/wp-content\\\/uploads\\\/2025\\\/02\\\/logo.jpg\",\"contentUrl\":\"https:\\\/\\\/top-parfumerie.fr\\\/wp-content\\\/uploads\\\/2025\\\/02\\\/logo.jpg\",\"width\":1600,\"height\":1600,\"caption\":\"TOP PARFUMERIE\"},\"image\":{\"@id\":\"https:\\\/\\\/top-parfumerie.fr\\\/#\\\/schema\\\/logo\\\/image\\\/\"}}]}<\/script>\n<!-- \/ Yoast SEO plugin. -->","yoast_head_json":{"title":"KIRKE Collection Royale - Eau de parfum 50ML longue tenue - TOP PARFUMERIE","robots":{"index":"index","follow":"follow","max-snippet":"max-snippet:-1","max-image-preview":"max-image-preview:large","max-video-preview":"max-video-preview:-1"},"canonical":"https:\/\/top-parfumerie.fr\/en\/product\/eau-de-parfum-kirke-50ml-collection-royale-longue-tenue\/","og_locale":"en_US","og_type":"article","og_title":"KIRKE Collection Royale - Eau de parfum 50ML longue tenue - TOP PARFUMERIE","og_description":"Kirk\u00e9, c\u2019est l\u2019alliance parfaite d\u2019un fruit\u00e9 tropical juteux et lumineux, m\u00eal\u00e9 \u00e0 un musqu\u00e9 sensuel qui enveloppe la peau d\u2019une douceur captivante. Ses notes sucr\u00e9es et fondantes s\u2019associent \u00e0 une facette poudr\u00e9e \u00e9l\u00e9gante, tandis qu\u2019une touche bois\u00e9e vient structurer l\u2019ensemble et lui donner ce caract\u00e8re irr\u00e9sistiblement addictif. Ce parfum mixte s\u00e9duit par son intensit\u00e9 g\u00e9n\u00e9reuse, [...]","og_url":"https:\/\/top-parfumerie.fr\/en\/product\/eau-de-parfum-kirke-50ml-collection-royale-longue-tenue\/","og_site_name":"TOP PARFUMERIE","article_modified_time":"2026-01-22T23:45:22+00:00","og_image":[{"width":683,"height":1024,"url":"https:\/\/top-parfumerie.fr\/wp-content\/uploads\/2026\/01\/854CE3C5-6391-450B-905A-2BD0B6A78C9B-683x1024.png","type":"image\/png"}],"twitter_card":"summary_large_image","twitter_misc":{"Est. reading time":"1 minute"},"schema":{"@context":"https:\/\/schema.org","@graph":[{"@type":"WebPage","@id":"https:\/\/top-parfumerie.fr\/produit\/eau-de-parfum-kirke-50ml-collection-royale-longue-tenue\/","url":"https:\/\/top-parfumerie.fr\/produit\/eau-de-parfum-kirke-50ml-collection-royale-longue-tenue\/","name":"KIRKE Collection Royale - Eau de parfum 50ML longue tenue - TOP PARFUMERIE","isPartOf":{"@id":"https:\/\/top-parfumerie.fr\/#website"},"primaryImageOfPage":{"@id":"https:\/\/top-parfumerie.fr\/produit\/eau-de-parfum-kirke-50ml-collection-royale-longue-tenue\/#primaryimage"},"image":{"@id":"https:\/\/top-parfumerie.fr\/produit\/eau-de-parfum-kirke-50ml-collection-royale-longue-tenue\/#primaryimage"},"thumbnailUrl":"https:\/\/top-parfumerie.fr\/wp-content\/uploads\/2026\/01\/854CE3C5-6391-450B-905A-2BD0B6A78C9B.png","datePublished":"2026-01-22T12:04:00+00:00","dateModified":"2026-01-22T23:45:22+00:00","breadcrumb":{"@id":"https:\/\/top-parfumerie.fr\/produit\/eau-de-parfum-kirke-50ml-collection-royale-longue-tenue\/#breadcrumb"},"inLanguage":"en-US","potentialAction":[{"@type":"ReadAction","target":["https:\/\/top-parfumerie.fr\/produit\/eau-de-parfum-kirke-50ml-collection-royale-longue-tenue\/"]}]},{"@type":"ImageObject","inLanguage":"en-US","@id":"https:\/\/top-parfumerie.fr\/produit\/eau-de-parfum-kirke-50ml-collection-royale-longue-tenue\/#primaryimage","url":"https:\/\/top-parfumerie.fr\/wp-content\/uploads\/2026\/01\/854CE3C5-6391-450B-905A-2BD0B6A78C9B.png","contentUrl":"https:\/\/top-parfumerie.fr\/wp-content\/uploads\/2026\/01\/854CE3C5-6391-450B-905A-2BD0B6A78C9B.png","width":1024,"height":1536},{"@type":"BreadcrumbList","@id":"https:\/\/top-parfumerie.fr\/produit\/eau-de-parfum-kirke-50ml-collection-royale-longue-tenue\/#breadcrumb","itemListElement":[{"@type":"ListItem","position":1,"name":"Accueil","item":"https:\/\/top-parfumerie.fr\/"},{"@type":"ListItem","position":2,"name":"Boutique","item":"https:\/\/top-parfumerie.fr\/boutique\/"},{"@type":"ListItem","position":3,"name":"KIRKE Collection Royale &#8211; Eau de parfum 50ML longue tenue"}]},{"@type":"WebSite","@id":"https:\/\/top-parfumerie.fr\/#website","url":"https:\/\/top-parfumerie.fr\/","name":"TOP PARFUMERIE","description":"L&#039;excellence du Parfum en Gros","publisher":{"@id":"https:\/\/top-parfumerie.fr\/#organization"},"potentialAction":[{"@type":"SearchAction","target":{"@type":"EntryPoint","urlTemplate":"https:\/\/top-parfumerie.fr\/?s={search_term_string}"},"query-input":{"@type":"PropertyValueSpecification","valueRequired":true,"valueName":"search_term_string"}}],"inLanguage":"en-US"},{"@type":"Organization","@id":"https:\/\/top-parfumerie.fr\/#organization","name":"TOP PARFUMERIE","url":"https:\/\/top-parfumerie.fr\/","logo":{"@type":"ImageObject","inLanguage":"en-US","@id":"https:\/\/top-parfumerie.fr\/#\/schema\/logo\/image\/","url":"https:\/\/top-parfumerie.fr\/wp-content\/uploads\/2025\/02\/logo.jpg","contentUrl":"https:\/\/top-parfumerie.fr\/wp-content\/uploads\/2025\/02\/logo.jpg","width":1600,"height":1600,"caption":"TOP PARFUMERIE"},"image":{"@id":"https:\/\/top-parfumerie.fr\/#\/schema\/logo\/image\/"}}]}},"_links":{"self":[{"href":"https:\/\/top-parfumerie.fr\/en\/wp-json\/wp\/v2\/product\/1709","targetHints":{"allow":["GET"]}}],"collection":[{"href":"https:\/\/top-parfumerie.fr\/en\/wp-json\/wp\/v2\/product"}],"about":[{"href":"https:\/\/top-parfumerie.fr\/en\/wp-json\/wp\/v2\/types\/product"}],"replies":[{"embeddable":true,"href":"https:\/\/top-parfumerie.fr\/en\/wp-json\/wp\/v2\/comments?post=1709"}],"wp:featuredmedia":[{"embeddable":true,"href":"https:\/\/top-parfumerie.fr\/en\/wp-json\/wp\/v2\/media\/1710"}],"wp:attachment":[{"href":"https:\/\/top-parfumerie.fr\/en\/wp-json\/wp\/v2\/media?parent=1709"}],"wp:term":[{"taxonomy":"product_brand","embeddable":true,"href":"https:\/\/top-parfumerie.fr\/en\/wp-json\/wp\/v2\/product_brand?post=1709"},{"taxonomy":"product_cat","embeddable":true,"href":"https:\/\/top-parfumerie.fr\/en\/wp-json\/wp\/v2\/product_cat?post=1709"},{"taxonomy":"product_tag","embeddable":true,"href":"https:\/\/top-parfumerie.fr\/en\/wp-json\/wp\/v2\/product_tag?post=1709"}],"curies":[{"name":"wp","href":"https:\/\/api.w.org\/{rel}","templated":true}]}}