{"id":1707,"date":"2026-01-22T12:02:29","date_gmt":"2026-01-22T12:02:29","guid":{"rendered":"https:\/\/top-parfumerie.fr\/?post_type=product&#038;p=1707"},"modified":"2026-01-22T23:45:39","modified_gmt":"2026-01-22T23:45:39","slug":"eau-de-parfum-madawi-50ml-collection-royale-longue-tenue","status":"publish","type":"product","link":"https:\/\/top-parfumerie.fr\/en\/product\/eau-de-parfum-madawi-50ml-collection-royale-longue-tenue\/","title":{"rendered":"MADAWI Collection Royale &#8211; Eau de parfum 50ML longue tenue"},"content":{"rendered":"<p data-pm-slice=\"1 1 []\"><strong>Madawi<\/strong>, c\u2019est l\u2019\u00e9quilibre parfait entre un fruit\u00e9-floral lumineux et la profondeur d\u2019un patchouli bois\u00e9 et terreux qui apporte du caract\u00e8re. La rose poudr\u00e9e s\u2019\u00e9panouit avec douceur, envelopp\u00e9e de notes musqu\u00e9es et l\u00e9g\u00e8rement sucr\u00e9es qui ajoutent une touche sensuelle et moderne. Un souffle \u00e9pic\u00e9 chaud vient sublimer l\u2019ensemble, r\u00e9v\u00e9lant une composition riche, raffin\u00e9e et naturellement captivante. Ce parfum mixte s\u00e9duit par son identit\u00e9 unique, \u00e0 la fois \u00e9l\u00e9gante, enveloppante et addictivement sophistiqu\u00e9e.<\/p>\n<p>Madawi, c\u2019est l\u2019expression d\u2019une allure affirm\u00e9e\u2026 <strong>\u00e0 ne surtout pas laisser filer.<\/strong><\/p>","protected":false},"excerpt":{"rendered":"<p>Madawi, c\u2019est l\u2019\u00e9quilibre parfait entre un fruit\u00e9-floral lumineux et la profondeur d\u2019un patchouli bois\u00e9 et terreux qui apporte du caract\u00e8re. La rose poudr\u00e9e s\u2019\u00e9panouit avec douceur, envelopp\u00e9e de notes musqu\u00e9es et l\u00e9g\u00e8rement sucr\u00e9es qui ajoutent une touche sensuelle et moderne. Un souffle \u00e9pic\u00e9 chaud vient sublimer l\u2019ensemble, r\u00e9v\u00e9lant une composition riche, raffin\u00e9e et naturellement captivante. [&#8230;]\n","protected":false},"featured_media":1708,"comment_status":"open","ping_status":"closed","template":"","meta":[],"product_brand":[],"product_cat":[111],"product_tag":[],"class_list":{"0":"post-1707","1":"product","2":"type-product","3":"status-publish","4":"has-post-thumbnail","6":"product_cat-collection-royale","8":"first","9":"instock","10":"shipping-taxable","11":"purchasable","12":"product-type-simple"},"yoast_head":"<!-- This site is optimized with the Yoast SEO plugin v27.5 - https:\/\/yoast.com\/product\/yoast-seo-wordpress\/ -->\n<title>MADAWI Collection Royale - Eau de parfum 50ML longue tenue - TOP PARFUMERIE<\/title>\n<meta name=\"robots\" content=\"index, follow, max-snippet:-1, max-image-preview:large, max-video-preview:-1\" \/>\n<link rel=\"canonical\" href=\"https:\/\/top-parfumerie.fr\/en\/product\/eau-de-parfum-madawi-50ml-collection-royale-longue-tenue\/\" \/>\n<meta property=\"og:locale\" content=\"en_US\" \/>\n<meta property=\"og:type\" content=\"article\" \/>\n<meta property=\"og:title\" content=\"MADAWI Collection Royale - Eau de parfum 50ML longue tenue - TOP PARFUMERIE\" \/>\n<meta property=\"og:description\" content=\"Madawi, c\u2019est l\u2019\u00e9quilibre parfait entre un fruit\u00e9-floral lumineux et la profondeur d\u2019un patchouli bois\u00e9 et terreux qui apporte du caract\u00e8re. La rose poudr\u00e9e s\u2019\u00e9panouit avec douceur, envelopp\u00e9e de notes musqu\u00e9es et l\u00e9g\u00e8rement sucr\u00e9es qui ajoutent une touche sensuelle et moderne. Un souffle \u00e9pic\u00e9 chaud vient sublimer l\u2019ensemble, r\u00e9v\u00e9lant une composition riche, raffin\u00e9e et naturellement captivante. [...]\" \/>\n<meta property=\"og:url\" content=\"https:\/\/top-parfumerie.fr\/en\/product\/eau-de-parfum-madawi-50ml-collection-royale-longue-tenue\/\" \/>\n<meta property=\"og:site_name\" content=\"TOP PARFUMERIE\" \/>\n<meta property=\"article:modified_time\" content=\"2026-01-22T23:45:39+00:00\" \/>\n<meta property=\"og:image\" content=\"https:\/\/top-parfumerie.fr\/wp-content\/uploads\/2026\/01\/FDE25907-998A-4A9F-AF65-F1DF78286CB9.png\" \/>\n\t<meta property=\"og:image:width\" content=\"1024\" \/>\n\t<meta property=\"og:image:height\" content=\"1536\" \/>\n\t<meta property=\"og:image:type\" content=\"image\/png\" \/>\n<meta name=\"twitter:card\" content=\"summary_large_image\" \/>\n<meta name=\"twitter:label1\" content=\"Est. reading time\" \/>\n\t<meta name=\"twitter:data1\" content=\"1 minute\" \/>\n<script type=\"application\/ld+json\" class=\"yoast-schema-graph\">{\"@context\":\"https:\\\/\\\/schema.org\",\"@graph\":[{\"@type\":\"WebPage\",\"@id\":\"https:\\\/\\\/top-parfumerie.fr\\\/produit\\\/eau-de-parfum-madawi-50ml-collection-royale-longue-tenue\\\/\",\"url\":\"https:\\\/\\\/top-parfumerie.fr\\\/produit\\\/eau-de-parfum-madawi-50ml-collection-royale-longue-tenue\\\/\",\"name\":\"MADAWI Collection Royale - Eau de parfum 50ML longue tenue - TOP PARFUMERIE\",\"isPartOf\":{\"@id\":\"https:\\\/\\\/top-parfumerie.fr\\\/#website\"},\"primaryImageOfPage\":{\"@id\":\"https:\\\/\\\/top-parfumerie.fr\\\/produit\\\/eau-de-parfum-madawi-50ml-collection-royale-longue-tenue\\\/#primaryimage\"},\"image\":{\"@id\":\"https:\\\/\\\/top-parfumerie.fr\\\/produit\\\/eau-de-parfum-madawi-50ml-collection-royale-longue-tenue\\\/#primaryimage\"},\"thumbnailUrl\":\"https:\\\/\\\/top-parfumerie.fr\\\/wp-content\\\/uploads\\\/2026\\\/01\\\/FDE25907-998A-4A9F-AF65-F1DF78286CB9.png\",\"datePublished\":\"2026-01-22T12:02:29+00:00\",\"dateModified\":\"2026-01-22T23:45:39+00:00\",\"breadcrumb\":{\"@id\":\"https:\\\/\\\/top-parfumerie.fr\\\/produit\\\/eau-de-parfum-madawi-50ml-collection-royale-longue-tenue\\\/#breadcrumb\"},\"inLanguage\":\"en-US\",\"potentialAction\":[{\"@type\":\"ReadAction\",\"target\":[\"https:\\\/\\\/top-parfumerie.fr\\\/produit\\\/eau-de-parfum-madawi-50ml-collection-royale-longue-tenue\\\/\"]}]},{\"@type\":\"ImageObject\",\"inLanguage\":\"en-US\",\"@id\":\"https:\\\/\\\/top-parfumerie.fr\\\/produit\\\/eau-de-parfum-madawi-50ml-collection-royale-longue-tenue\\\/#primaryimage\",\"url\":\"https:\\\/\\\/top-parfumerie.fr\\\/wp-content\\\/uploads\\\/2026\\\/01\\\/FDE25907-998A-4A9F-AF65-F1DF78286CB9.png\",\"contentUrl\":\"https:\\\/\\\/top-parfumerie.fr\\\/wp-content\\\/uploads\\\/2026\\\/01\\\/FDE25907-998A-4A9F-AF65-F1DF78286CB9.png\",\"width\":1024,\"height\":1536},{\"@type\":\"BreadcrumbList\",\"@id\":\"https:\\\/\\\/top-parfumerie.fr\\\/produit\\\/eau-de-parfum-madawi-50ml-collection-royale-longue-tenue\\\/#breadcrumb\",\"itemListElement\":[{\"@type\":\"ListItem\",\"position\":1,\"name\":\"Accueil\",\"item\":\"https:\\\/\\\/top-parfumerie.fr\\\/\"},{\"@type\":\"ListItem\",\"position\":2,\"name\":\"Boutique\",\"item\":\"https:\\\/\\\/top-parfumerie.fr\\\/boutique\\\/\"},{\"@type\":\"ListItem\",\"position\":3,\"name\":\"MADAWI Collection Royale &#8211; Eau de parfum 50ML longue tenue\"}]},{\"@type\":\"WebSite\",\"@id\":\"https:\\\/\\\/top-parfumerie.fr\\\/#website\",\"url\":\"https:\\\/\\\/top-parfumerie.fr\\\/\",\"name\":\"TOP PARFUMERIE\",\"description\":\"L&#039;excellence du Parfum en Gros\",\"publisher\":{\"@id\":\"https:\\\/\\\/top-parfumerie.fr\\\/#organization\"},\"potentialAction\":[{\"@type\":\"SearchAction\",\"target\":{\"@type\":\"EntryPoint\",\"urlTemplate\":\"https:\\\/\\\/top-parfumerie.fr\\\/?s={search_term_string}\"},\"query-input\":{\"@type\":\"PropertyValueSpecification\",\"valueRequired\":true,\"valueName\":\"search_term_string\"}}],\"inLanguage\":\"en-US\"},{\"@type\":\"Organization\",\"@id\":\"https:\\\/\\\/top-parfumerie.fr\\\/#organization\",\"name\":\"TOP PARFUMERIE\",\"url\":\"https:\\\/\\\/top-parfumerie.fr\\\/\",\"logo\":{\"@type\":\"ImageObject\",\"inLanguage\":\"en-US\",\"@id\":\"https:\\\/\\\/top-parfumerie.fr\\\/#\\\/schema\\\/logo\\\/image\\\/\",\"url\":\"https:\\\/\\\/top-parfumerie.fr\\\/wp-content\\\/uploads\\\/2025\\\/02\\\/logo.jpg\",\"contentUrl\":\"https:\\\/\\\/top-parfumerie.fr\\\/wp-content\\\/uploads\\\/2025\\\/02\\\/logo.jpg\",\"width\":1600,\"height\":1600,\"caption\":\"TOP PARFUMERIE\"},\"image\":{\"@id\":\"https:\\\/\\\/top-parfumerie.fr\\\/#\\\/schema\\\/logo\\\/image\\\/\"}}]}<\/script>\n<!-- \/ Yoast SEO plugin. -->","yoast_head_json":{"title":"MADAWI Collection Royale - Eau de parfum 50ML longue tenue - TOP PARFUMERIE","robots":{"index":"index","follow":"follow","max-snippet":"max-snippet:-1","max-image-preview":"max-image-preview:large","max-video-preview":"max-video-preview:-1"},"canonical":"https:\/\/top-parfumerie.fr\/en\/product\/eau-de-parfum-madawi-50ml-collection-royale-longue-tenue\/","og_locale":"en_US","og_type":"article","og_title":"MADAWI Collection Royale - Eau de parfum 50ML longue tenue - TOP PARFUMERIE","og_description":"Madawi, c\u2019est l\u2019\u00e9quilibre parfait entre un fruit\u00e9-floral lumineux et la profondeur d\u2019un patchouli bois\u00e9 et terreux qui apporte du caract\u00e8re. La rose poudr\u00e9e s\u2019\u00e9panouit avec douceur, envelopp\u00e9e de notes musqu\u00e9es et l\u00e9g\u00e8rement sucr\u00e9es qui ajoutent une touche sensuelle et moderne. Un souffle \u00e9pic\u00e9 chaud vient sublimer l\u2019ensemble, r\u00e9v\u00e9lant une composition riche, raffin\u00e9e et naturellement captivante. [...]","og_url":"https:\/\/top-parfumerie.fr\/en\/product\/eau-de-parfum-madawi-50ml-collection-royale-longue-tenue\/","og_site_name":"TOP PARFUMERIE","article_modified_time":"2026-01-22T23:45:39+00:00","og_image":[{"width":1024,"height":1536,"url":"https:\/\/top-parfumerie.fr\/wp-content\/uploads\/2026\/01\/FDE25907-998A-4A9F-AF65-F1DF78286CB9.png","type":"image\/png"}],"twitter_card":"summary_large_image","twitter_misc":{"Est. reading time":"1 minute"},"schema":{"@context":"https:\/\/schema.org","@graph":[{"@type":"WebPage","@id":"https:\/\/top-parfumerie.fr\/produit\/eau-de-parfum-madawi-50ml-collection-royale-longue-tenue\/","url":"https:\/\/top-parfumerie.fr\/produit\/eau-de-parfum-madawi-50ml-collection-royale-longue-tenue\/","name":"MADAWI Collection Royale - Eau de parfum 50ML longue tenue - TOP PARFUMERIE","isPartOf":{"@id":"https:\/\/top-parfumerie.fr\/#website"},"primaryImageOfPage":{"@id":"https:\/\/top-parfumerie.fr\/produit\/eau-de-parfum-madawi-50ml-collection-royale-longue-tenue\/#primaryimage"},"image":{"@id":"https:\/\/top-parfumerie.fr\/produit\/eau-de-parfum-madawi-50ml-collection-royale-longue-tenue\/#primaryimage"},"thumbnailUrl":"https:\/\/top-parfumerie.fr\/wp-content\/uploads\/2026\/01\/FDE25907-998A-4A9F-AF65-F1DF78286CB9.png","datePublished":"2026-01-22T12:02:29+00:00","dateModified":"2026-01-22T23:45:39+00:00","breadcrumb":{"@id":"https:\/\/top-parfumerie.fr\/produit\/eau-de-parfum-madawi-50ml-collection-royale-longue-tenue\/#breadcrumb"},"inLanguage":"en-US","potentialAction":[{"@type":"ReadAction","target":["https:\/\/top-parfumerie.fr\/produit\/eau-de-parfum-madawi-50ml-collection-royale-longue-tenue\/"]}]},{"@type":"ImageObject","inLanguage":"en-US","@id":"https:\/\/top-parfumerie.fr\/produit\/eau-de-parfum-madawi-50ml-collection-royale-longue-tenue\/#primaryimage","url":"https:\/\/top-parfumerie.fr\/wp-content\/uploads\/2026\/01\/FDE25907-998A-4A9F-AF65-F1DF78286CB9.png","contentUrl":"https:\/\/top-parfumerie.fr\/wp-content\/uploads\/2026\/01\/FDE25907-998A-4A9F-AF65-F1DF78286CB9.png","width":1024,"height":1536},{"@type":"BreadcrumbList","@id":"https:\/\/top-parfumerie.fr\/produit\/eau-de-parfum-madawi-50ml-collection-royale-longue-tenue\/#breadcrumb","itemListElement":[{"@type":"ListItem","position":1,"name":"Accueil","item":"https:\/\/top-parfumerie.fr\/"},{"@type":"ListItem","position":2,"name":"Boutique","item":"https:\/\/top-parfumerie.fr\/boutique\/"},{"@type":"ListItem","position":3,"name":"MADAWI Collection Royale &#8211; Eau de parfum 50ML longue tenue"}]},{"@type":"WebSite","@id":"https:\/\/top-parfumerie.fr\/#website","url":"https:\/\/top-parfumerie.fr\/","name":"TOP PARFUMERIE","description":"L&#039;excellence du Parfum en Gros","publisher":{"@id":"https:\/\/top-parfumerie.fr\/#organization"},"potentialAction":[{"@type":"SearchAction","target":{"@type":"EntryPoint","urlTemplate":"https:\/\/top-parfumerie.fr\/?s={search_term_string}"},"query-input":{"@type":"PropertyValueSpecification","valueRequired":true,"valueName":"search_term_string"}}],"inLanguage":"en-US"},{"@type":"Organization","@id":"https:\/\/top-parfumerie.fr\/#organization","name":"TOP PARFUMERIE","url":"https:\/\/top-parfumerie.fr\/","logo":{"@type":"ImageObject","inLanguage":"en-US","@id":"https:\/\/top-parfumerie.fr\/#\/schema\/logo\/image\/","url":"https:\/\/top-parfumerie.fr\/wp-content\/uploads\/2025\/02\/logo.jpg","contentUrl":"https:\/\/top-parfumerie.fr\/wp-content\/uploads\/2025\/02\/logo.jpg","width":1600,"height":1600,"caption":"TOP PARFUMERIE"},"image":{"@id":"https:\/\/top-parfumerie.fr\/#\/schema\/logo\/image\/"}}]}},"_links":{"self":[{"href":"https:\/\/top-parfumerie.fr\/en\/wp-json\/wp\/v2\/product\/1707","targetHints":{"allow":["GET"]}}],"collection":[{"href":"https:\/\/top-parfumerie.fr\/en\/wp-json\/wp\/v2\/product"}],"about":[{"href":"https:\/\/top-parfumerie.fr\/en\/wp-json\/wp\/v2\/types\/product"}],"replies":[{"embeddable":true,"href":"https:\/\/top-parfumerie.fr\/en\/wp-json\/wp\/v2\/comments?post=1707"}],"wp:featuredmedia":[{"embeddable":true,"href":"https:\/\/top-parfumerie.fr\/en\/wp-json\/wp\/v2\/media\/1708"}],"wp:attachment":[{"href":"https:\/\/top-parfumerie.fr\/en\/wp-json\/wp\/v2\/media?parent=1707"}],"wp:term":[{"taxonomy":"product_brand","embeddable":true,"href":"https:\/\/top-parfumerie.fr\/en\/wp-json\/wp\/v2\/product_brand?post=1707"},{"taxonomy":"product_cat","embeddable":true,"href":"https:\/\/top-parfumerie.fr\/en\/wp-json\/wp\/v2\/product_cat?post=1707"},{"taxonomy":"product_tag","embeddable":true,"href":"https:\/\/top-parfumerie.fr\/en\/wp-json\/wp\/v2\/product_tag?post=1707"}],"curies":[{"name":"wp","href":"https:\/\/api.w.org\/{rel}","templated":true}]}}