{"id":1705,"date":"2026-01-22T12:00:42","date_gmt":"2026-01-22T12:00:42","guid":{"rendered":"https:\/\/top-parfumerie.fr\/?post_type=product&#038;p=1705"},"modified":"2026-01-22T23:46:03","modified_gmt":"2026-01-22T23:46:03","slug":"eau-de-parfum-moula-50ml-collection-royale-longue-tenue","status":"publish","type":"product","link":"https:\/\/top-parfumerie.fr\/en\/product\/eau-de-parfum-moula-50ml-collection-royale-longue-tenue\/","title":{"rendered":"MOULA Collection Royale &#8211; Eau de parfum 50ML longue tenue"},"content":{"rendered":"<p data-pm-slice=\"1 1 []\"><strong>Moula<\/strong>, c\u2019est la rencontre irr\u00e9sistible d\u2019un caramel sucr\u00e9 et fondant avec des fruits m\u00fbrs qui apportent une douceur lumineuse et g\u00e9n\u00e9reuse. Tr\u00e8s vite, la fragrance r\u00e9v\u00e8le un fond riche et enveloppant d\u2019oud et de patchouli, offrant une profondeur sensuelle qui contraste magnifiquement avec ses accents gourmands. Une touche poudr\u00e9e adoucit l\u2019ensemble, tandis qu\u2019une fra\u00eecheur \u00e9pic\u00e9e subtile vient dynamiser la composition, lui donnant un caract\u00e8re unique et addictif. Ce parfum mixte se distingue par son opulence ma\u00eetris\u00e9e, sa chaleur balsamique et son aura magn\u00e9tique. <strong>Best-seller de la collection priv\u00e9e<\/strong>, il ne passe jamais inaper\u00e7u. Opulent, irr\u00e9sistible\u2026 <strong>foncez avant la rupture.<\/strong><\/p>","protected":false},"excerpt":{"rendered":"<p>Moula, c\u2019est la rencontre irr\u00e9sistible d\u2019un caramel sucr\u00e9 et fondant avec des fruits m\u00fbrs qui apportent une douceur lumineuse et g\u00e9n\u00e9reuse. Tr\u00e8s vite, la fragrance r\u00e9v\u00e8le un fond riche et enveloppant d\u2019oud et de patchouli, offrant une profondeur sensuelle qui contraste magnifiquement avec ses accents gourmands. Une touche poudr\u00e9e adoucit l\u2019ensemble, tandis qu\u2019une fra\u00eecheur \u00e9pic\u00e9e [&#8230;]\n","protected":false},"featured_media":1706,"comment_status":"open","ping_status":"closed","template":"","meta":[],"product_brand":[],"product_cat":[111],"product_tag":[],"class_list":{"0":"post-1705","1":"product","2":"type-product","3":"status-publish","4":"has-post-thumbnail","6":"product_cat-collection-royale","8":"first","9":"instock","10":"shipping-taxable","11":"purchasable","12":"product-type-simple"},"yoast_head":"<!-- This site is optimized with the Yoast SEO plugin v27.4 - https:\/\/yoast.com\/product\/yoast-seo-wordpress\/ -->\n<title>MOULA Collection Royale - Eau de parfum 50ML longue tenue - TOP PARFUMERIE<\/title>\n<meta name=\"robots\" content=\"index, follow, max-snippet:-1, max-image-preview:large, max-video-preview:-1\" \/>\n<link rel=\"canonical\" href=\"https:\/\/top-parfumerie.fr\/en\/product\/eau-de-parfum-moula-50ml-collection-royale-longue-tenue\/\" \/>\n<meta property=\"og:locale\" content=\"en_US\" \/>\n<meta property=\"og:type\" content=\"article\" \/>\n<meta property=\"og:title\" content=\"MOULA Collection Royale - Eau de parfum 50ML longue tenue - TOP PARFUMERIE\" \/>\n<meta property=\"og:description\" content=\"Moula, c\u2019est la rencontre irr\u00e9sistible d\u2019un caramel sucr\u00e9 et fondant avec des fruits m\u00fbrs qui apportent une douceur lumineuse et g\u00e9n\u00e9reuse. Tr\u00e8s vite, la fragrance r\u00e9v\u00e8le un fond riche et enveloppant d\u2019oud et de patchouli, offrant une profondeur sensuelle qui contraste magnifiquement avec ses accents gourmands. Une touche poudr\u00e9e adoucit l\u2019ensemble, tandis qu\u2019une fra\u00eecheur \u00e9pic\u00e9e [...]\" \/>\n<meta property=\"og:url\" content=\"https:\/\/top-parfumerie.fr\/en\/product\/eau-de-parfum-moula-50ml-collection-royale-longue-tenue\/\" \/>\n<meta property=\"og:site_name\" content=\"TOP PARFUMERIE\" \/>\n<meta property=\"article:modified_time\" content=\"2026-01-22T23:46:03+00:00\" \/>\n<meta property=\"og:image\" content=\"https:\/\/top-parfumerie.fr\/wp-content\/uploads\/2026\/01\/D709CCA9-1E75-4822-9000-1191958364AE-683x1024.png\" \/>\n\t<meta property=\"og:image:width\" content=\"683\" \/>\n\t<meta property=\"og:image:height\" content=\"1024\" \/>\n\t<meta property=\"og:image:type\" content=\"image\/png\" \/>\n<meta name=\"twitter:card\" content=\"summary_large_image\" \/>\n<meta name=\"twitter:label1\" content=\"Est. reading time\" \/>\n\t<meta name=\"twitter:data1\" content=\"1 minute\" \/>\n<script type=\"application\/ld+json\" class=\"yoast-schema-graph\">{\"@context\":\"https:\\\/\\\/schema.org\",\"@graph\":[{\"@type\":\"WebPage\",\"@id\":\"https:\\\/\\\/top-parfumerie.fr\\\/produit\\\/eau-de-parfum-moula-50ml-collection-royale-longue-tenue\\\/\",\"url\":\"https:\\\/\\\/top-parfumerie.fr\\\/produit\\\/eau-de-parfum-moula-50ml-collection-royale-longue-tenue\\\/\",\"name\":\"MOULA Collection Royale - Eau de parfum 50ML longue tenue - TOP PARFUMERIE\",\"isPartOf\":{\"@id\":\"https:\\\/\\\/top-parfumerie.fr\\\/#website\"},\"primaryImageOfPage\":{\"@id\":\"https:\\\/\\\/top-parfumerie.fr\\\/produit\\\/eau-de-parfum-moula-50ml-collection-royale-longue-tenue\\\/#primaryimage\"},\"image\":{\"@id\":\"https:\\\/\\\/top-parfumerie.fr\\\/produit\\\/eau-de-parfum-moula-50ml-collection-royale-longue-tenue\\\/#primaryimage\"},\"thumbnailUrl\":\"https:\\\/\\\/top-parfumerie.fr\\\/wp-content\\\/uploads\\\/2026\\\/01\\\/D709CCA9-1E75-4822-9000-1191958364AE.png\",\"datePublished\":\"2026-01-22T12:00:42+00:00\",\"dateModified\":\"2026-01-22T23:46:03+00:00\",\"breadcrumb\":{\"@id\":\"https:\\\/\\\/top-parfumerie.fr\\\/produit\\\/eau-de-parfum-moula-50ml-collection-royale-longue-tenue\\\/#breadcrumb\"},\"inLanguage\":\"en-US\",\"potentialAction\":[{\"@type\":\"ReadAction\",\"target\":[\"https:\\\/\\\/top-parfumerie.fr\\\/produit\\\/eau-de-parfum-moula-50ml-collection-royale-longue-tenue\\\/\"]}]},{\"@type\":\"ImageObject\",\"inLanguage\":\"en-US\",\"@id\":\"https:\\\/\\\/top-parfumerie.fr\\\/produit\\\/eau-de-parfum-moula-50ml-collection-royale-longue-tenue\\\/#primaryimage\",\"url\":\"https:\\\/\\\/top-parfumerie.fr\\\/wp-content\\\/uploads\\\/2026\\\/01\\\/D709CCA9-1E75-4822-9000-1191958364AE.png\",\"contentUrl\":\"https:\\\/\\\/top-parfumerie.fr\\\/wp-content\\\/uploads\\\/2026\\\/01\\\/D709CCA9-1E75-4822-9000-1191958364AE.png\",\"width\":1024,\"height\":1536},{\"@type\":\"BreadcrumbList\",\"@id\":\"https:\\\/\\\/top-parfumerie.fr\\\/produit\\\/eau-de-parfum-moula-50ml-collection-royale-longue-tenue\\\/#breadcrumb\",\"itemListElement\":[{\"@type\":\"ListItem\",\"position\":1,\"name\":\"Accueil\",\"item\":\"https:\\\/\\\/top-parfumerie.fr\\\/\"},{\"@type\":\"ListItem\",\"position\":2,\"name\":\"Boutique\",\"item\":\"https:\\\/\\\/top-parfumerie.fr\\\/boutique\\\/\"},{\"@type\":\"ListItem\",\"position\":3,\"name\":\"MOULA Collection Royale &#8211; Eau de parfum 50ML longue tenue\"}]},{\"@type\":\"WebSite\",\"@id\":\"https:\\\/\\\/top-parfumerie.fr\\\/#website\",\"url\":\"https:\\\/\\\/top-parfumerie.fr\\\/\",\"name\":\"TOP PARFUMERIE\",\"description\":\"L&#039;excellence du Parfum en Gros\",\"publisher\":{\"@id\":\"https:\\\/\\\/top-parfumerie.fr\\\/#organization\"},\"potentialAction\":[{\"@type\":\"SearchAction\",\"target\":{\"@type\":\"EntryPoint\",\"urlTemplate\":\"https:\\\/\\\/top-parfumerie.fr\\\/?s={search_term_string}\"},\"query-input\":{\"@type\":\"PropertyValueSpecification\",\"valueRequired\":true,\"valueName\":\"search_term_string\"}}],\"inLanguage\":\"en-US\"},{\"@type\":\"Organization\",\"@id\":\"https:\\\/\\\/top-parfumerie.fr\\\/#organization\",\"name\":\"TOP PARFUMERIE\",\"url\":\"https:\\\/\\\/top-parfumerie.fr\\\/\",\"logo\":{\"@type\":\"ImageObject\",\"inLanguage\":\"en-US\",\"@id\":\"https:\\\/\\\/top-parfumerie.fr\\\/#\\\/schema\\\/logo\\\/image\\\/\",\"url\":\"https:\\\/\\\/top-parfumerie.fr\\\/wp-content\\\/uploads\\\/2025\\\/02\\\/logo.jpg\",\"contentUrl\":\"https:\\\/\\\/top-parfumerie.fr\\\/wp-content\\\/uploads\\\/2025\\\/02\\\/logo.jpg\",\"width\":1600,\"height\":1600,\"caption\":\"TOP PARFUMERIE\"},\"image\":{\"@id\":\"https:\\\/\\\/top-parfumerie.fr\\\/#\\\/schema\\\/logo\\\/image\\\/\"}}]}<\/script>\n<!-- \/ Yoast SEO plugin. -->","yoast_head_json":{"title":"MOULA Collection Royale - Eau de parfum 50ML longue tenue - TOP PARFUMERIE","robots":{"index":"index","follow":"follow","max-snippet":"max-snippet:-1","max-image-preview":"max-image-preview:large","max-video-preview":"max-video-preview:-1"},"canonical":"https:\/\/top-parfumerie.fr\/en\/product\/eau-de-parfum-moula-50ml-collection-royale-longue-tenue\/","og_locale":"en_US","og_type":"article","og_title":"MOULA Collection Royale - Eau de parfum 50ML longue tenue - TOP PARFUMERIE","og_description":"Moula, c\u2019est la rencontre irr\u00e9sistible d\u2019un caramel sucr\u00e9 et fondant avec des fruits m\u00fbrs qui apportent une douceur lumineuse et g\u00e9n\u00e9reuse. Tr\u00e8s vite, la fragrance r\u00e9v\u00e8le un fond riche et enveloppant d\u2019oud et de patchouli, offrant une profondeur sensuelle qui contraste magnifiquement avec ses accents gourmands. Une touche poudr\u00e9e adoucit l\u2019ensemble, tandis qu\u2019une fra\u00eecheur \u00e9pic\u00e9e [...]","og_url":"https:\/\/top-parfumerie.fr\/en\/product\/eau-de-parfum-moula-50ml-collection-royale-longue-tenue\/","og_site_name":"TOP PARFUMERIE","article_modified_time":"2026-01-22T23:46:03+00:00","og_image":[{"width":683,"height":1024,"url":"https:\/\/top-parfumerie.fr\/wp-content\/uploads\/2026\/01\/D709CCA9-1E75-4822-9000-1191958364AE-683x1024.png","type":"image\/png"}],"twitter_card":"summary_large_image","twitter_misc":{"Est. reading time":"1 minute"},"schema":{"@context":"https:\/\/schema.org","@graph":[{"@type":"WebPage","@id":"https:\/\/top-parfumerie.fr\/produit\/eau-de-parfum-moula-50ml-collection-royale-longue-tenue\/","url":"https:\/\/top-parfumerie.fr\/produit\/eau-de-parfum-moula-50ml-collection-royale-longue-tenue\/","name":"MOULA Collection Royale - Eau de parfum 50ML longue tenue - TOP PARFUMERIE","isPartOf":{"@id":"https:\/\/top-parfumerie.fr\/#website"},"primaryImageOfPage":{"@id":"https:\/\/top-parfumerie.fr\/produit\/eau-de-parfum-moula-50ml-collection-royale-longue-tenue\/#primaryimage"},"image":{"@id":"https:\/\/top-parfumerie.fr\/produit\/eau-de-parfum-moula-50ml-collection-royale-longue-tenue\/#primaryimage"},"thumbnailUrl":"https:\/\/top-parfumerie.fr\/wp-content\/uploads\/2026\/01\/D709CCA9-1E75-4822-9000-1191958364AE.png","datePublished":"2026-01-22T12:00:42+00:00","dateModified":"2026-01-22T23:46:03+00:00","breadcrumb":{"@id":"https:\/\/top-parfumerie.fr\/produit\/eau-de-parfum-moula-50ml-collection-royale-longue-tenue\/#breadcrumb"},"inLanguage":"en-US","potentialAction":[{"@type":"ReadAction","target":["https:\/\/top-parfumerie.fr\/produit\/eau-de-parfum-moula-50ml-collection-royale-longue-tenue\/"]}]},{"@type":"ImageObject","inLanguage":"en-US","@id":"https:\/\/top-parfumerie.fr\/produit\/eau-de-parfum-moula-50ml-collection-royale-longue-tenue\/#primaryimage","url":"https:\/\/top-parfumerie.fr\/wp-content\/uploads\/2026\/01\/D709CCA9-1E75-4822-9000-1191958364AE.png","contentUrl":"https:\/\/top-parfumerie.fr\/wp-content\/uploads\/2026\/01\/D709CCA9-1E75-4822-9000-1191958364AE.png","width":1024,"height":1536},{"@type":"BreadcrumbList","@id":"https:\/\/top-parfumerie.fr\/produit\/eau-de-parfum-moula-50ml-collection-royale-longue-tenue\/#breadcrumb","itemListElement":[{"@type":"ListItem","position":1,"name":"Accueil","item":"https:\/\/top-parfumerie.fr\/"},{"@type":"ListItem","position":2,"name":"Boutique","item":"https:\/\/top-parfumerie.fr\/boutique\/"},{"@type":"ListItem","position":3,"name":"MOULA Collection Royale &#8211; Eau de parfum 50ML longue tenue"}]},{"@type":"WebSite","@id":"https:\/\/top-parfumerie.fr\/#website","url":"https:\/\/top-parfumerie.fr\/","name":"TOP PARFUMERIE","description":"L&#039;excellence du Parfum en Gros","publisher":{"@id":"https:\/\/top-parfumerie.fr\/#organization"},"potentialAction":[{"@type":"SearchAction","target":{"@type":"EntryPoint","urlTemplate":"https:\/\/top-parfumerie.fr\/?s={search_term_string}"},"query-input":{"@type":"PropertyValueSpecification","valueRequired":true,"valueName":"search_term_string"}}],"inLanguage":"en-US"},{"@type":"Organization","@id":"https:\/\/top-parfumerie.fr\/#organization","name":"TOP PARFUMERIE","url":"https:\/\/top-parfumerie.fr\/","logo":{"@type":"ImageObject","inLanguage":"en-US","@id":"https:\/\/top-parfumerie.fr\/#\/schema\/logo\/image\/","url":"https:\/\/top-parfumerie.fr\/wp-content\/uploads\/2025\/02\/logo.jpg","contentUrl":"https:\/\/top-parfumerie.fr\/wp-content\/uploads\/2025\/02\/logo.jpg","width":1600,"height":1600,"caption":"TOP PARFUMERIE"},"image":{"@id":"https:\/\/top-parfumerie.fr\/#\/schema\/logo\/image\/"}}]}},"_links":{"self":[{"href":"https:\/\/top-parfumerie.fr\/en\/wp-json\/wp\/v2\/product\/1705","targetHints":{"allow":["GET"]}}],"collection":[{"href":"https:\/\/top-parfumerie.fr\/en\/wp-json\/wp\/v2\/product"}],"about":[{"href":"https:\/\/top-parfumerie.fr\/en\/wp-json\/wp\/v2\/types\/product"}],"replies":[{"embeddable":true,"href":"https:\/\/top-parfumerie.fr\/en\/wp-json\/wp\/v2\/comments?post=1705"}],"wp:featuredmedia":[{"embeddable":true,"href":"https:\/\/top-parfumerie.fr\/en\/wp-json\/wp\/v2\/media\/1706"}],"wp:attachment":[{"href":"https:\/\/top-parfumerie.fr\/en\/wp-json\/wp\/v2\/media?parent=1705"}],"wp:term":[{"taxonomy":"product_brand","embeddable":true,"href":"https:\/\/top-parfumerie.fr\/en\/wp-json\/wp\/v2\/product_brand?post=1705"},{"taxonomy":"product_cat","embeddable":true,"href":"https:\/\/top-parfumerie.fr\/en\/wp-json\/wp\/v2\/product_cat?post=1705"},{"taxonomy":"product_tag","embeddable":true,"href":"https:\/\/top-parfumerie.fr\/en\/wp-json\/wp\/v2\/product_tag?post=1705"}],"curies":[{"name":"wp","href":"https:\/\/api.w.org\/{rel}","templated":true}]}}