{"id":1701,"date":"2026-01-22T11:51:37","date_gmt":"2026-01-22T11:51:37","guid":{"rendered":"https:\/\/top-parfumerie.fr\/?post_type=product&#038;p=1701"},"modified":"2026-01-22T23:46:40","modified_gmt":"2026-01-22T23:46:40","slug":"eau-de-parfum-50ml-stronger-collection-royale-longue-tenue","status":"publish","type":"product","link":"https:\/\/top-parfumerie.fr\/en\/product\/eau-de-parfum-50ml-stronger-collection-royale-longue-tenue\/","title":{"rendered":"STRONGER Collection Royale &#8211; Eau de parfum 50ML longue tenue"},"content":{"rendered":"<p data-pm-slice=\"1 1 []\"><strong>STRONGER<\/strong> est une fragrance intense, pens\u00e9e pour celles et ceux qui affirment leur caract\u00e8re avec \u00e9l\u00e9gance.<\/p>\n<p>D\u00e8s les premi\u00e8res notes, la douceur gourmande de la <strong>ch\u00e2taigne<\/strong> se m\u00eale \u00e0 un <strong>sucre d\u00e9licatement caram\u00e9lis\u00e9<\/strong>, cr\u00e9ant une ouverture chaleureuse et addictive.<br \/>\nLe c\u0153ur r\u00e9v\u00e8le un \u00e9quilibre subtil entre la fra\u00eecheur aromatique de la <strong>lavande<\/strong> et la profondeur sophistiqu\u00e9e de la <strong>sauge<\/strong>, apportant structure et raffinement.<br \/>\nEn fond, la sensualit\u00e9 enveloppante de la <strong>vanilla<\/strong> se fond dans des accords de <strong>fum\u00e9e<\/strong>, laissant un sillage puissant, myst\u00e9rieux et inoubliable.<\/p>\n<p>STRONGER est une signature olfactive audacieuse, entre force et douceur, con\u00e7ue pour celles et ceux qui avancent avec assurance et laissent une empreinte durable.<\/p>","protected":false},"excerpt":{"rendered":"<p>STRONGER est une fragrance intense, pens\u00e9e pour celles et ceux qui affirment leur caract\u00e8re avec \u00e9l\u00e9gance. D\u00e8s les premi\u00e8res notes, la douceur gourmande de la ch\u00e2taigne se m\u00eale \u00e0 un sucre d\u00e9licatement caram\u00e9lis\u00e9, cr\u00e9ant une ouverture chaleureuse et addictive. Le c\u0153ur r\u00e9v\u00e8le un \u00e9quilibre subtil entre la fra\u00eecheur aromatique de la lavande et la profondeur [&#8230;]\n","protected":false},"featured_media":1702,"comment_status":"open","ping_status":"closed","template":"","meta":[],"product_brand":[],"product_cat":[111],"product_tag":[],"class_list":{"0":"post-1701","1":"product","2":"type-product","3":"status-publish","4":"has-post-thumbnail","6":"product_cat-collection-royale","8":"first","9":"instock","10":"shipping-taxable","11":"purchasable","12":"product-type-simple"},"yoast_head":"<!-- This site is optimized with the Yoast SEO plugin v27.4 - https:\/\/yoast.com\/product\/yoast-seo-wordpress\/ -->\n<title>STRONGER Collection Royale - Eau de parfum 50ML longue tenue - TOP PARFUMERIE<\/title>\n<meta name=\"robots\" content=\"index, follow, max-snippet:-1, max-image-preview:large, max-video-preview:-1\" \/>\n<link rel=\"canonical\" href=\"https:\/\/top-parfumerie.fr\/en\/product\/eau-de-parfum-50ml-stronger-collection-royale-longue-tenue\/\" \/>\n<meta property=\"og:locale\" content=\"en_US\" \/>\n<meta property=\"og:type\" content=\"article\" \/>\n<meta property=\"og:title\" content=\"STRONGER Collection Royale - Eau de parfum 50ML longue tenue - TOP PARFUMERIE\" \/>\n<meta property=\"og:description\" content=\"STRONGER est une fragrance intense, pens\u00e9e pour celles et ceux qui affirment leur caract\u00e8re avec \u00e9l\u00e9gance. D\u00e8s les premi\u00e8res notes, la douceur gourmande de la ch\u00e2taigne se m\u00eale \u00e0 un sucre d\u00e9licatement caram\u00e9lis\u00e9, cr\u00e9ant une ouverture chaleureuse et addictive. Le c\u0153ur r\u00e9v\u00e8le un \u00e9quilibre subtil entre la fra\u00eecheur aromatique de la lavande et la profondeur [...]\" \/>\n<meta property=\"og:url\" content=\"https:\/\/top-parfumerie.fr\/en\/product\/eau-de-parfum-50ml-stronger-collection-royale-longue-tenue\/\" \/>\n<meta property=\"og:site_name\" content=\"TOP PARFUMERIE\" \/>\n<meta property=\"article:modified_time\" content=\"2026-01-22T23:46:40+00:00\" \/>\n<meta property=\"og:image\" content=\"https:\/\/top-parfumerie.fr\/wp-content\/uploads\/2026\/01\/0D7A3D16-20FD-4848-8CD9-1BA42BA90017-683x1024.png\" \/>\n\t<meta property=\"og:image:width\" content=\"683\" \/>\n\t<meta property=\"og:image:height\" content=\"1024\" \/>\n\t<meta property=\"og:image:type\" content=\"image\/png\" \/>\n<meta name=\"twitter:card\" content=\"summary_large_image\" \/>\n<meta name=\"twitter:label1\" content=\"Est. reading time\" \/>\n\t<meta name=\"twitter:data1\" content=\"1 minute\" \/>\n<script type=\"application\/ld+json\" class=\"yoast-schema-graph\">{\"@context\":\"https:\\\/\\\/schema.org\",\"@graph\":[{\"@type\":\"WebPage\",\"@id\":\"https:\\\/\\\/top-parfumerie.fr\\\/produit\\\/eau-de-parfum-50ml-stronger-collection-royale-longue-tenue\\\/\",\"url\":\"https:\\\/\\\/top-parfumerie.fr\\\/produit\\\/eau-de-parfum-50ml-stronger-collection-royale-longue-tenue\\\/\",\"name\":\"STRONGER Collection Royale - Eau de parfum 50ML longue tenue - TOP PARFUMERIE\",\"isPartOf\":{\"@id\":\"https:\\\/\\\/top-parfumerie.fr\\\/#website\"},\"primaryImageOfPage\":{\"@id\":\"https:\\\/\\\/top-parfumerie.fr\\\/produit\\\/eau-de-parfum-50ml-stronger-collection-royale-longue-tenue\\\/#primaryimage\"},\"image\":{\"@id\":\"https:\\\/\\\/top-parfumerie.fr\\\/produit\\\/eau-de-parfum-50ml-stronger-collection-royale-longue-tenue\\\/#primaryimage\"},\"thumbnailUrl\":\"https:\\\/\\\/top-parfumerie.fr\\\/wp-content\\\/uploads\\\/2026\\\/01\\\/0D7A3D16-20FD-4848-8CD9-1BA42BA90017.png\",\"datePublished\":\"2026-01-22T11:51:37+00:00\",\"dateModified\":\"2026-01-22T23:46:40+00:00\",\"breadcrumb\":{\"@id\":\"https:\\\/\\\/top-parfumerie.fr\\\/produit\\\/eau-de-parfum-50ml-stronger-collection-royale-longue-tenue\\\/#breadcrumb\"},\"inLanguage\":\"en-US\",\"potentialAction\":[{\"@type\":\"ReadAction\",\"target\":[\"https:\\\/\\\/top-parfumerie.fr\\\/produit\\\/eau-de-parfum-50ml-stronger-collection-royale-longue-tenue\\\/\"]}]},{\"@type\":\"ImageObject\",\"inLanguage\":\"en-US\",\"@id\":\"https:\\\/\\\/top-parfumerie.fr\\\/produit\\\/eau-de-parfum-50ml-stronger-collection-royale-longue-tenue\\\/#primaryimage\",\"url\":\"https:\\\/\\\/top-parfumerie.fr\\\/wp-content\\\/uploads\\\/2026\\\/01\\\/0D7A3D16-20FD-4848-8CD9-1BA42BA90017.png\",\"contentUrl\":\"https:\\\/\\\/top-parfumerie.fr\\\/wp-content\\\/uploads\\\/2026\\\/01\\\/0D7A3D16-20FD-4848-8CD9-1BA42BA90017.png\",\"width\":1024,\"height\":1536},{\"@type\":\"BreadcrumbList\",\"@id\":\"https:\\\/\\\/top-parfumerie.fr\\\/produit\\\/eau-de-parfum-50ml-stronger-collection-royale-longue-tenue\\\/#breadcrumb\",\"itemListElement\":[{\"@type\":\"ListItem\",\"position\":1,\"name\":\"Accueil\",\"item\":\"https:\\\/\\\/top-parfumerie.fr\\\/\"},{\"@type\":\"ListItem\",\"position\":2,\"name\":\"Boutique\",\"item\":\"https:\\\/\\\/top-parfumerie.fr\\\/boutique\\\/\"},{\"@type\":\"ListItem\",\"position\":3,\"name\":\"STRONGER Collection Royale &#8211; Eau de parfum 50ML longue tenue\"}]},{\"@type\":\"WebSite\",\"@id\":\"https:\\\/\\\/top-parfumerie.fr\\\/#website\",\"url\":\"https:\\\/\\\/top-parfumerie.fr\\\/\",\"name\":\"TOP PARFUMERIE\",\"description\":\"L&#039;excellence du Parfum en Gros\",\"publisher\":{\"@id\":\"https:\\\/\\\/top-parfumerie.fr\\\/#organization\"},\"potentialAction\":[{\"@type\":\"SearchAction\",\"target\":{\"@type\":\"EntryPoint\",\"urlTemplate\":\"https:\\\/\\\/top-parfumerie.fr\\\/?s={search_term_string}\"},\"query-input\":{\"@type\":\"PropertyValueSpecification\",\"valueRequired\":true,\"valueName\":\"search_term_string\"}}],\"inLanguage\":\"en-US\"},{\"@type\":\"Organization\",\"@id\":\"https:\\\/\\\/top-parfumerie.fr\\\/#organization\",\"name\":\"TOP PARFUMERIE\",\"url\":\"https:\\\/\\\/top-parfumerie.fr\\\/\",\"logo\":{\"@type\":\"ImageObject\",\"inLanguage\":\"en-US\",\"@id\":\"https:\\\/\\\/top-parfumerie.fr\\\/#\\\/schema\\\/logo\\\/image\\\/\",\"url\":\"https:\\\/\\\/top-parfumerie.fr\\\/wp-content\\\/uploads\\\/2025\\\/02\\\/logo.jpg\",\"contentUrl\":\"https:\\\/\\\/top-parfumerie.fr\\\/wp-content\\\/uploads\\\/2025\\\/02\\\/logo.jpg\",\"width\":1600,\"height\":1600,\"caption\":\"TOP PARFUMERIE\"},\"image\":{\"@id\":\"https:\\\/\\\/top-parfumerie.fr\\\/#\\\/schema\\\/logo\\\/image\\\/\"}}]}<\/script>\n<!-- \/ Yoast SEO plugin. -->","yoast_head_json":{"title":"STRONGER Collection Royale - Eau de parfum 50ML longue tenue - TOP PARFUMERIE","robots":{"index":"index","follow":"follow","max-snippet":"max-snippet:-1","max-image-preview":"max-image-preview:large","max-video-preview":"max-video-preview:-1"},"canonical":"https:\/\/top-parfumerie.fr\/en\/product\/eau-de-parfum-50ml-stronger-collection-royale-longue-tenue\/","og_locale":"en_US","og_type":"article","og_title":"STRONGER Collection Royale - Eau de parfum 50ML longue tenue - TOP PARFUMERIE","og_description":"STRONGER est une fragrance intense, pens\u00e9e pour celles et ceux qui affirment leur caract\u00e8re avec \u00e9l\u00e9gance. D\u00e8s les premi\u00e8res notes, la douceur gourmande de la ch\u00e2taigne se m\u00eale \u00e0 un sucre d\u00e9licatement caram\u00e9lis\u00e9, cr\u00e9ant une ouverture chaleureuse et addictive. Le c\u0153ur r\u00e9v\u00e8le un \u00e9quilibre subtil entre la fra\u00eecheur aromatique de la lavande et la profondeur [...]","og_url":"https:\/\/top-parfumerie.fr\/en\/product\/eau-de-parfum-50ml-stronger-collection-royale-longue-tenue\/","og_site_name":"TOP PARFUMERIE","article_modified_time":"2026-01-22T23:46:40+00:00","og_image":[{"width":683,"height":1024,"url":"https:\/\/top-parfumerie.fr\/wp-content\/uploads\/2026\/01\/0D7A3D16-20FD-4848-8CD9-1BA42BA90017-683x1024.png","type":"image\/png"}],"twitter_card":"summary_large_image","twitter_misc":{"Est. reading time":"1 minute"},"schema":{"@context":"https:\/\/schema.org","@graph":[{"@type":"WebPage","@id":"https:\/\/top-parfumerie.fr\/produit\/eau-de-parfum-50ml-stronger-collection-royale-longue-tenue\/","url":"https:\/\/top-parfumerie.fr\/produit\/eau-de-parfum-50ml-stronger-collection-royale-longue-tenue\/","name":"STRONGER Collection Royale - Eau de parfum 50ML longue tenue - TOP PARFUMERIE","isPartOf":{"@id":"https:\/\/top-parfumerie.fr\/#website"},"primaryImageOfPage":{"@id":"https:\/\/top-parfumerie.fr\/produit\/eau-de-parfum-50ml-stronger-collection-royale-longue-tenue\/#primaryimage"},"image":{"@id":"https:\/\/top-parfumerie.fr\/produit\/eau-de-parfum-50ml-stronger-collection-royale-longue-tenue\/#primaryimage"},"thumbnailUrl":"https:\/\/top-parfumerie.fr\/wp-content\/uploads\/2026\/01\/0D7A3D16-20FD-4848-8CD9-1BA42BA90017.png","datePublished":"2026-01-22T11:51:37+00:00","dateModified":"2026-01-22T23:46:40+00:00","breadcrumb":{"@id":"https:\/\/top-parfumerie.fr\/produit\/eau-de-parfum-50ml-stronger-collection-royale-longue-tenue\/#breadcrumb"},"inLanguage":"en-US","potentialAction":[{"@type":"ReadAction","target":["https:\/\/top-parfumerie.fr\/produit\/eau-de-parfum-50ml-stronger-collection-royale-longue-tenue\/"]}]},{"@type":"ImageObject","inLanguage":"en-US","@id":"https:\/\/top-parfumerie.fr\/produit\/eau-de-parfum-50ml-stronger-collection-royale-longue-tenue\/#primaryimage","url":"https:\/\/top-parfumerie.fr\/wp-content\/uploads\/2026\/01\/0D7A3D16-20FD-4848-8CD9-1BA42BA90017.png","contentUrl":"https:\/\/top-parfumerie.fr\/wp-content\/uploads\/2026\/01\/0D7A3D16-20FD-4848-8CD9-1BA42BA90017.png","width":1024,"height":1536},{"@type":"BreadcrumbList","@id":"https:\/\/top-parfumerie.fr\/produit\/eau-de-parfum-50ml-stronger-collection-royale-longue-tenue\/#breadcrumb","itemListElement":[{"@type":"ListItem","position":1,"name":"Accueil","item":"https:\/\/top-parfumerie.fr\/"},{"@type":"ListItem","position":2,"name":"Boutique","item":"https:\/\/top-parfumerie.fr\/boutique\/"},{"@type":"ListItem","position":3,"name":"STRONGER Collection Royale &#8211; Eau de parfum 50ML longue tenue"}]},{"@type":"WebSite","@id":"https:\/\/top-parfumerie.fr\/#website","url":"https:\/\/top-parfumerie.fr\/","name":"TOP PARFUMERIE","description":"L&#039;excellence du Parfum en Gros","publisher":{"@id":"https:\/\/top-parfumerie.fr\/#organization"},"potentialAction":[{"@type":"SearchAction","target":{"@type":"EntryPoint","urlTemplate":"https:\/\/top-parfumerie.fr\/?s={search_term_string}"},"query-input":{"@type":"PropertyValueSpecification","valueRequired":true,"valueName":"search_term_string"}}],"inLanguage":"en-US"},{"@type":"Organization","@id":"https:\/\/top-parfumerie.fr\/#organization","name":"TOP PARFUMERIE","url":"https:\/\/top-parfumerie.fr\/","logo":{"@type":"ImageObject","inLanguage":"en-US","@id":"https:\/\/top-parfumerie.fr\/#\/schema\/logo\/image\/","url":"https:\/\/top-parfumerie.fr\/wp-content\/uploads\/2025\/02\/logo.jpg","contentUrl":"https:\/\/top-parfumerie.fr\/wp-content\/uploads\/2025\/02\/logo.jpg","width":1600,"height":1600,"caption":"TOP PARFUMERIE"},"image":{"@id":"https:\/\/top-parfumerie.fr\/#\/schema\/logo\/image\/"}}]}},"_links":{"self":[{"href":"https:\/\/top-parfumerie.fr\/en\/wp-json\/wp\/v2\/product\/1701","targetHints":{"allow":["GET"]}}],"collection":[{"href":"https:\/\/top-parfumerie.fr\/en\/wp-json\/wp\/v2\/product"}],"about":[{"href":"https:\/\/top-parfumerie.fr\/en\/wp-json\/wp\/v2\/types\/product"}],"replies":[{"embeddable":true,"href":"https:\/\/top-parfumerie.fr\/en\/wp-json\/wp\/v2\/comments?post=1701"}],"wp:featuredmedia":[{"embeddable":true,"href":"https:\/\/top-parfumerie.fr\/en\/wp-json\/wp\/v2\/media\/1702"}],"wp:attachment":[{"href":"https:\/\/top-parfumerie.fr\/en\/wp-json\/wp\/v2\/media?parent=1701"}],"wp:term":[{"taxonomy":"product_brand","embeddable":true,"href":"https:\/\/top-parfumerie.fr\/en\/wp-json\/wp\/v2\/product_brand?post=1701"},{"taxonomy":"product_cat","embeddable":true,"href":"https:\/\/top-parfumerie.fr\/en\/wp-json\/wp\/v2\/product_cat?post=1701"},{"taxonomy":"product_tag","embeddable":true,"href":"https:\/\/top-parfumerie.fr\/en\/wp-json\/wp\/v2\/product_tag?post=1701"}],"curies":[{"name":"wp","href":"https:\/\/api.w.org\/{rel}","templated":true}]}}