{"id":1695,"date":"2026-01-22T11:41:41","date_gmt":"2026-01-22T11:41:41","guid":{"rendered":"https:\/\/top-parfumerie.fr\/?post_type=product&#038;p=1695"},"modified":"2026-01-22T23:47:45","modified_gmt":"2026-01-22T23:47:45","slug":"eau-de-parfum-marshmallow-50ml-longue-tenue","status":"publish","type":"product","link":"https:\/\/top-parfumerie.fr\/en\/product\/eau-de-parfum-marshmallow-50ml-longue-tenue\/","title":{"rendered":"MARSHMALLOW Collection Royale &#8211; Eau de parfum 50ML longue tenue"},"content":{"rendered":"<p data-pm-slice=\"1 1 []\">MARSHMALLOW est un <strong>parfum f\u00e9minin gourmand, sucr\u00e9 et incroyablement r\u00e9confortant<\/strong>, id\u00e9al pour celles qui adorent les fragrances <strong>fruit\u00e9es, vanill\u00e9es et cocooning<\/strong>. Une senteur douce, joyeuse et ultra-addictive.<\/p>\n<p>L\u2019ouverture m\u00eale la <strong>pomme Pink Lady croquante<\/strong>, le <strong>citron italien p\u00e9tillant<\/strong>, le <strong>freesia d\u00e9licat<\/strong> et la <strong>fleur de nectarine<\/strong>, cr\u00e9ant un d\u00e9part frais, fruit\u00e9 et lumineux.<br \/>\nLe c\u0153ur devient ensuite irr\u00e9sistible : <strong>eau de fleur d\u2019oranger<\/strong>, <strong>fraise sucr\u00e9e<\/strong>, <strong>flocon de coco<\/strong> et surtout la note de <strong>Chamallow fondant<\/strong>, qui apporte une gourmandise cr\u00e9meuse totalement addictive.<br \/>\nLe fond r\u00e9v\u00e8le une <strong>vanille fouett\u00e9e onctueuse<\/strong>, du <strong>sucre de framboise<\/strong>, un <strong>musc rose doux<\/strong>, de l\u2019<strong>ambrox<\/strong> et un <strong>accord cr\u00e9meux signature<\/strong>, laissant un sillage chaleureux, sucr\u00e9 et inoubliable.<\/p>\n<p>MARSHMALLOW est un parfum femme <strong>tendance 2026<\/strong>, parfait pour celles qui veulent une fragrance <strong>gourmande, fruit\u00e9e, vanill\u00e9e et f\u00e9minine<\/strong>, \u00e0 la fois douce, sucr\u00e9e et magn\u00e9tique.<\/p>\n<p><strong>Notes olfactives :<\/strong><br \/>\n\u2022 <strong>T\u00eate :<\/strong> Pomme Pink Lady, Citron italien, Freesia, Fleur de nectarine<br \/>\n\u2022 <strong>C\u0153ur :<\/strong> Fleur d\u2019oranger, Chamallow, Fraise, Coco<br \/>\n\u2022 <strong>Fond :<\/strong> Vanille fouett\u00e9e, Sucre de framboise, Musc rose, Ambrox, Accord cr\u00e9meux signature<\/p>","protected":false},"excerpt":{"rendered":"<p>MARSHMALLOW est un parfum f\u00e9minin gourmand, sucr\u00e9 et incroyablement r\u00e9confortant, id\u00e9al pour celles qui adorent les fragrances fruit\u00e9es, vanill\u00e9es et cocooning. Une senteur douce, joyeuse et ultra-addictive. L\u2019ouverture m\u00eale la pomme Pink Lady croquante, le citron italien p\u00e9tillant, le freesia d\u00e9licat et la fleur de nectarine, cr\u00e9ant un d\u00e9part frais, fruit\u00e9 et lumineux. Le c\u0153ur [&#8230;]\n","protected":false},"featured_media":1696,"comment_status":"open","ping_status":"closed","template":"","meta":[],"product_brand":[],"product_cat":[111],"product_tag":[],"class_list":{"0":"post-1695","1":"product","2":"type-product","3":"status-publish","4":"has-post-thumbnail","6":"product_cat-collection-royale","8":"first","9":"instock","10":"shipping-taxable","11":"purchasable","12":"product-type-simple"},"yoast_head":"<!-- This site is optimized with the Yoast SEO plugin v27.4 - https:\/\/yoast.com\/product\/yoast-seo-wordpress\/ -->\n<title>MARSHMALLOW Collection Royale - Eau de parfum 50ML longue tenue - TOP PARFUMERIE<\/title>\n<meta name=\"robots\" content=\"index, follow, max-snippet:-1, max-image-preview:large, max-video-preview:-1\" \/>\n<link rel=\"canonical\" href=\"https:\/\/top-parfumerie.fr\/en\/product\/eau-de-parfum-marshmallow-50ml-longue-tenue\/\" \/>\n<meta property=\"og:locale\" content=\"en_US\" \/>\n<meta property=\"og:type\" content=\"article\" \/>\n<meta property=\"og:title\" content=\"MARSHMALLOW Collection Royale - Eau de parfum 50ML longue tenue - TOP PARFUMERIE\" \/>\n<meta property=\"og:description\" content=\"MARSHMALLOW est un parfum f\u00e9minin gourmand, sucr\u00e9 et incroyablement r\u00e9confortant, id\u00e9al pour celles qui adorent les fragrances fruit\u00e9es, vanill\u00e9es et cocooning. Une senteur douce, joyeuse et ultra-addictive. L\u2019ouverture m\u00eale la pomme Pink Lady croquante, le citron italien p\u00e9tillant, le freesia d\u00e9licat et la fleur de nectarine, cr\u00e9ant un d\u00e9part frais, fruit\u00e9 et lumineux. Le c\u0153ur [...]\" \/>\n<meta property=\"og:url\" content=\"https:\/\/top-parfumerie.fr\/en\/product\/eau-de-parfum-marshmallow-50ml-longue-tenue\/\" \/>\n<meta property=\"og:site_name\" content=\"TOP PARFUMERIE\" \/>\n<meta property=\"article:modified_time\" content=\"2026-01-22T23:47:45+00:00\" \/>\n<meta property=\"og:image\" content=\"https:\/\/top-parfumerie.fr\/wp-content\/uploads\/2026\/01\/98015E3F-463F-4A5F-AEE0-A970F4655DDA.png\" \/>\n\t<meta property=\"og:image:width\" content=\"1024\" \/>\n\t<meta property=\"og:image:height\" content=\"1024\" \/>\n\t<meta property=\"og:image:type\" content=\"image\/png\" \/>\n<meta name=\"twitter:card\" content=\"summary_large_image\" \/>\n<meta name=\"twitter:label1\" content=\"Est. reading time\" \/>\n\t<meta name=\"twitter:data1\" content=\"2 minutes\" \/>\n<script type=\"application\/ld+json\" class=\"yoast-schema-graph\">{\"@context\":\"https:\\\/\\\/schema.org\",\"@graph\":[{\"@type\":\"WebPage\",\"@id\":\"https:\\\/\\\/top-parfumerie.fr\\\/produit\\\/eau-de-parfum-marshmallow-50ml-longue-tenue\\\/\",\"url\":\"https:\\\/\\\/top-parfumerie.fr\\\/produit\\\/eau-de-parfum-marshmallow-50ml-longue-tenue\\\/\",\"name\":\"MARSHMALLOW Collection Royale - Eau de parfum 50ML longue tenue - TOP PARFUMERIE\",\"isPartOf\":{\"@id\":\"https:\\\/\\\/top-parfumerie.fr\\\/#website\"},\"primaryImageOfPage\":{\"@id\":\"https:\\\/\\\/top-parfumerie.fr\\\/produit\\\/eau-de-parfum-marshmallow-50ml-longue-tenue\\\/#primaryimage\"},\"image\":{\"@id\":\"https:\\\/\\\/top-parfumerie.fr\\\/produit\\\/eau-de-parfum-marshmallow-50ml-longue-tenue\\\/#primaryimage\"},\"thumbnailUrl\":\"https:\\\/\\\/top-parfumerie.fr\\\/wp-content\\\/uploads\\\/2026\\\/01\\\/98015E3F-463F-4A5F-AEE0-A970F4655DDA.png\",\"datePublished\":\"2026-01-22T11:41:41+00:00\",\"dateModified\":\"2026-01-22T23:47:45+00:00\",\"breadcrumb\":{\"@id\":\"https:\\\/\\\/top-parfumerie.fr\\\/produit\\\/eau-de-parfum-marshmallow-50ml-longue-tenue\\\/#breadcrumb\"},\"inLanguage\":\"en-US\",\"potentialAction\":[{\"@type\":\"ReadAction\",\"target\":[\"https:\\\/\\\/top-parfumerie.fr\\\/produit\\\/eau-de-parfum-marshmallow-50ml-longue-tenue\\\/\"]}]},{\"@type\":\"ImageObject\",\"inLanguage\":\"en-US\",\"@id\":\"https:\\\/\\\/top-parfumerie.fr\\\/produit\\\/eau-de-parfum-marshmallow-50ml-longue-tenue\\\/#primaryimage\",\"url\":\"https:\\\/\\\/top-parfumerie.fr\\\/wp-content\\\/uploads\\\/2026\\\/01\\\/98015E3F-463F-4A5F-AEE0-A970F4655DDA.png\",\"contentUrl\":\"https:\\\/\\\/top-parfumerie.fr\\\/wp-content\\\/uploads\\\/2026\\\/01\\\/98015E3F-463F-4A5F-AEE0-A970F4655DDA.png\",\"width\":1024,\"height\":1024},{\"@type\":\"BreadcrumbList\",\"@id\":\"https:\\\/\\\/top-parfumerie.fr\\\/produit\\\/eau-de-parfum-marshmallow-50ml-longue-tenue\\\/#breadcrumb\",\"itemListElement\":[{\"@type\":\"ListItem\",\"position\":1,\"name\":\"Accueil\",\"item\":\"https:\\\/\\\/top-parfumerie.fr\\\/\"},{\"@type\":\"ListItem\",\"position\":2,\"name\":\"Boutique\",\"item\":\"https:\\\/\\\/top-parfumerie.fr\\\/boutique\\\/\"},{\"@type\":\"ListItem\",\"position\":3,\"name\":\"MARSHMALLOW Collection Royale &#8211; Eau de parfum 50ML longue tenue\"}]},{\"@type\":\"WebSite\",\"@id\":\"https:\\\/\\\/top-parfumerie.fr\\\/#website\",\"url\":\"https:\\\/\\\/top-parfumerie.fr\\\/\",\"name\":\"TOP PARFUMERIE\",\"description\":\"L&#039;excellence du Parfum en Gros\",\"publisher\":{\"@id\":\"https:\\\/\\\/top-parfumerie.fr\\\/#organization\"},\"potentialAction\":[{\"@type\":\"SearchAction\",\"target\":{\"@type\":\"EntryPoint\",\"urlTemplate\":\"https:\\\/\\\/top-parfumerie.fr\\\/?s={search_term_string}\"},\"query-input\":{\"@type\":\"PropertyValueSpecification\",\"valueRequired\":true,\"valueName\":\"search_term_string\"}}],\"inLanguage\":\"en-US\"},{\"@type\":\"Organization\",\"@id\":\"https:\\\/\\\/top-parfumerie.fr\\\/#organization\",\"name\":\"TOP PARFUMERIE\",\"url\":\"https:\\\/\\\/top-parfumerie.fr\\\/\",\"logo\":{\"@type\":\"ImageObject\",\"inLanguage\":\"en-US\",\"@id\":\"https:\\\/\\\/top-parfumerie.fr\\\/#\\\/schema\\\/logo\\\/image\\\/\",\"url\":\"https:\\\/\\\/top-parfumerie.fr\\\/wp-content\\\/uploads\\\/2025\\\/02\\\/logo.jpg\",\"contentUrl\":\"https:\\\/\\\/top-parfumerie.fr\\\/wp-content\\\/uploads\\\/2025\\\/02\\\/logo.jpg\",\"width\":1600,\"height\":1600,\"caption\":\"TOP PARFUMERIE\"},\"image\":{\"@id\":\"https:\\\/\\\/top-parfumerie.fr\\\/#\\\/schema\\\/logo\\\/image\\\/\"}}]}<\/script>\n<!-- \/ Yoast SEO plugin. -->","yoast_head_json":{"title":"MARSHMALLOW Collection Royale - Eau de parfum 50ML longue tenue - TOP PARFUMERIE","robots":{"index":"index","follow":"follow","max-snippet":"max-snippet:-1","max-image-preview":"max-image-preview:large","max-video-preview":"max-video-preview:-1"},"canonical":"https:\/\/top-parfumerie.fr\/en\/product\/eau-de-parfum-marshmallow-50ml-longue-tenue\/","og_locale":"en_US","og_type":"article","og_title":"MARSHMALLOW Collection Royale - Eau de parfum 50ML longue tenue - TOP PARFUMERIE","og_description":"MARSHMALLOW est un parfum f\u00e9minin gourmand, sucr\u00e9 et incroyablement r\u00e9confortant, id\u00e9al pour celles qui adorent les fragrances fruit\u00e9es, vanill\u00e9es et cocooning. Une senteur douce, joyeuse et ultra-addictive. L\u2019ouverture m\u00eale la pomme Pink Lady croquante, le citron italien p\u00e9tillant, le freesia d\u00e9licat et la fleur de nectarine, cr\u00e9ant un d\u00e9part frais, fruit\u00e9 et lumineux. Le c\u0153ur [...]","og_url":"https:\/\/top-parfumerie.fr\/en\/product\/eau-de-parfum-marshmallow-50ml-longue-tenue\/","og_site_name":"TOP PARFUMERIE","article_modified_time":"2026-01-22T23:47:45+00:00","og_image":[{"width":1024,"height":1024,"url":"https:\/\/top-parfumerie.fr\/wp-content\/uploads\/2026\/01\/98015E3F-463F-4A5F-AEE0-A970F4655DDA.png","type":"image\/png"}],"twitter_card":"summary_large_image","twitter_misc":{"Est. reading time":"2 minutes"},"schema":{"@context":"https:\/\/schema.org","@graph":[{"@type":"WebPage","@id":"https:\/\/top-parfumerie.fr\/produit\/eau-de-parfum-marshmallow-50ml-longue-tenue\/","url":"https:\/\/top-parfumerie.fr\/produit\/eau-de-parfum-marshmallow-50ml-longue-tenue\/","name":"MARSHMALLOW Collection Royale - Eau de parfum 50ML longue tenue - TOP PARFUMERIE","isPartOf":{"@id":"https:\/\/top-parfumerie.fr\/#website"},"primaryImageOfPage":{"@id":"https:\/\/top-parfumerie.fr\/produit\/eau-de-parfum-marshmallow-50ml-longue-tenue\/#primaryimage"},"image":{"@id":"https:\/\/top-parfumerie.fr\/produit\/eau-de-parfum-marshmallow-50ml-longue-tenue\/#primaryimage"},"thumbnailUrl":"https:\/\/top-parfumerie.fr\/wp-content\/uploads\/2026\/01\/98015E3F-463F-4A5F-AEE0-A970F4655DDA.png","datePublished":"2026-01-22T11:41:41+00:00","dateModified":"2026-01-22T23:47:45+00:00","breadcrumb":{"@id":"https:\/\/top-parfumerie.fr\/produit\/eau-de-parfum-marshmallow-50ml-longue-tenue\/#breadcrumb"},"inLanguage":"en-US","potentialAction":[{"@type":"ReadAction","target":["https:\/\/top-parfumerie.fr\/produit\/eau-de-parfum-marshmallow-50ml-longue-tenue\/"]}]},{"@type":"ImageObject","inLanguage":"en-US","@id":"https:\/\/top-parfumerie.fr\/produit\/eau-de-parfum-marshmallow-50ml-longue-tenue\/#primaryimage","url":"https:\/\/top-parfumerie.fr\/wp-content\/uploads\/2026\/01\/98015E3F-463F-4A5F-AEE0-A970F4655DDA.png","contentUrl":"https:\/\/top-parfumerie.fr\/wp-content\/uploads\/2026\/01\/98015E3F-463F-4A5F-AEE0-A970F4655DDA.png","width":1024,"height":1024},{"@type":"BreadcrumbList","@id":"https:\/\/top-parfumerie.fr\/produit\/eau-de-parfum-marshmallow-50ml-longue-tenue\/#breadcrumb","itemListElement":[{"@type":"ListItem","position":1,"name":"Accueil","item":"https:\/\/top-parfumerie.fr\/"},{"@type":"ListItem","position":2,"name":"Boutique","item":"https:\/\/top-parfumerie.fr\/boutique\/"},{"@type":"ListItem","position":3,"name":"MARSHMALLOW Collection Royale &#8211; Eau de parfum 50ML longue tenue"}]},{"@type":"WebSite","@id":"https:\/\/top-parfumerie.fr\/#website","url":"https:\/\/top-parfumerie.fr\/","name":"TOP PARFUMERIE","description":"L&#039;excellence du Parfum en Gros","publisher":{"@id":"https:\/\/top-parfumerie.fr\/#organization"},"potentialAction":[{"@type":"SearchAction","target":{"@type":"EntryPoint","urlTemplate":"https:\/\/top-parfumerie.fr\/?s={search_term_string}"},"query-input":{"@type":"PropertyValueSpecification","valueRequired":true,"valueName":"search_term_string"}}],"inLanguage":"en-US"},{"@type":"Organization","@id":"https:\/\/top-parfumerie.fr\/#organization","name":"TOP PARFUMERIE","url":"https:\/\/top-parfumerie.fr\/","logo":{"@type":"ImageObject","inLanguage":"en-US","@id":"https:\/\/top-parfumerie.fr\/#\/schema\/logo\/image\/","url":"https:\/\/top-parfumerie.fr\/wp-content\/uploads\/2025\/02\/logo.jpg","contentUrl":"https:\/\/top-parfumerie.fr\/wp-content\/uploads\/2025\/02\/logo.jpg","width":1600,"height":1600,"caption":"TOP PARFUMERIE"},"image":{"@id":"https:\/\/top-parfumerie.fr\/#\/schema\/logo\/image\/"}}]}},"_links":{"self":[{"href":"https:\/\/top-parfumerie.fr\/en\/wp-json\/wp\/v2\/product\/1695","targetHints":{"allow":["GET"]}}],"collection":[{"href":"https:\/\/top-parfumerie.fr\/en\/wp-json\/wp\/v2\/product"}],"about":[{"href":"https:\/\/top-parfumerie.fr\/en\/wp-json\/wp\/v2\/types\/product"}],"replies":[{"embeddable":true,"href":"https:\/\/top-parfumerie.fr\/en\/wp-json\/wp\/v2\/comments?post=1695"}],"wp:featuredmedia":[{"embeddable":true,"href":"https:\/\/top-parfumerie.fr\/en\/wp-json\/wp\/v2\/media\/1696"}],"wp:attachment":[{"href":"https:\/\/top-parfumerie.fr\/en\/wp-json\/wp\/v2\/media?parent=1695"}],"wp:term":[{"taxonomy":"product_brand","embeddable":true,"href":"https:\/\/top-parfumerie.fr\/en\/wp-json\/wp\/v2\/product_brand?post=1695"},{"taxonomy":"product_cat","embeddable":true,"href":"https:\/\/top-parfumerie.fr\/en\/wp-json\/wp\/v2\/product_cat?post=1695"},{"taxonomy":"product_tag","embeddable":true,"href":"https:\/\/top-parfumerie.fr\/en\/wp-json\/wp\/v2\/product_tag?post=1695"}],"curies":[{"name":"wp","href":"https:\/\/api.w.org\/{rel}","templated":true}]}}