{"id":1683,"date":"2026-01-09T23:13:33","date_gmt":"2026-01-09T23:13:33","guid":{"rendered":"https:\/\/top-parfumerie.fr\/?post_type=product&#038;p=1683"},"modified":"2026-04-23T15:35:23","modified_gmt":"2026-04-23T15:35:23","slug":"lot-de-35-parfums-collection-la-royale-50ml","status":"publish","type":"product","link":"https:\/\/top-parfumerie.fr\/en\/product\/lot-de-35-parfums-collection-la-royale-50ml\/","title":{"rendered":"LOT DE 35 PARFUMS COLLECTION LA ROYALE \u2013 50ML"},"content":{"rendered":"<h2 data-start=\"293\" data-end=\"351\">Lot de 35 Parfums \u2013 Collection <strong data-start=\"330\" data-end=\"343\">La Royale<\/strong> (50 ML)<\/h2>\n<p data-start=\"353\" data-end=\"403\"><strong data-start=\"353\" data-end=\"403\">Id\u00e9al pour d\u00e9marrer dans la revente de parfums<\/strong><\/p>\n<p data-start=\"405\" data-end=\"761\">Le <strong data-start=\"408\" data-end=\"439\">lot de 35 parfums La Royale<\/strong> est la solution parfaite pour les revendeurs d\u00e9butants ou ceux qui souhaitent tester un concept rentable avec un investissement ma\u00eetris\u00e9.<br data-start=\"577\" data-end=\"580\" \/>Cette collection premium regroupe des <strong data-start=\"2927\" data-end=\"2959\">extraits de parfum puissants<\/strong>, inspir\u00e9s des best-seller les plus recherch\u00e9s, et des eaux de parfums.<\/p>\n<p data-start=\"763\" data-end=\"959\">Chaque parfum est propos\u00e9 en <strong data-start=\"792\" data-end=\"808\">flacon 50 ML<\/strong>, avec une concentration intense :<br data-start=\"842\" data-end=\"845\" \/><img decoding=\"async\" class=\"emoji\" role=\"img\" draggable=\"false\" src=\"https:\/\/s.w.org\/images\/core\/emoji\/17.0.2\/svg\/2714.svg\" alt=\"\u2714\ufe0f\" \/> <strong data-start=\"848\" data-end=\"881\">Tenue plus de 24h sur la peau<\/strong><br data-start=\"881\" data-end=\"884\" \/><img decoding=\"async\" class=\"emoji\" role=\"img\" draggable=\"false\" src=\"https:\/\/s.w.org\/images\/core\/emoji\/17.0.2\/svg\/2714.svg\" alt=\"\u2714\ufe0f\" \/> <strong data-start=\"887\" data-end=\"924\">Plusieurs jours sur les v\u00eatements<\/strong><br data-start=\"924\" data-end=\"927\" \/><img decoding=\"async\" class=\"emoji\" role=\"img\" draggable=\"false\" src=\"https:\/\/s.w.org\/images\/core\/emoji\/17.0.2\/svg\/2714.svg\" alt=\"\u2714\ufe0f\" \/> Sillage puissant et \u00e9l\u00e9gant<\/p>\n<p data-start=\"961\" data-end=\"1174\">Les parfums <strong data-start=\"973\" data-end=\"986\">La Royale<\/strong> sont <strong data-start=\"992\" data-end=\"1017\">test\u00e9s en laboratoire<\/strong>, <strong data-start=\"1019\" data-end=\"1045\">conditionn\u00e9s en France<\/strong> et respectent des standards de qualit\u00e9 \u00e9lev\u00e9s.<br data-start=\"1092\" data-end=\"1095\" \/><img decoding=\"async\" class=\"emoji\" role=\"img\" draggable=\"false\" src=\"https:\/\/s.w.org\/images\/core\/emoji\/17.0.2\/svg\/1f449.svg\" alt=\"\ud83d\udc49\" \/> <strong data-start=\"1098\" data-end=\"1116\">Made in France<\/strong>, gage de s\u00e9rieux et de confiance pour vos clients finaux.<\/p>\n<p data-start=\"1176\" data-end=\"1224\"><img decoding=\"async\" class=\"emoji\" role=\"img\" draggable=\"false\" src=\"https:\/\/s.w.org\/images\/core\/emoji\/17.0.2\/svg\/1f4bc.svg\" alt=\"\ud83d\udcbc\" \/> <strong data-start=\"1179\" data-end=\"1222\">Pourquoi choisir le lot de 35 parfums ?<\/strong><\/p>\n<ul data-start=\"1225\" data-end=\"1390\">\n<li data-start=\"1225\" data-end=\"1272\">\n<p data-start=\"1227\" data-end=\"1272\">Parfait pour lancer une activit\u00e9 de revente<\/p>\n<\/li>\n<li data-start=\"1273\" data-end=\"1303\">\n<p data-start=\"1275\" data-end=\"1303\">Faible risque, forte marge<\/p>\n<\/li>\n<li data-start=\"1304\" data-end=\"1342\">\n<p data-start=\"1306\" data-end=\"1342\">Collection premium facile \u00e0 vendre<\/p>\n<\/li>\n<li data-start=\"1343\" data-end=\"1390\">\n<p data-start=\"1345\" data-end=\"1390\">Produit tendance incontournable pour <strong data-start=\"1382\" data-end=\"1390\">2026<\/strong><\/p>\n<\/li>\n<\/ul>\n<p data-start=\"1392\" data-end=\"1479\">Un premier pas strat\u00e9gique pour entrer dans le game avec une <strong data-start=\"1453\" data-end=\"1478\">qualit\u00e9 irr\u00e9prochable<\/strong>.<\/p>","protected":false},"excerpt":{"rendered":"<p>NOS PRODUITS SONT CLASS\u00c9S PAR ODRE ALPHAB\u00c9TIQUE.<\/p>\n<p>Consulter notre tableau des r\u00e9f\u00e9rences et \u00e9quivalences en cliquant ici : <a href=\"https:\/\/top-parfumerie.fr\/wp-content\/uploads\/2026\/01\/Liste-ref-CR.pdf\">LISTE CORRESPONDANCE DES R\u00c9F\u00c9RENCES.<\/a><\/p>","protected":false},"featured_media":1668,"comment_status":"open","ping_status":"closed","template":"","meta":[],"product_brand":[],"product_cat":[110],"product_tag":[],"class_list":{"0":"post-1683","1":"product","2":"type-product","3":"status-publish","4":"has-post-thumbnail","6":"product_cat-nos-lots-royale-en-gros","8":"first","9":"instock","10":"downloadable","11":"shipping-taxable","12":"purchasable","13":"product-type-woosb"},"yoast_head":"<!-- This site is optimized with the Yoast SEO plugin v27.5 - https:\/\/yoast.com\/product\/yoast-seo-wordpress\/ -->\n<title>LOT DE 35 PARFUMS COLLECTION LA ROYALE \u2013 50ML - TOP PARFUMERIE<\/title>\n<meta name=\"robots\" content=\"index, follow, max-snippet:-1, max-image-preview:large, max-video-preview:-1\" \/>\n<link rel=\"canonical\" href=\"https:\/\/top-parfumerie.fr\/en\/product\/lot-de-35-parfums-collection-la-royale-50ml\/\" \/>\n<meta property=\"og:locale\" content=\"en_US\" \/>\n<meta property=\"og:type\" content=\"article\" \/>\n<meta property=\"og:title\" content=\"LOT DE 35 PARFUMS COLLECTION LA ROYALE \u2013 50ML - TOP PARFUMERIE\" \/>\n<meta property=\"og:description\" content=\"NOS PRODUITS SONT CLASS\u00c9S PAR ODRE ALPHAB\u00c9TIQUE.  Consulter notre tableau des r\u00e9f\u00e9rences et \u00e9quivalences en cliquant ici : LISTE CORRESPONDANCE DES R\u00c9F\u00c9RENCES.\" \/>\n<meta property=\"og:url\" content=\"https:\/\/top-parfumerie.fr\/en\/product\/lot-de-35-parfums-collection-la-royale-50ml\/\" \/>\n<meta property=\"og:site_name\" content=\"TOP PARFUMERIE\" \/>\n<meta property=\"article:modified_time\" content=\"2026-04-23T15:35:23+00:00\" \/>\n<meta property=\"og:image\" content=\"https:\/\/top-parfumerie.fr\/wp-content\/uploads\/2026\/01\/8AC956F0-B69E-4A3F-9A28-8F4D3DD26CA9.png\" \/>\n\t<meta property=\"og:image:width\" content=\"1536\" \/>\n\t<meta property=\"og:image:height\" content=\"1024\" \/>\n\t<meta property=\"og:image:type\" content=\"image\/png\" \/>\n<meta name=\"twitter:card\" content=\"summary_large_image\" \/>\n<meta name=\"twitter:label1\" content=\"Est. reading time\" \/>\n\t<meta name=\"twitter:data1\" content=\"3 minutes\" \/>\n<script type=\"application\/ld+json\" class=\"yoast-schema-graph\">{\"@context\":\"https:\\\/\\\/schema.org\",\"@graph\":[{\"@type\":\"WebPage\",\"@id\":\"https:\\\/\\\/top-parfumerie.fr\\\/produit\\\/lot-de-35-parfums-collection-la-royale-50ml\\\/\",\"url\":\"https:\\\/\\\/top-parfumerie.fr\\\/produit\\\/lot-de-35-parfums-collection-la-royale-50ml\\\/\",\"name\":\"LOT DE 35 PARFUMS COLLECTION LA ROYALE \u2013 50ML - TOP PARFUMERIE\",\"isPartOf\":{\"@id\":\"https:\\\/\\\/top-parfumerie.fr\\\/#website\"},\"primaryImageOfPage\":{\"@id\":\"https:\\\/\\\/top-parfumerie.fr\\\/produit\\\/lot-de-35-parfums-collection-la-royale-50ml\\\/#primaryimage\"},\"image\":{\"@id\":\"https:\\\/\\\/top-parfumerie.fr\\\/produit\\\/lot-de-35-parfums-collection-la-royale-50ml\\\/#primaryimage\"},\"thumbnailUrl\":\"https:\\\/\\\/top-parfumerie.fr\\\/wp-content\\\/uploads\\\/2026\\\/01\\\/8AC956F0-B69E-4A3F-9A28-8F4D3DD26CA9.png\",\"datePublished\":\"2026-01-09T23:13:33+00:00\",\"dateModified\":\"2026-04-23T15:35:23+00:00\",\"breadcrumb\":{\"@id\":\"https:\\\/\\\/top-parfumerie.fr\\\/produit\\\/lot-de-35-parfums-collection-la-royale-50ml\\\/#breadcrumb\"},\"inLanguage\":\"en-US\",\"potentialAction\":[{\"@type\":\"ReadAction\",\"target\":[\"https:\\\/\\\/top-parfumerie.fr\\\/produit\\\/lot-de-35-parfums-collection-la-royale-50ml\\\/\"]}]},{\"@type\":\"ImageObject\",\"inLanguage\":\"en-US\",\"@id\":\"https:\\\/\\\/top-parfumerie.fr\\\/produit\\\/lot-de-35-parfums-collection-la-royale-50ml\\\/#primaryimage\",\"url\":\"https:\\\/\\\/top-parfumerie.fr\\\/wp-content\\\/uploads\\\/2026\\\/01\\\/8AC956F0-B69E-4A3F-9A28-8F4D3DD26CA9.png\",\"contentUrl\":\"https:\\\/\\\/top-parfumerie.fr\\\/wp-content\\\/uploads\\\/2026\\\/01\\\/8AC956F0-B69E-4A3F-9A28-8F4D3DD26CA9.png\",\"width\":1536,\"height\":1024},{\"@type\":\"BreadcrumbList\",\"@id\":\"https:\\\/\\\/top-parfumerie.fr\\\/produit\\\/lot-de-35-parfums-collection-la-royale-50ml\\\/#breadcrumb\",\"itemListElement\":[{\"@type\":\"ListItem\",\"position\":1,\"name\":\"Accueil\",\"item\":\"https:\\\/\\\/top-parfumerie.fr\\\/\"},{\"@type\":\"ListItem\",\"position\":2,\"name\":\"Boutique\",\"item\":\"https:\\\/\\\/top-parfumerie.fr\\\/boutique\\\/\"},{\"@type\":\"ListItem\",\"position\":3,\"name\":\"LOT DE 35 PARFUMS COLLECTION LA ROYALE \u2013 50ML\"}]},{\"@type\":\"WebSite\",\"@id\":\"https:\\\/\\\/top-parfumerie.fr\\\/#website\",\"url\":\"https:\\\/\\\/top-parfumerie.fr\\\/\",\"name\":\"TOP PARFUMERIE\",\"description\":\"L&#039;excellence du Parfum en Gros\",\"publisher\":{\"@id\":\"https:\\\/\\\/top-parfumerie.fr\\\/#organization\"},\"potentialAction\":[{\"@type\":\"SearchAction\",\"target\":{\"@type\":\"EntryPoint\",\"urlTemplate\":\"https:\\\/\\\/top-parfumerie.fr\\\/?s={search_term_string}\"},\"query-input\":{\"@type\":\"PropertyValueSpecification\",\"valueRequired\":true,\"valueName\":\"search_term_string\"}}],\"inLanguage\":\"en-US\"},{\"@type\":\"Organization\",\"@id\":\"https:\\\/\\\/top-parfumerie.fr\\\/#organization\",\"name\":\"TOP PARFUMERIE\",\"url\":\"https:\\\/\\\/top-parfumerie.fr\\\/\",\"logo\":{\"@type\":\"ImageObject\",\"inLanguage\":\"en-US\",\"@id\":\"https:\\\/\\\/top-parfumerie.fr\\\/#\\\/schema\\\/logo\\\/image\\\/\",\"url\":\"https:\\\/\\\/top-parfumerie.fr\\\/wp-content\\\/uploads\\\/2025\\\/02\\\/logo.jpg\",\"contentUrl\":\"https:\\\/\\\/top-parfumerie.fr\\\/wp-content\\\/uploads\\\/2025\\\/02\\\/logo.jpg\",\"width\":1600,\"height\":1600,\"caption\":\"TOP PARFUMERIE\"},\"image\":{\"@id\":\"https:\\\/\\\/top-parfumerie.fr\\\/#\\\/schema\\\/logo\\\/image\\\/\"}}]}<\/script>\n<!-- \/ Yoast SEO plugin. -->","yoast_head_json":{"title":"LOT DE 35 PARFUMS COLLECTION LA ROYALE \u2013 50ML - TOP PARFUMERIE","robots":{"index":"index","follow":"follow","max-snippet":"max-snippet:-1","max-image-preview":"max-image-preview:large","max-video-preview":"max-video-preview:-1"},"canonical":"https:\/\/top-parfumerie.fr\/en\/product\/lot-de-35-parfums-collection-la-royale-50ml\/","og_locale":"en_US","og_type":"article","og_title":"LOT DE 35 PARFUMS COLLECTION LA ROYALE \u2013 50ML - TOP PARFUMERIE","og_description":"NOS PRODUITS SONT CLASS\u00c9S PAR ODRE ALPHAB\u00c9TIQUE.  Consulter notre tableau des r\u00e9f\u00e9rences et \u00e9quivalences en cliquant ici : LISTE CORRESPONDANCE DES R\u00c9F\u00c9RENCES.","og_url":"https:\/\/top-parfumerie.fr\/en\/product\/lot-de-35-parfums-collection-la-royale-50ml\/","og_site_name":"TOP PARFUMERIE","article_modified_time":"2026-04-23T15:35:23+00:00","og_image":[{"width":1536,"height":1024,"url":"https:\/\/top-parfumerie.fr\/wp-content\/uploads\/2026\/01\/8AC956F0-B69E-4A3F-9A28-8F4D3DD26CA9.png","type":"image\/png"}],"twitter_card":"summary_large_image","twitter_misc":{"Est. reading time":"3 minutes"},"schema":{"@context":"https:\/\/schema.org","@graph":[{"@type":"WebPage","@id":"https:\/\/top-parfumerie.fr\/produit\/lot-de-35-parfums-collection-la-royale-50ml\/","url":"https:\/\/top-parfumerie.fr\/produit\/lot-de-35-parfums-collection-la-royale-50ml\/","name":"LOT DE 35 PARFUMS COLLECTION LA ROYALE \u2013 50ML - TOP PARFUMERIE","isPartOf":{"@id":"https:\/\/top-parfumerie.fr\/#website"},"primaryImageOfPage":{"@id":"https:\/\/top-parfumerie.fr\/produit\/lot-de-35-parfums-collection-la-royale-50ml\/#primaryimage"},"image":{"@id":"https:\/\/top-parfumerie.fr\/produit\/lot-de-35-parfums-collection-la-royale-50ml\/#primaryimage"},"thumbnailUrl":"https:\/\/top-parfumerie.fr\/wp-content\/uploads\/2026\/01\/8AC956F0-B69E-4A3F-9A28-8F4D3DD26CA9.png","datePublished":"2026-01-09T23:13:33+00:00","dateModified":"2026-04-23T15:35:23+00:00","breadcrumb":{"@id":"https:\/\/top-parfumerie.fr\/produit\/lot-de-35-parfums-collection-la-royale-50ml\/#breadcrumb"},"inLanguage":"en-US","potentialAction":[{"@type":"ReadAction","target":["https:\/\/top-parfumerie.fr\/produit\/lot-de-35-parfums-collection-la-royale-50ml\/"]}]},{"@type":"ImageObject","inLanguage":"en-US","@id":"https:\/\/top-parfumerie.fr\/produit\/lot-de-35-parfums-collection-la-royale-50ml\/#primaryimage","url":"https:\/\/top-parfumerie.fr\/wp-content\/uploads\/2026\/01\/8AC956F0-B69E-4A3F-9A28-8F4D3DD26CA9.png","contentUrl":"https:\/\/top-parfumerie.fr\/wp-content\/uploads\/2026\/01\/8AC956F0-B69E-4A3F-9A28-8F4D3DD26CA9.png","width":1536,"height":1024},{"@type":"BreadcrumbList","@id":"https:\/\/top-parfumerie.fr\/produit\/lot-de-35-parfums-collection-la-royale-50ml\/#breadcrumb","itemListElement":[{"@type":"ListItem","position":1,"name":"Accueil","item":"https:\/\/top-parfumerie.fr\/"},{"@type":"ListItem","position":2,"name":"Boutique","item":"https:\/\/top-parfumerie.fr\/boutique\/"},{"@type":"ListItem","position":3,"name":"LOT DE 35 PARFUMS COLLECTION LA ROYALE \u2013 50ML"}]},{"@type":"WebSite","@id":"https:\/\/top-parfumerie.fr\/#website","url":"https:\/\/top-parfumerie.fr\/","name":"TOP PARFUMERIE","description":"L&#039;excellence du Parfum en Gros","publisher":{"@id":"https:\/\/top-parfumerie.fr\/#organization"},"potentialAction":[{"@type":"SearchAction","target":{"@type":"EntryPoint","urlTemplate":"https:\/\/top-parfumerie.fr\/?s={search_term_string}"},"query-input":{"@type":"PropertyValueSpecification","valueRequired":true,"valueName":"search_term_string"}}],"inLanguage":"en-US"},{"@type":"Organization","@id":"https:\/\/top-parfumerie.fr\/#organization","name":"TOP PARFUMERIE","url":"https:\/\/top-parfumerie.fr\/","logo":{"@type":"ImageObject","inLanguage":"en-US","@id":"https:\/\/top-parfumerie.fr\/#\/schema\/logo\/image\/","url":"https:\/\/top-parfumerie.fr\/wp-content\/uploads\/2025\/02\/logo.jpg","contentUrl":"https:\/\/top-parfumerie.fr\/wp-content\/uploads\/2025\/02\/logo.jpg","width":1600,"height":1600,"caption":"TOP PARFUMERIE"},"image":{"@id":"https:\/\/top-parfumerie.fr\/#\/schema\/logo\/image\/"}}]}},"_links":{"self":[{"href":"https:\/\/top-parfumerie.fr\/en\/wp-json\/wp\/v2\/product\/1683","targetHints":{"allow":["GET"]}}],"collection":[{"href":"https:\/\/top-parfumerie.fr\/en\/wp-json\/wp\/v2\/product"}],"about":[{"href":"https:\/\/top-parfumerie.fr\/en\/wp-json\/wp\/v2\/types\/product"}],"replies":[{"embeddable":true,"href":"https:\/\/top-parfumerie.fr\/en\/wp-json\/wp\/v2\/comments?post=1683"}],"wp:featuredmedia":[{"embeddable":true,"href":"https:\/\/top-parfumerie.fr\/en\/wp-json\/wp\/v2\/media\/1668"}],"wp:attachment":[{"href":"https:\/\/top-parfumerie.fr\/en\/wp-json\/wp\/v2\/media?parent=1683"}],"wp:term":[{"taxonomy":"product_brand","embeddable":true,"href":"https:\/\/top-parfumerie.fr\/en\/wp-json\/wp\/v2\/product_brand?post=1683"},{"taxonomy":"product_cat","embeddable":true,"href":"https:\/\/top-parfumerie.fr\/en\/wp-json\/wp\/v2\/product_cat?post=1683"},{"taxonomy":"product_tag","embeddable":true,"href":"https:\/\/top-parfumerie.fr\/en\/wp-json\/wp\/v2\/product_tag?post=1683"}],"curies":[{"name":"wp","href":"https:\/\/api.w.org\/{rel}","templated":true}]}}