{"id":1670,"date":"2026-01-03T15:15:38","date_gmt":"2026-01-03T15:15:38","guid":{"rendered":"https:\/\/top-parfumerie.fr\/?post_type=product&#038;p=1670"},"modified":"2026-04-23T15:33:02","modified_gmt":"2026-04-23T15:33:02","slug":"lot-de-100-parfums-collection-la-royale-eau-de-parfum-50ml","status":"publish","type":"product","link":"https:\/\/top-parfumerie.fr\/en\/product\/lot-de-100-parfums-collection-la-royale-eau-de-parfum-50ml\/","title":{"rendered":"LOT DE 100 PARFUMS COLLECTION LA ROYALE &#8211; 50ML"},"content":{"rendered":"<h2 data-start=\"2527\" data-end=\"2588\">Lot de 100 Parfums \u2013 Collection <strong data-start=\"2567\" data-end=\"2580\">La Royale<\/strong> (50 ML)<\/h2>\n<p data-start=\"2590\" data-end=\"2653\"><strong data-start=\"2590\" data-end=\"2653\">Pour les revendeurs confirm\u00e9s qui veulent dominer le march\u00e9<\/strong><\/p>\n<p data-start=\"2655\" data-end=\"2887\">Le <strong data-start=\"2658\" data-end=\"2690\">lot de 100 parfums La Royale<\/strong> est con\u00e7u pour ceux qui sont <strong data-start=\"2720\" data-end=\"2741\">d\u00e9j\u00e0 dans le game<\/strong> et qui veulent <strong data-start=\"2757\" data-end=\"2782\">exploser leurs ventes<\/strong>.<br data-start=\"2783\" data-end=\"2786\" \/>C\u2019est le format ultime pour maximiser les marges, s\u00e9curiser le stock et r\u00e9pondre \u00e0 une forte demande.<\/p>\n<p data-start=\"2889\" data-end=\"3199\">Cette collection premium regroupe des <strong data-start=\"2927\" data-end=\"2959\">extraits de parfum puissants<\/strong>, inspir\u00e9s des best-seller les plus recherch\u00e9s et des eaux de parfums.<br data-start=\"3006\" data-end=\"3009\" \/>Chaque parfum offre :<br data-start=\"3030\" data-end=\"3033\" \/>\ud83d\udc8e Une <strong data-start=\"3040\" data-end=\"3083\">tenue exceptionnelle (24h+ sur la peau)<\/strong><br data-start=\"3083\" data-end=\"3086\" \/>\ud83d\udc8e Une <strong data-start=\"3093\" data-end=\"3145\">persistance de plusieurs jours sur les v\u00eatements<\/strong><br data-start=\"3145\" data-end=\"3148\" \/>\ud83d\udc8e Une signature olfactive intense et qualitative<\/p>\n<p data-start=\"3201\" data-end=\"3371\">Tous les produits sont :<br data-start=\"3225\" data-end=\"3228\" \/>\u2714\ufe0f <strong data-start=\"3231\" data-end=\"3267\">Test\u00e9s et conditionn\u00e9s en France<\/strong><br data-start=\"3267\" data-end=\"3270\" \/>\u2714\ufe0f <strong data-start=\"3273\" data-end=\"3314\">Fabriqu\u00e9s selon des standards stricts<\/strong><br data-start=\"3314\" data-end=\"3317\" \/>\u2714\ufe0f <strong data-start=\"3320\" data-end=\"3338\">Made in France<\/strong>, gage de qualit\u00e9 et de confiance<\/p>\n<p data-start=\"3373\" data-end=\"3434\">\ud83d\udcbc <strong data-start=\"3376\" data-end=\"3432\">Pourquoi le lot de 100 parfums est un game changer ?<\/strong><\/p>\n<ul data-start=\"3435\" data-end=\"3613\">\n<li data-start=\"3435\" data-end=\"3455\">\n<p data-start=\"3437\" data-end=\"3455\">Marges maximales<\/p>\n<\/li>\n<li data-start=\"3456\" data-end=\"3499\">\n<p data-start=\"3458\" data-end=\"3499\">Stock id\u00e9al pour gros volumes de ventes<\/p>\n<\/li>\n<li data-start=\"3500\" data-end=\"3565\">\n<p data-start=\"3502\" data-end=\"3565\">Parfait pour r\u00e9seaux de distribution, boutiques et grossistes<\/p>\n<\/li>\n<li data-start=\"3566\" data-end=\"3613\">\n<p data-start=\"3568\" data-end=\"3613\">Produit tendance <strong data-start=\"3585\" data-end=\"3613\">incontournable pour 2026<\/strong><\/p>\n<\/li>\n<\/ul>\n<p data-start=\"3615\" data-end=\"3749\">Si tu veux <strong data-start=\"3626\" data-end=\"3643\">tout arracher<\/strong>, s\u00e9curiser ton business et t\u2019imposer comme un vrai acteur du march\u00e9, ce lot est clairement fait pour toi.<\/p>","protected":false},"excerpt":{"rendered":"<p>NOS PRODUITS SONT CLASS\u00c9S PAR ODRE ALPHAB\u00c9TIQUE.<\/p>\n<p>Consulter notre tableau des r\u00e9f\u00e9rences et \u00e9quivalences en cliquant ici : <a href=\"https:\/\/top-parfumerie.fr\/wp-content\/uploads\/2026\/01\/Liste-ref-CR.pdf\">LISTE CORRESPONDANCE DES R\u00c9F\u00c9RENCES.<\/a><\/p>","protected":false},"featured_media":1668,"comment_status":"open","ping_status":"closed","template":"","meta":[],"product_brand":[],"product_cat":[110],"product_tag":[],"class_list":{"0":"post-1670","1":"product","2":"type-product","3":"status-publish","4":"has-post-thumbnail","6":"product_cat-nos-lots-royale-en-gros","8":"first","9":"instock","10":"downloadable","11":"shipping-taxable","12":"purchasable","13":"product-type-woosb"},"yoast_head":"<!-- This site is optimized with the Yoast SEO plugin v27.5 - https:\/\/yoast.com\/product\/yoast-seo-wordpress\/ -->\n<title>LOT DE 100 PARFUMS COLLECTION LA ROYALE - 50ML - TOP PARFUMERIE<\/title>\n<meta name=\"robots\" content=\"index, follow, max-snippet:-1, max-image-preview:large, max-video-preview:-1\" \/>\n<link rel=\"canonical\" href=\"https:\/\/top-parfumerie.fr\/en\/product\/lot-de-100-parfums-collection-la-royale-eau-de-parfum-50ml\/\" \/>\n<meta property=\"og:locale\" content=\"en_US\" \/>\n<meta property=\"og:type\" content=\"article\" \/>\n<meta property=\"og:title\" content=\"LOT DE 100 PARFUMS COLLECTION LA ROYALE - 50ML - TOP PARFUMERIE\" \/>\n<meta property=\"og:description\" content=\"NOS PRODUITS SONT CLASS\u00c9S PAR ODRE ALPHAB\u00c9TIQUE.  Consulter notre tableau des r\u00e9f\u00e9rences et \u00e9quivalences en cliquant ici : LISTE CORRESPONDANCE DES R\u00c9F\u00c9RENCES.\" \/>\n<meta property=\"og:url\" content=\"https:\/\/top-parfumerie.fr\/en\/product\/lot-de-100-parfums-collection-la-royale-eau-de-parfum-50ml\/\" \/>\n<meta property=\"og:site_name\" content=\"TOP PARFUMERIE\" \/>\n<meta property=\"article:modified_time\" content=\"2026-04-23T15:33:02+00:00\" \/>\n<meta property=\"og:image\" content=\"https:\/\/top-parfumerie.fr\/wp-content\/uploads\/2026\/01\/8AC956F0-B69E-4A3F-9A28-8F4D3DD26CA9.png\" \/>\n\t<meta property=\"og:image:width\" content=\"1536\" \/>\n\t<meta property=\"og:image:height\" content=\"1024\" \/>\n\t<meta property=\"og:image:type\" content=\"image\/png\" \/>\n<meta name=\"twitter:card\" content=\"summary_large_image\" \/>\n<meta name=\"twitter:label1\" content=\"Est. reading time\" \/>\n\t<meta name=\"twitter:data1\" content=\"2 minutes\" \/>\n<script type=\"application\/ld+json\" class=\"yoast-schema-graph\">{\"@context\":\"https:\\\/\\\/schema.org\",\"@graph\":[{\"@type\":\"WebPage\",\"@id\":\"https:\\\/\\\/top-parfumerie.fr\\\/produit\\\/lot-de-100-parfums-collection-la-royale-eau-de-parfum-50ml\\\/\",\"url\":\"https:\\\/\\\/top-parfumerie.fr\\\/produit\\\/lot-de-100-parfums-collection-la-royale-eau-de-parfum-50ml\\\/\",\"name\":\"LOT DE 100 PARFUMS COLLECTION LA ROYALE - 50ML - TOP PARFUMERIE\",\"isPartOf\":{\"@id\":\"https:\\\/\\\/top-parfumerie.fr\\\/#website\"},\"primaryImageOfPage\":{\"@id\":\"https:\\\/\\\/top-parfumerie.fr\\\/produit\\\/lot-de-100-parfums-collection-la-royale-eau-de-parfum-50ml\\\/#primaryimage\"},\"image\":{\"@id\":\"https:\\\/\\\/top-parfumerie.fr\\\/produit\\\/lot-de-100-parfums-collection-la-royale-eau-de-parfum-50ml\\\/#primaryimage\"},\"thumbnailUrl\":\"https:\\\/\\\/top-parfumerie.fr\\\/wp-content\\\/uploads\\\/2026\\\/01\\\/8AC956F0-B69E-4A3F-9A28-8F4D3DD26CA9.png\",\"datePublished\":\"2026-01-03T15:15:38+00:00\",\"dateModified\":\"2026-04-23T15:33:02+00:00\",\"breadcrumb\":{\"@id\":\"https:\\\/\\\/top-parfumerie.fr\\\/produit\\\/lot-de-100-parfums-collection-la-royale-eau-de-parfum-50ml\\\/#breadcrumb\"},\"inLanguage\":\"en-US\",\"potentialAction\":[{\"@type\":\"ReadAction\",\"target\":[\"https:\\\/\\\/top-parfumerie.fr\\\/produit\\\/lot-de-100-parfums-collection-la-royale-eau-de-parfum-50ml\\\/\"]}]},{\"@type\":\"ImageObject\",\"inLanguage\":\"en-US\",\"@id\":\"https:\\\/\\\/top-parfumerie.fr\\\/produit\\\/lot-de-100-parfums-collection-la-royale-eau-de-parfum-50ml\\\/#primaryimage\",\"url\":\"https:\\\/\\\/top-parfumerie.fr\\\/wp-content\\\/uploads\\\/2026\\\/01\\\/8AC956F0-B69E-4A3F-9A28-8F4D3DD26CA9.png\",\"contentUrl\":\"https:\\\/\\\/top-parfumerie.fr\\\/wp-content\\\/uploads\\\/2026\\\/01\\\/8AC956F0-B69E-4A3F-9A28-8F4D3DD26CA9.png\",\"width\":1536,\"height\":1024},{\"@type\":\"BreadcrumbList\",\"@id\":\"https:\\\/\\\/top-parfumerie.fr\\\/produit\\\/lot-de-100-parfums-collection-la-royale-eau-de-parfum-50ml\\\/#breadcrumb\",\"itemListElement\":[{\"@type\":\"ListItem\",\"position\":1,\"name\":\"Accueil\",\"item\":\"https:\\\/\\\/top-parfumerie.fr\\\/\"},{\"@type\":\"ListItem\",\"position\":2,\"name\":\"Boutique\",\"item\":\"https:\\\/\\\/top-parfumerie.fr\\\/boutique\\\/\"},{\"@type\":\"ListItem\",\"position\":3,\"name\":\"LOT DE 100 PARFUMS COLLECTION LA ROYALE &#8211; 50ML\"}]},{\"@type\":\"WebSite\",\"@id\":\"https:\\\/\\\/top-parfumerie.fr\\\/#website\",\"url\":\"https:\\\/\\\/top-parfumerie.fr\\\/\",\"name\":\"TOP PARFUMERIE\",\"description\":\"L&#039;excellence du Parfum en Gros\",\"publisher\":{\"@id\":\"https:\\\/\\\/top-parfumerie.fr\\\/#organization\"},\"potentialAction\":[{\"@type\":\"SearchAction\",\"target\":{\"@type\":\"EntryPoint\",\"urlTemplate\":\"https:\\\/\\\/top-parfumerie.fr\\\/?s={search_term_string}\"},\"query-input\":{\"@type\":\"PropertyValueSpecification\",\"valueRequired\":true,\"valueName\":\"search_term_string\"}}],\"inLanguage\":\"en-US\"},{\"@type\":\"Organization\",\"@id\":\"https:\\\/\\\/top-parfumerie.fr\\\/#organization\",\"name\":\"TOP PARFUMERIE\",\"url\":\"https:\\\/\\\/top-parfumerie.fr\\\/\",\"logo\":{\"@type\":\"ImageObject\",\"inLanguage\":\"en-US\",\"@id\":\"https:\\\/\\\/top-parfumerie.fr\\\/#\\\/schema\\\/logo\\\/image\\\/\",\"url\":\"https:\\\/\\\/top-parfumerie.fr\\\/wp-content\\\/uploads\\\/2025\\\/02\\\/logo.jpg\",\"contentUrl\":\"https:\\\/\\\/top-parfumerie.fr\\\/wp-content\\\/uploads\\\/2025\\\/02\\\/logo.jpg\",\"width\":1600,\"height\":1600,\"caption\":\"TOP PARFUMERIE\"},\"image\":{\"@id\":\"https:\\\/\\\/top-parfumerie.fr\\\/#\\\/schema\\\/logo\\\/image\\\/\"}}]}<\/script>\n<!-- \/ Yoast SEO plugin. -->","yoast_head_json":{"title":"LOT DE 100 PARFUMS COLLECTION LA ROYALE - 50ML - TOP PARFUMERIE","robots":{"index":"index","follow":"follow","max-snippet":"max-snippet:-1","max-image-preview":"max-image-preview:large","max-video-preview":"max-video-preview:-1"},"canonical":"https:\/\/top-parfumerie.fr\/en\/product\/lot-de-100-parfums-collection-la-royale-eau-de-parfum-50ml\/","og_locale":"en_US","og_type":"article","og_title":"LOT DE 100 PARFUMS COLLECTION LA ROYALE - 50ML - TOP PARFUMERIE","og_description":"NOS PRODUITS SONT CLASS\u00c9S PAR ODRE ALPHAB\u00c9TIQUE.  Consulter notre tableau des r\u00e9f\u00e9rences et \u00e9quivalences en cliquant ici : LISTE CORRESPONDANCE DES R\u00c9F\u00c9RENCES.","og_url":"https:\/\/top-parfumerie.fr\/en\/product\/lot-de-100-parfums-collection-la-royale-eau-de-parfum-50ml\/","og_site_name":"TOP PARFUMERIE","article_modified_time":"2026-04-23T15:33:02+00:00","og_image":[{"width":1536,"height":1024,"url":"https:\/\/top-parfumerie.fr\/wp-content\/uploads\/2026\/01\/8AC956F0-B69E-4A3F-9A28-8F4D3DD26CA9.png","type":"image\/png"}],"twitter_card":"summary_large_image","twitter_misc":{"Est. reading time":"2 minutes"},"schema":{"@context":"https:\/\/schema.org","@graph":[{"@type":"WebPage","@id":"https:\/\/top-parfumerie.fr\/produit\/lot-de-100-parfums-collection-la-royale-eau-de-parfum-50ml\/","url":"https:\/\/top-parfumerie.fr\/produit\/lot-de-100-parfums-collection-la-royale-eau-de-parfum-50ml\/","name":"LOT DE 100 PARFUMS COLLECTION LA ROYALE - 50ML - TOP PARFUMERIE","isPartOf":{"@id":"https:\/\/top-parfumerie.fr\/#website"},"primaryImageOfPage":{"@id":"https:\/\/top-parfumerie.fr\/produit\/lot-de-100-parfums-collection-la-royale-eau-de-parfum-50ml\/#primaryimage"},"image":{"@id":"https:\/\/top-parfumerie.fr\/produit\/lot-de-100-parfums-collection-la-royale-eau-de-parfum-50ml\/#primaryimage"},"thumbnailUrl":"https:\/\/top-parfumerie.fr\/wp-content\/uploads\/2026\/01\/8AC956F0-B69E-4A3F-9A28-8F4D3DD26CA9.png","datePublished":"2026-01-03T15:15:38+00:00","dateModified":"2026-04-23T15:33:02+00:00","breadcrumb":{"@id":"https:\/\/top-parfumerie.fr\/produit\/lot-de-100-parfums-collection-la-royale-eau-de-parfum-50ml\/#breadcrumb"},"inLanguage":"en-US","potentialAction":[{"@type":"ReadAction","target":["https:\/\/top-parfumerie.fr\/produit\/lot-de-100-parfums-collection-la-royale-eau-de-parfum-50ml\/"]}]},{"@type":"ImageObject","inLanguage":"en-US","@id":"https:\/\/top-parfumerie.fr\/produit\/lot-de-100-parfums-collection-la-royale-eau-de-parfum-50ml\/#primaryimage","url":"https:\/\/top-parfumerie.fr\/wp-content\/uploads\/2026\/01\/8AC956F0-B69E-4A3F-9A28-8F4D3DD26CA9.png","contentUrl":"https:\/\/top-parfumerie.fr\/wp-content\/uploads\/2026\/01\/8AC956F0-B69E-4A3F-9A28-8F4D3DD26CA9.png","width":1536,"height":1024},{"@type":"BreadcrumbList","@id":"https:\/\/top-parfumerie.fr\/produit\/lot-de-100-parfums-collection-la-royale-eau-de-parfum-50ml\/#breadcrumb","itemListElement":[{"@type":"ListItem","position":1,"name":"Accueil","item":"https:\/\/top-parfumerie.fr\/"},{"@type":"ListItem","position":2,"name":"Boutique","item":"https:\/\/top-parfumerie.fr\/boutique\/"},{"@type":"ListItem","position":3,"name":"LOT DE 100 PARFUMS COLLECTION LA ROYALE &#8211; 50ML"}]},{"@type":"WebSite","@id":"https:\/\/top-parfumerie.fr\/#website","url":"https:\/\/top-parfumerie.fr\/","name":"TOP PARFUMERIE","description":"L&#039;excellence du Parfum en Gros","publisher":{"@id":"https:\/\/top-parfumerie.fr\/#organization"},"potentialAction":[{"@type":"SearchAction","target":{"@type":"EntryPoint","urlTemplate":"https:\/\/top-parfumerie.fr\/?s={search_term_string}"},"query-input":{"@type":"PropertyValueSpecification","valueRequired":true,"valueName":"search_term_string"}}],"inLanguage":"en-US"},{"@type":"Organization","@id":"https:\/\/top-parfumerie.fr\/#organization","name":"TOP PARFUMERIE","url":"https:\/\/top-parfumerie.fr\/","logo":{"@type":"ImageObject","inLanguage":"en-US","@id":"https:\/\/top-parfumerie.fr\/#\/schema\/logo\/image\/","url":"https:\/\/top-parfumerie.fr\/wp-content\/uploads\/2025\/02\/logo.jpg","contentUrl":"https:\/\/top-parfumerie.fr\/wp-content\/uploads\/2025\/02\/logo.jpg","width":1600,"height":1600,"caption":"TOP PARFUMERIE"},"image":{"@id":"https:\/\/top-parfumerie.fr\/#\/schema\/logo\/image\/"}}]}},"_links":{"self":[{"href":"https:\/\/top-parfumerie.fr\/en\/wp-json\/wp\/v2\/product\/1670","targetHints":{"allow":["GET"]}}],"collection":[{"href":"https:\/\/top-parfumerie.fr\/en\/wp-json\/wp\/v2\/product"}],"about":[{"href":"https:\/\/top-parfumerie.fr\/en\/wp-json\/wp\/v2\/types\/product"}],"replies":[{"embeddable":true,"href":"https:\/\/top-parfumerie.fr\/en\/wp-json\/wp\/v2\/comments?post=1670"}],"wp:featuredmedia":[{"embeddable":true,"href":"https:\/\/top-parfumerie.fr\/en\/wp-json\/wp\/v2\/media\/1668"}],"wp:attachment":[{"href":"https:\/\/top-parfumerie.fr\/en\/wp-json\/wp\/v2\/media?parent=1670"}],"wp:term":[{"taxonomy":"product_brand","embeddable":true,"href":"https:\/\/top-parfumerie.fr\/en\/wp-json\/wp\/v2\/product_brand?post=1670"},{"taxonomy":"product_cat","embeddable":true,"href":"https:\/\/top-parfumerie.fr\/en\/wp-json\/wp\/v2\/product_cat?post=1670"},{"taxonomy":"product_tag","embeddable":true,"href":"https:\/\/top-parfumerie.fr\/en\/wp-json\/wp\/v2\/product_tag?post=1670"}],"curies":[{"name":"wp","href":"https:\/\/api.w.org\/{rel}","templated":true}]}}