{"id":1669,"date":"2026-01-03T14:55:31","date_gmt":"2026-01-03T14:55:31","guid":{"rendered":"https:\/\/top-parfumerie.fr\/?post_type=product&#038;p=1669"},"modified":"2026-04-23T15:29:53","modified_gmt":"2026-04-23T15:29:53","slug":"lot-de-50-parfums-collection-la-royale-eau-de-parfum-50ml","status":"publish","type":"product","link":"https:\/\/top-parfumerie.fr\/en\/product\/lot-de-50-parfums-collection-la-royale-eau-de-parfum-50ml\/","title":{"rendered":"LOT DE 50 PARFUMS COLLECTION LA ROYALE &#8211; 50ML"},"content":{"rendered":"<h2 data-start=\"1486\" data-end=\"1544\">Lot de 50 Parfums \u2013 Collection <strong data-start=\"1523\" data-end=\"1536\">La Royale<\/strong> (50 ML)<\/h2>\n<p data-start=\"1546\" data-end=\"1612\"><strong data-start=\"1546\" data-end=\"1612\">Le meilleur \u00e9quilibre entre volume, rentabilit\u00e9 et performance<\/strong><\/p>\n<p data-start=\"1614\" data-end=\"1835\">Le <strong data-start=\"1617\" data-end=\"1648\">lot de 50 parfums La Royale<\/strong> s\u2019adresse aux revendeurs qui veulent <strong data-start=\"1686\" data-end=\"1716\">passer au niveau sup\u00e9rieur<\/strong>.<br data-start=\"1717\" data-end=\"1720\" \/>Avec un stock plus cons\u00e9quent, vous augmentez votre visibilit\u00e9, votre cr\u00e9dibilit\u00e9 et surtout votre <strong data-start=\"1819\" data-end=\"1834\">rentabilit\u00e9<\/strong>.<\/p>\n<p data-start=\"1837\" data-end=\"2094\">Cette collection se compose d\u2019<strong data-start=\"1867\" data-end=\"1907\">extraits de parfums ultra-concentr\u00e9s les r\u00e9f\u00e9rences best sellers et d&rsquo;eau de parfum sur les autres<\/strong>, inspir\u00e9s des plus grandes r\u00e9f\u00e9rences du march\u00e9.<br data-start=\"1956\" data-end=\"1959\" \/>R\u00e9sultat :<br data-start=\"1969\" data-end=\"1972\" \/>\ud83d\udd25 Une <strong data-start=\"1979\" data-end=\"2016\">tenue longue dur\u00e9e exceptionnelle<\/strong><br data-start=\"2016\" data-end=\"2019\" \/>\ud83d\udd25 Une <strong data-start=\"2026\" data-end=\"2054\">qualit\u00e9 premium reconnue<\/strong><br data-start=\"2054\" data-end=\"2057\" \/>\ud83d\udd25 Une satisfaction client maximale<\/p>\n<p data-start=\"2096\" data-end=\"2215\">Tous les parfums sont :<br data-start=\"2119\" data-end=\"2122\" \/>\u2714\ufe0f <strong data-start=\"2125\" data-end=\"2145\">Test\u00e9s en France<\/strong><br data-start=\"2145\" data-end=\"2148\" \/>\u2714\ufe0f <strong data-start=\"2151\" data-end=\"2191\">Conditionn\u00e9s en laboratoire fran\u00e7ais<\/strong><br data-start=\"2191\" data-end=\"2194\" \/>\u2714\ufe0f <strong data-start=\"2197\" data-end=\"2215\">Made in France<\/strong><\/p>\n<p data-start=\"2217\" data-end=\"2258\">\ud83d\udcbc <strong data-start=\"2220\" data-end=\"2256\">Avantages du lot de 50 parfums :<\/strong><\/p>\n<ul data-start=\"2259\" data-end=\"2421\">\n<li data-start=\"2259\" data-end=\"2294\">\n<p data-start=\"2261\" data-end=\"2294\">Excellent rapport volume \/ prix<\/p>\n<\/li>\n<li data-start=\"2295\" data-end=\"2352\">\n<p data-start=\"2297\" data-end=\"2352\">Id\u00e9al pour boutiques, r\u00e9seaux sociaux et marketplaces<\/p>\n<\/li>\n<li data-start=\"2353\" data-end=\"2379\">\n<p data-start=\"2355\" data-end=\"2379\">Forte rotation produit<\/p>\n<\/li>\n<li data-start=\"2380\" data-end=\"2421\">\n<p data-start=\"2382\" data-end=\"2421\">Image haut de gamme pour votre business<\/p>\n<\/li>\n<\/ul>\n<p data-start=\"2423\" data-end=\"2520\">Un choix strat\u00e9gique pour les revendeurs ambitieux qui veulent <strong data-start=\"2486\" data-end=\"2511\">se d\u00e9velopper intelligemment<\/strong> en 2026.<\/p>","protected":false},"excerpt":{"rendered":"<p>NOS PRODUITS SONT CLASS\u00c9S PAR ODRE ALPHAB\u00c9TIQUE.<\/p>\n<p>Consulter notre tableau des r\u00e9f\u00e9rences et \u00e9quivalences en cliquant ici : <a href=\"https:\/\/top-parfumerie.fr\/wp-content\/uploads\/2026\/01\/Liste-ref-CR.pdf\">LISTE CORRESPONDANCE DES R\u00c9F\u00c9RENCES.<\/a><\/p>","protected":false},"featured_media":1668,"comment_status":"open","ping_status":"closed","template":"","meta":[],"product_brand":[],"product_cat":[110],"product_tag":[],"class_list":{"0":"post-1669","1":"product","2":"type-product","3":"status-publish","4":"has-post-thumbnail","6":"product_cat-nos-lots-royale-en-gros","8":"first","9":"instock","10":"downloadable","11":"shipping-taxable","12":"purchasable","13":"product-type-woosb"},"yoast_head":"<!-- This site is optimized with the Yoast SEO plugin v27.5 - https:\/\/yoast.com\/product\/yoast-seo-wordpress\/ -->\n<title>LOT DE 50 PARFUMS COLLECTION LA ROYALE - 50ML - TOP PARFUMERIE<\/title>\n<meta name=\"robots\" content=\"index, follow, max-snippet:-1, max-image-preview:large, max-video-preview:-1\" \/>\n<link rel=\"canonical\" href=\"https:\/\/top-parfumerie.fr\/en\/product\/lot-de-50-parfums-collection-la-royale-eau-de-parfum-50ml\/\" \/>\n<meta property=\"og:locale\" content=\"en_US\" \/>\n<meta property=\"og:type\" content=\"article\" \/>\n<meta property=\"og:title\" content=\"LOT DE 50 PARFUMS COLLECTION LA ROYALE - 50ML - TOP PARFUMERIE\" \/>\n<meta property=\"og:description\" content=\"NOS PRODUITS SONT CLASS\u00c9S PAR ODRE ALPHAB\u00c9TIQUE.  Consulter notre tableau des r\u00e9f\u00e9rences et \u00e9quivalences en cliquant ici : LISTE CORRESPONDANCE DES R\u00c9F\u00c9RENCES.\" \/>\n<meta property=\"og:url\" content=\"https:\/\/top-parfumerie.fr\/en\/product\/lot-de-50-parfums-collection-la-royale-eau-de-parfum-50ml\/\" \/>\n<meta property=\"og:site_name\" content=\"TOP PARFUMERIE\" \/>\n<meta property=\"article:modified_time\" content=\"2026-04-23T15:29:53+00:00\" \/>\n<meta property=\"og:image\" content=\"https:\/\/top-parfumerie.fr\/wp-content\/uploads\/2026\/01\/8AC956F0-B69E-4A3F-9A28-8F4D3DD26CA9.png\" \/>\n\t<meta property=\"og:image:width\" content=\"1536\" \/>\n\t<meta property=\"og:image:height\" content=\"1024\" \/>\n\t<meta property=\"og:image:type\" content=\"image\/png\" \/>\n<meta name=\"twitter:card\" content=\"summary_large_image\" \/>\n<meta name=\"twitter:label1\" content=\"Est. reading time\" \/>\n\t<meta name=\"twitter:data1\" content=\"1 minute\" \/>\n<script type=\"application\/ld+json\" class=\"yoast-schema-graph\">{\"@context\":\"https:\\\/\\\/schema.org\",\"@graph\":[{\"@type\":\"WebPage\",\"@id\":\"https:\\\/\\\/top-parfumerie.fr\\\/produit\\\/lot-de-50-parfums-collection-la-royale-eau-de-parfum-50ml\\\/\",\"url\":\"https:\\\/\\\/top-parfumerie.fr\\\/produit\\\/lot-de-50-parfums-collection-la-royale-eau-de-parfum-50ml\\\/\",\"name\":\"LOT DE 50 PARFUMS COLLECTION LA ROYALE - 50ML - TOP PARFUMERIE\",\"isPartOf\":{\"@id\":\"https:\\\/\\\/top-parfumerie.fr\\\/#website\"},\"primaryImageOfPage\":{\"@id\":\"https:\\\/\\\/top-parfumerie.fr\\\/produit\\\/lot-de-50-parfums-collection-la-royale-eau-de-parfum-50ml\\\/#primaryimage\"},\"image\":{\"@id\":\"https:\\\/\\\/top-parfumerie.fr\\\/produit\\\/lot-de-50-parfums-collection-la-royale-eau-de-parfum-50ml\\\/#primaryimage\"},\"thumbnailUrl\":\"https:\\\/\\\/top-parfumerie.fr\\\/wp-content\\\/uploads\\\/2026\\\/01\\\/8AC956F0-B69E-4A3F-9A28-8F4D3DD26CA9.png\",\"datePublished\":\"2026-01-03T14:55:31+00:00\",\"dateModified\":\"2026-04-23T15:29:53+00:00\",\"breadcrumb\":{\"@id\":\"https:\\\/\\\/top-parfumerie.fr\\\/produit\\\/lot-de-50-parfums-collection-la-royale-eau-de-parfum-50ml\\\/#breadcrumb\"},\"inLanguage\":\"en-US\",\"potentialAction\":[{\"@type\":\"ReadAction\",\"target\":[\"https:\\\/\\\/top-parfumerie.fr\\\/produit\\\/lot-de-50-parfums-collection-la-royale-eau-de-parfum-50ml\\\/\"]}]},{\"@type\":\"ImageObject\",\"inLanguage\":\"en-US\",\"@id\":\"https:\\\/\\\/top-parfumerie.fr\\\/produit\\\/lot-de-50-parfums-collection-la-royale-eau-de-parfum-50ml\\\/#primaryimage\",\"url\":\"https:\\\/\\\/top-parfumerie.fr\\\/wp-content\\\/uploads\\\/2026\\\/01\\\/8AC956F0-B69E-4A3F-9A28-8F4D3DD26CA9.png\",\"contentUrl\":\"https:\\\/\\\/top-parfumerie.fr\\\/wp-content\\\/uploads\\\/2026\\\/01\\\/8AC956F0-B69E-4A3F-9A28-8F4D3DD26CA9.png\",\"width\":1536,\"height\":1024},{\"@type\":\"BreadcrumbList\",\"@id\":\"https:\\\/\\\/top-parfumerie.fr\\\/produit\\\/lot-de-50-parfums-collection-la-royale-eau-de-parfum-50ml\\\/#breadcrumb\",\"itemListElement\":[{\"@type\":\"ListItem\",\"position\":1,\"name\":\"Accueil\",\"item\":\"https:\\\/\\\/top-parfumerie.fr\\\/\"},{\"@type\":\"ListItem\",\"position\":2,\"name\":\"Boutique\",\"item\":\"https:\\\/\\\/top-parfumerie.fr\\\/boutique\\\/\"},{\"@type\":\"ListItem\",\"position\":3,\"name\":\"LOT DE 50 PARFUMS COLLECTION LA ROYALE &#8211; 50ML\"}]},{\"@type\":\"WebSite\",\"@id\":\"https:\\\/\\\/top-parfumerie.fr\\\/#website\",\"url\":\"https:\\\/\\\/top-parfumerie.fr\\\/\",\"name\":\"TOP PARFUMERIE\",\"description\":\"L&#039;excellence du Parfum en Gros\",\"publisher\":{\"@id\":\"https:\\\/\\\/top-parfumerie.fr\\\/#organization\"},\"potentialAction\":[{\"@type\":\"SearchAction\",\"target\":{\"@type\":\"EntryPoint\",\"urlTemplate\":\"https:\\\/\\\/top-parfumerie.fr\\\/?s={search_term_string}\"},\"query-input\":{\"@type\":\"PropertyValueSpecification\",\"valueRequired\":true,\"valueName\":\"search_term_string\"}}],\"inLanguage\":\"en-US\"},{\"@type\":\"Organization\",\"@id\":\"https:\\\/\\\/top-parfumerie.fr\\\/#organization\",\"name\":\"TOP PARFUMERIE\",\"url\":\"https:\\\/\\\/top-parfumerie.fr\\\/\",\"logo\":{\"@type\":\"ImageObject\",\"inLanguage\":\"en-US\",\"@id\":\"https:\\\/\\\/top-parfumerie.fr\\\/#\\\/schema\\\/logo\\\/image\\\/\",\"url\":\"https:\\\/\\\/top-parfumerie.fr\\\/wp-content\\\/uploads\\\/2025\\\/02\\\/logo.jpg\",\"contentUrl\":\"https:\\\/\\\/top-parfumerie.fr\\\/wp-content\\\/uploads\\\/2025\\\/02\\\/logo.jpg\",\"width\":1600,\"height\":1600,\"caption\":\"TOP PARFUMERIE\"},\"image\":{\"@id\":\"https:\\\/\\\/top-parfumerie.fr\\\/#\\\/schema\\\/logo\\\/image\\\/\"}}]}<\/script>\n<!-- \/ Yoast SEO plugin. -->","yoast_head_json":{"title":"LOT DE 50 PARFUMS COLLECTION LA ROYALE - 50ML - TOP PARFUMERIE","robots":{"index":"index","follow":"follow","max-snippet":"max-snippet:-1","max-image-preview":"max-image-preview:large","max-video-preview":"max-video-preview:-1"},"canonical":"https:\/\/top-parfumerie.fr\/en\/product\/lot-de-50-parfums-collection-la-royale-eau-de-parfum-50ml\/","og_locale":"en_US","og_type":"article","og_title":"LOT DE 50 PARFUMS COLLECTION LA ROYALE - 50ML - TOP PARFUMERIE","og_description":"NOS PRODUITS SONT CLASS\u00c9S PAR ODRE ALPHAB\u00c9TIQUE.  Consulter notre tableau des r\u00e9f\u00e9rences et \u00e9quivalences en cliquant ici : LISTE CORRESPONDANCE DES R\u00c9F\u00c9RENCES.","og_url":"https:\/\/top-parfumerie.fr\/en\/product\/lot-de-50-parfums-collection-la-royale-eau-de-parfum-50ml\/","og_site_name":"TOP PARFUMERIE","article_modified_time":"2026-04-23T15:29:53+00:00","og_image":[{"width":1536,"height":1024,"url":"https:\/\/top-parfumerie.fr\/wp-content\/uploads\/2026\/01\/8AC956F0-B69E-4A3F-9A28-8F4D3DD26CA9.png","type":"image\/png"}],"twitter_card":"summary_large_image","twitter_misc":{"Est. reading time":"1 minute"},"schema":{"@context":"https:\/\/schema.org","@graph":[{"@type":"WebPage","@id":"https:\/\/top-parfumerie.fr\/produit\/lot-de-50-parfums-collection-la-royale-eau-de-parfum-50ml\/","url":"https:\/\/top-parfumerie.fr\/produit\/lot-de-50-parfums-collection-la-royale-eau-de-parfum-50ml\/","name":"LOT DE 50 PARFUMS COLLECTION LA ROYALE - 50ML - TOP PARFUMERIE","isPartOf":{"@id":"https:\/\/top-parfumerie.fr\/#website"},"primaryImageOfPage":{"@id":"https:\/\/top-parfumerie.fr\/produit\/lot-de-50-parfums-collection-la-royale-eau-de-parfum-50ml\/#primaryimage"},"image":{"@id":"https:\/\/top-parfumerie.fr\/produit\/lot-de-50-parfums-collection-la-royale-eau-de-parfum-50ml\/#primaryimage"},"thumbnailUrl":"https:\/\/top-parfumerie.fr\/wp-content\/uploads\/2026\/01\/8AC956F0-B69E-4A3F-9A28-8F4D3DD26CA9.png","datePublished":"2026-01-03T14:55:31+00:00","dateModified":"2026-04-23T15:29:53+00:00","breadcrumb":{"@id":"https:\/\/top-parfumerie.fr\/produit\/lot-de-50-parfums-collection-la-royale-eau-de-parfum-50ml\/#breadcrumb"},"inLanguage":"en-US","potentialAction":[{"@type":"ReadAction","target":["https:\/\/top-parfumerie.fr\/produit\/lot-de-50-parfums-collection-la-royale-eau-de-parfum-50ml\/"]}]},{"@type":"ImageObject","inLanguage":"en-US","@id":"https:\/\/top-parfumerie.fr\/produit\/lot-de-50-parfums-collection-la-royale-eau-de-parfum-50ml\/#primaryimage","url":"https:\/\/top-parfumerie.fr\/wp-content\/uploads\/2026\/01\/8AC956F0-B69E-4A3F-9A28-8F4D3DD26CA9.png","contentUrl":"https:\/\/top-parfumerie.fr\/wp-content\/uploads\/2026\/01\/8AC956F0-B69E-4A3F-9A28-8F4D3DD26CA9.png","width":1536,"height":1024},{"@type":"BreadcrumbList","@id":"https:\/\/top-parfumerie.fr\/produit\/lot-de-50-parfums-collection-la-royale-eau-de-parfum-50ml\/#breadcrumb","itemListElement":[{"@type":"ListItem","position":1,"name":"Accueil","item":"https:\/\/top-parfumerie.fr\/"},{"@type":"ListItem","position":2,"name":"Boutique","item":"https:\/\/top-parfumerie.fr\/boutique\/"},{"@type":"ListItem","position":3,"name":"LOT DE 50 PARFUMS COLLECTION LA ROYALE &#8211; 50ML"}]},{"@type":"WebSite","@id":"https:\/\/top-parfumerie.fr\/#website","url":"https:\/\/top-parfumerie.fr\/","name":"TOP PARFUMERIE","description":"L&#039;excellence du Parfum en Gros","publisher":{"@id":"https:\/\/top-parfumerie.fr\/#organization"},"potentialAction":[{"@type":"SearchAction","target":{"@type":"EntryPoint","urlTemplate":"https:\/\/top-parfumerie.fr\/?s={search_term_string}"},"query-input":{"@type":"PropertyValueSpecification","valueRequired":true,"valueName":"search_term_string"}}],"inLanguage":"en-US"},{"@type":"Organization","@id":"https:\/\/top-parfumerie.fr\/#organization","name":"TOP PARFUMERIE","url":"https:\/\/top-parfumerie.fr\/","logo":{"@type":"ImageObject","inLanguage":"en-US","@id":"https:\/\/top-parfumerie.fr\/#\/schema\/logo\/image\/","url":"https:\/\/top-parfumerie.fr\/wp-content\/uploads\/2025\/02\/logo.jpg","contentUrl":"https:\/\/top-parfumerie.fr\/wp-content\/uploads\/2025\/02\/logo.jpg","width":1600,"height":1600,"caption":"TOP PARFUMERIE"},"image":{"@id":"https:\/\/top-parfumerie.fr\/#\/schema\/logo\/image\/"}}]}},"_links":{"self":[{"href":"https:\/\/top-parfumerie.fr\/en\/wp-json\/wp\/v2\/product\/1669","targetHints":{"allow":["GET"]}}],"collection":[{"href":"https:\/\/top-parfumerie.fr\/en\/wp-json\/wp\/v2\/product"}],"about":[{"href":"https:\/\/top-parfumerie.fr\/en\/wp-json\/wp\/v2\/types\/product"}],"replies":[{"embeddable":true,"href":"https:\/\/top-parfumerie.fr\/en\/wp-json\/wp\/v2\/comments?post=1669"}],"wp:featuredmedia":[{"embeddable":true,"href":"https:\/\/top-parfumerie.fr\/en\/wp-json\/wp\/v2\/media\/1668"}],"wp:attachment":[{"href":"https:\/\/top-parfumerie.fr\/en\/wp-json\/wp\/v2\/media?parent=1669"}],"wp:term":[{"taxonomy":"product_brand","embeddable":true,"href":"https:\/\/top-parfumerie.fr\/en\/wp-json\/wp\/v2\/product_brand?post=1669"},{"taxonomy":"product_cat","embeddable":true,"href":"https:\/\/top-parfumerie.fr\/en\/wp-json\/wp\/v2\/product_cat?post=1669"},{"taxonomy":"product_tag","embeddable":true,"href":"https:\/\/top-parfumerie.fr\/en\/wp-json\/wp\/v2\/product_tag?post=1669"}],"curies":[{"name":"wp","href":"https:\/\/api.w.org\/{rel}","templated":true}]}}