{"id":1527,"date":"2025-11-28T22:54:16","date_gmt":"2025-11-28T22:54:16","guid":{"rendered":"https:\/\/top-parfumerie.fr\/?post_type=product&#038;p=1527"},"modified":"2025-11-28T23:01:57","modified_gmt":"2025-11-28T23:01:57","slug":"yara-candy-collection-privee-authentique-50ml-parfum-tendance-2025","status":"publish","type":"product","link":"https:\/\/top-parfumerie.fr\/en\/product\/yara-candy-collection-privee-authentique-50ml-parfum-tendance-2025\/","title":{"rendered":"YARA CANDY &#8211; Collection Priv\u00e9e Authentique 50ML &#8211; Parfum tendance 2025"},"content":{"rendered":"<h1 align=\"left\" data-pm-slice=\"1 1 []\"><strong>YARA CANDY \u2013 Parfum Femme Vanill\u00e9, Fruit\u00e9 &amp; Poudr\u00e9 (Parfum Tendance 2025)<\/strong><\/h1>\n<p>YARA CANDY est un <strong>parfum f\u00e9minin doux, sucr\u00e9 et ultra-addictif<\/strong>, parfait pour celles qui adorent les fragrances <strong>vanill\u00e9es, fruit\u00e9es et poudr\u00e9es<\/strong>. Une signature moderne, lumineuse et irr\u00e9sistiblement f\u00e9minine.<\/p>\n<p>L\u2019ouverture d\u00e9voile des <strong>accents fruit\u00e9s et d\u2019agrumes<\/strong>, frais et p\u00e9tillants, qui donnent imm\u00e9diatement un c\u00f4t\u00e9 joyeux et gourmand. Un c\u0153ur d\u00e9licat de <strong>fleurs blanches<\/strong> apporte douceur, f\u00e9minit\u00e9 et \u00e9l\u00e9gance.<br \/>\nPuis la <strong>vanille cr\u00e9meuse<\/strong> s\u2019installe, enveloppante et sucr\u00e9e, associ\u00e9e \u00e0 des nuances <strong>poudr\u00e9es<\/strong>, <strong>musqu\u00e9es<\/strong> et l\u00e9g\u00e8rement <strong>\u00e9pic\u00e9es douces<\/strong>, cr\u00e9ant un sillage tendre, sensuel et raffin\u00e9.<br \/>\nUne petite touche <strong>bois\u00e9e<\/strong> vient \u00e9quilibrer le tout pour un parfum chic et structur\u00e9.<\/p>\n<p>YARA CANDY est un parfum femme <strong>tendance 2025<\/strong>, id\u00e9al pour celles qui cherchent une fragrance <strong>fruit\u00e9e, vanill\u00e9e, poudr\u00e9e et musqu\u00e9e<\/strong>, \u00e0 la fois douce, sucr\u00e9e et charismatique.<\/p>\n<p><strong>Accords dominants :<\/strong><br \/>\n\u2022 Vanille<br \/>\n\u2022 Fruit\u00e9<br \/>\n\u2022 Poudr\u00e9<br \/>\n\u2022 Agrume<br \/>\n\u2022 Fleurs blanches<br \/>\n\u2022 Aromatique<br \/>\n\u2022 Bois\u00e9<br \/>\n\u2022 \u00c9pic\u00e9 doux<br \/>\n\u2022 Musqu\u00e9<\/p>","protected":false},"excerpt":{"rendered":"<p>YARA CANDY \u2013 Parfum Femme Vanill\u00e9, Fruit\u00e9 &amp; Poudr\u00e9 (Parfum Tendance 2025) YARA CANDY est un parfum f\u00e9minin doux, sucr\u00e9 et ultra-addictif, parfait pour celles qui adorent les fragrances vanill\u00e9es, fruit\u00e9es et poudr\u00e9es. Une signature moderne, lumineuse et irr\u00e9sistiblement f\u00e9minine. L\u2019ouverture d\u00e9voile des accents fruit\u00e9s et d\u2019agrumes, frais et p\u00e9tillants, qui donnent imm\u00e9diatement un c\u00f4t\u00e9 [&#8230;]\n","protected":false},"featured_media":1528,"comment_status":"open","ping_status":"closed","template":"","meta":[],"product_brand":[],"product_cat":[109],"product_tag":[],"class_list":{"0":"post-1527","1":"product","2":"type-product","3":"status-publish","4":"has-post-thumbnail","6":"product_cat-collection-privee-authentique","8":"first","9":"instock","10":"shipping-taxable","11":"purchasable","12":"product-type-simple"},"yoast_head":"<!-- This site is optimized with the Yoast SEO plugin v27.5 - https:\/\/yoast.com\/product\/yoast-seo-wordpress\/ -->\n<title>YARA CANDY - Collection Priv\u00e9e Authentique 50ML - Parfum tendance 2025 - TOP PARFUMERIE<\/title>\n<meta name=\"robots\" content=\"index, follow, max-snippet:-1, max-image-preview:large, max-video-preview:-1\" \/>\n<link rel=\"canonical\" href=\"https:\/\/top-parfumerie.fr\/en\/product\/yara-candy-collection-privee-authentique-50ml-parfum-tendance-2025\/\" \/>\n<meta property=\"og:locale\" content=\"en_US\" \/>\n<meta property=\"og:type\" content=\"article\" \/>\n<meta property=\"og:title\" content=\"YARA CANDY - Collection Priv\u00e9e Authentique 50ML - Parfum tendance 2025 - TOP PARFUMERIE\" \/>\n<meta property=\"og:description\" content=\"YARA CANDY \u2013 Parfum Femme Vanill\u00e9, Fruit\u00e9 &amp; Poudr\u00e9 (Parfum Tendance 2025) YARA CANDY est un parfum f\u00e9minin doux, sucr\u00e9 et ultra-addictif, parfait pour celles qui adorent les fragrances vanill\u00e9es, fruit\u00e9es et poudr\u00e9es. Une signature moderne, lumineuse et irr\u00e9sistiblement f\u00e9minine. L\u2019ouverture d\u00e9voile des accents fruit\u00e9s et d\u2019agrumes, frais et p\u00e9tillants, qui donnent imm\u00e9diatement un c\u00f4t\u00e9 [...]\" \/>\n<meta property=\"og:url\" content=\"https:\/\/top-parfumerie.fr\/en\/product\/yara-candy-collection-privee-authentique-50ml-parfum-tendance-2025\/\" \/>\n<meta property=\"og:site_name\" content=\"TOP PARFUMERIE\" \/>\n<meta property=\"article:modified_time\" content=\"2025-11-28T23:01:57+00:00\" \/>\n<meta name=\"twitter:card\" content=\"summary_large_image\" \/>\n<meta name=\"twitter:label1\" content=\"Est. reading time\" \/>\n\t<meta name=\"twitter:data1\" content=\"1 minute\" \/>\n<script type=\"application\/ld+json\" class=\"yoast-schema-graph\">{\"@context\":\"https:\\\/\\\/schema.org\",\"@graph\":[{\"@type\":\"WebPage\",\"@id\":\"https:\\\/\\\/top-parfumerie.fr\\\/produit\\\/yara-candy-collection-privee-authentique-50ml-parfum-tendance-2025\\\/\",\"url\":\"https:\\\/\\\/top-parfumerie.fr\\\/produit\\\/yara-candy-collection-privee-authentique-50ml-parfum-tendance-2025\\\/\",\"name\":\"YARA CANDY - Collection Priv\u00e9e Authentique 50ML - Parfum tendance 2025 - TOP PARFUMERIE\",\"isPartOf\":{\"@id\":\"https:\\\/\\\/top-parfumerie.fr\\\/#website\"},\"primaryImageOfPage\":{\"@id\":\"https:\\\/\\\/top-parfumerie.fr\\\/produit\\\/yara-candy-collection-privee-authentique-50ml-parfum-tendance-2025\\\/#primaryimage\"},\"image\":{\"@id\":\"https:\\\/\\\/top-parfumerie.fr\\\/produit\\\/yara-candy-collection-privee-authentique-50ml-parfum-tendance-2025\\\/#primaryimage\"},\"thumbnailUrl\":\"https:\\\/\\\/top-parfumerie.fr\\\/wp-content\\\/uploads\\\/2025\\\/11\\\/02901022-BDB5-48B4-B7B9-AA0D6BB96EE1.heic\",\"datePublished\":\"2025-11-28T22:54:16+00:00\",\"dateModified\":\"2025-11-28T23:01:57+00:00\",\"breadcrumb\":{\"@id\":\"https:\\\/\\\/top-parfumerie.fr\\\/produit\\\/yara-candy-collection-privee-authentique-50ml-parfum-tendance-2025\\\/#breadcrumb\"},\"inLanguage\":\"en-US\",\"potentialAction\":[{\"@type\":\"ReadAction\",\"target\":[\"https:\\\/\\\/top-parfumerie.fr\\\/produit\\\/yara-candy-collection-privee-authentique-50ml-parfum-tendance-2025\\\/\"]}]},{\"@type\":\"ImageObject\",\"inLanguage\":\"en-US\",\"@id\":\"https:\\\/\\\/top-parfumerie.fr\\\/produit\\\/yara-candy-collection-privee-authentique-50ml-parfum-tendance-2025\\\/#primaryimage\",\"url\":\"https:\\\/\\\/top-parfumerie.fr\\\/wp-content\\\/uploads\\\/2025\\\/11\\\/02901022-BDB5-48B4-B7B9-AA0D6BB96EE1.heic\",\"contentUrl\":\"https:\\\/\\\/top-parfumerie.fr\\\/wp-content\\\/uploads\\\/2025\\\/11\\\/02901022-BDB5-48B4-B7B9-AA0D6BB96EE1.heic\"},{\"@type\":\"BreadcrumbList\",\"@id\":\"https:\\\/\\\/top-parfumerie.fr\\\/produit\\\/yara-candy-collection-privee-authentique-50ml-parfum-tendance-2025\\\/#breadcrumb\",\"itemListElement\":[{\"@type\":\"ListItem\",\"position\":1,\"name\":\"Accueil\",\"item\":\"https:\\\/\\\/top-parfumerie.fr\\\/\"},{\"@type\":\"ListItem\",\"position\":2,\"name\":\"Boutique\",\"item\":\"https:\\\/\\\/top-parfumerie.fr\\\/boutique\\\/\"},{\"@type\":\"ListItem\",\"position\":3,\"name\":\"YARA CANDY &#8211; Collection Priv\u00e9e Authentique 50ML &#8211; Parfum tendance 2025\"}]},{\"@type\":\"WebSite\",\"@id\":\"https:\\\/\\\/top-parfumerie.fr\\\/#website\",\"url\":\"https:\\\/\\\/top-parfumerie.fr\\\/\",\"name\":\"TOP PARFUMERIE\",\"description\":\"L&#039;excellence du Parfum en Gros\",\"publisher\":{\"@id\":\"https:\\\/\\\/top-parfumerie.fr\\\/#organization\"},\"potentialAction\":[{\"@type\":\"SearchAction\",\"target\":{\"@type\":\"EntryPoint\",\"urlTemplate\":\"https:\\\/\\\/top-parfumerie.fr\\\/?s={search_term_string}\"},\"query-input\":{\"@type\":\"PropertyValueSpecification\",\"valueRequired\":true,\"valueName\":\"search_term_string\"}}],\"inLanguage\":\"en-US\"},{\"@type\":\"Organization\",\"@id\":\"https:\\\/\\\/top-parfumerie.fr\\\/#organization\",\"name\":\"TOP PARFUMERIE\",\"url\":\"https:\\\/\\\/top-parfumerie.fr\\\/\",\"logo\":{\"@type\":\"ImageObject\",\"inLanguage\":\"en-US\",\"@id\":\"https:\\\/\\\/top-parfumerie.fr\\\/#\\\/schema\\\/logo\\\/image\\\/\",\"url\":\"https:\\\/\\\/top-parfumerie.fr\\\/wp-content\\\/uploads\\\/2025\\\/02\\\/logo.jpg\",\"contentUrl\":\"https:\\\/\\\/top-parfumerie.fr\\\/wp-content\\\/uploads\\\/2025\\\/02\\\/logo.jpg\",\"width\":1600,\"height\":1600,\"caption\":\"TOP PARFUMERIE\"},\"image\":{\"@id\":\"https:\\\/\\\/top-parfumerie.fr\\\/#\\\/schema\\\/logo\\\/image\\\/\"}}]}<\/script>\n<!-- \/ Yoast SEO plugin. -->","yoast_head_json":{"title":"YARA CANDY - Collection Priv\u00e9e Authentique 50ML - Parfum tendance 2025 - TOP PARFUMERIE","robots":{"index":"index","follow":"follow","max-snippet":"max-snippet:-1","max-image-preview":"max-image-preview:large","max-video-preview":"max-video-preview:-1"},"canonical":"https:\/\/top-parfumerie.fr\/en\/product\/yara-candy-collection-privee-authentique-50ml-parfum-tendance-2025\/","og_locale":"en_US","og_type":"article","og_title":"YARA CANDY - Collection Priv\u00e9e Authentique 50ML - Parfum tendance 2025 - TOP PARFUMERIE","og_description":"YARA CANDY \u2013 Parfum Femme Vanill\u00e9, Fruit\u00e9 &amp; Poudr\u00e9 (Parfum Tendance 2025) YARA CANDY est un parfum f\u00e9minin doux, sucr\u00e9 et ultra-addictif, parfait pour celles qui adorent les fragrances vanill\u00e9es, fruit\u00e9es et poudr\u00e9es. Une signature moderne, lumineuse et irr\u00e9sistiblement f\u00e9minine. L\u2019ouverture d\u00e9voile des accents fruit\u00e9s et d\u2019agrumes, frais et p\u00e9tillants, qui donnent imm\u00e9diatement un c\u00f4t\u00e9 [...]","og_url":"https:\/\/top-parfumerie.fr\/en\/product\/yara-candy-collection-privee-authentique-50ml-parfum-tendance-2025\/","og_site_name":"TOP PARFUMERIE","article_modified_time":"2025-11-28T23:01:57+00:00","twitter_card":"summary_large_image","twitter_misc":{"Est. reading time":"1 minute"},"schema":{"@context":"https:\/\/schema.org","@graph":[{"@type":"WebPage","@id":"https:\/\/top-parfumerie.fr\/produit\/yara-candy-collection-privee-authentique-50ml-parfum-tendance-2025\/","url":"https:\/\/top-parfumerie.fr\/produit\/yara-candy-collection-privee-authentique-50ml-parfum-tendance-2025\/","name":"YARA CANDY - Collection Priv\u00e9e Authentique 50ML - Parfum tendance 2025 - TOP PARFUMERIE","isPartOf":{"@id":"https:\/\/top-parfumerie.fr\/#website"},"primaryImageOfPage":{"@id":"https:\/\/top-parfumerie.fr\/produit\/yara-candy-collection-privee-authentique-50ml-parfum-tendance-2025\/#primaryimage"},"image":{"@id":"https:\/\/top-parfumerie.fr\/produit\/yara-candy-collection-privee-authentique-50ml-parfum-tendance-2025\/#primaryimage"},"thumbnailUrl":"https:\/\/top-parfumerie.fr\/wp-content\/uploads\/2025\/11\/02901022-BDB5-48B4-B7B9-AA0D6BB96EE1.heic","datePublished":"2025-11-28T22:54:16+00:00","dateModified":"2025-11-28T23:01:57+00:00","breadcrumb":{"@id":"https:\/\/top-parfumerie.fr\/produit\/yara-candy-collection-privee-authentique-50ml-parfum-tendance-2025\/#breadcrumb"},"inLanguage":"en-US","potentialAction":[{"@type":"ReadAction","target":["https:\/\/top-parfumerie.fr\/produit\/yara-candy-collection-privee-authentique-50ml-parfum-tendance-2025\/"]}]},{"@type":"ImageObject","inLanguage":"en-US","@id":"https:\/\/top-parfumerie.fr\/produit\/yara-candy-collection-privee-authentique-50ml-parfum-tendance-2025\/#primaryimage","url":"https:\/\/top-parfumerie.fr\/wp-content\/uploads\/2025\/11\/02901022-BDB5-48B4-B7B9-AA0D6BB96EE1.heic","contentUrl":"https:\/\/top-parfumerie.fr\/wp-content\/uploads\/2025\/11\/02901022-BDB5-48B4-B7B9-AA0D6BB96EE1.heic"},{"@type":"BreadcrumbList","@id":"https:\/\/top-parfumerie.fr\/produit\/yara-candy-collection-privee-authentique-50ml-parfum-tendance-2025\/#breadcrumb","itemListElement":[{"@type":"ListItem","position":1,"name":"Accueil","item":"https:\/\/top-parfumerie.fr\/"},{"@type":"ListItem","position":2,"name":"Boutique","item":"https:\/\/top-parfumerie.fr\/boutique\/"},{"@type":"ListItem","position":3,"name":"YARA CANDY &#8211; Collection Priv\u00e9e Authentique 50ML &#8211; Parfum tendance 2025"}]},{"@type":"WebSite","@id":"https:\/\/top-parfumerie.fr\/#website","url":"https:\/\/top-parfumerie.fr\/","name":"TOP PARFUMERIE","description":"L&#039;excellence du Parfum en Gros","publisher":{"@id":"https:\/\/top-parfumerie.fr\/#organization"},"potentialAction":[{"@type":"SearchAction","target":{"@type":"EntryPoint","urlTemplate":"https:\/\/top-parfumerie.fr\/?s={search_term_string}"},"query-input":{"@type":"PropertyValueSpecification","valueRequired":true,"valueName":"search_term_string"}}],"inLanguage":"en-US"},{"@type":"Organization","@id":"https:\/\/top-parfumerie.fr\/#organization","name":"TOP PARFUMERIE","url":"https:\/\/top-parfumerie.fr\/","logo":{"@type":"ImageObject","inLanguage":"en-US","@id":"https:\/\/top-parfumerie.fr\/#\/schema\/logo\/image\/","url":"https:\/\/top-parfumerie.fr\/wp-content\/uploads\/2025\/02\/logo.jpg","contentUrl":"https:\/\/top-parfumerie.fr\/wp-content\/uploads\/2025\/02\/logo.jpg","width":1600,"height":1600,"caption":"TOP PARFUMERIE"},"image":{"@id":"https:\/\/top-parfumerie.fr\/#\/schema\/logo\/image\/"}}]}},"_links":{"self":[{"href":"https:\/\/top-parfumerie.fr\/en\/wp-json\/wp\/v2\/product\/1527","targetHints":{"allow":["GET"]}}],"collection":[{"href":"https:\/\/top-parfumerie.fr\/en\/wp-json\/wp\/v2\/product"}],"about":[{"href":"https:\/\/top-parfumerie.fr\/en\/wp-json\/wp\/v2\/types\/product"}],"replies":[{"embeddable":true,"href":"https:\/\/top-parfumerie.fr\/en\/wp-json\/wp\/v2\/comments?post=1527"}],"wp:featuredmedia":[{"embeddable":true,"href":"https:\/\/top-parfumerie.fr\/en\/wp-json\/wp\/v2\/media\/1528"}],"wp:attachment":[{"href":"https:\/\/top-parfumerie.fr\/en\/wp-json\/wp\/v2\/media?parent=1527"}],"wp:term":[{"taxonomy":"product_brand","embeddable":true,"href":"https:\/\/top-parfumerie.fr\/en\/wp-json\/wp\/v2\/product_brand?post=1527"},{"taxonomy":"product_cat","embeddable":true,"href":"https:\/\/top-parfumerie.fr\/en\/wp-json\/wp\/v2\/product_cat?post=1527"},{"taxonomy":"product_tag","embeddable":true,"href":"https:\/\/top-parfumerie.fr\/en\/wp-json\/wp\/v2\/product_tag?post=1527"}],"curies":[{"name":"wp","href":"https:\/\/api.w.org\/{rel}","templated":true}]}}