{"id":1523,"date":"2025-11-28T22:51:59","date_gmt":"2025-11-28T22:51:59","guid":{"rendered":"https:\/\/top-parfumerie.fr\/?post_type=product&#038;p=1523"},"modified":"2025-11-28T23:06:02","modified_gmt":"2025-11-28T23:06:02","slug":"creme-brulee-collection-privee-authentique-50ml-parfum-tendance-2025","status":"publish","type":"product","link":"https:\/\/top-parfumerie.fr\/en\/product\/creme-brulee-collection-privee-authentique-50ml-parfum-tendance-2025\/","title":{"rendered":"CR\u00c8ME BR\u00dbL\u00c9E &#8211; Collection Priv\u00e9e Authentique 50ML &#8211; Parfum tendance 2025"},"content":{"rendered":"<h1 align=\"left\" data-pm-slice=\"1 1 []\"><strong>CR\u00c8ME BR\u00dbL\u00c9E \u2013 Parfum Homme Vanill\u00e9 &amp; Gourmand (Parfum Tendance 2025)<\/strong><\/h1>\n<p>CR\u00c8ME BR\u00dbL\u00c9E est un <strong>parfum masculin sucr\u00e9, chaleureux et ultra-gourmand<\/strong>, pens\u00e9 pour les hommes qui veulent une fragrance <strong>vanill\u00e9e, douce et terriblement addictive<\/strong>. Une signature unique, r\u00e9confortante mais virile, parfaite pour faire sensation.<\/p>\n<p>D\u00e8s les premi\u00e8res secondes, la <strong>vanille sucr\u00e9e<\/strong> enveloppe la peau d\u2019une chaleur douce et d\u00e9licieuse. Rapidement, la note <strong>cr\u00e8me br\u00fbl\u00e9e fondante<\/strong> se d\u00e9voile : gourmande, caram\u00e9lis\u00e9e, irr\u00e9sistible, elle cr\u00e9e un effet cocooning qui attire imm\u00e9diatement.<br \/>\nCe parfum m\u00eale douceur et masculinit\u00e9, pour un sillage <strong>tendre, moderne et incroyablement s\u00e9duisant<\/strong>. Un parfum parfait pour les amateurs de vanille assum\u00e9e, mais avec un c\u00f4t\u00e9 masculin puissant et r\u00e9confortant.<\/p>\n<p>CR\u00c8ME BR\u00dbL\u00c9E est un parfum homme <strong>tendance 2025<\/strong>, id\u00e9al pour ceux qui veulent une fragrance <strong>sucr\u00e9e, gourmande, vanill\u00e9e et charismatique<\/strong>, impossible \u00e0 oublier.<\/p>\n<p><strong>Accords dominants :<\/strong><br \/>\n\u2022 Vanille<br \/>\n\u2022 Sucr\u00e9<br \/>\n\u2022 Cr\u00e8me br\u00fbl\u00e9e<br \/>\n\u2022 Doux<br \/>\n\u2022 Gourmand<br \/>\n\u2022 Masculin<\/p>","protected":false},"excerpt":{"rendered":"<p>CR\u00c8ME BR\u00dbL\u00c9E \u2013 Parfum Homme Vanill\u00e9 &amp; Gourmand (Parfum Tendance 2025) CR\u00c8ME BR\u00dbL\u00c9E est un parfum masculin sucr\u00e9, chaleureux et ultra-gourmand, pens\u00e9 pour les hommes qui veulent une fragrance vanill\u00e9e, douce et terriblement addictive. Une signature unique, r\u00e9confortante mais virile, parfaite pour faire sensation. D\u00e8s les premi\u00e8res secondes, la vanille sucr\u00e9e enveloppe la peau d\u2019une [&#8230;]\n","protected":false},"featured_media":1524,"comment_status":"open","ping_status":"closed","template":"","meta":[],"product_brand":[],"product_cat":[109],"product_tag":[],"class_list":{"0":"post-1523","1":"product","2":"type-product","3":"status-publish","4":"has-post-thumbnail","6":"product_cat-collection-privee-authentique","8":"first","9":"instock","10":"shipping-taxable","11":"purchasable","12":"product-type-simple"},"yoast_head":"<!-- This site is optimized with the Yoast SEO plugin v27.5 - https:\/\/yoast.com\/product\/yoast-seo-wordpress\/ -->\n<title>CR\u00c8ME BR\u00dbL\u00c9E - Collection Priv\u00e9e Authentique 50ML - Parfum tendance 2025 - TOP PARFUMERIE<\/title>\n<meta name=\"robots\" content=\"index, follow, max-snippet:-1, max-image-preview:large, max-video-preview:-1\" \/>\n<link rel=\"canonical\" href=\"https:\/\/top-parfumerie.fr\/en\/product\/creme-brulee-collection-privee-authentique-50ml-parfum-tendance-2025\/\" \/>\n<meta property=\"og:locale\" content=\"en_US\" \/>\n<meta property=\"og:type\" content=\"article\" \/>\n<meta property=\"og:title\" content=\"CR\u00c8ME BR\u00dbL\u00c9E - Collection Priv\u00e9e Authentique 50ML - Parfum tendance 2025 - TOP PARFUMERIE\" \/>\n<meta property=\"og:description\" content=\"CR\u00c8ME BR\u00dbL\u00c9E \u2013 Parfum Homme Vanill\u00e9 &amp; Gourmand (Parfum Tendance 2025) CR\u00c8ME BR\u00dbL\u00c9E est un parfum masculin sucr\u00e9, chaleureux et ultra-gourmand, pens\u00e9 pour les hommes qui veulent une fragrance vanill\u00e9e, douce et terriblement addictive. Une signature unique, r\u00e9confortante mais virile, parfaite pour faire sensation. D\u00e8s les premi\u00e8res secondes, la vanille sucr\u00e9e enveloppe la peau d\u2019une [...]\" \/>\n<meta property=\"og:url\" content=\"https:\/\/top-parfumerie.fr\/en\/product\/creme-brulee-collection-privee-authentique-50ml-parfum-tendance-2025\/\" \/>\n<meta property=\"og:site_name\" content=\"TOP PARFUMERIE\" \/>\n<meta property=\"article:modified_time\" content=\"2025-11-28T23:06:02+00:00\" \/>\n<meta name=\"twitter:card\" content=\"summary_large_image\" \/>\n<meta name=\"twitter:label1\" content=\"Est. reading time\" \/>\n\t<meta name=\"twitter:data1\" content=\"1 minute\" \/>\n<script type=\"application\/ld+json\" class=\"yoast-schema-graph\">{\"@context\":\"https:\\\/\\\/schema.org\",\"@graph\":[{\"@type\":\"WebPage\",\"@id\":\"https:\\\/\\\/top-parfumerie.fr\\\/produit\\\/creme-brulee-collection-privee-authentique-50ml-parfum-tendance-2025\\\/\",\"url\":\"https:\\\/\\\/top-parfumerie.fr\\\/produit\\\/creme-brulee-collection-privee-authentique-50ml-parfum-tendance-2025\\\/\",\"name\":\"CR\u00c8ME BR\u00dbL\u00c9E - Collection Priv\u00e9e Authentique 50ML - Parfum tendance 2025 - TOP PARFUMERIE\",\"isPartOf\":{\"@id\":\"https:\\\/\\\/top-parfumerie.fr\\\/#website\"},\"primaryImageOfPage\":{\"@id\":\"https:\\\/\\\/top-parfumerie.fr\\\/produit\\\/creme-brulee-collection-privee-authentique-50ml-parfum-tendance-2025\\\/#primaryimage\"},\"image\":{\"@id\":\"https:\\\/\\\/top-parfumerie.fr\\\/produit\\\/creme-brulee-collection-privee-authentique-50ml-parfum-tendance-2025\\\/#primaryimage\"},\"thumbnailUrl\":\"https:\\\/\\\/top-parfumerie.fr\\\/wp-content\\\/uploads\\\/2025\\\/11\\\/A60878F5-16BF-4F17-8CFE-8679183F72EC.heic\",\"datePublished\":\"2025-11-28T22:51:59+00:00\",\"dateModified\":\"2025-11-28T23:06:02+00:00\",\"breadcrumb\":{\"@id\":\"https:\\\/\\\/top-parfumerie.fr\\\/produit\\\/creme-brulee-collection-privee-authentique-50ml-parfum-tendance-2025\\\/#breadcrumb\"},\"inLanguage\":\"en-US\",\"potentialAction\":[{\"@type\":\"ReadAction\",\"target\":[\"https:\\\/\\\/top-parfumerie.fr\\\/produit\\\/creme-brulee-collection-privee-authentique-50ml-parfum-tendance-2025\\\/\"]}]},{\"@type\":\"ImageObject\",\"inLanguage\":\"en-US\",\"@id\":\"https:\\\/\\\/top-parfumerie.fr\\\/produit\\\/creme-brulee-collection-privee-authentique-50ml-parfum-tendance-2025\\\/#primaryimage\",\"url\":\"https:\\\/\\\/top-parfumerie.fr\\\/wp-content\\\/uploads\\\/2025\\\/11\\\/A60878F5-16BF-4F17-8CFE-8679183F72EC.heic\",\"contentUrl\":\"https:\\\/\\\/top-parfumerie.fr\\\/wp-content\\\/uploads\\\/2025\\\/11\\\/A60878F5-16BF-4F17-8CFE-8679183F72EC.heic\"},{\"@type\":\"BreadcrumbList\",\"@id\":\"https:\\\/\\\/top-parfumerie.fr\\\/produit\\\/creme-brulee-collection-privee-authentique-50ml-parfum-tendance-2025\\\/#breadcrumb\",\"itemListElement\":[{\"@type\":\"ListItem\",\"position\":1,\"name\":\"Accueil\",\"item\":\"https:\\\/\\\/top-parfumerie.fr\\\/\"},{\"@type\":\"ListItem\",\"position\":2,\"name\":\"Boutique\",\"item\":\"https:\\\/\\\/top-parfumerie.fr\\\/boutique\\\/\"},{\"@type\":\"ListItem\",\"position\":3,\"name\":\"CR\u00c8ME BR\u00dbL\u00c9E &#8211; Collection Priv\u00e9e Authentique 50ML &#8211; Parfum tendance 2025\"}]},{\"@type\":\"WebSite\",\"@id\":\"https:\\\/\\\/top-parfumerie.fr\\\/#website\",\"url\":\"https:\\\/\\\/top-parfumerie.fr\\\/\",\"name\":\"TOP PARFUMERIE\",\"description\":\"L&#039;excellence du Parfum en Gros\",\"publisher\":{\"@id\":\"https:\\\/\\\/top-parfumerie.fr\\\/#organization\"},\"potentialAction\":[{\"@type\":\"SearchAction\",\"target\":{\"@type\":\"EntryPoint\",\"urlTemplate\":\"https:\\\/\\\/top-parfumerie.fr\\\/?s={search_term_string}\"},\"query-input\":{\"@type\":\"PropertyValueSpecification\",\"valueRequired\":true,\"valueName\":\"search_term_string\"}}],\"inLanguage\":\"en-US\"},{\"@type\":\"Organization\",\"@id\":\"https:\\\/\\\/top-parfumerie.fr\\\/#organization\",\"name\":\"TOP PARFUMERIE\",\"url\":\"https:\\\/\\\/top-parfumerie.fr\\\/\",\"logo\":{\"@type\":\"ImageObject\",\"inLanguage\":\"en-US\",\"@id\":\"https:\\\/\\\/top-parfumerie.fr\\\/#\\\/schema\\\/logo\\\/image\\\/\",\"url\":\"https:\\\/\\\/top-parfumerie.fr\\\/wp-content\\\/uploads\\\/2025\\\/02\\\/logo.jpg\",\"contentUrl\":\"https:\\\/\\\/top-parfumerie.fr\\\/wp-content\\\/uploads\\\/2025\\\/02\\\/logo.jpg\",\"width\":1600,\"height\":1600,\"caption\":\"TOP PARFUMERIE\"},\"image\":{\"@id\":\"https:\\\/\\\/top-parfumerie.fr\\\/#\\\/schema\\\/logo\\\/image\\\/\"}}]}<\/script>\n<!-- \/ Yoast SEO plugin. -->","yoast_head_json":{"title":"CR\u00c8ME BR\u00dbL\u00c9E - Collection Priv\u00e9e Authentique 50ML - Parfum tendance 2025 - TOP PARFUMERIE","robots":{"index":"index","follow":"follow","max-snippet":"max-snippet:-1","max-image-preview":"max-image-preview:large","max-video-preview":"max-video-preview:-1"},"canonical":"https:\/\/top-parfumerie.fr\/en\/product\/creme-brulee-collection-privee-authentique-50ml-parfum-tendance-2025\/","og_locale":"en_US","og_type":"article","og_title":"CR\u00c8ME BR\u00dbL\u00c9E - Collection Priv\u00e9e Authentique 50ML - Parfum tendance 2025 - TOP PARFUMERIE","og_description":"CR\u00c8ME BR\u00dbL\u00c9E \u2013 Parfum Homme Vanill\u00e9 &amp; Gourmand (Parfum Tendance 2025) CR\u00c8ME BR\u00dbL\u00c9E est un parfum masculin sucr\u00e9, chaleureux et ultra-gourmand, pens\u00e9 pour les hommes qui veulent une fragrance vanill\u00e9e, douce et terriblement addictive. Une signature unique, r\u00e9confortante mais virile, parfaite pour faire sensation. D\u00e8s les premi\u00e8res secondes, la vanille sucr\u00e9e enveloppe la peau d\u2019une [...]","og_url":"https:\/\/top-parfumerie.fr\/en\/product\/creme-brulee-collection-privee-authentique-50ml-parfum-tendance-2025\/","og_site_name":"TOP PARFUMERIE","article_modified_time":"2025-11-28T23:06:02+00:00","twitter_card":"summary_large_image","twitter_misc":{"Est. reading time":"1 minute"},"schema":{"@context":"https:\/\/schema.org","@graph":[{"@type":"WebPage","@id":"https:\/\/top-parfumerie.fr\/produit\/creme-brulee-collection-privee-authentique-50ml-parfum-tendance-2025\/","url":"https:\/\/top-parfumerie.fr\/produit\/creme-brulee-collection-privee-authentique-50ml-parfum-tendance-2025\/","name":"CR\u00c8ME BR\u00dbL\u00c9E - Collection Priv\u00e9e Authentique 50ML - Parfum tendance 2025 - TOP PARFUMERIE","isPartOf":{"@id":"https:\/\/top-parfumerie.fr\/#website"},"primaryImageOfPage":{"@id":"https:\/\/top-parfumerie.fr\/produit\/creme-brulee-collection-privee-authentique-50ml-parfum-tendance-2025\/#primaryimage"},"image":{"@id":"https:\/\/top-parfumerie.fr\/produit\/creme-brulee-collection-privee-authentique-50ml-parfum-tendance-2025\/#primaryimage"},"thumbnailUrl":"https:\/\/top-parfumerie.fr\/wp-content\/uploads\/2025\/11\/A60878F5-16BF-4F17-8CFE-8679183F72EC.heic","datePublished":"2025-11-28T22:51:59+00:00","dateModified":"2025-11-28T23:06:02+00:00","breadcrumb":{"@id":"https:\/\/top-parfumerie.fr\/produit\/creme-brulee-collection-privee-authentique-50ml-parfum-tendance-2025\/#breadcrumb"},"inLanguage":"en-US","potentialAction":[{"@type":"ReadAction","target":["https:\/\/top-parfumerie.fr\/produit\/creme-brulee-collection-privee-authentique-50ml-parfum-tendance-2025\/"]}]},{"@type":"ImageObject","inLanguage":"en-US","@id":"https:\/\/top-parfumerie.fr\/produit\/creme-brulee-collection-privee-authentique-50ml-parfum-tendance-2025\/#primaryimage","url":"https:\/\/top-parfumerie.fr\/wp-content\/uploads\/2025\/11\/A60878F5-16BF-4F17-8CFE-8679183F72EC.heic","contentUrl":"https:\/\/top-parfumerie.fr\/wp-content\/uploads\/2025\/11\/A60878F5-16BF-4F17-8CFE-8679183F72EC.heic"},{"@type":"BreadcrumbList","@id":"https:\/\/top-parfumerie.fr\/produit\/creme-brulee-collection-privee-authentique-50ml-parfum-tendance-2025\/#breadcrumb","itemListElement":[{"@type":"ListItem","position":1,"name":"Accueil","item":"https:\/\/top-parfumerie.fr\/"},{"@type":"ListItem","position":2,"name":"Boutique","item":"https:\/\/top-parfumerie.fr\/boutique\/"},{"@type":"ListItem","position":3,"name":"CR\u00c8ME BR\u00dbL\u00c9E &#8211; Collection Priv\u00e9e Authentique 50ML &#8211; Parfum tendance 2025"}]},{"@type":"WebSite","@id":"https:\/\/top-parfumerie.fr\/#website","url":"https:\/\/top-parfumerie.fr\/","name":"TOP PARFUMERIE","description":"L&#039;excellence du Parfum en Gros","publisher":{"@id":"https:\/\/top-parfumerie.fr\/#organization"},"potentialAction":[{"@type":"SearchAction","target":{"@type":"EntryPoint","urlTemplate":"https:\/\/top-parfumerie.fr\/?s={search_term_string}"},"query-input":{"@type":"PropertyValueSpecification","valueRequired":true,"valueName":"search_term_string"}}],"inLanguage":"en-US"},{"@type":"Organization","@id":"https:\/\/top-parfumerie.fr\/#organization","name":"TOP PARFUMERIE","url":"https:\/\/top-parfumerie.fr\/","logo":{"@type":"ImageObject","inLanguage":"en-US","@id":"https:\/\/top-parfumerie.fr\/#\/schema\/logo\/image\/","url":"https:\/\/top-parfumerie.fr\/wp-content\/uploads\/2025\/02\/logo.jpg","contentUrl":"https:\/\/top-parfumerie.fr\/wp-content\/uploads\/2025\/02\/logo.jpg","width":1600,"height":1600,"caption":"TOP PARFUMERIE"},"image":{"@id":"https:\/\/top-parfumerie.fr\/#\/schema\/logo\/image\/"}}]}},"_links":{"self":[{"href":"https:\/\/top-parfumerie.fr\/en\/wp-json\/wp\/v2\/product\/1523","targetHints":{"allow":["GET"]}}],"collection":[{"href":"https:\/\/top-parfumerie.fr\/en\/wp-json\/wp\/v2\/product"}],"about":[{"href":"https:\/\/top-parfumerie.fr\/en\/wp-json\/wp\/v2\/types\/product"}],"replies":[{"embeddable":true,"href":"https:\/\/top-parfumerie.fr\/en\/wp-json\/wp\/v2\/comments?post=1523"}],"wp:featuredmedia":[{"embeddable":true,"href":"https:\/\/top-parfumerie.fr\/en\/wp-json\/wp\/v2\/media\/1524"}],"wp:attachment":[{"href":"https:\/\/top-parfumerie.fr\/en\/wp-json\/wp\/v2\/media?parent=1523"}],"wp:term":[{"taxonomy":"product_brand","embeddable":true,"href":"https:\/\/top-parfumerie.fr\/en\/wp-json\/wp\/v2\/product_brand?post=1523"},{"taxonomy":"product_cat","embeddable":true,"href":"https:\/\/top-parfumerie.fr\/en\/wp-json\/wp\/v2\/product_cat?post=1523"},{"taxonomy":"product_tag","embeddable":true,"href":"https:\/\/top-parfumerie.fr\/en\/wp-json\/wp\/v2\/product_tag?post=1523"}],"curies":[{"name":"wp","href":"https:\/\/api.w.org\/{rel}","templated":true}]}}