{"id":1517,"date":"2025-11-28T22:43:57","date_gmt":"2025-11-28T22:43:57","guid":{"rendered":"https:\/\/top-parfumerie.fr\/?post_type=product&#038;p=1517"},"modified":"2025-11-28T23:29:46","modified_gmt":"2025-11-28T23:29:46","slug":"moula-collection-privee-authentique-50ml-parfum-tendance-2025","status":"publish","type":"product","link":"https:\/\/top-parfumerie.fr\/en\/product\/moula-collection-privee-authentique-50ml-parfum-tendance-2025\/","title":{"rendered":"MOULA &#8211; Collection Priv\u00e9e Authentique 50ML &#8211; Parfum tendance 2025"},"content":{"rendered":"<h1 align=\"left\" data-pm-slice=\"1 1 []\"><strong>MOULA \u2013 Parfum Mixte Sucr\u00e9, Fruit\u00e9 &amp; Oud (Parfum Tendance 2025)<\/strong><\/h1>\n<p>MOULA est un <strong>parfum mixte sucr\u00e9, fruit\u00e9 et intens\u00e9ment addictif<\/strong>, cr\u00e9\u00e9 pour celles et ceux qui veulent une fragrance <strong>gourmande, moderne et sensuelle<\/strong>. Une composition luxueuse et envo\u00fbtante.<\/p>\n<p>D\u00e8s l\u2019ouverture, MOULA d\u00e9voile une <strong>douceur fruit\u00e9e et sucr\u00e9e<\/strong> irr\u00e9sistible. Le c\u0153ur devient fondant gr\u00e2ce \u00e0 un accord <strong>caramel\u2013vanille<\/strong>, chaud, gourmand et ultra r\u00e9confortant.<br \/>\nDes touches <strong>poudr\u00e9es et musqu\u00e9es<\/strong> apportent une \u00e9l\u00e9gance douce, tandis qu\u2019un l\u00e9ger c\u00f4t\u00e9 <strong>\u00e9pic\u00e9 frais<\/strong> dynamise la fragrance avec subtilit\u00e9.<br \/>\nLe parfum se termine sur un fond riche et profond m\u00ealant un accord <strong>balsamique\/baum\u00e9<\/strong> au <strong>oud<\/strong>, pour un sillage myst\u00e9rieux, sensuel et totalement captivant.<\/p>\n<p>MOULA est un parfum mixte <strong>tendance 2025<\/strong>, id\u00e9al pour celles et ceux qui veulent une fragrance <strong>douce, gourmande, musqu\u00e9e et bois\u00e9e<\/strong>, \u00e0 la fois chic, moderne et inoubliable.<\/p>\n<p><strong>Accords dominants :<\/strong><br \/>\n\u2022 Sucr\u00e9<br \/>\n\u2022 Fruit\u00e9<br \/>\n\u2022 Caramel<br \/>\n\u2022 Vanille<br \/>\n\u2022 Poudr\u00e9<br \/>\n\u2022 Musqu\u00e9<br \/>\n\u2022 \u00c9pic\u00e9 frais<br \/>\n\u2022 Balsamique \/ Baum\u00e9<br \/>\n\u2022 Oud<\/p>","protected":false},"excerpt":{"rendered":"<p>MOULA \u2013 Parfum Mixte Sucr\u00e9, Fruit\u00e9 &amp; Oud (Parfum Tendance 2025) MOULA est un parfum mixte sucr\u00e9, fruit\u00e9 et intens\u00e9ment addictif, cr\u00e9\u00e9 pour celles et ceux qui veulent une fragrance gourmande, moderne et sensuelle. Une composition luxueuse et envo\u00fbtante. D\u00e8s l\u2019ouverture, MOULA d\u00e9voile une douceur fruit\u00e9e et sucr\u00e9e irr\u00e9sistible. Le c\u0153ur devient fondant gr\u00e2ce \u00e0 [&#8230;]\n","protected":false},"featured_media":1518,"comment_status":"open","ping_status":"closed","template":"","meta":[],"product_brand":[],"product_cat":[109],"product_tag":[],"class_list":{"0":"post-1517","1":"product","2":"type-product","3":"status-publish","4":"has-post-thumbnail","6":"product_cat-collection-privee-authentique","8":"first","9":"instock","10":"shipping-taxable","11":"purchasable","12":"product-type-simple"},"yoast_head":"<!-- This site is optimized with the Yoast SEO plugin v27.5 - https:\/\/yoast.com\/product\/yoast-seo-wordpress\/ -->\n<title>MOULA - Collection Priv\u00e9e Authentique 50ML - Parfum tendance 2025 - TOP PARFUMERIE<\/title>\n<meta name=\"robots\" content=\"index, follow, max-snippet:-1, max-image-preview:large, max-video-preview:-1\" \/>\n<link rel=\"canonical\" href=\"https:\/\/top-parfumerie.fr\/en\/product\/moula-collection-privee-authentique-50ml-parfum-tendance-2025\/\" \/>\n<meta property=\"og:locale\" content=\"en_US\" \/>\n<meta property=\"og:type\" content=\"article\" \/>\n<meta property=\"og:title\" content=\"MOULA - Collection Priv\u00e9e Authentique 50ML - Parfum tendance 2025 - TOP PARFUMERIE\" \/>\n<meta property=\"og:description\" content=\"MOULA \u2013 Parfum Mixte Sucr\u00e9, Fruit\u00e9 &amp; Oud (Parfum Tendance 2025) MOULA est un parfum mixte sucr\u00e9, fruit\u00e9 et intens\u00e9ment addictif, cr\u00e9\u00e9 pour celles et ceux qui veulent une fragrance gourmande, moderne et sensuelle. Une composition luxueuse et envo\u00fbtante. D\u00e8s l\u2019ouverture, MOULA d\u00e9voile une douceur fruit\u00e9e et sucr\u00e9e irr\u00e9sistible. Le c\u0153ur devient fondant gr\u00e2ce \u00e0 [...]\" \/>\n<meta property=\"og:url\" content=\"https:\/\/top-parfumerie.fr\/en\/product\/moula-collection-privee-authentique-50ml-parfum-tendance-2025\/\" \/>\n<meta property=\"og:site_name\" content=\"TOP PARFUMERIE\" \/>\n<meta property=\"article:modified_time\" content=\"2025-11-28T23:29:46+00:00\" \/>\n<meta name=\"twitter:card\" content=\"summary_large_image\" \/>\n<meta name=\"twitter:label1\" content=\"Est. reading time\" \/>\n\t<meta name=\"twitter:data1\" content=\"1 minute\" \/>\n<script type=\"application\/ld+json\" class=\"yoast-schema-graph\">{\"@context\":\"https:\\\/\\\/schema.org\",\"@graph\":[{\"@type\":\"WebPage\",\"@id\":\"https:\\\/\\\/top-parfumerie.fr\\\/produit\\\/moula-collection-privee-authentique-50ml-parfum-tendance-2025\\\/\",\"url\":\"https:\\\/\\\/top-parfumerie.fr\\\/produit\\\/moula-collection-privee-authentique-50ml-parfum-tendance-2025\\\/\",\"name\":\"MOULA - Collection Priv\u00e9e Authentique 50ML - Parfum tendance 2025 - TOP PARFUMERIE\",\"isPartOf\":{\"@id\":\"https:\\\/\\\/top-parfumerie.fr\\\/#website\"},\"primaryImageOfPage\":{\"@id\":\"https:\\\/\\\/top-parfumerie.fr\\\/produit\\\/moula-collection-privee-authentique-50ml-parfum-tendance-2025\\\/#primaryimage\"},\"image\":{\"@id\":\"https:\\\/\\\/top-parfumerie.fr\\\/produit\\\/moula-collection-privee-authentique-50ml-parfum-tendance-2025\\\/#primaryimage\"},\"thumbnailUrl\":\"https:\\\/\\\/top-parfumerie.fr\\\/wp-content\\\/uploads\\\/2025\\\/11\\\/DAAD4FDC-6E1F-4AB1-9988-24CD60583BE8.heic\",\"datePublished\":\"2025-11-28T22:43:57+00:00\",\"dateModified\":\"2025-11-28T23:29:46+00:00\",\"breadcrumb\":{\"@id\":\"https:\\\/\\\/top-parfumerie.fr\\\/produit\\\/moula-collection-privee-authentique-50ml-parfum-tendance-2025\\\/#breadcrumb\"},\"inLanguage\":\"en-US\",\"potentialAction\":[{\"@type\":\"ReadAction\",\"target\":[\"https:\\\/\\\/top-parfumerie.fr\\\/produit\\\/moula-collection-privee-authentique-50ml-parfum-tendance-2025\\\/\"]}]},{\"@type\":\"ImageObject\",\"inLanguage\":\"en-US\",\"@id\":\"https:\\\/\\\/top-parfumerie.fr\\\/produit\\\/moula-collection-privee-authentique-50ml-parfum-tendance-2025\\\/#primaryimage\",\"url\":\"https:\\\/\\\/top-parfumerie.fr\\\/wp-content\\\/uploads\\\/2025\\\/11\\\/DAAD4FDC-6E1F-4AB1-9988-24CD60583BE8.heic\",\"contentUrl\":\"https:\\\/\\\/top-parfumerie.fr\\\/wp-content\\\/uploads\\\/2025\\\/11\\\/DAAD4FDC-6E1F-4AB1-9988-24CD60583BE8.heic\"},{\"@type\":\"BreadcrumbList\",\"@id\":\"https:\\\/\\\/top-parfumerie.fr\\\/produit\\\/moula-collection-privee-authentique-50ml-parfum-tendance-2025\\\/#breadcrumb\",\"itemListElement\":[{\"@type\":\"ListItem\",\"position\":1,\"name\":\"Accueil\",\"item\":\"https:\\\/\\\/top-parfumerie.fr\\\/\"},{\"@type\":\"ListItem\",\"position\":2,\"name\":\"Boutique\",\"item\":\"https:\\\/\\\/top-parfumerie.fr\\\/boutique\\\/\"},{\"@type\":\"ListItem\",\"position\":3,\"name\":\"MOULA &#8211; Collection Priv\u00e9e Authentique 50ML &#8211; Parfum tendance 2025\"}]},{\"@type\":\"WebSite\",\"@id\":\"https:\\\/\\\/top-parfumerie.fr\\\/#website\",\"url\":\"https:\\\/\\\/top-parfumerie.fr\\\/\",\"name\":\"TOP PARFUMERIE\",\"description\":\"L&#039;excellence du Parfum en Gros\",\"publisher\":{\"@id\":\"https:\\\/\\\/top-parfumerie.fr\\\/#organization\"},\"potentialAction\":[{\"@type\":\"SearchAction\",\"target\":{\"@type\":\"EntryPoint\",\"urlTemplate\":\"https:\\\/\\\/top-parfumerie.fr\\\/?s={search_term_string}\"},\"query-input\":{\"@type\":\"PropertyValueSpecification\",\"valueRequired\":true,\"valueName\":\"search_term_string\"}}],\"inLanguage\":\"en-US\"},{\"@type\":\"Organization\",\"@id\":\"https:\\\/\\\/top-parfumerie.fr\\\/#organization\",\"name\":\"TOP PARFUMERIE\",\"url\":\"https:\\\/\\\/top-parfumerie.fr\\\/\",\"logo\":{\"@type\":\"ImageObject\",\"inLanguage\":\"en-US\",\"@id\":\"https:\\\/\\\/top-parfumerie.fr\\\/#\\\/schema\\\/logo\\\/image\\\/\",\"url\":\"https:\\\/\\\/top-parfumerie.fr\\\/wp-content\\\/uploads\\\/2025\\\/02\\\/logo.jpg\",\"contentUrl\":\"https:\\\/\\\/top-parfumerie.fr\\\/wp-content\\\/uploads\\\/2025\\\/02\\\/logo.jpg\",\"width\":1600,\"height\":1600,\"caption\":\"TOP PARFUMERIE\"},\"image\":{\"@id\":\"https:\\\/\\\/top-parfumerie.fr\\\/#\\\/schema\\\/logo\\\/image\\\/\"}}]}<\/script>\n<!-- \/ Yoast SEO plugin. -->","yoast_head_json":{"title":"MOULA - Collection Priv\u00e9e Authentique 50ML - Parfum tendance 2025 - TOP PARFUMERIE","robots":{"index":"index","follow":"follow","max-snippet":"max-snippet:-1","max-image-preview":"max-image-preview:large","max-video-preview":"max-video-preview:-1"},"canonical":"https:\/\/top-parfumerie.fr\/en\/product\/moula-collection-privee-authentique-50ml-parfum-tendance-2025\/","og_locale":"en_US","og_type":"article","og_title":"MOULA - Collection Priv\u00e9e Authentique 50ML - Parfum tendance 2025 - TOP PARFUMERIE","og_description":"MOULA \u2013 Parfum Mixte Sucr\u00e9, Fruit\u00e9 &amp; Oud (Parfum Tendance 2025) MOULA est un parfum mixte sucr\u00e9, fruit\u00e9 et intens\u00e9ment addictif, cr\u00e9\u00e9 pour celles et ceux qui veulent une fragrance gourmande, moderne et sensuelle. Une composition luxueuse et envo\u00fbtante. D\u00e8s l\u2019ouverture, MOULA d\u00e9voile une douceur fruit\u00e9e et sucr\u00e9e irr\u00e9sistible. Le c\u0153ur devient fondant gr\u00e2ce \u00e0 [...]","og_url":"https:\/\/top-parfumerie.fr\/en\/product\/moula-collection-privee-authentique-50ml-parfum-tendance-2025\/","og_site_name":"TOP PARFUMERIE","article_modified_time":"2025-11-28T23:29:46+00:00","twitter_card":"summary_large_image","twitter_misc":{"Est. reading time":"1 minute"},"schema":{"@context":"https:\/\/schema.org","@graph":[{"@type":"WebPage","@id":"https:\/\/top-parfumerie.fr\/produit\/moula-collection-privee-authentique-50ml-parfum-tendance-2025\/","url":"https:\/\/top-parfumerie.fr\/produit\/moula-collection-privee-authentique-50ml-parfum-tendance-2025\/","name":"MOULA - Collection Priv\u00e9e Authentique 50ML - Parfum tendance 2025 - TOP PARFUMERIE","isPartOf":{"@id":"https:\/\/top-parfumerie.fr\/#website"},"primaryImageOfPage":{"@id":"https:\/\/top-parfumerie.fr\/produit\/moula-collection-privee-authentique-50ml-parfum-tendance-2025\/#primaryimage"},"image":{"@id":"https:\/\/top-parfumerie.fr\/produit\/moula-collection-privee-authentique-50ml-parfum-tendance-2025\/#primaryimage"},"thumbnailUrl":"https:\/\/top-parfumerie.fr\/wp-content\/uploads\/2025\/11\/DAAD4FDC-6E1F-4AB1-9988-24CD60583BE8.heic","datePublished":"2025-11-28T22:43:57+00:00","dateModified":"2025-11-28T23:29:46+00:00","breadcrumb":{"@id":"https:\/\/top-parfumerie.fr\/produit\/moula-collection-privee-authentique-50ml-parfum-tendance-2025\/#breadcrumb"},"inLanguage":"en-US","potentialAction":[{"@type":"ReadAction","target":["https:\/\/top-parfumerie.fr\/produit\/moula-collection-privee-authentique-50ml-parfum-tendance-2025\/"]}]},{"@type":"ImageObject","inLanguage":"en-US","@id":"https:\/\/top-parfumerie.fr\/produit\/moula-collection-privee-authentique-50ml-parfum-tendance-2025\/#primaryimage","url":"https:\/\/top-parfumerie.fr\/wp-content\/uploads\/2025\/11\/DAAD4FDC-6E1F-4AB1-9988-24CD60583BE8.heic","contentUrl":"https:\/\/top-parfumerie.fr\/wp-content\/uploads\/2025\/11\/DAAD4FDC-6E1F-4AB1-9988-24CD60583BE8.heic"},{"@type":"BreadcrumbList","@id":"https:\/\/top-parfumerie.fr\/produit\/moula-collection-privee-authentique-50ml-parfum-tendance-2025\/#breadcrumb","itemListElement":[{"@type":"ListItem","position":1,"name":"Accueil","item":"https:\/\/top-parfumerie.fr\/"},{"@type":"ListItem","position":2,"name":"Boutique","item":"https:\/\/top-parfumerie.fr\/boutique\/"},{"@type":"ListItem","position":3,"name":"MOULA &#8211; Collection Priv\u00e9e Authentique 50ML &#8211; Parfum tendance 2025"}]},{"@type":"WebSite","@id":"https:\/\/top-parfumerie.fr\/#website","url":"https:\/\/top-parfumerie.fr\/","name":"TOP PARFUMERIE","description":"L&#039;excellence du Parfum en Gros","publisher":{"@id":"https:\/\/top-parfumerie.fr\/#organization"},"potentialAction":[{"@type":"SearchAction","target":{"@type":"EntryPoint","urlTemplate":"https:\/\/top-parfumerie.fr\/?s={search_term_string}"},"query-input":{"@type":"PropertyValueSpecification","valueRequired":true,"valueName":"search_term_string"}}],"inLanguage":"en-US"},{"@type":"Organization","@id":"https:\/\/top-parfumerie.fr\/#organization","name":"TOP PARFUMERIE","url":"https:\/\/top-parfumerie.fr\/","logo":{"@type":"ImageObject","inLanguage":"en-US","@id":"https:\/\/top-parfumerie.fr\/#\/schema\/logo\/image\/","url":"https:\/\/top-parfumerie.fr\/wp-content\/uploads\/2025\/02\/logo.jpg","contentUrl":"https:\/\/top-parfumerie.fr\/wp-content\/uploads\/2025\/02\/logo.jpg","width":1600,"height":1600,"caption":"TOP PARFUMERIE"},"image":{"@id":"https:\/\/top-parfumerie.fr\/#\/schema\/logo\/image\/"}}]}},"_links":{"self":[{"href":"https:\/\/top-parfumerie.fr\/en\/wp-json\/wp\/v2\/product\/1517","targetHints":{"allow":["GET"]}}],"collection":[{"href":"https:\/\/top-parfumerie.fr\/en\/wp-json\/wp\/v2\/product"}],"about":[{"href":"https:\/\/top-parfumerie.fr\/en\/wp-json\/wp\/v2\/types\/product"}],"replies":[{"embeddable":true,"href":"https:\/\/top-parfumerie.fr\/en\/wp-json\/wp\/v2\/comments?post=1517"}],"wp:featuredmedia":[{"embeddable":true,"href":"https:\/\/top-parfumerie.fr\/en\/wp-json\/wp\/v2\/media\/1518"}],"wp:attachment":[{"href":"https:\/\/top-parfumerie.fr\/en\/wp-json\/wp\/v2\/media?parent=1517"}],"wp:term":[{"taxonomy":"product_brand","embeddable":true,"href":"https:\/\/top-parfumerie.fr\/en\/wp-json\/wp\/v2\/product_brand?post=1517"},{"taxonomy":"product_cat","embeddable":true,"href":"https:\/\/top-parfumerie.fr\/en\/wp-json\/wp\/v2\/product_cat?post=1517"},{"taxonomy":"product_tag","embeddable":true,"href":"https:\/\/top-parfumerie.fr\/en\/wp-json\/wp\/v2\/product_tag?post=1517"}],"curies":[{"name":"wp","href":"https:\/\/api.w.org\/{rel}","templated":true}]}}