{"id":1509,"date":"2025-11-28T22:39:39","date_gmt":"2025-11-28T22:39:39","guid":{"rendered":"https:\/\/top-parfumerie.fr\/?post_type=product&#038;p=1509"},"modified":"2025-11-28T23:33:42","modified_gmt":"2025-11-28T23:33:42","slug":"yara-collection-privee-authentique-50ml-parfum-tendance-2025","status":"publish","type":"product","link":"https:\/\/top-parfumerie.fr\/en\/product\/yara-collection-privee-authentique-50ml-parfum-tendance-2025\/","title":{"rendered":"YARA &#8211; Collection Priv\u00e9e Authentique 50ML &#8211; Parfum tendance 2025"},"content":{"rendered":"<h3 align=\"left\" data-pm-slice=\"1 1 []\"><strong>YARA \u2013 Parfum Femme Sucr\u00e9, Tropical &amp; Poudr\u00e9 (Parfum Tendance 2025)<\/strong><\/h3>\n<p>YARA est un <strong>parfum f\u00e9minin doux, sucr\u00e9 et incroyablement addictif<\/strong>, pens\u00e9 pour celles qui aiment les fragrances <strong>tropicales, fruit\u00e9es et vanill\u00e9es<\/strong>. Une signature f\u00e9minine, lumineuse et chaleureuse.<\/p>\n<p>D\u00e8s l\u2019ouverture, des <strong>accents fruit\u00e9s et d\u2019agrumes<\/strong> apportent une fra\u00eecheur p\u00e9tillante et joyeuse. Rapidement, le parfum r\u00e9v\u00e8le son c\u0153ur <strong>floral et poudr\u00e9<\/strong>, d\u00e9licat et ultra-f\u00e9minin, cr\u00e9ant une sensation douce et enveloppante.<br \/>\nLa <strong>vanille sucr\u00e9e<\/strong> vient ensuite sublimer l\u2019ensemble avec une touche gourmande irr\u00e9sistible, tandis qu\u2019un fond <strong>musqu\u00e9 et tropical<\/strong> donne \u00e0 YARA une allure chaleureuse, sensuelle et moderne.<\/p>\n<p>YARA est un parfum femme <strong>tendance 2025<\/strong>, parfait pour celles qui veulent une fragrance <strong>sucr\u00e9e, tropicale, poudr\u00e9e et fruit\u00e9e<\/strong>, capable d\u2019attirer les compliments d\u00e8s la premi\u00e8re vaporisation.<\/p>\n<p><strong>Accords dominants :<\/strong><br \/>\n\u2022 Sucr\u00e9<br \/>\n\u2022 Vanille<br \/>\n\u2022 Poudr\u00e9<br \/>\n\u2022 Tropical<br \/>\n\u2022 Fruit\u00e9<br \/>\n\u2022 Musqu\u00e9<br \/>\n\u2022 Floral<br \/>\n\u2022 Agrume<\/p>","protected":false},"excerpt":{"rendered":"<p>YARA \u2013 Parfum Femme Sucr\u00e9, Tropical &amp; Poudr\u00e9 (Parfum Tendance 2025) YARA est un parfum f\u00e9minin doux, sucr\u00e9 et incroyablement addictif, pens\u00e9 pour celles qui aiment les fragrances tropicales, fruit\u00e9es et vanill\u00e9es. Une signature f\u00e9minine, lumineuse et chaleureuse. D\u00e8s l\u2019ouverture, des accents fruit\u00e9s et d\u2019agrumes apportent une fra\u00eecheur p\u00e9tillante et joyeuse. Rapidement, le parfum r\u00e9v\u00e8le [&#8230;]\n","protected":false},"featured_media":1510,"comment_status":"open","ping_status":"closed","template":"","meta":[],"product_brand":[],"product_cat":[109],"product_tag":[],"class_list":{"0":"post-1509","1":"product","2":"type-product","3":"status-publish","4":"has-post-thumbnail","6":"product_cat-collection-privee-authentique","8":"first","9":"instock","10":"shipping-taxable","11":"purchasable","12":"product-type-simple"},"yoast_head":"<!-- This site is optimized with the Yoast SEO plugin v27.5 - https:\/\/yoast.com\/product\/yoast-seo-wordpress\/ -->\n<title>YARA - Collection Priv\u00e9e Authentique 50ML - Parfum tendance 2025 - TOP PARFUMERIE<\/title>\n<meta name=\"robots\" content=\"index, follow, max-snippet:-1, max-image-preview:large, max-video-preview:-1\" \/>\n<link rel=\"canonical\" href=\"https:\/\/top-parfumerie.fr\/en\/product\/yara-collection-privee-authentique-50ml-parfum-tendance-2025\/\" \/>\n<meta property=\"og:locale\" content=\"en_US\" \/>\n<meta property=\"og:type\" content=\"article\" \/>\n<meta property=\"og:title\" content=\"YARA - Collection Priv\u00e9e Authentique 50ML - Parfum tendance 2025 - TOP PARFUMERIE\" \/>\n<meta property=\"og:description\" content=\"YARA \u2013 Parfum Femme Sucr\u00e9, Tropical &amp; Poudr\u00e9 (Parfum Tendance 2025) YARA est un parfum f\u00e9minin doux, sucr\u00e9 et incroyablement addictif, pens\u00e9 pour celles qui aiment les fragrances tropicales, fruit\u00e9es et vanill\u00e9es. Une signature f\u00e9minine, lumineuse et chaleureuse. D\u00e8s l\u2019ouverture, des accents fruit\u00e9s et d\u2019agrumes apportent une fra\u00eecheur p\u00e9tillante et joyeuse. Rapidement, le parfum r\u00e9v\u00e8le [...]\" \/>\n<meta property=\"og:url\" content=\"https:\/\/top-parfumerie.fr\/en\/product\/yara-collection-privee-authentique-50ml-parfum-tendance-2025\/\" \/>\n<meta property=\"og:site_name\" content=\"TOP PARFUMERIE\" \/>\n<meta property=\"article:modified_time\" content=\"2025-11-28T23:33:42+00:00\" \/>\n<meta name=\"twitter:card\" content=\"summary_large_image\" \/>\n<meta name=\"twitter:label1\" content=\"Est. reading time\" \/>\n\t<meta name=\"twitter:data1\" content=\"1 minute\" \/>\n<script type=\"application\/ld+json\" class=\"yoast-schema-graph\">{\"@context\":\"https:\\\/\\\/schema.org\",\"@graph\":[{\"@type\":\"WebPage\",\"@id\":\"https:\\\/\\\/top-parfumerie.fr\\\/produit\\\/yara-collection-privee-authentique-50ml-parfum-tendance-2025\\\/\",\"url\":\"https:\\\/\\\/top-parfumerie.fr\\\/produit\\\/yara-collection-privee-authentique-50ml-parfum-tendance-2025\\\/\",\"name\":\"YARA - Collection Priv\u00e9e Authentique 50ML - Parfum tendance 2025 - TOP PARFUMERIE\",\"isPartOf\":{\"@id\":\"https:\\\/\\\/top-parfumerie.fr\\\/#website\"},\"primaryImageOfPage\":{\"@id\":\"https:\\\/\\\/top-parfumerie.fr\\\/produit\\\/yara-collection-privee-authentique-50ml-parfum-tendance-2025\\\/#primaryimage\"},\"image\":{\"@id\":\"https:\\\/\\\/top-parfumerie.fr\\\/produit\\\/yara-collection-privee-authentique-50ml-parfum-tendance-2025\\\/#primaryimage\"},\"thumbnailUrl\":\"https:\\\/\\\/top-parfumerie.fr\\\/wp-content\\\/uploads\\\/2025\\\/11\\\/D99D9CB4-D067-4FE2-9C5A-EEA3AA93B5F0.heic\",\"datePublished\":\"2025-11-28T22:39:39+00:00\",\"dateModified\":\"2025-11-28T23:33:42+00:00\",\"breadcrumb\":{\"@id\":\"https:\\\/\\\/top-parfumerie.fr\\\/produit\\\/yara-collection-privee-authentique-50ml-parfum-tendance-2025\\\/#breadcrumb\"},\"inLanguage\":\"en-US\",\"potentialAction\":[{\"@type\":\"ReadAction\",\"target\":[\"https:\\\/\\\/top-parfumerie.fr\\\/produit\\\/yara-collection-privee-authentique-50ml-parfum-tendance-2025\\\/\"]}]},{\"@type\":\"ImageObject\",\"inLanguage\":\"en-US\",\"@id\":\"https:\\\/\\\/top-parfumerie.fr\\\/produit\\\/yara-collection-privee-authentique-50ml-parfum-tendance-2025\\\/#primaryimage\",\"url\":\"https:\\\/\\\/top-parfumerie.fr\\\/wp-content\\\/uploads\\\/2025\\\/11\\\/D99D9CB4-D067-4FE2-9C5A-EEA3AA93B5F0.heic\",\"contentUrl\":\"https:\\\/\\\/top-parfumerie.fr\\\/wp-content\\\/uploads\\\/2025\\\/11\\\/D99D9CB4-D067-4FE2-9C5A-EEA3AA93B5F0.heic\"},{\"@type\":\"BreadcrumbList\",\"@id\":\"https:\\\/\\\/top-parfumerie.fr\\\/produit\\\/yara-collection-privee-authentique-50ml-parfum-tendance-2025\\\/#breadcrumb\",\"itemListElement\":[{\"@type\":\"ListItem\",\"position\":1,\"name\":\"Accueil\",\"item\":\"https:\\\/\\\/top-parfumerie.fr\\\/\"},{\"@type\":\"ListItem\",\"position\":2,\"name\":\"Boutique\",\"item\":\"https:\\\/\\\/top-parfumerie.fr\\\/boutique\\\/\"},{\"@type\":\"ListItem\",\"position\":3,\"name\":\"YARA &#8211; Collection Priv\u00e9e Authentique 50ML &#8211; Parfum tendance 2025\"}]},{\"@type\":\"WebSite\",\"@id\":\"https:\\\/\\\/top-parfumerie.fr\\\/#website\",\"url\":\"https:\\\/\\\/top-parfumerie.fr\\\/\",\"name\":\"TOP PARFUMERIE\",\"description\":\"L&#039;excellence du Parfum en Gros\",\"publisher\":{\"@id\":\"https:\\\/\\\/top-parfumerie.fr\\\/#organization\"},\"potentialAction\":[{\"@type\":\"SearchAction\",\"target\":{\"@type\":\"EntryPoint\",\"urlTemplate\":\"https:\\\/\\\/top-parfumerie.fr\\\/?s={search_term_string}\"},\"query-input\":{\"@type\":\"PropertyValueSpecification\",\"valueRequired\":true,\"valueName\":\"search_term_string\"}}],\"inLanguage\":\"en-US\"},{\"@type\":\"Organization\",\"@id\":\"https:\\\/\\\/top-parfumerie.fr\\\/#organization\",\"name\":\"TOP PARFUMERIE\",\"url\":\"https:\\\/\\\/top-parfumerie.fr\\\/\",\"logo\":{\"@type\":\"ImageObject\",\"inLanguage\":\"en-US\",\"@id\":\"https:\\\/\\\/top-parfumerie.fr\\\/#\\\/schema\\\/logo\\\/image\\\/\",\"url\":\"https:\\\/\\\/top-parfumerie.fr\\\/wp-content\\\/uploads\\\/2025\\\/02\\\/logo.jpg\",\"contentUrl\":\"https:\\\/\\\/top-parfumerie.fr\\\/wp-content\\\/uploads\\\/2025\\\/02\\\/logo.jpg\",\"width\":1600,\"height\":1600,\"caption\":\"TOP PARFUMERIE\"},\"image\":{\"@id\":\"https:\\\/\\\/top-parfumerie.fr\\\/#\\\/schema\\\/logo\\\/image\\\/\"}}]}<\/script>\n<!-- \/ Yoast SEO plugin. -->","yoast_head_json":{"title":"YARA - Collection Priv\u00e9e Authentique 50ML - Parfum tendance 2025 - TOP PARFUMERIE","robots":{"index":"index","follow":"follow","max-snippet":"max-snippet:-1","max-image-preview":"max-image-preview:large","max-video-preview":"max-video-preview:-1"},"canonical":"https:\/\/top-parfumerie.fr\/en\/product\/yara-collection-privee-authentique-50ml-parfum-tendance-2025\/","og_locale":"en_US","og_type":"article","og_title":"YARA - Collection Priv\u00e9e Authentique 50ML - Parfum tendance 2025 - TOP PARFUMERIE","og_description":"YARA \u2013 Parfum Femme Sucr\u00e9, Tropical &amp; Poudr\u00e9 (Parfum Tendance 2025) YARA est un parfum f\u00e9minin doux, sucr\u00e9 et incroyablement addictif, pens\u00e9 pour celles qui aiment les fragrances tropicales, fruit\u00e9es et vanill\u00e9es. Une signature f\u00e9minine, lumineuse et chaleureuse. D\u00e8s l\u2019ouverture, des accents fruit\u00e9s et d\u2019agrumes apportent une fra\u00eecheur p\u00e9tillante et joyeuse. Rapidement, le parfum r\u00e9v\u00e8le [...]","og_url":"https:\/\/top-parfumerie.fr\/en\/product\/yara-collection-privee-authentique-50ml-parfum-tendance-2025\/","og_site_name":"TOP PARFUMERIE","article_modified_time":"2025-11-28T23:33:42+00:00","twitter_card":"summary_large_image","twitter_misc":{"Est. reading time":"1 minute"},"schema":{"@context":"https:\/\/schema.org","@graph":[{"@type":"WebPage","@id":"https:\/\/top-parfumerie.fr\/produit\/yara-collection-privee-authentique-50ml-parfum-tendance-2025\/","url":"https:\/\/top-parfumerie.fr\/produit\/yara-collection-privee-authentique-50ml-parfum-tendance-2025\/","name":"YARA - Collection Priv\u00e9e Authentique 50ML - Parfum tendance 2025 - TOP PARFUMERIE","isPartOf":{"@id":"https:\/\/top-parfumerie.fr\/#website"},"primaryImageOfPage":{"@id":"https:\/\/top-parfumerie.fr\/produit\/yara-collection-privee-authentique-50ml-parfum-tendance-2025\/#primaryimage"},"image":{"@id":"https:\/\/top-parfumerie.fr\/produit\/yara-collection-privee-authentique-50ml-parfum-tendance-2025\/#primaryimage"},"thumbnailUrl":"https:\/\/top-parfumerie.fr\/wp-content\/uploads\/2025\/11\/D99D9CB4-D067-4FE2-9C5A-EEA3AA93B5F0.heic","datePublished":"2025-11-28T22:39:39+00:00","dateModified":"2025-11-28T23:33:42+00:00","breadcrumb":{"@id":"https:\/\/top-parfumerie.fr\/produit\/yara-collection-privee-authentique-50ml-parfum-tendance-2025\/#breadcrumb"},"inLanguage":"en-US","potentialAction":[{"@type":"ReadAction","target":["https:\/\/top-parfumerie.fr\/produit\/yara-collection-privee-authentique-50ml-parfum-tendance-2025\/"]}]},{"@type":"ImageObject","inLanguage":"en-US","@id":"https:\/\/top-parfumerie.fr\/produit\/yara-collection-privee-authentique-50ml-parfum-tendance-2025\/#primaryimage","url":"https:\/\/top-parfumerie.fr\/wp-content\/uploads\/2025\/11\/D99D9CB4-D067-4FE2-9C5A-EEA3AA93B5F0.heic","contentUrl":"https:\/\/top-parfumerie.fr\/wp-content\/uploads\/2025\/11\/D99D9CB4-D067-4FE2-9C5A-EEA3AA93B5F0.heic"},{"@type":"BreadcrumbList","@id":"https:\/\/top-parfumerie.fr\/produit\/yara-collection-privee-authentique-50ml-parfum-tendance-2025\/#breadcrumb","itemListElement":[{"@type":"ListItem","position":1,"name":"Accueil","item":"https:\/\/top-parfumerie.fr\/"},{"@type":"ListItem","position":2,"name":"Boutique","item":"https:\/\/top-parfumerie.fr\/boutique\/"},{"@type":"ListItem","position":3,"name":"YARA &#8211; Collection Priv\u00e9e Authentique 50ML &#8211; Parfum tendance 2025"}]},{"@type":"WebSite","@id":"https:\/\/top-parfumerie.fr\/#website","url":"https:\/\/top-parfumerie.fr\/","name":"TOP PARFUMERIE","description":"L&#039;excellence du Parfum en Gros","publisher":{"@id":"https:\/\/top-parfumerie.fr\/#organization"},"potentialAction":[{"@type":"SearchAction","target":{"@type":"EntryPoint","urlTemplate":"https:\/\/top-parfumerie.fr\/?s={search_term_string}"},"query-input":{"@type":"PropertyValueSpecification","valueRequired":true,"valueName":"search_term_string"}}],"inLanguage":"en-US"},{"@type":"Organization","@id":"https:\/\/top-parfumerie.fr\/#organization","name":"TOP PARFUMERIE","url":"https:\/\/top-parfumerie.fr\/","logo":{"@type":"ImageObject","inLanguage":"en-US","@id":"https:\/\/top-parfumerie.fr\/#\/schema\/logo\/image\/","url":"https:\/\/top-parfumerie.fr\/wp-content\/uploads\/2025\/02\/logo.jpg","contentUrl":"https:\/\/top-parfumerie.fr\/wp-content\/uploads\/2025\/02\/logo.jpg","width":1600,"height":1600,"caption":"TOP PARFUMERIE"},"image":{"@id":"https:\/\/top-parfumerie.fr\/#\/schema\/logo\/image\/"}}]}},"_links":{"self":[{"href":"https:\/\/top-parfumerie.fr\/en\/wp-json\/wp\/v2\/product\/1509","targetHints":{"allow":["GET"]}}],"collection":[{"href":"https:\/\/top-parfumerie.fr\/en\/wp-json\/wp\/v2\/product"}],"about":[{"href":"https:\/\/top-parfumerie.fr\/en\/wp-json\/wp\/v2\/types\/product"}],"replies":[{"embeddable":true,"href":"https:\/\/top-parfumerie.fr\/en\/wp-json\/wp\/v2\/comments?post=1509"}],"wp:featuredmedia":[{"embeddable":true,"href":"https:\/\/top-parfumerie.fr\/en\/wp-json\/wp\/v2\/media\/1510"}],"wp:attachment":[{"href":"https:\/\/top-parfumerie.fr\/en\/wp-json\/wp\/v2\/media?parent=1509"}],"wp:term":[{"taxonomy":"product_brand","embeddable":true,"href":"https:\/\/top-parfumerie.fr\/en\/wp-json\/wp\/v2\/product_brand?post=1509"},{"taxonomy":"product_cat","embeddable":true,"href":"https:\/\/top-parfumerie.fr\/en\/wp-json\/wp\/v2\/product_cat?post=1509"},{"taxonomy":"product_tag","embeddable":true,"href":"https:\/\/top-parfumerie.fr\/en\/wp-json\/wp\/v2\/product_tag?post=1509"}],"curies":[{"name":"wp","href":"https:\/\/api.w.org\/{rel}","templated":true}]}}