{"id":1503,"date":"2025-11-28T22:35:47","date_gmt":"2025-11-28T22:35:47","guid":{"rendered":"https:\/\/top-parfumerie.fr\/?post_type=product&#038;p=1503"},"modified":"2025-11-28T23:37:09","modified_gmt":"2025-11-28T23:37:09","slug":"vaillant-collection-privee-authentique-50ml-parfum-tendance-2025","status":"publish","type":"product","link":"https:\/\/top-parfumerie.fr\/en\/product\/vaillant-collection-privee-authentique-50ml-parfum-tendance-2025\/","title":{"rendered":"VAILLANT &#8211; Collection Priv\u00e9e Authentique 50ML &#8211; Parfum tendance 2025"},"content":{"rendered":"<h3 align=\"left\" data-pm-slice=\"1 1 []\"><strong>VAILLANT \u2013 Parfum Homme Bois\u00e9 &amp; \u00c9l\u00e9gant (Parfum Tendance 2025)<\/strong><\/h3>\n<p>VAILLANT est un <strong>parfum masculin intens\u00e9ment bois\u00e9<\/strong>, pens\u00e9 pour les hommes s\u00fbrs d\u2019eux, qui aiment les fragrances <strong>propres, \u00e9l\u00e9gantes et raffin\u00e9es<\/strong>. Un parfum profond, moderne et parfaitement \u00e9quilibr\u00e9, id\u00e9al pour se d\u00e9marquer avec classe.<\/p>\n<p>Sa signature se construit autour d\u2019une <strong>puissance bois\u00e9e enveloppante<\/strong>, \u00e0 la fois chaude, noble et sophistiqu\u00e9e. Un parfum qui d\u00e9gage une aura calme mais charismatique, avec cette sensation de propret\u00e9 luxueuse et de douceur masculine recherch\u00e9e par les amateurs de senteurs bois\u00e9es intenses.<br \/>\nDes nuances l\u00e9g\u00e8rement <strong>florales et fum\u00e9es<\/strong> viennent apporter de l\u2019\u00e9l\u00e9gance, de la finesse et une touche myst\u00e9rieuse, cr\u00e9ant un sillage propre, doux, mais irr\u00e9sistiblement pr\u00e9sent.<\/p>\n<p>VAILLANT est un parfum homme <strong>tendance 2025<\/strong>, parfait pour ceux qui veulent une fragrance <strong>bois\u00e9e, classe, moderne et intemporelle<\/strong>, capable d\u2019attirer les compliments sans jamais en faire trop.<\/p>\n<p><strong>Caract\u00e8re du parfum :<\/strong><br \/>\n\u2022 Tr\u00e8s bois\u00e9<br \/>\n\u2022 \u00c9l\u00e9gant &amp; raffin\u00e9<br \/>\n\u2022 L\u00e9ger effet floral<br \/>\n\u2022 Sillage propre &amp; luxueux<br \/>\n\u2022 Parfum profond, doux et masculin<\/p>","protected":false},"excerpt":{"rendered":"<p>VAILLANT \u2013 Parfum Homme Bois\u00e9 &amp; \u00c9l\u00e9gant (Parfum Tendance 2025) VAILLANT est un parfum masculin intens\u00e9ment bois\u00e9, pens\u00e9 pour les hommes s\u00fbrs d\u2019eux, qui aiment les fragrances propres, \u00e9l\u00e9gantes et raffin\u00e9es. Un parfum profond, moderne et parfaitement \u00e9quilibr\u00e9, id\u00e9al pour se d\u00e9marquer avec classe. Sa signature se construit autour d\u2019une puissance bois\u00e9e enveloppante, \u00e0 la [&#8230;]\n","protected":false},"featured_media":1504,"comment_status":"open","ping_status":"closed","template":"","meta":[],"product_brand":[],"product_cat":[109],"product_tag":[],"class_list":{"0":"post-1503","1":"product","2":"type-product","3":"status-publish","4":"has-post-thumbnail","6":"product_cat-collection-privee-authentique","8":"first","9":"instock","10":"shipping-taxable","11":"purchasable","12":"product-type-simple"},"yoast_head":"<!-- This site is optimized with the Yoast SEO plugin v27.5 - https:\/\/yoast.com\/product\/yoast-seo-wordpress\/ -->\n<title>VAILLANT - Collection Priv\u00e9e Authentique 50ML - Parfum tendance 2025 - TOP PARFUMERIE<\/title>\n<meta name=\"robots\" content=\"index, follow, max-snippet:-1, max-image-preview:large, max-video-preview:-1\" \/>\n<link rel=\"canonical\" href=\"https:\/\/top-parfumerie.fr\/en\/product\/vaillant-collection-privee-authentique-50ml-parfum-tendance-2025\/\" \/>\n<meta property=\"og:locale\" content=\"en_US\" \/>\n<meta property=\"og:type\" content=\"article\" \/>\n<meta property=\"og:title\" content=\"VAILLANT - Collection Priv\u00e9e Authentique 50ML - Parfum tendance 2025 - TOP PARFUMERIE\" \/>\n<meta property=\"og:description\" content=\"VAILLANT \u2013 Parfum Homme Bois\u00e9 &amp; \u00c9l\u00e9gant (Parfum Tendance 2025) VAILLANT est un parfum masculin intens\u00e9ment bois\u00e9, pens\u00e9 pour les hommes s\u00fbrs d\u2019eux, qui aiment les fragrances propres, \u00e9l\u00e9gantes et raffin\u00e9es. Un parfum profond, moderne et parfaitement \u00e9quilibr\u00e9, id\u00e9al pour se d\u00e9marquer avec classe. Sa signature se construit autour d\u2019une puissance bois\u00e9e enveloppante, \u00e0 la [...]\" \/>\n<meta property=\"og:url\" content=\"https:\/\/top-parfumerie.fr\/en\/product\/vaillant-collection-privee-authentique-50ml-parfum-tendance-2025\/\" \/>\n<meta property=\"og:site_name\" content=\"TOP PARFUMERIE\" \/>\n<meta property=\"article:modified_time\" content=\"2025-11-28T23:37:09+00:00\" \/>\n<meta name=\"twitter:card\" content=\"summary_large_image\" \/>\n<meta name=\"twitter:label1\" content=\"Est. reading time\" \/>\n\t<meta name=\"twitter:data1\" content=\"2 minutes\" \/>\n<script type=\"application\/ld+json\" class=\"yoast-schema-graph\">{\"@context\":\"https:\\\/\\\/schema.org\",\"@graph\":[{\"@type\":\"WebPage\",\"@id\":\"https:\\\/\\\/top-parfumerie.fr\\\/produit\\\/vaillant-collection-privee-authentique-50ml-parfum-tendance-2025\\\/\",\"url\":\"https:\\\/\\\/top-parfumerie.fr\\\/produit\\\/vaillant-collection-privee-authentique-50ml-parfum-tendance-2025\\\/\",\"name\":\"VAILLANT - Collection Priv\u00e9e Authentique 50ML - Parfum tendance 2025 - TOP PARFUMERIE\",\"isPartOf\":{\"@id\":\"https:\\\/\\\/top-parfumerie.fr\\\/#website\"},\"primaryImageOfPage\":{\"@id\":\"https:\\\/\\\/top-parfumerie.fr\\\/produit\\\/vaillant-collection-privee-authentique-50ml-parfum-tendance-2025\\\/#primaryimage\"},\"image\":{\"@id\":\"https:\\\/\\\/top-parfumerie.fr\\\/produit\\\/vaillant-collection-privee-authentique-50ml-parfum-tendance-2025\\\/#primaryimage\"},\"thumbnailUrl\":\"https:\\\/\\\/top-parfumerie.fr\\\/wp-content\\\/uploads\\\/2025\\\/11\\\/80C92DCA-1EF9-4A4D-A2D7-403540797D95.heic\",\"datePublished\":\"2025-11-28T22:35:47+00:00\",\"dateModified\":\"2025-11-28T23:37:09+00:00\",\"breadcrumb\":{\"@id\":\"https:\\\/\\\/top-parfumerie.fr\\\/produit\\\/vaillant-collection-privee-authentique-50ml-parfum-tendance-2025\\\/#breadcrumb\"},\"inLanguage\":\"en-US\",\"potentialAction\":[{\"@type\":\"ReadAction\",\"target\":[\"https:\\\/\\\/top-parfumerie.fr\\\/produit\\\/vaillant-collection-privee-authentique-50ml-parfum-tendance-2025\\\/\"]}]},{\"@type\":\"ImageObject\",\"inLanguage\":\"en-US\",\"@id\":\"https:\\\/\\\/top-parfumerie.fr\\\/produit\\\/vaillant-collection-privee-authentique-50ml-parfum-tendance-2025\\\/#primaryimage\",\"url\":\"https:\\\/\\\/top-parfumerie.fr\\\/wp-content\\\/uploads\\\/2025\\\/11\\\/80C92DCA-1EF9-4A4D-A2D7-403540797D95.heic\",\"contentUrl\":\"https:\\\/\\\/top-parfumerie.fr\\\/wp-content\\\/uploads\\\/2025\\\/11\\\/80C92DCA-1EF9-4A4D-A2D7-403540797D95.heic\"},{\"@type\":\"BreadcrumbList\",\"@id\":\"https:\\\/\\\/top-parfumerie.fr\\\/produit\\\/vaillant-collection-privee-authentique-50ml-parfum-tendance-2025\\\/#breadcrumb\",\"itemListElement\":[{\"@type\":\"ListItem\",\"position\":1,\"name\":\"Accueil\",\"item\":\"https:\\\/\\\/top-parfumerie.fr\\\/\"},{\"@type\":\"ListItem\",\"position\":2,\"name\":\"Boutique\",\"item\":\"https:\\\/\\\/top-parfumerie.fr\\\/boutique\\\/\"},{\"@type\":\"ListItem\",\"position\":3,\"name\":\"VAILLANT &#8211; Collection Priv\u00e9e Authentique 50ML &#8211; Parfum tendance 2025\"}]},{\"@type\":\"WebSite\",\"@id\":\"https:\\\/\\\/top-parfumerie.fr\\\/#website\",\"url\":\"https:\\\/\\\/top-parfumerie.fr\\\/\",\"name\":\"TOP PARFUMERIE\",\"description\":\"L&#039;excellence du Parfum en Gros\",\"publisher\":{\"@id\":\"https:\\\/\\\/top-parfumerie.fr\\\/#organization\"},\"potentialAction\":[{\"@type\":\"SearchAction\",\"target\":{\"@type\":\"EntryPoint\",\"urlTemplate\":\"https:\\\/\\\/top-parfumerie.fr\\\/?s={search_term_string}\"},\"query-input\":{\"@type\":\"PropertyValueSpecification\",\"valueRequired\":true,\"valueName\":\"search_term_string\"}}],\"inLanguage\":\"en-US\"},{\"@type\":\"Organization\",\"@id\":\"https:\\\/\\\/top-parfumerie.fr\\\/#organization\",\"name\":\"TOP PARFUMERIE\",\"url\":\"https:\\\/\\\/top-parfumerie.fr\\\/\",\"logo\":{\"@type\":\"ImageObject\",\"inLanguage\":\"en-US\",\"@id\":\"https:\\\/\\\/top-parfumerie.fr\\\/#\\\/schema\\\/logo\\\/image\\\/\",\"url\":\"https:\\\/\\\/top-parfumerie.fr\\\/wp-content\\\/uploads\\\/2025\\\/02\\\/logo.jpg\",\"contentUrl\":\"https:\\\/\\\/top-parfumerie.fr\\\/wp-content\\\/uploads\\\/2025\\\/02\\\/logo.jpg\",\"width\":1600,\"height\":1600,\"caption\":\"TOP PARFUMERIE\"},\"image\":{\"@id\":\"https:\\\/\\\/top-parfumerie.fr\\\/#\\\/schema\\\/logo\\\/image\\\/\"}}]}<\/script>\n<!-- \/ Yoast SEO plugin. -->","yoast_head_json":{"title":"VAILLANT - Collection Priv\u00e9e Authentique 50ML - Parfum tendance 2025 - TOP PARFUMERIE","robots":{"index":"index","follow":"follow","max-snippet":"max-snippet:-1","max-image-preview":"max-image-preview:large","max-video-preview":"max-video-preview:-1"},"canonical":"https:\/\/top-parfumerie.fr\/en\/product\/vaillant-collection-privee-authentique-50ml-parfum-tendance-2025\/","og_locale":"en_US","og_type":"article","og_title":"VAILLANT - Collection Priv\u00e9e Authentique 50ML - Parfum tendance 2025 - TOP PARFUMERIE","og_description":"VAILLANT \u2013 Parfum Homme Bois\u00e9 &amp; \u00c9l\u00e9gant (Parfum Tendance 2025) VAILLANT est un parfum masculin intens\u00e9ment bois\u00e9, pens\u00e9 pour les hommes s\u00fbrs d\u2019eux, qui aiment les fragrances propres, \u00e9l\u00e9gantes et raffin\u00e9es. Un parfum profond, moderne et parfaitement \u00e9quilibr\u00e9, id\u00e9al pour se d\u00e9marquer avec classe. Sa signature se construit autour d\u2019une puissance bois\u00e9e enveloppante, \u00e0 la [...]","og_url":"https:\/\/top-parfumerie.fr\/en\/product\/vaillant-collection-privee-authentique-50ml-parfum-tendance-2025\/","og_site_name":"TOP PARFUMERIE","article_modified_time":"2025-11-28T23:37:09+00:00","twitter_card":"summary_large_image","twitter_misc":{"Est. reading time":"2 minutes"},"schema":{"@context":"https:\/\/schema.org","@graph":[{"@type":"WebPage","@id":"https:\/\/top-parfumerie.fr\/produit\/vaillant-collection-privee-authentique-50ml-parfum-tendance-2025\/","url":"https:\/\/top-parfumerie.fr\/produit\/vaillant-collection-privee-authentique-50ml-parfum-tendance-2025\/","name":"VAILLANT - Collection Priv\u00e9e Authentique 50ML - Parfum tendance 2025 - TOP PARFUMERIE","isPartOf":{"@id":"https:\/\/top-parfumerie.fr\/#website"},"primaryImageOfPage":{"@id":"https:\/\/top-parfumerie.fr\/produit\/vaillant-collection-privee-authentique-50ml-parfum-tendance-2025\/#primaryimage"},"image":{"@id":"https:\/\/top-parfumerie.fr\/produit\/vaillant-collection-privee-authentique-50ml-parfum-tendance-2025\/#primaryimage"},"thumbnailUrl":"https:\/\/top-parfumerie.fr\/wp-content\/uploads\/2025\/11\/80C92DCA-1EF9-4A4D-A2D7-403540797D95.heic","datePublished":"2025-11-28T22:35:47+00:00","dateModified":"2025-11-28T23:37:09+00:00","breadcrumb":{"@id":"https:\/\/top-parfumerie.fr\/produit\/vaillant-collection-privee-authentique-50ml-parfum-tendance-2025\/#breadcrumb"},"inLanguage":"en-US","potentialAction":[{"@type":"ReadAction","target":["https:\/\/top-parfumerie.fr\/produit\/vaillant-collection-privee-authentique-50ml-parfum-tendance-2025\/"]}]},{"@type":"ImageObject","inLanguage":"en-US","@id":"https:\/\/top-parfumerie.fr\/produit\/vaillant-collection-privee-authentique-50ml-parfum-tendance-2025\/#primaryimage","url":"https:\/\/top-parfumerie.fr\/wp-content\/uploads\/2025\/11\/80C92DCA-1EF9-4A4D-A2D7-403540797D95.heic","contentUrl":"https:\/\/top-parfumerie.fr\/wp-content\/uploads\/2025\/11\/80C92DCA-1EF9-4A4D-A2D7-403540797D95.heic"},{"@type":"BreadcrumbList","@id":"https:\/\/top-parfumerie.fr\/produit\/vaillant-collection-privee-authentique-50ml-parfum-tendance-2025\/#breadcrumb","itemListElement":[{"@type":"ListItem","position":1,"name":"Accueil","item":"https:\/\/top-parfumerie.fr\/"},{"@type":"ListItem","position":2,"name":"Boutique","item":"https:\/\/top-parfumerie.fr\/boutique\/"},{"@type":"ListItem","position":3,"name":"VAILLANT &#8211; Collection Priv\u00e9e Authentique 50ML &#8211; Parfum tendance 2025"}]},{"@type":"WebSite","@id":"https:\/\/top-parfumerie.fr\/#website","url":"https:\/\/top-parfumerie.fr\/","name":"TOP PARFUMERIE","description":"L&#039;excellence du Parfum en Gros","publisher":{"@id":"https:\/\/top-parfumerie.fr\/#organization"},"potentialAction":[{"@type":"SearchAction","target":{"@type":"EntryPoint","urlTemplate":"https:\/\/top-parfumerie.fr\/?s={search_term_string}"},"query-input":{"@type":"PropertyValueSpecification","valueRequired":true,"valueName":"search_term_string"}}],"inLanguage":"en-US"},{"@type":"Organization","@id":"https:\/\/top-parfumerie.fr\/#organization","name":"TOP PARFUMERIE","url":"https:\/\/top-parfumerie.fr\/","logo":{"@type":"ImageObject","inLanguage":"en-US","@id":"https:\/\/top-parfumerie.fr\/#\/schema\/logo\/image\/","url":"https:\/\/top-parfumerie.fr\/wp-content\/uploads\/2025\/02\/logo.jpg","contentUrl":"https:\/\/top-parfumerie.fr\/wp-content\/uploads\/2025\/02\/logo.jpg","width":1600,"height":1600,"caption":"TOP PARFUMERIE"},"image":{"@id":"https:\/\/top-parfumerie.fr\/#\/schema\/logo\/image\/"}}]}},"_links":{"self":[{"href":"https:\/\/top-parfumerie.fr\/en\/wp-json\/wp\/v2\/product\/1503","targetHints":{"allow":["GET"]}}],"collection":[{"href":"https:\/\/top-parfumerie.fr\/en\/wp-json\/wp\/v2\/product"}],"about":[{"href":"https:\/\/top-parfumerie.fr\/en\/wp-json\/wp\/v2\/types\/product"}],"replies":[{"embeddable":true,"href":"https:\/\/top-parfumerie.fr\/en\/wp-json\/wp\/v2\/comments?post=1503"}],"wp:featuredmedia":[{"embeddable":true,"href":"https:\/\/top-parfumerie.fr\/en\/wp-json\/wp\/v2\/media\/1504"}],"wp:attachment":[{"href":"https:\/\/top-parfumerie.fr\/en\/wp-json\/wp\/v2\/media?parent=1503"}],"wp:term":[{"taxonomy":"product_brand","embeddable":true,"href":"https:\/\/top-parfumerie.fr\/en\/wp-json\/wp\/v2\/product_brand?post=1503"},{"taxonomy":"product_cat","embeddable":true,"href":"https:\/\/top-parfumerie.fr\/en\/wp-json\/wp\/v2\/product_cat?post=1503"},{"taxonomy":"product_tag","embeddable":true,"href":"https:\/\/top-parfumerie.fr\/en\/wp-json\/wp\/v2\/product_tag?post=1503"}],"curies":[{"name":"wp","href":"https:\/\/api.w.org\/{rel}","templated":true}]}}