{"id":1499,"date":"2025-11-28T22:28:27","date_gmt":"2025-11-28T22:28:27","guid":{"rendered":"https:\/\/top-parfumerie.fr\/?post_type=product&#038;p=1499"},"modified":"2025-11-28T23:39:14","modified_gmt":"2025-11-28T23:39:14","slug":"caramielo-collection-privee-authentique-parfum-tendance-2025","status":"publish","type":"product","link":"https:\/\/top-parfumerie.fr\/en\/product\/caramielo-collection-privee-authentique-parfum-tendance-2025\/","title":{"rendered":"CARAMIELO &#8211; Collection Priv\u00e9e Authentique &#8211; Parfum tendance 2025"},"content":{"rendered":"<h1 align=\"left\" data-pm-slice=\"1 1 []\"><strong>CARAMIELO \u2013 Le Parfum \u00ab Interdit aux Hommes Mari\u00e9s \u00bb (Parfum Tendance 2025)<\/strong><\/h1>\n<p>CARAMIELO, c\u2019est <strong>le parfum masculin qui a fait le buzz<\/strong>, celui qu\u2019on surnomme <em>\u00ab interdit aux hommes mari\u00e9s \u00bb<\/em>tellement son pouvoir d\u2019attraction est <strong>incroyablement fort<\/strong>. Un parfum <strong>secret<\/strong>, myst\u00e9rieux, impossible \u00e0 d\u00e9voiler\u2026 mais <strong>impossible \u00e0 oublier<\/strong>.<\/p>\n<p>Con\u00e7u pour les hommes qui veulent se d\u00e9marquer, CARAMIELO poss\u00e8de une aura <strong>charismatique, intense et magn\u00e9tique<\/strong> qui attire les compliments \u00e0 chaque passage. Sa signature olfactive est construite pour durer, pour se faire remarquer et pour laisser un sillage qui <strong>retient l\u2019attention sans jamais en faire trop<\/strong>.<\/p>\n<p>C\u2019est LE parfum que tout le monde cherche, celui que beaucoup veulent comprendre\u2026 mais que peu connaissent vraiment. Un parfum confidentiel, <strong>tendance 2025<\/strong>, r\u00e9serv\u00e9 aux hommes s\u00fbrs d\u2019eux, assum\u00e9s, et pr\u00eats \u00e0 faire tourner les t\u00eates.<\/p>\n<p>Un secret bien gard\u00e9 \u2014 jusqu\u2019\u00e0 ce que vous le portiez.<\/p>\n<p><strong>Pourquoi CARAmIELO fait autant parler ?<\/strong><br \/>\n\u2022 Surnomm\u00e9 <strong>\u00ab interdit aux hommes mari\u00e9s \u00bb<\/strong><br \/>\n\u2022 Un parfum <strong>\u00e0 forte personnalit\u00e9<\/strong><br \/>\n\u2022 Une fragrance <strong>myst\u00e9rieuse<\/strong>, gard\u00e9e secr\u00e8te<br \/>\n\u2022 Une tenue <strong>longue dur\u00e9e<\/strong> qui marque les esprits<br \/>\n\u2022 Un choix parfait pour les hommes qui veulent un parfum <strong>sensuel, moderne et irr\u00e9sistible<\/strong><\/p>","protected":false},"excerpt":{"rendered":"<p>CARAMIELO \u2013 Le Parfum \u00ab Interdit aux Hommes Mari\u00e9s \u00bb (Parfum Tendance 2025) CARAMIELO, c\u2019est le parfum masculin qui a fait le buzz, celui qu\u2019on surnomme \u00ab interdit aux hommes mari\u00e9s \u00bbtellement son pouvoir d\u2019attraction est incroyablement fort. Un parfum secret, myst\u00e9rieux, impossible \u00e0 d\u00e9voiler\u2026 mais impossible \u00e0 oublier. Con\u00e7u pour les hommes qui veulent [&#8230;]\n","protected":false},"featured_media":1500,"comment_status":"open","ping_status":"closed","template":"","meta":[],"product_brand":[],"product_cat":[109],"product_tag":[],"class_list":{"0":"post-1499","1":"product","2":"type-product","3":"status-publish","4":"has-post-thumbnail","6":"product_cat-collection-privee-authentique","8":"first","9":"instock","10":"shipping-taxable","11":"purchasable","12":"product-type-simple"},"yoast_head":"<!-- This site is optimized with the Yoast SEO plugin v27.5 - https:\/\/yoast.com\/product\/yoast-seo-wordpress\/ -->\n<title>CARAMIELO - Collection Priv\u00e9e Authentique - Parfum tendance 2025 - TOP PARFUMERIE<\/title>\n<meta name=\"robots\" content=\"index, follow, max-snippet:-1, max-image-preview:large, max-video-preview:-1\" \/>\n<link rel=\"canonical\" href=\"https:\/\/top-parfumerie.fr\/en\/product\/caramielo-collection-privee-authentique-parfum-tendance-2025\/\" \/>\n<meta property=\"og:locale\" content=\"en_US\" \/>\n<meta property=\"og:type\" content=\"article\" \/>\n<meta property=\"og:title\" content=\"CARAMIELO - Collection Priv\u00e9e Authentique - Parfum tendance 2025 - TOP PARFUMERIE\" \/>\n<meta property=\"og:description\" content=\"CARAMIELO \u2013 Le Parfum \u00ab Interdit aux Hommes Mari\u00e9s \u00bb (Parfum Tendance 2025) CARAMIELO, c\u2019est le parfum masculin qui a fait le buzz, celui qu\u2019on surnomme \u00ab interdit aux hommes mari\u00e9s \u00bbtellement son pouvoir d\u2019attraction est incroyablement fort. Un parfum secret, myst\u00e9rieux, impossible \u00e0 d\u00e9voiler\u2026 mais impossible \u00e0 oublier. Con\u00e7u pour les hommes qui veulent [...]\" \/>\n<meta property=\"og:url\" content=\"https:\/\/top-parfumerie.fr\/en\/product\/caramielo-collection-privee-authentique-parfum-tendance-2025\/\" \/>\n<meta property=\"og:site_name\" content=\"TOP PARFUMERIE\" \/>\n<meta property=\"article:modified_time\" content=\"2025-11-28T23:39:14+00:00\" \/>\n<meta name=\"twitter:card\" content=\"summary_large_image\" \/>\n<meta name=\"twitter:label1\" content=\"Est. reading time\" \/>\n\t<meta name=\"twitter:data1\" content=\"2 minutes\" \/>\n<script type=\"application\/ld+json\" class=\"yoast-schema-graph\">{\"@context\":\"https:\\\/\\\/schema.org\",\"@graph\":[{\"@type\":\"WebPage\",\"@id\":\"https:\\\/\\\/top-parfumerie.fr\\\/produit\\\/caramielo-collection-privee-authentique-parfum-tendance-2025\\\/\",\"url\":\"https:\\\/\\\/top-parfumerie.fr\\\/produit\\\/caramielo-collection-privee-authentique-parfum-tendance-2025\\\/\",\"name\":\"CARAMIELO - Collection Priv\u00e9e Authentique - Parfum tendance 2025 - TOP PARFUMERIE\",\"isPartOf\":{\"@id\":\"https:\\\/\\\/top-parfumerie.fr\\\/#website\"},\"primaryImageOfPage\":{\"@id\":\"https:\\\/\\\/top-parfumerie.fr\\\/produit\\\/caramielo-collection-privee-authentique-parfum-tendance-2025\\\/#primaryimage\"},\"image\":{\"@id\":\"https:\\\/\\\/top-parfumerie.fr\\\/produit\\\/caramielo-collection-privee-authentique-parfum-tendance-2025\\\/#primaryimage\"},\"thumbnailUrl\":\"https:\\\/\\\/top-parfumerie.fr\\\/wp-content\\\/uploads\\\/2025\\\/11\\\/9A01DBF0-44B1-4EAE-843D-EFDAB29D8582.heic\",\"datePublished\":\"2025-11-28T22:28:27+00:00\",\"dateModified\":\"2025-11-28T23:39:14+00:00\",\"breadcrumb\":{\"@id\":\"https:\\\/\\\/top-parfumerie.fr\\\/produit\\\/caramielo-collection-privee-authentique-parfum-tendance-2025\\\/#breadcrumb\"},\"inLanguage\":\"en-US\",\"potentialAction\":[{\"@type\":\"ReadAction\",\"target\":[\"https:\\\/\\\/top-parfumerie.fr\\\/produit\\\/caramielo-collection-privee-authentique-parfum-tendance-2025\\\/\"]}]},{\"@type\":\"ImageObject\",\"inLanguage\":\"en-US\",\"@id\":\"https:\\\/\\\/top-parfumerie.fr\\\/produit\\\/caramielo-collection-privee-authentique-parfum-tendance-2025\\\/#primaryimage\",\"url\":\"https:\\\/\\\/top-parfumerie.fr\\\/wp-content\\\/uploads\\\/2025\\\/11\\\/9A01DBF0-44B1-4EAE-843D-EFDAB29D8582.heic\",\"contentUrl\":\"https:\\\/\\\/top-parfumerie.fr\\\/wp-content\\\/uploads\\\/2025\\\/11\\\/9A01DBF0-44B1-4EAE-843D-EFDAB29D8582.heic\"},{\"@type\":\"BreadcrumbList\",\"@id\":\"https:\\\/\\\/top-parfumerie.fr\\\/produit\\\/caramielo-collection-privee-authentique-parfum-tendance-2025\\\/#breadcrumb\",\"itemListElement\":[{\"@type\":\"ListItem\",\"position\":1,\"name\":\"Accueil\",\"item\":\"https:\\\/\\\/top-parfumerie.fr\\\/\"},{\"@type\":\"ListItem\",\"position\":2,\"name\":\"Boutique\",\"item\":\"https:\\\/\\\/top-parfumerie.fr\\\/boutique\\\/\"},{\"@type\":\"ListItem\",\"position\":3,\"name\":\"CARAMIELO &#8211; Collection Priv\u00e9e Authentique &#8211; Parfum tendance 2025\"}]},{\"@type\":\"WebSite\",\"@id\":\"https:\\\/\\\/top-parfumerie.fr\\\/#website\",\"url\":\"https:\\\/\\\/top-parfumerie.fr\\\/\",\"name\":\"TOP PARFUMERIE\",\"description\":\"L&#039;excellence du Parfum en Gros\",\"publisher\":{\"@id\":\"https:\\\/\\\/top-parfumerie.fr\\\/#organization\"},\"potentialAction\":[{\"@type\":\"SearchAction\",\"target\":{\"@type\":\"EntryPoint\",\"urlTemplate\":\"https:\\\/\\\/top-parfumerie.fr\\\/?s={search_term_string}\"},\"query-input\":{\"@type\":\"PropertyValueSpecification\",\"valueRequired\":true,\"valueName\":\"search_term_string\"}}],\"inLanguage\":\"en-US\"},{\"@type\":\"Organization\",\"@id\":\"https:\\\/\\\/top-parfumerie.fr\\\/#organization\",\"name\":\"TOP PARFUMERIE\",\"url\":\"https:\\\/\\\/top-parfumerie.fr\\\/\",\"logo\":{\"@type\":\"ImageObject\",\"inLanguage\":\"en-US\",\"@id\":\"https:\\\/\\\/top-parfumerie.fr\\\/#\\\/schema\\\/logo\\\/image\\\/\",\"url\":\"https:\\\/\\\/top-parfumerie.fr\\\/wp-content\\\/uploads\\\/2025\\\/02\\\/logo.jpg\",\"contentUrl\":\"https:\\\/\\\/top-parfumerie.fr\\\/wp-content\\\/uploads\\\/2025\\\/02\\\/logo.jpg\",\"width\":1600,\"height\":1600,\"caption\":\"TOP PARFUMERIE\"},\"image\":{\"@id\":\"https:\\\/\\\/top-parfumerie.fr\\\/#\\\/schema\\\/logo\\\/image\\\/\"}}]}<\/script>\n<!-- \/ Yoast SEO plugin. -->","yoast_head_json":{"title":"CARAMIELO - Collection Priv\u00e9e Authentique - Parfum tendance 2025 - TOP PARFUMERIE","robots":{"index":"index","follow":"follow","max-snippet":"max-snippet:-1","max-image-preview":"max-image-preview:large","max-video-preview":"max-video-preview:-1"},"canonical":"https:\/\/top-parfumerie.fr\/en\/product\/caramielo-collection-privee-authentique-parfum-tendance-2025\/","og_locale":"en_US","og_type":"article","og_title":"CARAMIELO - Collection Priv\u00e9e Authentique - Parfum tendance 2025 - TOP PARFUMERIE","og_description":"CARAMIELO \u2013 Le Parfum \u00ab Interdit aux Hommes Mari\u00e9s \u00bb (Parfum Tendance 2025) CARAMIELO, c\u2019est le parfum masculin qui a fait le buzz, celui qu\u2019on surnomme \u00ab interdit aux hommes mari\u00e9s \u00bbtellement son pouvoir d\u2019attraction est incroyablement fort. Un parfum secret, myst\u00e9rieux, impossible \u00e0 d\u00e9voiler\u2026 mais impossible \u00e0 oublier. Con\u00e7u pour les hommes qui veulent [...]","og_url":"https:\/\/top-parfumerie.fr\/en\/product\/caramielo-collection-privee-authentique-parfum-tendance-2025\/","og_site_name":"TOP PARFUMERIE","article_modified_time":"2025-11-28T23:39:14+00:00","twitter_card":"summary_large_image","twitter_misc":{"Est. reading time":"2 minutes"},"schema":{"@context":"https:\/\/schema.org","@graph":[{"@type":"WebPage","@id":"https:\/\/top-parfumerie.fr\/produit\/caramielo-collection-privee-authentique-parfum-tendance-2025\/","url":"https:\/\/top-parfumerie.fr\/produit\/caramielo-collection-privee-authentique-parfum-tendance-2025\/","name":"CARAMIELO - Collection Priv\u00e9e Authentique - Parfum tendance 2025 - TOP PARFUMERIE","isPartOf":{"@id":"https:\/\/top-parfumerie.fr\/#website"},"primaryImageOfPage":{"@id":"https:\/\/top-parfumerie.fr\/produit\/caramielo-collection-privee-authentique-parfum-tendance-2025\/#primaryimage"},"image":{"@id":"https:\/\/top-parfumerie.fr\/produit\/caramielo-collection-privee-authentique-parfum-tendance-2025\/#primaryimage"},"thumbnailUrl":"https:\/\/top-parfumerie.fr\/wp-content\/uploads\/2025\/11\/9A01DBF0-44B1-4EAE-843D-EFDAB29D8582.heic","datePublished":"2025-11-28T22:28:27+00:00","dateModified":"2025-11-28T23:39:14+00:00","breadcrumb":{"@id":"https:\/\/top-parfumerie.fr\/produit\/caramielo-collection-privee-authentique-parfum-tendance-2025\/#breadcrumb"},"inLanguage":"en-US","potentialAction":[{"@type":"ReadAction","target":["https:\/\/top-parfumerie.fr\/produit\/caramielo-collection-privee-authentique-parfum-tendance-2025\/"]}]},{"@type":"ImageObject","inLanguage":"en-US","@id":"https:\/\/top-parfumerie.fr\/produit\/caramielo-collection-privee-authentique-parfum-tendance-2025\/#primaryimage","url":"https:\/\/top-parfumerie.fr\/wp-content\/uploads\/2025\/11\/9A01DBF0-44B1-4EAE-843D-EFDAB29D8582.heic","contentUrl":"https:\/\/top-parfumerie.fr\/wp-content\/uploads\/2025\/11\/9A01DBF0-44B1-4EAE-843D-EFDAB29D8582.heic"},{"@type":"BreadcrumbList","@id":"https:\/\/top-parfumerie.fr\/produit\/caramielo-collection-privee-authentique-parfum-tendance-2025\/#breadcrumb","itemListElement":[{"@type":"ListItem","position":1,"name":"Accueil","item":"https:\/\/top-parfumerie.fr\/"},{"@type":"ListItem","position":2,"name":"Boutique","item":"https:\/\/top-parfumerie.fr\/boutique\/"},{"@type":"ListItem","position":3,"name":"CARAMIELO &#8211; Collection Priv\u00e9e Authentique &#8211; Parfum tendance 2025"}]},{"@type":"WebSite","@id":"https:\/\/top-parfumerie.fr\/#website","url":"https:\/\/top-parfumerie.fr\/","name":"TOP PARFUMERIE","description":"L&#039;excellence du Parfum en Gros","publisher":{"@id":"https:\/\/top-parfumerie.fr\/#organization"},"potentialAction":[{"@type":"SearchAction","target":{"@type":"EntryPoint","urlTemplate":"https:\/\/top-parfumerie.fr\/?s={search_term_string}"},"query-input":{"@type":"PropertyValueSpecification","valueRequired":true,"valueName":"search_term_string"}}],"inLanguage":"en-US"},{"@type":"Organization","@id":"https:\/\/top-parfumerie.fr\/#organization","name":"TOP PARFUMERIE","url":"https:\/\/top-parfumerie.fr\/","logo":{"@type":"ImageObject","inLanguage":"en-US","@id":"https:\/\/top-parfumerie.fr\/#\/schema\/logo\/image\/","url":"https:\/\/top-parfumerie.fr\/wp-content\/uploads\/2025\/02\/logo.jpg","contentUrl":"https:\/\/top-parfumerie.fr\/wp-content\/uploads\/2025\/02\/logo.jpg","width":1600,"height":1600,"caption":"TOP PARFUMERIE"},"image":{"@id":"https:\/\/top-parfumerie.fr\/#\/schema\/logo\/image\/"}}]}},"_links":{"self":[{"href":"https:\/\/top-parfumerie.fr\/en\/wp-json\/wp\/v2\/product\/1499","targetHints":{"allow":["GET"]}}],"collection":[{"href":"https:\/\/top-parfumerie.fr\/en\/wp-json\/wp\/v2\/product"}],"about":[{"href":"https:\/\/top-parfumerie.fr\/en\/wp-json\/wp\/v2\/types\/product"}],"replies":[{"embeddable":true,"href":"https:\/\/top-parfumerie.fr\/en\/wp-json\/wp\/v2\/comments?post=1499"}],"wp:featuredmedia":[{"embeddable":true,"href":"https:\/\/top-parfumerie.fr\/en\/wp-json\/wp\/v2\/media\/1500"}],"wp:attachment":[{"href":"https:\/\/top-parfumerie.fr\/en\/wp-json\/wp\/v2\/media?parent=1499"}],"wp:term":[{"taxonomy":"product_brand","embeddable":true,"href":"https:\/\/top-parfumerie.fr\/en\/wp-json\/wp\/v2\/product_brand?post=1499"},{"taxonomy":"product_cat","embeddable":true,"href":"https:\/\/top-parfumerie.fr\/en\/wp-json\/wp\/v2\/product_cat?post=1499"},{"taxonomy":"product_tag","embeddable":true,"href":"https:\/\/top-parfumerie.fr\/en\/wp-json\/wp\/v2\/product_tag?post=1499"}],"curies":[{"name":"wp","href":"https:\/\/api.w.org\/{rel}","templated":true}]}}