{"id":1497,"date":"2025-11-28T22:27:31","date_gmt":"2025-11-28T22:27:31","guid":{"rendered":"https:\/\/top-parfumerie.fr\/?post_type=product&#038;p=1497"},"modified":"2025-11-28T23:40:15","modified_gmt":"2025-11-28T23:40:15","slug":"bois-collection-privee-authentique-50ml-parfum-tendance-2025","status":"publish","type":"product","link":"https:\/\/top-parfumerie.fr\/en\/product\/bois-collection-privee-authentique-50ml-parfum-tendance-2025\/","title":{"rendered":"BOIS &#8211; Collection Priv\u00e9e Authentique 50ML &#8211; Parfum tendance 2025"},"content":{"rendered":"<h1 align=\"left\" data-pm-slice=\"1 1 []\"><strong>BOIS \u2013 Parfum Homme Bois\u00e9 &amp; \u00c9l\u00e9gant (Parfum Tendance 2025)<\/strong><\/h1>\n<p>BOIS est un <strong>parfum masculin bois\u00e9, raffin\u00e9 et moderne<\/strong>, pens\u00e9 pour les hommes qui veulent une fragrance <strong>\u00e9l\u00e9gante, profonde et longue tenue<\/strong>. Une silhouette olfactive m\u00ealant chaleur, caract\u00e8re et sophistication.<\/p>\n<p>Cette composition s\u2019ouvre sur une <strong>structure bois\u00e9e<\/strong> riche et enveloppante, imm\u00e9diatement mise en valeur par un <strong>iris d\u00e9licat<\/strong>, apportant une touche florale subtile et \u00e9l\u00e9gante.<br \/>\nUne nuance d\u2019<strong>encens<\/strong> s\u2019ajoute ensuite, cr\u00e9ant une aura myst\u00e9rieuse, charismatique et r\u00e9solument masculine. Le r\u00e9sultat : un parfum <strong>bois\u00e9, floral et l\u00e9g\u00e8rement fum\u00e9<\/strong>, id\u00e9al pour un style affirm\u00e9 et intemporel.<\/p>\n<p>BOIS est un parfum homme <strong>tendance 2025<\/strong>, parfait pour ceux qui recherchent une fragrance <strong>classe, moderne, profonde et magn\u00e9tique<\/strong>, capable de laisser un sillage inoubliable.<\/p>\n<p><strong>Notes olfactives :<\/strong><br \/>\n\u2022 <strong>Accord bois\u00e9<\/strong><br \/>\n\u2022 <strong>Iris<\/strong><br \/>\n\u2022 <strong>Encens<\/strong><\/p>","protected":false},"excerpt":{"rendered":"<p>BOIS \u2013 Parfum Homme Bois\u00e9 &amp; \u00c9l\u00e9gant (Parfum Tendance 2025) BOIS est un parfum masculin bois\u00e9, raffin\u00e9 et moderne, pens\u00e9 pour les hommes qui veulent une fragrance \u00e9l\u00e9gante, profonde et longue tenue. Une silhouette olfactive m\u00ealant chaleur, caract\u00e8re et sophistication. Cette composition s\u2019ouvre sur une structure bois\u00e9e riche et enveloppante, imm\u00e9diatement mise en valeur par [&#8230;]\n","protected":false},"featured_media":1498,"comment_status":"open","ping_status":"closed","template":"","meta":[],"product_brand":[],"product_cat":[109],"product_tag":[],"class_list":{"0":"post-1497","1":"product","2":"type-product","3":"status-publish","4":"has-post-thumbnail","6":"product_cat-collection-privee-authentique","8":"first","9":"instock","10":"shipping-taxable","11":"purchasable","12":"product-type-simple"},"yoast_head":"<!-- This site is optimized with the Yoast SEO plugin v27.5 - https:\/\/yoast.com\/product\/yoast-seo-wordpress\/ -->\n<title>BOIS - Collection Priv\u00e9e Authentique 50ML - Parfum tendance 2025 - TOP PARFUMERIE<\/title>\n<meta name=\"robots\" content=\"index, follow, max-snippet:-1, max-image-preview:large, max-video-preview:-1\" \/>\n<link rel=\"canonical\" href=\"https:\/\/top-parfumerie.fr\/en\/product\/bois-collection-privee-authentique-50ml-parfum-tendance-2025\/\" \/>\n<meta property=\"og:locale\" content=\"en_US\" \/>\n<meta property=\"og:type\" content=\"article\" \/>\n<meta property=\"og:title\" content=\"BOIS - Collection Priv\u00e9e Authentique 50ML - Parfum tendance 2025 - TOP PARFUMERIE\" \/>\n<meta property=\"og:description\" content=\"BOIS \u2013 Parfum Homme Bois\u00e9 &amp; \u00c9l\u00e9gant (Parfum Tendance 2025) BOIS est un parfum masculin bois\u00e9, raffin\u00e9 et moderne, pens\u00e9 pour les hommes qui veulent une fragrance \u00e9l\u00e9gante, profonde et longue tenue. Une silhouette olfactive m\u00ealant chaleur, caract\u00e8re et sophistication. Cette composition s\u2019ouvre sur une structure bois\u00e9e riche et enveloppante, imm\u00e9diatement mise en valeur par [...]\" \/>\n<meta property=\"og:url\" content=\"https:\/\/top-parfumerie.fr\/en\/product\/bois-collection-privee-authentique-50ml-parfum-tendance-2025\/\" \/>\n<meta property=\"og:site_name\" content=\"TOP PARFUMERIE\" \/>\n<meta property=\"article:modified_time\" content=\"2025-11-28T23:40:15+00:00\" \/>\n<meta name=\"twitter:card\" content=\"summary_large_image\" \/>\n<meta name=\"twitter:label1\" content=\"Est. reading time\" \/>\n\t<meta name=\"twitter:data1\" content=\"1 minute\" \/>\n<script type=\"application\/ld+json\" class=\"yoast-schema-graph\">{\"@context\":\"https:\\\/\\\/schema.org\",\"@graph\":[{\"@type\":\"WebPage\",\"@id\":\"https:\\\/\\\/top-parfumerie.fr\\\/produit\\\/bois-collection-privee-authentique-50ml-parfum-tendance-2025\\\/\",\"url\":\"https:\\\/\\\/top-parfumerie.fr\\\/produit\\\/bois-collection-privee-authentique-50ml-parfum-tendance-2025\\\/\",\"name\":\"BOIS - Collection Priv\u00e9e Authentique 50ML - Parfum tendance 2025 - TOP PARFUMERIE\",\"isPartOf\":{\"@id\":\"https:\\\/\\\/top-parfumerie.fr\\\/#website\"},\"primaryImageOfPage\":{\"@id\":\"https:\\\/\\\/top-parfumerie.fr\\\/produit\\\/bois-collection-privee-authentique-50ml-parfum-tendance-2025\\\/#primaryimage\"},\"image\":{\"@id\":\"https:\\\/\\\/top-parfumerie.fr\\\/produit\\\/bois-collection-privee-authentique-50ml-parfum-tendance-2025\\\/#primaryimage\"},\"thumbnailUrl\":\"https:\\\/\\\/top-parfumerie.fr\\\/wp-content\\\/uploads\\\/2025\\\/11\\\/126EFD0B-9D68-49B8-9FCB-15A0C9BF2F22.heic\",\"datePublished\":\"2025-11-28T22:27:31+00:00\",\"dateModified\":\"2025-11-28T23:40:15+00:00\",\"breadcrumb\":{\"@id\":\"https:\\\/\\\/top-parfumerie.fr\\\/produit\\\/bois-collection-privee-authentique-50ml-parfum-tendance-2025\\\/#breadcrumb\"},\"inLanguage\":\"en-US\",\"potentialAction\":[{\"@type\":\"ReadAction\",\"target\":[\"https:\\\/\\\/top-parfumerie.fr\\\/produit\\\/bois-collection-privee-authentique-50ml-parfum-tendance-2025\\\/\"]}]},{\"@type\":\"ImageObject\",\"inLanguage\":\"en-US\",\"@id\":\"https:\\\/\\\/top-parfumerie.fr\\\/produit\\\/bois-collection-privee-authentique-50ml-parfum-tendance-2025\\\/#primaryimage\",\"url\":\"https:\\\/\\\/top-parfumerie.fr\\\/wp-content\\\/uploads\\\/2025\\\/11\\\/126EFD0B-9D68-49B8-9FCB-15A0C9BF2F22.heic\",\"contentUrl\":\"https:\\\/\\\/top-parfumerie.fr\\\/wp-content\\\/uploads\\\/2025\\\/11\\\/126EFD0B-9D68-49B8-9FCB-15A0C9BF2F22.heic\"},{\"@type\":\"BreadcrumbList\",\"@id\":\"https:\\\/\\\/top-parfumerie.fr\\\/produit\\\/bois-collection-privee-authentique-50ml-parfum-tendance-2025\\\/#breadcrumb\",\"itemListElement\":[{\"@type\":\"ListItem\",\"position\":1,\"name\":\"Accueil\",\"item\":\"https:\\\/\\\/top-parfumerie.fr\\\/\"},{\"@type\":\"ListItem\",\"position\":2,\"name\":\"Boutique\",\"item\":\"https:\\\/\\\/top-parfumerie.fr\\\/boutique\\\/\"},{\"@type\":\"ListItem\",\"position\":3,\"name\":\"BOIS &#8211; Collection Priv\u00e9e Authentique 50ML &#8211; Parfum tendance 2025\"}]},{\"@type\":\"WebSite\",\"@id\":\"https:\\\/\\\/top-parfumerie.fr\\\/#website\",\"url\":\"https:\\\/\\\/top-parfumerie.fr\\\/\",\"name\":\"TOP PARFUMERIE\",\"description\":\"L&#039;excellence du Parfum en Gros\",\"publisher\":{\"@id\":\"https:\\\/\\\/top-parfumerie.fr\\\/#organization\"},\"potentialAction\":[{\"@type\":\"SearchAction\",\"target\":{\"@type\":\"EntryPoint\",\"urlTemplate\":\"https:\\\/\\\/top-parfumerie.fr\\\/?s={search_term_string}\"},\"query-input\":{\"@type\":\"PropertyValueSpecification\",\"valueRequired\":true,\"valueName\":\"search_term_string\"}}],\"inLanguage\":\"en-US\"},{\"@type\":\"Organization\",\"@id\":\"https:\\\/\\\/top-parfumerie.fr\\\/#organization\",\"name\":\"TOP PARFUMERIE\",\"url\":\"https:\\\/\\\/top-parfumerie.fr\\\/\",\"logo\":{\"@type\":\"ImageObject\",\"inLanguage\":\"en-US\",\"@id\":\"https:\\\/\\\/top-parfumerie.fr\\\/#\\\/schema\\\/logo\\\/image\\\/\",\"url\":\"https:\\\/\\\/top-parfumerie.fr\\\/wp-content\\\/uploads\\\/2025\\\/02\\\/logo.jpg\",\"contentUrl\":\"https:\\\/\\\/top-parfumerie.fr\\\/wp-content\\\/uploads\\\/2025\\\/02\\\/logo.jpg\",\"width\":1600,\"height\":1600,\"caption\":\"TOP PARFUMERIE\"},\"image\":{\"@id\":\"https:\\\/\\\/top-parfumerie.fr\\\/#\\\/schema\\\/logo\\\/image\\\/\"}}]}<\/script>\n<!-- \/ Yoast SEO plugin. -->","yoast_head_json":{"title":"BOIS - Collection Priv\u00e9e Authentique 50ML - Parfum tendance 2025 - TOP PARFUMERIE","robots":{"index":"index","follow":"follow","max-snippet":"max-snippet:-1","max-image-preview":"max-image-preview:large","max-video-preview":"max-video-preview:-1"},"canonical":"https:\/\/top-parfumerie.fr\/en\/product\/bois-collection-privee-authentique-50ml-parfum-tendance-2025\/","og_locale":"en_US","og_type":"article","og_title":"BOIS - Collection Priv\u00e9e Authentique 50ML - Parfum tendance 2025 - TOP PARFUMERIE","og_description":"BOIS \u2013 Parfum Homme Bois\u00e9 &amp; \u00c9l\u00e9gant (Parfum Tendance 2025) BOIS est un parfum masculin bois\u00e9, raffin\u00e9 et moderne, pens\u00e9 pour les hommes qui veulent une fragrance \u00e9l\u00e9gante, profonde et longue tenue. Une silhouette olfactive m\u00ealant chaleur, caract\u00e8re et sophistication. Cette composition s\u2019ouvre sur une structure bois\u00e9e riche et enveloppante, imm\u00e9diatement mise en valeur par [...]","og_url":"https:\/\/top-parfumerie.fr\/en\/product\/bois-collection-privee-authentique-50ml-parfum-tendance-2025\/","og_site_name":"TOP PARFUMERIE","article_modified_time":"2025-11-28T23:40:15+00:00","twitter_card":"summary_large_image","twitter_misc":{"Est. reading time":"1 minute"},"schema":{"@context":"https:\/\/schema.org","@graph":[{"@type":"WebPage","@id":"https:\/\/top-parfumerie.fr\/produit\/bois-collection-privee-authentique-50ml-parfum-tendance-2025\/","url":"https:\/\/top-parfumerie.fr\/produit\/bois-collection-privee-authentique-50ml-parfum-tendance-2025\/","name":"BOIS - Collection Priv\u00e9e Authentique 50ML - Parfum tendance 2025 - TOP PARFUMERIE","isPartOf":{"@id":"https:\/\/top-parfumerie.fr\/#website"},"primaryImageOfPage":{"@id":"https:\/\/top-parfumerie.fr\/produit\/bois-collection-privee-authentique-50ml-parfum-tendance-2025\/#primaryimage"},"image":{"@id":"https:\/\/top-parfumerie.fr\/produit\/bois-collection-privee-authentique-50ml-parfum-tendance-2025\/#primaryimage"},"thumbnailUrl":"https:\/\/top-parfumerie.fr\/wp-content\/uploads\/2025\/11\/126EFD0B-9D68-49B8-9FCB-15A0C9BF2F22.heic","datePublished":"2025-11-28T22:27:31+00:00","dateModified":"2025-11-28T23:40:15+00:00","breadcrumb":{"@id":"https:\/\/top-parfumerie.fr\/produit\/bois-collection-privee-authentique-50ml-parfum-tendance-2025\/#breadcrumb"},"inLanguage":"en-US","potentialAction":[{"@type":"ReadAction","target":["https:\/\/top-parfumerie.fr\/produit\/bois-collection-privee-authentique-50ml-parfum-tendance-2025\/"]}]},{"@type":"ImageObject","inLanguage":"en-US","@id":"https:\/\/top-parfumerie.fr\/produit\/bois-collection-privee-authentique-50ml-parfum-tendance-2025\/#primaryimage","url":"https:\/\/top-parfumerie.fr\/wp-content\/uploads\/2025\/11\/126EFD0B-9D68-49B8-9FCB-15A0C9BF2F22.heic","contentUrl":"https:\/\/top-parfumerie.fr\/wp-content\/uploads\/2025\/11\/126EFD0B-9D68-49B8-9FCB-15A0C9BF2F22.heic"},{"@type":"BreadcrumbList","@id":"https:\/\/top-parfumerie.fr\/produit\/bois-collection-privee-authentique-50ml-parfum-tendance-2025\/#breadcrumb","itemListElement":[{"@type":"ListItem","position":1,"name":"Accueil","item":"https:\/\/top-parfumerie.fr\/"},{"@type":"ListItem","position":2,"name":"Boutique","item":"https:\/\/top-parfumerie.fr\/boutique\/"},{"@type":"ListItem","position":3,"name":"BOIS &#8211; Collection Priv\u00e9e Authentique 50ML &#8211; Parfum tendance 2025"}]},{"@type":"WebSite","@id":"https:\/\/top-parfumerie.fr\/#website","url":"https:\/\/top-parfumerie.fr\/","name":"TOP PARFUMERIE","description":"L&#039;excellence du Parfum en Gros","publisher":{"@id":"https:\/\/top-parfumerie.fr\/#organization"},"potentialAction":[{"@type":"SearchAction","target":{"@type":"EntryPoint","urlTemplate":"https:\/\/top-parfumerie.fr\/?s={search_term_string}"},"query-input":{"@type":"PropertyValueSpecification","valueRequired":true,"valueName":"search_term_string"}}],"inLanguage":"en-US"},{"@type":"Organization","@id":"https:\/\/top-parfumerie.fr\/#organization","name":"TOP PARFUMERIE","url":"https:\/\/top-parfumerie.fr\/","logo":{"@type":"ImageObject","inLanguage":"en-US","@id":"https:\/\/top-parfumerie.fr\/#\/schema\/logo\/image\/","url":"https:\/\/top-parfumerie.fr\/wp-content\/uploads\/2025\/02\/logo.jpg","contentUrl":"https:\/\/top-parfumerie.fr\/wp-content\/uploads\/2025\/02\/logo.jpg","width":1600,"height":1600,"caption":"TOP PARFUMERIE"},"image":{"@id":"https:\/\/top-parfumerie.fr\/#\/schema\/logo\/image\/"}}]}},"_links":{"self":[{"href":"https:\/\/top-parfumerie.fr\/en\/wp-json\/wp\/v2\/product\/1497","targetHints":{"allow":["GET"]}}],"collection":[{"href":"https:\/\/top-parfumerie.fr\/en\/wp-json\/wp\/v2\/product"}],"about":[{"href":"https:\/\/top-parfumerie.fr\/en\/wp-json\/wp\/v2\/types\/product"}],"replies":[{"embeddable":true,"href":"https:\/\/top-parfumerie.fr\/en\/wp-json\/wp\/v2\/comments?post=1497"}],"wp:featuredmedia":[{"embeddable":true,"href":"https:\/\/top-parfumerie.fr\/en\/wp-json\/wp\/v2\/media\/1498"}],"wp:attachment":[{"href":"https:\/\/top-parfumerie.fr\/en\/wp-json\/wp\/v2\/media?parent=1497"}],"wp:term":[{"taxonomy":"product_brand","embeddable":true,"href":"https:\/\/top-parfumerie.fr\/en\/wp-json\/wp\/v2\/product_brand?post=1497"},{"taxonomy":"product_cat","embeddable":true,"href":"https:\/\/top-parfumerie.fr\/en\/wp-json\/wp\/v2\/product_cat?post=1497"},{"taxonomy":"product_tag","embeddable":true,"href":"https:\/\/top-parfumerie.fr\/en\/wp-json\/wp\/v2\/product_tag?post=1497"}],"curies":[{"name":"wp","href":"https:\/\/api.w.org\/{rel}","templated":true}]}}