{"id":1490,"date":"2025-11-28T22:23:04","date_gmt":"2025-11-28T22:23:04","guid":{"rendered":"https:\/\/top-parfumerie.fr\/?post_type=product&#038;p=1490"},"modified":"2025-11-28T23:44:06","modified_gmt":"2025-11-28T23:44:06","slug":"attrape-collection-privee-authentique-50ml-parfum-tendance-2025","status":"publish","type":"product","link":"https:\/\/top-parfumerie.fr\/en\/product\/attrape-collection-privee-authentique-50ml-parfum-tendance-2025\/","title":{"rendered":"ATTRAPE &#8211; Collection Priv\u00e9e Authentique 50ML &#8211; Parfum tendance 2025"},"content":{"rendered":"<p data-pm-slice=\"1 1 []\"><strong>Attrape \u2013 Parfum Tendance 2025 \u2022 Floral Fruit\u00e9 &amp; Sensuel<\/strong><\/p>\n<p data-pm-slice=\"1 1 []\">Attrape est un <strong>parfum intense et magn\u00e9tique<\/strong>, id\u00e9al pour ceux qui recherchent une fragrance <strong>florale, fruit\u00e9e et sensuelle <\/strong>qui se d\u00e9marque sur TikTok Shop. D\u00e8s les premi\u00e8res notes, la <strong>bergamot<\/strong> apporte une fra\u00eecheur lumineuse, relev\u00e9e par un <strong>gingembre \u00e9clatant<\/strong> pour une ouverture vibrante et moderne<\/p>\n<p>Le c\u0153ur du parfum d\u00e9voile un magnifique <strong>accord de pivoine<\/strong> associ\u00e9 \u00e0 un <strong>accord de litchi juteux<\/strong>, parfait pour ceux qui aiment les <strong>parfums frais et fruit\u00e9s<\/strong>. L\u2019<strong>absolu de rose turque<\/strong> apporte une \u00e9l\u00e9gance raffin\u00e9e, tandis que le <strong>c\u0153ur de patchouli<\/strong> ajoute une profondeur envo\u00fbtante, id\u00e9ale pour une <strong>longue tenue<\/strong>. Enfin, une touche subtile de <strong>cacao<\/strong> r\u00e9v\u00e8le un c\u00f4t\u00e9 gourmand et sensuel, parfait pour un <strong>parfum charismatique<\/strong> qui attire les compliments.<\/p>\n<p>Ce parfum floral-fruit\u00e9-gourmand est parfait si vous recherchez un <strong>parfum tendance 2025<\/strong>, captivant et irr\u00e9sistible.<\/p>\n<p><strong>Notes olfactives :<\/strong><br \/>\n\u2022 <strong>T\u00eate :<\/strong> Bergamote fra\u00eeche, Gingembre vibrant<br \/>\n\u2022 <strong>C\u0153ur :<\/strong> Pivoine, Litchi, Rose turque, Patchouli<br \/>\n\u2022 <strong>Fond :<\/strong> Cacao sensuel &amp; addictif<\/p>\n<p><strong>Id\u00e9al pour ceux qui veulent :<\/strong><br \/>\n\u2022 un <strong>parfum mixte longue tenue<\/strong><br \/>\n\u2022 un <strong>parfum floral fruit\u00e9 moderne<\/strong><br \/>\n\u2022 un <strong>parfum gourmand et sensuel<\/strong><br \/>\n\u2022 un <strong>parfum tendance et charismatique<\/strong><\/p>","protected":false},"excerpt":{"rendered":"<p>Attrape \u2013 Parfum Tendance 2025 \u2022 Floral Fruit\u00e9 &amp; Sensuel Attrape est un parfum intense et magn\u00e9tique, id\u00e9al pour ceux qui recherchent une fragrance florale, fruit\u00e9e et sensuelle qui se d\u00e9marque sur TikTok Shop. D\u00e8s les premi\u00e8res notes, la bergamote apporte une fra\u00eecheur lumineuse, relev\u00e9e par un gingembre \u00e9clatant pour une ouverture vibrante et moderne [&#8230;]\n","protected":false},"featured_media":1491,"comment_status":"open","ping_status":"closed","template":"","meta":[],"product_brand":[],"product_cat":[109],"product_tag":[],"class_list":{"0":"post-1490","1":"product","2":"type-product","3":"status-publish","4":"has-post-thumbnail","6":"product_cat-collection-privee-authentique","8":"first","9":"instock","10":"shipping-taxable","11":"purchasable","12":"product-type-simple"},"yoast_head":"<!-- This site is optimized with the Yoast SEO plugin v27.5 - https:\/\/yoast.com\/product\/yoast-seo-wordpress\/ -->\n<title>ATTRAPE - Collection Priv\u00e9e Authentique 50ML - Parfum tendance 2025 - TOP PARFUMERIE<\/title>\n<meta name=\"robots\" content=\"index, follow, max-snippet:-1, max-image-preview:large, max-video-preview:-1\" \/>\n<link rel=\"canonical\" href=\"https:\/\/top-parfumerie.fr\/en\/product\/attrape-collection-privee-authentique-50ml-parfum-tendance-2025\/\" \/>\n<meta property=\"og:locale\" content=\"en_US\" \/>\n<meta property=\"og:type\" content=\"article\" \/>\n<meta property=\"og:title\" content=\"ATTRAPE - Collection Priv\u00e9e Authentique 50ML - Parfum tendance 2025 - TOP PARFUMERIE\" \/>\n<meta property=\"og:description\" content=\"Attrape \u2013 Parfum Tendance 2025 \u2022 Floral Fruit\u00e9 &amp; Sensuel Attrape est un parfum intense et magn\u00e9tique, id\u00e9al pour ceux qui recherchent une fragrance florale, fruit\u00e9e et sensuelle qui se d\u00e9marque sur TikTok Shop. D\u00e8s les premi\u00e8res notes, la bergamote apporte une fra\u00eecheur lumineuse, relev\u00e9e par un gingembre \u00e9clatant pour une ouverture vibrante et moderne [...]\" \/>\n<meta property=\"og:url\" content=\"https:\/\/top-parfumerie.fr\/en\/product\/attrape-collection-privee-authentique-50ml-parfum-tendance-2025\/\" \/>\n<meta property=\"og:site_name\" content=\"TOP PARFUMERIE\" \/>\n<meta property=\"article:modified_time\" content=\"2025-11-28T23:44:06+00:00\" \/>\n<meta name=\"twitter:card\" content=\"summary_large_image\" \/>\n<meta name=\"twitter:label1\" content=\"Est. reading time\" \/>\n\t<meta name=\"twitter:data1\" content=\"2 minutes\" \/>\n<script type=\"application\/ld+json\" class=\"yoast-schema-graph\">{\"@context\":\"https:\\\/\\\/schema.org\",\"@graph\":[{\"@type\":\"WebPage\",\"@id\":\"https:\\\/\\\/top-parfumerie.fr\\\/produit\\\/attrape-collection-privee-authentique-50ml-parfum-tendance-2025\\\/\",\"url\":\"https:\\\/\\\/top-parfumerie.fr\\\/produit\\\/attrape-collection-privee-authentique-50ml-parfum-tendance-2025\\\/\",\"name\":\"ATTRAPE - Collection Priv\u00e9e Authentique 50ML - Parfum tendance 2025 - TOP PARFUMERIE\",\"isPartOf\":{\"@id\":\"https:\\\/\\\/top-parfumerie.fr\\\/#website\"},\"primaryImageOfPage\":{\"@id\":\"https:\\\/\\\/top-parfumerie.fr\\\/produit\\\/attrape-collection-privee-authentique-50ml-parfum-tendance-2025\\\/#primaryimage\"},\"image\":{\"@id\":\"https:\\\/\\\/top-parfumerie.fr\\\/produit\\\/attrape-collection-privee-authentique-50ml-parfum-tendance-2025\\\/#primaryimage\"},\"thumbnailUrl\":\"https:\\\/\\\/top-parfumerie.fr\\\/wp-content\\\/uploads\\\/2025\\\/11\\\/CA67D2E2-8E18-443A-8D19-27DCB0621BFE.heic\",\"datePublished\":\"2025-11-28T22:23:04+00:00\",\"dateModified\":\"2025-11-28T23:44:06+00:00\",\"breadcrumb\":{\"@id\":\"https:\\\/\\\/top-parfumerie.fr\\\/produit\\\/attrape-collection-privee-authentique-50ml-parfum-tendance-2025\\\/#breadcrumb\"},\"inLanguage\":\"en-US\",\"potentialAction\":[{\"@type\":\"ReadAction\",\"target\":[\"https:\\\/\\\/top-parfumerie.fr\\\/produit\\\/attrape-collection-privee-authentique-50ml-parfum-tendance-2025\\\/\"]}]},{\"@type\":\"ImageObject\",\"inLanguage\":\"en-US\",\"@id\":\"https:\\\/\\\/top-parfumerie.fr\\\/produit\\\/attrape-collection-privee-authentique-50ml-parfum-tendance-2025\\\/#primaryimage\",\"url\":\"https:\\\/\\\/top-parfumerie.fr\\\/wp-content\\\/uploads\\\/2025\\\/11\\\/CA67D2E2-8E18-443A-8D19-27DCB0621BFE.heic\",\"contentUrl\":\"https:\\\/\\\/top-parfumerie.fr\\\/wp-content\\\/uploads\\\/2025\\\/11\\\/CA67D2E2-8E18-443A-8D19-27DCB0621BFE.heic\"},{\"@type\":\"BreadcrumbList\",\"@id\":\"https:\\\/\\\/top-parfumerie.fr\\\/produit\\\/attrape-collection-privee-authentique-50ml-parfum-tendance-2025\\\/#breadcrumb\",\"itemListElement\":[{\"@type\":\"ListItem\",\"position\":1,\"name\":\"Accueil\",\"item\":\"https:\\\/\\\/top-parfumerie.fr\\\/\"},{\"@type\":\"ListItem\",\"position\":2,\"name\":\"Boutique\",\"item\":\"https:\\\/\\\/top-parfumerie.fr\\\/boutique\\\/\"},{\"@type\":\"ListItem\",\"position\":3,\"name\":\"ATTRAPE &#8211; Collection Priv\u00e9e Authentique 50ML &#8211; Parfum tendance 2025\"}]},{\"@type\":\"WebSite\",\"@id\":\"https:\\\/\\\/top-parfumerie.fr\\\/#website\",\"url\":\"https:\\\/\\\/top-parfumerie.fr\\\/\",\"name\":\"TOP PARFUMERIE\",\"description\":\"L&#039;excellence du Parfum en Gros\",\"publisher\":{\"@id\":\"https:\\\/\\\/top-parfumerie.fr\\\/#organization\"},\"potentialAction\":[{\"@type\":\"SearchAction\",\"target\":{\"@type\":\"EntryPoint\",\"urlTemplate\":\"https:\\\/\\\/top-parfumerie.fr\\\/?s={search_term_string}\"},\"query-input\":{\"@type\":\"PropertyValueSpecification\",\"valueRequired\":true,\"valueName\":\"search_term_string\"}}],\"inLanguage\":\"en-US\"},{\"@type\":\"Organization\",\"@id\":\"https:\\\/\\\/top-parfumerie.fr\\\/#organization\",\"name\":\"TOP PARFUMERIE\",\"url\":\"https:\\\/\\\/top-parfumerie.fr\\\/\",\"logo\":{\"@type\":\"ImageObject\",\"inLanguage\":\"en-US\",\"@id\":\"https:\\\/\\\/top-parfumerie.fr\\\/#\\\/schema\\\/logo\\\/image\\\/\",\"url\":\"https:\\\/\\\/top-parfumerie.fr\\\/wp-content\\\/uploads\\\/2025\\\/02\\\/logo.jpg\",\"contentUrl\":\"https:\\\/\\\/top-parfumerie.fr\\\/wp-content\\\/uploads\\\/2025\\\/02\\\/logo.jpg\",\"width\":1600,\"height\":1600,\"caption\":\"TOP PARFUMERIE\"},\"image\":{\"@id\":\"https:\\\/\\\/top-parfumerie.fr\\\/#\\\/schema\\\/logo\\\/image\\\/\"}}]}<\/script>\n<!-- \/ Yoast SEO plugin. -->","yoast_head_json":{"title":"ATTRAPE - Collection Priv\u00e9e Authentique 50ML - Parfum tendance 2025 - TOP PARFUMERIE","robots":{"index":"index","follow":"follow","max-snippet":"max-snippet:-1","max-image-preview":"max-image-preview:large","max-video-preview":"max-video-preview:-1"},"canonical":"https:\/\/top-parfumerie.fr\/en\/product\/attrape-collection-privee-authentique-50ml-parfum-tendance-2025\/","og_locale":"en_US","og_type":"article","og_title":"ATTRAPE - Collection Priv\u00e9e Authentique 50ML - Parfum tendance 2025 - TOP PARFUMERIE","og_description":"Attrape \u2013 Parfum Tendance 2025 \u2022 Floral Fruit\u00e9 &amp; Sensuel Attrape est un parfum intense et magn\u00e9tique, id\u00e9al pour ceux qui recherchent une fragrance florale, fruit\u00e9e et sensuelle qui se d\u00e9marque sur TikTok Shop. D\u00e8s les premi\u00e8res notes, la bergamote apporte une fra\u00eecheur lumineuse, relev\u00e9e par un gingembre \u00e9clatant pour une ouverture vibrante et moderne [...]","og_url":"https:\/\/top-parfumerie.fr\/en\/product\/attrape-collection-privee-authentique-50ml-parfum-tendance-2025\/","og_site_name":"TOP PARFUMERIE","article_modified_time":"2025-11-28T23:44:06+00:00","twitter_card":"summary_large_image","twitter_misc":{"Est. reading time":"2 minutes"},"schema":{"@context":"https:\/\/schema.org","@graph":[{"@type":"WebPage","@id":"https:\/\/top-parfumerie.fr\/produit\/attrape-collection-privee-authentique-50ml-parfum-tendance-2025\/","url":"https:\/\/top-parfumerie.fr\/produit\/attrape-collection-privee-authentique-50ml-parfum-tendance-2025\/","name":"ATTRAPE - Collection Priv\u00e9e Authentique 50ML - Parfum tendance 2025 - TOP PARFUMERIE","isPartOf":{"@id":"https:\/\/top-parfumerie.fr\/#website"},"primaryImageOfPage":{"@id":"https:\/\/top-parfumerie.fr\/produit\/attrape-collection-privee-authentique-50ml-parfum-tendance-2025\/#primaryimage"},"image":{"@id":"https:\/\/top-parfumerie.fr\/produit\/attrape-collection-privee-authentique-50ml-parfum-tendance-2025\/#primaryimage"},"thumbnailUrl":"https:\/\/top-parfumerie.fr\/wp-content\/uploads\/2025\/11\/CA67D2E2-8E18-443A-8D19-27DCB0621BFE.heic","datePublished":"2025-11-28T22:23:04+00:00","dateModified":"2025-11-28T23:44:06+00:00","breadcrumb":{"@id":"https:\/\/top-parfumerie.fr\/produit\/attrape-collection-privee-authentique-50ml-parfum-tendance-2025\/#breadcrumb"},"inLanguage":"en-US","potentialAction":[{"@type":"ReadAction","target":["https:\/\/top-parfumerie.fr\/produit\/attrape-collection-privee-authentique-50ml-parfum-tendance-2025\/"]}]},{"@type":"ImageObject","inLanguage":"en-US","@id":"https:\/\/top-parfumerie.fr\/produit\/attrape-collection-privee-authentique-50ml-parfum-tendance-2025\/#primaryimage","url":"https:\/\/top-parfumerie.fr\/wp-content\/uploads\/2025\/11\/CA67D2E2-8E18-443A-8D19-27DCB0621BFE.heic","contentUrl":"https:\/\/top-parfumerie.fr\/wp-content\/uploads\/2025\/11\/CA67D2E2-8E18-443A-8D19-27DCB0621BFE.heic"},{"@type":"BreadcrumbList","@id":"https:\/\/top-parfumerie.fr\/produit\/attrape-collection-privee-authentique-50ml-parfum-tendance-2025\/#breadcrumb","itemListElement":[{"@type":"ListItem","position":1,"name":"Accueil","item":"https:\/\/top-parfumerie.fr\/"},{"@type":"ListItem","position":2,"name":"Boutique","item":"https:\/\/top-parfumerie.fr\/boutique\/"},{"@type":"ListItem","position":3,"name":"ATTRAPE &#8211; Collection Priv\u00e9e Authentique 50ML &#8211; Parfum tendance 2025"}]},{"@type":"WebSite","@id":"https:\/\/top-parfumerie.fr\/#website","url":"https:\/\/top-parfumerie.fr\/","name":"TOP PARFUMERIE","description":"L&#039;excellence du Parfum en Gros","publisher":{"@id":"https:\/\/top-parfumerie.fr\/#organization"},"potentialAction":[{"@type":"SearchAction","target":{"@type":"EntryPoint","urlTemplate":"https:\/\/top-parfumerie.fr\/?s={search_term_string}"},"query-input":{"@type":"PropertyValueSpecification","valueRequired":true,"valueName":"search_term_string"}}],"inLanguage":"en-US"},{"@type":"Organization","@id":"https:\/\/top-parfumerie.fr\/#organization","name":"TOP PARFUMERIE","url":"https:\/\/top-parfumerie.fr\/","logo":{"@type":"ImageObject","inLanguage":"en-US","@id":"https:\/\/top-parfumerie.fr\/#\/schema\/logo\/image\/","url":"https:\/\/top-parfumerie.fr\/wp-content\/uploads\/2025\/02\/logo.jpg","contentUrl":"https:\/\/top-parfumerie.fr\/wp-content\/uploads\/2025\/02\/logo.jpg","width":1600,"height":1600,"caption":"TOP PARFUMERIE"},"image":{"@id":"https:\/\/top-parfumerie.fr\/#\/schema\/logo\/image\/"}}]}},"_links":{"self":[{"href":"https:\/\/top-parfumerie.fr\/en\/wp-json\/wp\/v2\/product\/1490","targetHints":{"allow":["GET"]}}],"collection":[{"href":"https:\/\/top-parfumerie.fr\/en\/wp-json\/wp\/v2\/product"}],"about":[{"href":"https:\/\/top-parfumerie.fr\/en\/wp-json\/wp\/v2\/types\/product"}],"replies":[{"embeddable":true,"href":"https:\/\/top-parfumerie.fr\/en\/wp-json\/wp\/v2\/comments?post=1490"}],"wp:featuredmedia":[{"embeddable":true,"href":"https:\/\/top-parfumerie.fr\/en\/wp-json\/wp\/v2\/media\/1491"}],"wp:attachment":[{"href":"https:\/\/top-parfumerie.fr\/en\/wp-json\/wp\/v2\/media?parent=1490"}],"wp:term":[{"taxonomy":"product_brand","embeddable":true,"href":"https:\/\/top-parfumerie.fr\/en\/wp-json\/wp\/v2\/product_brand?post=1490"},{"taxonomy":"product_cat","embeddable":true,"href":"https:\/\/top-parfumerie.fr\/en\/wp-json\/wp\/v2\/product_cat?post=1490"},{"taxonomy":"product_tag","embeddable":true,"href":"https:\/\/top-parfumerie.fr\/en\/wp-json\/wp\/v2\/product_tag?post=1490"}],"curies":[{"name":"wp","href":"https:\/\/api.w.org\/{rel}","templated":true}]}}