{"id":1488,"date":"2025-11-28T22:22:03","date_gmt":"2025-11-28T22:22:03","guid":{"rendered":"https:\/\/top-parfumerie.fr\/?post_type=product&#038;p=1488"},"modified":"2025-11-28T23:46:10","modified_gmt":"2025-11-28T23:46:10","slug":"aisha-collection-privee-authentique-50ml-parfum-tendance-2025","status":"publish","type":"product","link":"https:\/\/top-parfumerie.fr\/en\/product\/aisha-collection-privee-authentique-50ml-parfum-tendance-2025\/","title":{"rendered":"AISHA &#8211; Collection priv\u00e9e Authentique 50ML &#8211; Parfum tendance 2025"},"content":{"rendered":"<h1 align=\"left\" data-pm-slice=\"1 1 []\"><strong>Aisha \u2013 Parfum Floral Ambr\u00e9 Vanill\u00e9 (Parfum Tendance 2025)<\/strong><\/h1>\n<p>Aisha est un <strong>parfum f\u00e9minin lumineux et \u00e9l\u00e9gant<\/strong>, parfait pour celles qui recherchent une fragrance <strong>fra\u00eeche, florale et sensuelle<\/strong> avec une <strong>longue tenue<\/strong>.<\/p>\n<p>L\u2019ouverture p\u00e9tillante d\u2019<strong>essence de bergamote<\/strong> et de <strong>citron<\/strong> apporte une fra\u00eecheur \u00e9clatante. Le c\u0153ur d\u00e9voile un duo raffin\u00e9 d\u2019<strong>essence de patchouli<\/strong> et d\u2019<strong>absolu de fleur d\u2019oranger<\/strong>, pour un sillage f\u00e9minin, chaleureux et charismatique.<br \/>\nLe fond m\u00eale <strong>ambre<\/strong> et <strong>vanilla<\/strong>, offrant une touche douce, sensuelle et addictive qui attire les compliments.<\/p>\n<p>Un parfum <strong>tendance 2025<\/strong>, moderne et irr\u00e9sistible, id\u00e9al pour celles qui veulent un <strong>parfum floral ambr\u00e9 vanill\u00e9<\/strong> \u00e0 la fois \u00e9l\u00e9gant et magn\u00e9tique.<\/p>\n<p><strong>Notes olfactives :<\/strong><br \/>\n\u2022 <strong>T\u00eate :<\/strong> Bergamote, Citron<br \/>\n\u2022 <strong>C\u0153ur :<\/strong> Patchouli, Fleur d\u2019oranger<br \/>\n\u2022 <strong>Fond :<\/strong> Ambre, Vanille<\/p>\n<p><strong>Id\u00e9al pour vous si vous recherchez :<\/strong><\/p>\n<p>\u2022 un <strong>parfum longue tenue<\/strong><br \/>\n\u2022 un <strong>parfum floral ambr\u00e9 et vanill\u00e9<\/strong><br \/>\n\u2022 un <strong>parfum lumineux, \u00e9l\u00e9gant et moderne<\/strong><br \/>\n\u2022 un <strong>parfum tendance 2025<\/strong><br \/>\n\u2022 un parfum <strong>sensuel et sophistiqu\u00e9<\/strong> qui attire les compliments<\/p>","protected":false},"excerpt":{"rendered":"<p>Aisha \u2013 Parfum Floral Ambr\u00e9 Vanill\u00e9 (Parfum Tendance 2025) Aisha est un parfum f\u00e9minin lumineux et \u00e9l\u00e9gant, parfait pour celles qui recherchent une fragrance fra\u00eeche, florale et sensuelle avec une longue tenue. L\u2019ouverture p\u00e9tillante d\u2019essence de bergamote et de citron apporte une fra\u00eecheur \u00e9clatante. Le c\u0153ur d\u00e9voile un duo raffin\u00e9 d\u2019essence de patchouli et d\u2019absolu [&#8230;]\n","protected":false},"featured_media":1489,"comment_status":"open","ping_status":"closed","template":"","meta":[],"product_brand":[],"product_cat":[109],"product_tag":[],"class_list":{"0":"post-1488","1":"product","2":"type-product","3":"status-publish","4":"has-post-thumbnail","6":"product_cat-collection-privee-authentique","8":"first","9":"instock","10":"shipping-taxable","11":"purchasable","12":"product-type-simple"},"yoast_head":"<!-- This site is optimized with the Yoast SEO plugin v27.5 - https:\/\/yoast.com\/product\/yoast-seo-wordpress\/ -->\n<title>AISHA - Collection priv\u00e9e Authentique 50ML - Parfum tendance 2025 - TOP PARFUMERIE<\/title>\n<meta name=\"robots\" content=\"index, follow, max-snippet:-1, max-image-preview:large, max-video-preview:-1\" \/>\n<link rel=\"canonical\" href=\"https:\/\/top-parfumerie.fr\/en\/product\/aisha-collection-privee-authentique-50ml-parfum-tendance-2025\/\" \/>\n<meta property=\"og:locale\" content=\"en_US\" \/>\n<meta property=\"og:type\" content=\"article\" \/>\n<meta property=\"og:title\" content=\"AISHA - Collection priv\u00e9e Authentique 50ML - Parfum tendance 2025 - TOP PARFUMERIE\" \/>\n<meta property=\"og:description\" content=\"Aisha \u2013 Parfum Floral Ambr\u00e9 Vanill\u00e9 (Parfum Tendance 2025) Aisha est un parfum f\u00e9minin lumineux et \u00e9l\u00e9gant, parfait pour celles qui recherchent une fragrance fra\u00eeche, florale et sensuelle avec une longue tenue. L\u2019ouverture p\u00e9tillante d\u2019essence de bergamote et de citron apporte une fra\u00eecheur \u00e9clatante. Le c\u0153ur d\u00e9voile un duo raffin\u00e9 d\u2019essence de patchouli et d\u2019absolu [...]\" \/>\n<meta property=\"og:url\" content=\"https:\/\/top-parfumerie.fr\/en\/product\/aisha-collection-privee-authentique-50ml-parfum-tendance-2025\/\" \/>\n<meta property=\"og:site_name\" content=\"TOP PARFUMERIE\" \/>\n<meta property=\"article:modified_time\" content=\"2025-11-28T23:46:10+00:00\" \/>\n<meta name=\"twitter:card\" content=\"summary_large_image\" \/>\n<meta name=\"twitter:label1\" content=\"Est. reading time\" \/>\n\t<meta name=\"twitter:data1\" content=\"2 minutes\" \/>\n<script type=\"application\/ld+json\" class=\"yoast-schema-graph\">{\"@context\":\"https:\\\/\\\/schema.org\",\"@graph\":[{\"@type\":\"WebPage\",\"@id\":\"https:\\\/\\\/top-parfumerie.fr\\\/produit\\\/aisha-collection-privee-authentique-50ml-parfum-tendance-2025\\\/\",\"url\":\"https:\\\/\\\/top-parfumerie.fr\\\/produit\\\/aisha-collection-privee-authentique-50ml-parfum-tendance-2025\\\/\",\"name\":\"AISHA - Collection priv\u00e9e Authentique 50ML - Parfum tendance 2025 - TOP PARFUMERIE\",\"isPartOf\":{\"@id\":\"https:\\\/\\\/top-parfumerie.fr\\\/#website\"},\"primaryImageOfPage\":{\"@id\":\"https:\\\/\\\/top-parfumerie.fr\\\/produit\\\/aisha-collection-privee-authentique-50ml-parfum-tendance-2025\\\/#primaryimage\"},\"image\":{\"@id\":\"https:\\\/\\\/top-parfumerie.fr\\\/produit\\\/aisha-collection-privee-authentique-50ml-parfum-tendance-2025\\\/#primaryimage\"},\"thumbnailUrl\":\"https:\\\/\\\/top-parfumerie.fr\\\/wp-content\\\/uploads\\\/2025\\\/11\\\/2CBF4C4A-8C7F-4527-BC9B-35056016E248.heic\",\"datePublished\":\"2025-11-28T22:22:03+00:00\",\"dateModified\":\"2025-11-28T23:46:10+00:00\",\"breadcrumb\":{\"@id\":\"https:\\\/\\\/top-parfumerie.fr\\\/produit\\\/aisha-collection-privee-authentique-50ml-parfum-tendance-2025\\\/#breadcrumb\"},\"inLanguage\":\"en-US\",\"potentialAction\":[{\"@type\":\"ReadAction\",\"target\":[\"https:\\\/\\\/top-parfumerie.fr\\\/produit\\\/aisha-collection-privee-authentique-50ml-parfum-tendance-2025\\\/\"]}]},{\"@type\":\"ImageObject\",\"inLanguage\":\"en-US\",\"@id\":\"https:\\\/\\\/top-parfumerie.fr\\\/produit\\\/aisha-collection-privee-authentique-50ml-parfum-tendance-2025\\\/#primaryimage\",\"url\":\"https:\\\/\\\/top-parfumerie.fr\\\/wp-content\\\/uploads\\\/2025\\\/11\\\/2CBF4C4A-8C7F-4527-BC9B-35056016E248.heic\",\"contentUrl\":\"https:\\\/\\\/top-parfumerie.fr\\\/wp-content\\\/uploads\\\/2025\\\/11\\\/2CBF4C4A-8C7F-4527-BC9B-35056016E248.heic\"},{\"@type\":\"BreadcrumbList\",\"@id\":\"https:\\\/\\\/top-parfumerie.fr\\\/produit\\\/aisha-collection-privee-authentique-50ml-parfum-tendance-2025\\\/#breadcrumb\",\"itemListElement\":[{\"@type\":\"ListItem\",\"position\":1,\"name\":\"Accueil\",\"item\":\"https:\\\/\\\/top-parfumerie.fr\\\/\"},{\"@type\":\"ListItem\",\"position\":2,\"name\":\"Boutique\",\"item\":\"https:\\\/\\\/top-parfumerie.fr\\\/boutique\\\/\"},{\"@type\":\"ListItem\",\"position\":3,\"name\":\"AISHA &#8211; Collection priv\u00e9e Authentique 50ML &#8211; Parfum tendance 2025\"}]},{\"@type\":\"WebSite\",\"@id\":\"https:\\\/\\\/top-parfumerie.fr\\\/#website\",\"url\":\"https:\\\/\\\/top-parfumerie.fr\\\/\",\"name\":\"TOP PARFUMERIE\",\"description\":\"L&#039;excellence du Parfum en Gros\",\"publisher\":{\"@id\":\"https:\\\/\\\/top-parfumerie.fr\\\/#organization\"},\"potentialAction\":[{\"@type\":\"SearchAction\",\"target\":{\"@type\":\"EntryPoint\",\"urlTemplate\":\"https:\\\/\\\/top-parfumerie.fr\\\/?s={search_term_string}\"},\"query-input\":{\"@type\":\"PropertyValueSpecification\",\"valueRequired\":true,\"valueName\":\"search_term_string\"}}],\"inLanguage\":\"en-US\"},{\"@type\":\"Organization\",\"@id\":\"https:\\\/\\\/top-parfumerie.fr\\\/#organization\",\"name\":\"TOP PARFUMERIE\",\"url\":\"https:\\\/\\\/top-parfumerie.fr\\\/\",\"logo\":{\"@type\":\"ImageObject\",\"inLanguage\":\"en-US\",\"@id\":\"https:\\\/\\\/top-parfumerie.fr\\\/#\\\/schema\\\/logo\\\/image\\\/\",\"url\":\"https:\\\/\\\/top-parfumerie.fr\\\/wp-content\\\/uploads\\\/2025\\\/02\\\/logo.jpg\",\"contentUrl\":\"https:\\\/\\\/top-parfumerie.fr\\\/wp-content\\\/uploads\\\/2025\\\/02\\\/logo.jpg\",\"width\":1600,\"height\":1600,\"caption\":\"TOP PARFUMERIE\"},\"image\":{\"@id\":\"https:\\\/\\\/top-parfumerie.fr\\\/#\\\/schema\\\/logo\\\/image\\\/\"}}]}<\/script>\n<!-- \/ Yoast SEO plugin. -->","yoast_head_json":{"title":"AISHA - Collection priv\u00e9e Authentique 50ML - Parfum tendance 2025 - TOP PARFUMERIE","robots":{"index":"index","follow":"follow","max-snippet":"max-snippet:-1","max-image-preview":"max-image-preview:large","max-video-preview":"max-video-preview:-1"},"canonical":"https:\/\/top-parfumerie.fr\/en\/product\/aisha-collection-privee-authentique-50ml-parfum-tendance-2025\/","og_locale":"en_US","og_type":"article","og_title":"AISHA - Collection priv\u00e9e Authentique 50ML - Parfum tendance 2025 - TOP PARFUMERIE","og_description":"Aisha \u2013 Parfum Floral Ambr\u00e9 Vanill\u00e9 (Parfum Tendance 2025) Aisha est un parfum f\u00e9minin lumineux et \u00e9l\u00e9gant, parfait pour celles qui recherchent une fragrance fra\u00eeche, florale et sensuelle avec une longue tenue. L\u2019ouverture p\u00e9tillante d\u2019essence de bergamote et de citron apporte une fra\u00eecheur \u00e9clatante. Le c\u0153ur d\u00e9voile un duo raffin\u00e9 d\u2019essence de patchouli et d\u2019absolu [...]","og_url":"https:\/\/top-parfumerie.fr\/en\/product\/aisha-collection-privee-authentique-50ml-parfum-tendance-2025\/","og_site_name":"TOP PARFUMERIE","article_modified_time":"2025-11-28T23:46:10+00:00","twitter_card":"summary_large_image","twitter_misc":{"Est. reading time":"2 minutes"},"schema":{"@context":"https:\/\/schema.org","@graph":[{"@type":"WebPage","@id":"https:\/\/top-parfumerie.fr\/produit\/aisha-collection-privee-authentique-50ml-parfum-tendance-2025\/","url":"https:\/\/top-parfumerie.fr\/produit\/aisha-collection-privee-authentique-50ml-parfum-tendance-2025\/","name":"AISHA - Collection priv\u00e9e Authentique 50ML - Parfum tendance 2025 - TOP PARFUMERIE","isPartOf":{"@id":"https:\/\/top-parfumerie.fr\/#website"},"primaryImageOfPage":{"@id":"https:\/\/top-parfumerie.fr\/produit\/aisha-collection-privee-authentique-50ml-parfum-tendance-2025\/#primaryimage"},"image":{"@id":"https:\/\/top-parfumerie.fr\/produit\/aisha-collection-privee-authentique-50ml-parfum-tendance-2025\/#primaryimage"},"thumbnailUrl":"https:\/\/top-parfumerie.fr\/wp-content\/uploads\/2025\/11\/2CBF4C4A-8C7F-4527-BC9B-35056016E248.heic","datePublished":"2025-11-28T22:22:03+00:00","dateModified":"2025-11-28T23:46:10+00:00","breadcrumb":{"@id":"https:\/\/top-parfumerie.fr\/produit\/aisha-collection-privee-authentique-50ml-parfum-tendance-2025\/#breadcrumb"},"inLanguage":"en-US","potentialAction":[{"@type":"ReadAction","target":["https:\/\/top-parfumerie.fr\/produit\/aisha-collection-privee-authentique-50ml-parfum-tendance-2025\/"]}]},{"@type":"ImageObject","inLanguage":"en-US","@id":"https:\/\/top-parfumerie.fr\/produit\/aisha-collection-privee-authentique-50ml-parfum-tendance-2025\/#primaryimage","url":"https:\/\/top-parfumerie.fr\/wp-content\/uploads\/2025\/11\/2CBF4C4A-8C7F-4527-BC9B-35056016E248.heic","contentUrl":"https:\/\/top-parfumerie.fr\/wp-content\/uploads\/2025\/11\/2CBF4C4A-8C7F-4527-BC9B-35056016E248.heic"},{"@type":"BreadcrumbList","@id":"https:\/\/top-parfumerie.fr\/produit\/aisha-collection-privee-authentique-50ml-parfum-tendance-2025\/#breadcrumb","itemListElement":[{"@type":"ListItem","position":1,"name":"Accueil","item":"https:\/\/top-parfumerie.fr\/"},{"@type":"ListItem","position":2,"name":"Boutique","item":"https:\/\/top-parfumerie.fr\/boutique\/"},{"@type":"ListItem","position":3,"name":"AISHA &#8211; Collection priv\u00e9e Authentique 50ML &#8211; Parfum tendance 2025"}]},{"@type":"WebSite","@id":"https:\/\/top-parfumerie.fr\/#website","url":"https:\/\/top-parfumerie.fr\/","name":"TOP PARFUMERIE","description":"L&#039;excellence du Parfum en Gros","publisher":{"@id":"https:\/\/top-parfumerie.fr\/#organization"},"potentialAction":[{"@type":"SearchAction","target":{"@type":"EntryPoint","urlTemplate":"https:\/\/top-parfumerie.fr\/?s={search_term_string}"},"query-input":{"@type":"PropertyValueSpecification","valueRequired":true,"valueName":"search_term_string"}}],"inLanguage":"en-US"},{"@type":"Organization","@id":"https:\/\/top-parfumerie.fr\/#organization","name":"TOP PARFUMERIE","url":"https:\/\/top-parfumerie.fr\/","logo":{"@type":"ImageObject","inLanguage":"en-US","@id":"https:\/\/top-parfumerie.fr\/#\/schema\/logo\/image\/","url":"https:\/\/top-parfumerie.fr\/wp-content\/uploads\/2025\/02\/logo.jpg","contentUrl":"https:\/\/top-parfumerie.fr\/wp-content\/uploads\/2025\/02\/logo.jpg","width":1600,"height":1600,"caption":"TOP PARFUMERIE"},"image":{"@id":"https:\/\/top-parfumerie.fr\/#\/schema\/logo\/image\/"}}]}},"_links":{"self":[{"href":"https:\/\/top-parfumerie.fr\/en\/wp-json\/wp\/v2\/product\/1488","targetHints":{"allow":["GET"]}}],"collection":[{"href":"https:\/\/top-parfumerie.fr\/en\/wp-json\/wp\/v2\/product"}],"about":[{"href":"https:\/\/top-parfumerie.fr\/en\/wp-json\/wp\/v2\/types\/product"}],"replies":[{"embeddable":true,"href":"https:\/\/top-parfumerie.fr\/en\/wp-json\/wp\/v2\/comments?post=1488"}],"wp:featuredmedia":[{"embeddable":true,"href":"https:\/\/top-parfumerie.fr\/en\/wp-json\/wp\/v2\/media\/1489"}],"wp:attachment":[{"href":"https:\/\/top-parfumerie.fr\/en\/wp-json\/wp\/v2\/media?parent=1488"}],"wp:term":[{"taxonomy":"product_brand","embeddable":true,"href":"https:\/\/top-parfumerie.fr\/en\/wp-json\/wp\/v2\/product_brand?post=1488"},{"taxonomy":"product_cat","embeddable":true,"href":"https:\/\/top-parfumerie.fr\/en\/wp-json\/wp\/v2\/product_cat?post=1488"},{"taxonomy":"product_tag","embeddable":true,"href":"https:\/\/top-parfumerie.fr\/en\/wp-json\/wp\/v2\/product_tag?post=1488"}],"curies":[{"name":"wp","href":"https:\/\/api.w.org\/{rel}","templated":true}]}}