{"id":1485,"date":"2025-11-28T22:16:26","date_gmt":"2025-11-28T22:16:26","guid":{"rendered":"https:\/\/top-parfumerie.fr\/?post_type=product&#038;p=1485"},"modified":"2025-11-28T23:45:06","modified_gmt":"2025-11-28T23:45:06","slug":"bakara-collection-privee-authentique-50ml-parfum-tendance-2025","status":"publish","type":"product","link":"https:\/\/top-parfumerie.fr\/en\/product\/bakara-collection-privee-authentique-50ml-parfum-tendance-2025\/","title":{"rendered":"BAKARA &#8211; Collection Priv\u00e9e Authentique 50ML &#8211; Parfum tendance 2025"},"content":{"rendered":"<h1 align=\"left\" data-pm-slice=\"1 1 []\"><strong>BAKARA \u2013 Parfum Mixte Bois\u00e9 &amp; Ambr\u00e9 (Parfum Tendance 2025)<\/strong><\/h1>\n<p>BAKARA est un <strong>parfum mixte moderne, intense et luxueux<\/strong>, con\u00e7u pour ceux qui veulent une fragrance <strong>bois\u00e9e, ambr\u00e9e et sensuelle<\/strong>, avec une <strong>longue tenue<\/strong> et un sillage qui ne passe jamais inaper\u00e7u.<\/p>\n<p>L\u2019ouverture d\u00e9voile la luminosit\u00e9 florale du <strong>jasmin grandiflorum<\/strong>, sublim\u00e9e par la richesse \u00e9pic\u00e9e du <strong>safran<\/strong>, pour une entr\u00e9e \u00e9l\u00e9gante et envo\u00fbtante. Le c\u0153ur r\u00e9v\u00e8le une <strong>amande am\u00e8re chaude et addictive<\/strong>, m\u00e9lang\u00e9e \u00e0 un <strong>c\u00e8dre sec et raffin\u00e9<\/strong>, apportant structure, caract\u00e8re et profondeur. En fond, un <strong>accord bois\u00e9 musqu\u00e9<\/strong> se m\u00eale \u00e0 un <strong>accord ambregris<\/strong>, cr\u00e9ant un sillage sensuel, enveloppant et ultra-charismatique.<\/p>\n<p>BAKARA est un parfum <strong>mixte tendance 2025<\/strong>, parfait pour celles et ceux qui veulent une fragrance <strong>chic, puissante et luxueuse<\/strong>, capable d\u2019attirer les compliments instantan\u00e9ment.<\/p>\n<p><strong>Notes olfactives :<\/strong><br \/>\n\u2022 <strong>T\u00eate :<\/strong> Jasmin Grandiflorum, Safran<br \/>\n\u2022 <strong>C\u0153ur :<\/strong> Amande am\u00e8re, C\u00e8dre<br \/>\n\u2022 <strong>Fond :<\/strong> Accord bois\u00e9 musqu\u00e9, Accord Ambregris<\/p>","protected":false},"excerpt":{"rendered":"<p>BAKARA \u2013 Parfum Mixte Bois\u00e9 &amp; Ambr\u00e9 (Parfum Tendance 2025) BAKARA est un parfum mixte moderne, intense et luxueux, con\u00e7u pour ceux qui veulent une fragrance bois\u00e9e, ambr\u00e9e et sensuelle, avec une longue tenue et un sillage qui ne passe jamais inaper\u00e7u. L\u2019ouverture d\u00e9voile la luminosit\u00e9 florale du jasmin grandiflorum, sublim\u00e9e par la richesse \u00e9pic\u00e9e [&#8230;]\n","protected":false},"featured_media":1486,"comment_status":"open","ping_status":"closed","template":"","meta":[],"product_brand":[],"product_cat":[109],"product_tag":[],"class_list":{"0":"post-1485","1":"product","2":"type-product","3":"status-publish","4":"has-post-thumbnail","6":"product_cat-collection-privee-authentique","8":"first","9":"instock","10":"shipping-taxable","11":"purchasable","12":"product-type-simple"},"yoast_head":"<!-- This site is optimized with the Yoast SEO plugin v27.5 - https:\/\/yoast.com\/product\/yoast-seo-wordpress\/ -->\n<title>BAKARA - Collection Priv\u00e9e Authentique 50ML - Parfum tendance 2025 - TOP PARFUMERIE<\/title>\n<meta name=\"robots\" content=\"index, follow, max-snippet:-1, max-image-preview:large, max-video-preview:-1\" \/>\n<link rel=\"canonical\" href=\"https:\/\/top-parfumerie.fr\/en\/product\/bakara-collection-privee-authentique-50ml-parfum-tendance-2025\/\" \/>\n<meta property=\"og:locale\" content=\"en_US\" \/>\n<meta property=\"og:type\" content=\"article\" \/>\n<meta property=\"og:title\" content=\"BAKARA - Collection Priv\u00e9e Authentique 50ML - Parfum tendance 2025 - TOP PARFUMERIE\" \/>\n<meta property=\"og:description\" content=\"BAKARA \u2013 Parfum Mixte Bois\u00e9 &amp; Ambr\u00e9 (Parfum Tendance 2025) BAKARA est un parfum mixte moderne, intense et luxueux, con\u00e7u pour ceux qui veulent une fragrance bois\u00e9e, ambr\u00e9e et sensuelle, avec une longue tenue et un sillage qui ne passe jamais inaper\u00e7u. L\u2019ouverture d\u00e9voile la luminosit\u00e9 florale du jasmin grandiflorum, sublim\u00e9e par la richesse \u00e9pic\u00e9e [...]\" \/>\n<meta property=\"og:url\" content=\"https:\/\/top-parfumerie.fr\/en\/product\/bakara-collection-privee-authentique-50ml-parfum-tendance-2025\/\" \/>\n<meta property=\"og:site_name\" content=\"TOP PARFUMERIE\" \/>\n<meta property=\"article:modified_time\" content=\"2025-11-28T23:45:06+00:00\" \/>\n<meta name=\"twitter:card\" content=\"summary_large_image\" \/>\n<meta name=\"twitter:label1\" content=\"Est. reading time\" \/>\n\t<meta name=\"twitter:data1\" content=\"1 minute\" \/>\n<script type=\"application\/ld+json\" class=\"yoast-schema-graph\">{\"@context\":\"https:\\\/\\\/schema.org\",\"@graph\":[{\"@type\":\"WebPage\",\"@id\":\"https:\\\/\\\/top-parfumerie.fr\\\/produit\\\/bakara-collection-privee-authentique-50ml-parfum-tendance-2025\\\/\",\"url\":\"https:\\\/\\\/top-parfumerie.fr\\\/produit\\\/bakara-collection-privee-authentique-50ml-parfum-tendance-2025\\\/\",\"name\":\"BAKARA - Collection Priv\u00e9e Authentique 50ML - Parfum tendance 2025 - TOP PARFUMERIE\",\"isPartOf\":{\"@id\":\"https:\\\/\\\/top-parfumerie.fr\\\/#website\"},\"primaryImageOfPage\":{\"@id\":\"https:\\\/\\\/top-parfumerie.fr\\\/produit\\\/bakara-collection-privee-authentique-50ml-parfum-tendance-2025\\\/#primaryimage\"},\"image\":{\"@id\":\"https:\\\/\\\/top-parfumerie.fr\\\/produit\\\/bakara-collection-privee-authentique-50ml-parfum-tendance-2025\\\/#primaryimage\"},\"thumbnailUrl\":\"https:\\\/\\\/top-parfumerie.fr\\\/wp-content\\\/uploads\\\/2025\\\/11\\\/EC600222-8551-4158-B708-A452FE752ECF.heic\",\"datePublished\":\"2025-11-28T22:16:26+00:00\",\"dateModified\":\"2025-11-28T23:45:06+00:00\",\"breadcrumb\":{\"@id\":\"https:\\\/\\\/top-parfumerie.fr\\\/produit\\\/bakara-collection-privee-authentique-50ml-parfum-tendance-2025\\\/#breadcrumb\"},\"inLanguage\":\"en-US\",\"potentialAction\":[{\"@type\":\"ReadAction\",\"target\":[\"https:\\\/\\\/top-parfumerie.fr\\\/produit\\\/bakara-collection-privee-authentique-50ml-parfum-tendance-2025\\\/\"]}]},{\"@type\":\"ImageObject\",\"inLanguage\":\"en-US\",\"@id\":\"https:\\\/\\\/top-parfumerie.fr\\\/produit\\\/bakara-collection-privee-authentique-50ml-parfum-tendance-2025\\\/#primaryimage\",\"url\":\"https:\\\/\\\/top-parfumerie.fr\\\/wp-content\\\/uploads\\\/2025\\\/11\\\/EC600222-8551-4158-B708-A452FE752ECF.heic\",\"contentUrl\":\"https:\\\/\\\/top-parfumerie.fr\\\/wp-content\\\/uploads\\\/2025\\\/11\\\/EC600222-8551-4158-B708-A452FE752ECF.heic\"},{\"@type\":\"BreadcrumbList\",\"@id\":\"https:\\\/\\\/top-parfumerie.fr\\\/produit\\\/bakara-collection-privee-authentique-50ml-parfum-tendance-2025\\\/#breadcrumb\",\"itemListElement\":[{\"@type\":\"ListItem\",\"position\":1,\"name\":\"Accueil\",\"item\":\"https:\\\/\\\/top-parfumerie.fr\\\/\"},{\"@type\":\"ListItem\",\"position\":2,\"name\":\"Boutique\",\"item\":\"https:\\\/\\\/top-parfumerie.fr\\\/boutique\\\/\"},{\"@type\":\"ListItem\",\"position\":3,\"name\":\"BAKARA &#8211; Collection Priv\u00e9e Authentique 50ML &#8211; Parfum tendance 2025\"}]},{\"@type\":\"WebSite\",\"@id\":\"https:\\\/\\\/top-parfumerie.fr\\\/#website\",\"url\":\"https:\\\/\\\/top-parfumerie.fr\\\/\",\"name\":\"TOP PARFUMERIE\",\"description\":\"L&#039;excellence du Parfum en Gros\",\"publisher\":{\"@id\":\"https:\\\/\\\/top-parfumerie.fr\\\/#organization\"},\"potentialAction\":[{\"@type\":\"SearchAction\",\"target\":{\"@type\":\"EntryPoint\",\"urlTemplate\":\"https:\\\/\\\/top-parfumerie.fr\\\/?s={search_term_string}\"},\"query-input\":{\"@type\":\"PropertyValueSpecification\",\"valueRequired\":true,\"valueName\":\"search_term_string\"}}],\"inLanguage\":\"en-US\"},{\"@type\":\"Organization\",\"@id\":\"https:\\\/\\\/top-parfumerie.fr\\\/#organization\",\"name\":\"TOP PARFUMERIE\",\"url\":\"https:\\\/\\\/top-parfumerie.fr\\\/\",\"logo\":{\"@type\":\"ImageObject\",\"inLanguage\":\"en-US\",\"@id\":\"https:\\\/\\\/top-parfumerie.fr\\\/#\\\/schema\\\/logo\\\/image\\\/\",\"url\":\"https:\\\/\\\/top-parfumerie.fr\\\/wp-content\\\/uploads\\\/2025\\\/02\\\/logo.jpg\",\"contentUrl\":\"https:\\\/\\\/top-parfumerie.fr\\\/wp-content\\\/uploads\\\/2025\\\/02\\\/logo.jpg\",\"width\":1600,\"height\":1600,\"caption\":\"TOP PARFUMERIE\"},\"image\":{\"@id\":\"https:\\\/\\\/top-parfumerie.fr\\\/#\\\/schema\\\/logo\\\/image\\\/\"}}]}<\/script>\n<!-- \/ Yoast SEO plugin. -->","yoast_head_json":{"title":"BAKARA - Collection Priv\u00e9e Authentique 50ML - Parfum tendance 2025 - TOP PARFUMERIE","robots":{"index":"index","follow":"follow","max-snippet":"max-snippet:-1","max-image-preview":"max-image-preview:large","max-video-preview":"max-video-preview:-1"},"canonical":"https:\/\/top-parfumerie.fr\/en\/product\/bakara-collection-privee-authentique-50ml-parfum-tendance-2025\/","og_locale":"en_US","og_type":"article","og_title":"BAKARA - Collection Priv\u00e9e Authentique 50ML - Parfum tendance 2025 - TOP PARFUMERIE","og_description":"BAKARA \u2013 Parfum Mixte Bois\u00e9 &amp; Ambr\u00e9 (Parfum Tendance 2025) BAKARA est un parfum mixte moderne, intense et luxueux, con\u00e7u pour ceux qui veulent une fragrance bois\u00e9e, ambr\u00e9e et sensuelle, avec une longue tenue et un sillage qui ne passe jamais inaper\u00e7u. L\u2019ouverture d\u00e9voile la luminosit\u00e9 florale du jasmin grandiflorum, sublim\u00e9e par la richesse \u00e9pic\u00e9e [...]","og_url":"https:\/\/top-parfumerie.fr\/en\/product\/bakara-collection-privee-authentique-50ml-parfum-tendance-2025\/","og_site_name":"TOP PARFUMERIE","article_modified_time":"2025-11-28T23:45:06+00:00","twitter_card":"summary_large_image","twitter_misc":{"Est. reading time":"1 minute"},"schema":{"@context":"https:\/\/schema.org","@graph":[{"@type":"WebPage","@id":"https:\/\/top-parfumerie.fr\/produit\/bakara-collection-privee-authentique-50ml-parfum-tendance-2025\/","url":"https:\/\/top-parfumerie.fr\/produit\/bakara-collection-privee-authentique-50ml-parfum-tendance-2025\/","name":"BAKARA - Collection Priv\u00e9e Authentique 50ML - Parfum tendance 2025 - TOP PARFUMERIE","isPartOf":{"@id":"https:\/\/top-parfumerie.fr\/#website"},"primaryImageOfPage":{"@id":"https:\/\/top-parfumerie.fr\/produit\/bakara-collection-privee-authentique-50ml-parfum-tendance-2025\/#primaryimage"},"image":{"@id":"https:\/\/top-parfumerie.fr\/produit\/bakara-collection-privee-authentique-50ml-parfum-tendance-2025\/#primaryimage"},"thumbnailUrl":"https:\/\/top-parfumerie.fr\/wp-content\/uploads\/2025\/11\/EC600222-8551-4158-B708-A452FE752ECF.heic","datePublished":"2025-11-28T22:16:26+00:00","dateModified":"2025-11-28T23:45:06+00:00","breadcrumb":{"@id":"https:\/\/top-parfumerie.fr\/produit\/bakara-collection-privee-authentique-50ml-parfum-tendance-2025\/#breadcrumb"},"inLanguage":"en-US","potentialAction":[{"@type":"ReadAction","target":["https:\/\/top-parfumerie.fr\/produit\/bakara-collection-privee-authentique-50ml-parfum-tendance-2025\/"]}]},{"@type":"ImageObject","inLanguage":"en-US","@id":"https:\/\/top-parfumerie.fr\/produit\/bakara-collection-privee-authentique-50ml-parfum-tendance-2025\/#primaryimage","url":"https:\/\/top-parfumerie.fr\/wp-content\/uploads\/2025\/11\/EC600222-8551-4158-B708-A452FE752ECF.heic","contentUrl":"https:\/\/top-parfumerie.fr\/wp-content\/uploads\/2025\/11\/EC600222-8551-4158-B708-A452FE752ECF.heic"},{"@type":"BreadcrumbList","@id":"https:\/\/top-parfumerie.fr\/produit\/bakara-collection-privee-authentique-50ml-parfum-tendance-2025\/#breadcrumb","itemListElement":[{"@type":"ListItem","position":1,"name":"Accueil","item":"https:\/\/top-parfumerie.fr\/"},{"@type":"ListItem","position":2,"name":"Boutique","item":"https:\/\/top-parfumerie.fr\/boutique\/"},{"@type":"ListItem","position":3,"name":"BAKARA &#8211; Collection Priv\u00e9e Authentique 50ML &#8211; Parfum tendance 2025"}]},{"@type":"WebSite","@id":"https:\/\/top-parfumerie.fr\/#website","url":"https:\/\/top-parfumerie.fr\/","name":"TOP PARFUMERIE","description":"L&#039;excellence du Parfum en Gros","publisher":{"@id":"https:\/\/top-parfumerie.fr\/#organization"},"potentialAction":[{"@type":"SearchAction","target":{"@type":"EntryPoint","urlTemplate":"https:\/\/top-parfumerie.fr\/?s={search_term_string}"},"query-input":{"@type":"PropertyValueSpecification","valueRequired":true,"valueName":"search_term_string"}}],"inLanguage":"en-US"},{"@type":"Organization","@id":"https:\/\/top-parfumerie.fr\/#organization","name":"TOP PARFUMERIE","url":"https:\/\/top-parfumerie.fr\/","logo":{"@type":"ImageObject","inLanguage":"en-US","@id":"https:\/\/top-parfumerie.fr\/#\/schema\/logo\/image\/","url":"https:\/\/top-parfumerie.fr\/wp-content\/uploads\/2025\/02\/logo.jpg","contentUrl":"https:\/\/top-parfumerie.fr\/wp-content\/uploads\/2025\/02\/logo.jpg","width":1600,"height":1600,"caption":"TOP PARFUMERIE"},"image":{"@id":"https:\/\/top-parfumerie.fr\/#\/schema\/logo\/image\/"}}]}},"_links":{"self":[{"href":"https:\/\/top-parfumerie.fr\/en\/wp-json\/wp\/v2\/product\/1485","targetHints":{"allow":["GET"]}}],"collection":[{"href":"https:\/\/top-parfumerie.fr\/en\/wp-json\/wp\/v2\/product"}],"about":[{"href":"https:\/\/top-parfumerie.fr\/en\/wp-json\/wp\/v2\/types\/product"}],"replies":[{"embeddable":true,"href":"https:\/\/top-parfumerie.fr\/en\/wp-json\/wp\/v2\/comments?post=1485"}],"wp:featuredmedia":[{"embeddable":true,"href":"https:\/\/top-parfumerie.fr\/en\/wp-json\/wp\/v2\/media\/1486"}],"wp:attachment":[{"href":"https:\/\/top-parfumerie.fr\/en\/wp-json\/wp\/v2\/media?parent=1485"}],"wp:term":[{"taxonomy":"product_brand","embeddable":true,"href":"https:\/\/top-parfumerie.fr\/en\/wp-json\/wp\/v2\/product_brand?post=1485"},{"taxonomy":"product_cat","embeddable":true,"href":"https:\/\/top-parfumerie.fr\/en\/wp-json\/wp\/v2\/product_cat?post=1485"},{"taxonomy":"product_tag","embeddable":true,"href":"https:\/\/top-parfumerie.fr\/en\/wp-json\/wp\/v2\/product_tag?post=1485"}],"curies":[{"name":"wp","href":"https:\/\/api.w.org\/{rel}","templated":true}]}}