{"id":1479,"date":"2025-11-28T21:15:26","date_gmt":"2025-11-28T21:15:26","guid":{"rendered":"https:\/\/top-parfumerie.fr\/?post_type=product&#038;p=1479"},"modified":"2026-04-07T00:36:03","modified_gmt":"2026-04-07T00:36:03","slug":"lot-de-10-parfums-collection-authentique","status":"publish","type":"product","link":"https:\/\/top-parfumerie.fr\/en\/product\/lot-de-10-parfums-collection-authentique\/","title":{"rendered":"LOT DE 10 PARFUMS COLLECTION PRIV\u00c9E AUTHENTIQUE"},"content":{"rendered":"<p data-start=\"192\" data-end=\"478\">Optez pour notre <strong data-start=\"209\" data-end=\"260\">Lot de 10 Parfums Collection Priv\u00e9e Authentique<\/strong>, un pack id\u00e9al pour <strong data-start=\"281\" data-end=\"291\">tester<\/strong>, <strong data-start=\"293\" data-end=\"305\">revendre<\/strong> ou simplement <strong data-start=\"320\" data-end=\"340\">se faire plaisir<\/strong> \u00e0 prix r\u00e9duit. D\u00e9couvrez des fragrances inspir\u00e9es des grandes tendances, avec <strong data-start=\"419\" data-end=\"443\">22 r\u00e9f\u00e9rences mixtes<\/strong> disponibles (homme, femme, mixte).<\/p>\n<h3 data-start=\"480\" data-end=\"501\">\ud83d\udd25 Points forts :<\/h3>\n<ul data-start=\"502\" data-end=\"765\">\n<li data-start=\"502\" data-end=\"523\">\n<p data-start=\"504\" data-end=\"523\"><strong data-start=\"504\" data-end=\"521\">Flacons 50 ml<\/strong><\/p>\n<\/li>\n<li data-start=\"524\" data-end=\"598\">\n<p data-start=\"526\" data-end=\"598\"><strong data-start=\"526\" data-end=\"561\">Tenue jusqu&rsquo;\u00e0 8 \u00e0 10 heures sur la peau<\/strong>, plusieurs jours sur les v\u00eatements<\/p>\n<\/li>\n<li data-start=\"599\" data-end=\"654\">\n<p data-start=\"601\" data-end=\"654\"><strong data-start=\"601\" data-end=\"618\">22 r\u00e9f\u00e9rences<\/strong> pour un lot vari\u00e9 et personnalis\u00e9<\/p>\n<\/li>\n<li data-start=\"655\" data-end=\"705\">\n<p data-start=\"657\" data-end=\"705\">Fragrances <strong data-start=\"668\" data-end=\"703\">\u00e9l\u00e9gantes, intenses et tendance<\/strong><\/p>\n<\/li>\n<li data-start=\"706\" data-end=\"765\">\n<p data-start=\"708\" data-end=\"765\">Parfait pour d\u00e9butants, revendeurs ou amateurs de parfums<\/p>\n<\/li>\n<\/ul>\n<h3 data-start=\"767\" data-end=\"792\">\u2b50 Collection Priv\u00e9e :<\/h3>\n<ul data-start=\"793\" data-end=\"928\">\n<li data-start=\"793\" data-end=\"831\">\n<p data-start=\"795\" data-end=\"831\">Excellent <strong data-start=\"805\" data-end=\"829\">rapport qualit\u00e9\/prix<\/strong><\/p>\n<\/li>\n<li data-start=\"832\" data-end=\"874\">\n<p data-start=\"834\" data-end=\"874\">Parfums collections priv\u00e9es <strong data-start=\"842\" data-end=\"858\">authentiques<\/strong>, longue tenue<\/p>\n<\/li>\n<li data-start=\"875\" data-end=\"909\">\n<p data-start=\"877\" data-end=\"909\">Stock disponible toute l\u2019ann\u00e9e<\/p>\n<\/li>\n<li data-start=\"910\" data-end=\"928\">\n<p data-start=\"912\" data-end=\"928\">Livraison rapide<\/p>\n<\/li>\n<\/ul>\n<p data-start=\"930\" data-end=\"1035\">\u26a0\ufe0f <em data-start=\"933\" data-end=\"1035\">En cas de rupture, certains \u00e9l\u00e9ments du packaging peuvent varier sans affecter la qualit\u00e9 du parfum.<\/em><\/p>","protected":false},"excerpt":{"rendered":"<p>Nos produits sont class\u00e9s par ordre alphab\u00e9tique.<\/p>\n<p>Clique ici pour acc\u00e9der \u00e0 la liste des correspondances des r\u00e9f\u00e9rences : <a href=\"https:\/\/top-parfumerie.fr\/wp-content\/uploads\/2025\/02\/Liste-correspondance-COLLECTION-AUTHENTIQUE.pdf\">LISTE CORRESPONDANCE DES R\u00c9F\u00c9RENCES<\/a>.<\/p>","protected":false},"featured_media":1480,"comment_status":"open","ping_status":"closed","template":"","meta":[],"product_brand":[],"product_cat":[80],"product_tag":[],"class_list":{"0":"post-1479","1":"product","2":"type-product","3":"status-publish","4":"has-post-thumbnail","6":"product_cat-nos-lots-authentique-en-gros","8":"first","9":"instock","10":"downloadable","11":"shipping-taxable","12":"purchasable","13":"product-type-woosb"},"yoast_head":"<!-- This site is optimized with the Yoast SEO plugin v27.5 - https:\/\/yoast.com\/product\/yoast-seo-wordpress\/ -->\n<title>LOT DE 10 PARFUMS COLLECTION PRIV\u00c9E AUTHENTIQUE - TOP PARFUMERIE<\/title>\n<meta name=\"robots\" content=\"index, follow, max-snippet:-1, max-image-preview:large, max-video-preview:-1\" \/>\n<link rel=\"canonical\" href=\"https:\/\/top-parfumerie.fr\/en\/product\/lot-de-10-parfums-collection-authentique\/\" \/>\n<meta property=\"og:locale\" content=\"en_US\" \/>\n<meta property=\"og:type\" content=\"article\" \/>\n<meta property=\"og:title\" content=\"LOT DE 10 PARFUMS COLLECTION PRIV\u00c9E AUTHENTIQUE - TOP PARFUMERIE\" \/>\n<meta property=\"og:description\" content=\"Nos produits sont class\u00e9s par ordre alphab\u00e9tique.  Clique ici pour acc\u00e9der \u00e0 la liste des correspondances des r\u00e9f\u00e9rences : LISTE CORRESPONDANCE DES R\u00c9F\u00c9RENCES.\" \/>\n<meta property=\"og:url\" content=\"https:\/\/top-parfumerie.fr\/en\/product\/lot-de-10-parfums-collection-authentique\/\" \/>\n<meta property=\"og:site_name\" content=\"TOP PARFUMERIE\" \/>\n<meta property=\"article:modified_time\" content=\"2026-04-07T00:36:03+00:00\" \/>\n<meta property=\"og:image\" content=\"https:\/\/top-parfumerie.fr\/wp-content\/uploads\/2025\/11\/Photo-lot--1024x1024.png\" \/>\n\t<meta property=\"og:image:width\" content=\"1024\" \/>\n\t<meta property=\"og:image:height\" content=\"1024\" \/>\n\t<meta property=\"og:image:type\" content=\"image\/png\" \/>\n<meta name=\"twitter:card\" content=\"summary_large_image\" \/>\n<meta name=\"twitter:label1\" content=\"Est. reading time\" \/>\n\t<meta name=\"twitter:data1\" content=\"1 minute\" \/>\n<script type=\"application\/ld+json\" class=\"yoast-schema-graph\">{\"@context\":\"https:\\\/\\\/schema.org\",\"@graph\":[{\"@type\":\"WebPage\",\"@id\":\"https:\\\/\\\/top-parfumerie.fr\\\/produit\\\/lot-de-10-parfums-collection-authentique\\\/\",\"url\":\"https:\\\/\\\/top-parfumerie.fr\\\/produit\\\/lot-de-10-parfums-collection-authentique\\\/\",\"name\":\"LOT DE 10 PARFUMS COLLECTION PRIV\u00c9E AUTHENTIQUE - TOP PARFUMERIE\",\"isPartOf\":{\"@id\":\"https:\\\/\\\/top-parfumerie.fr\\\/#website\"},\"primaryImageOfPage\":{\"@id\":\"https:\\\/\\\/top-parfumerie.fr\\\/produit\\\/lot-de-10-parfums-collection-authentique\\\/#primaryimage\"},\"image\":{\"@id\":\"https:\\\/\\\/top-parfumerie.fr\\\/produit\\\/lot-de-10-parfums-collection-authentique\\\/#primaryimage\"},\"thumbnailUrl\":\"https:\\\/\\\/top-parfumerie.fr\\\/wp-content\\\/uploads\\\/2025\\\/11\\\/Photo-lot-.png\",\"datePublished\":\"2025-11-28T21:15:26+00:00\",\"dateModified\":\"2026-04-07T00:36:03+00:00\",\"breadcrumb\":{\"@id\":\"https:\\\/\\\/top-parfumerie.fr\\\/produit\\\/lot-de-10-parfums-collection-authentique\\\/#breadcrumb\"},\"inLanguage\":\"en-US\",\"potentialAction\":[{\"@type\":\"ReadAction\",\"target\":[\"https:\\\/\\\/top-parfumerie.fr\\\/produit\\\/lot-de-10-parfums-collection-authentique\\\/\"]}]},{\"@type\":\"ImageObject\",\"inLanguage\":\"en-US\",\"@id\":\"https:\\\/\\\/top-parfumerie.fr\\\/produit\\\/lot-de-10-parfums-collection-authentique\\\/#primaryimage\",\"url\":\"https:\\\/\\\/top-parfumerie.fr\\\/wp-content\\\/uploads\\\/2025\\\/11\\\/Photo-lot-.png\",\"contentUrl\":\"https:\\\/\\\/top-parfumerie.fr\\\/wp-content\\\/uploads\\\/2025\\\/11\\\/Photo-lot-.png\",\"width\":1600,\"height\":1600},{\"@type\":\"BreadcrumbList\",\"@id\":\"https:\\\/\\\/top-parfumerie.fr\\\/produit\\\/lot-de-10-parfums-collection-authentique\\\/#breadcrumb\",\"itemListElement\":[{\"@type\":\"ListItem\",\"position\":1,\"name\":\"Accueil\",\"item\":\"https:\\\/\\\/top-parfumerie.fr\\\/\"},{\"@type\":\"ListItem\",\"position\":2,\"name\":\"Boutique\",\"item\":\"https:\\\/\\\/top-parfumerie.fr\\\/boutique\\\/\"},{\"@type\":\"ListItem\",\"position\":3,\"name\":\"LOT DE 10 PARFUMS COLLECTION PRIV\u00c9E AUTHENTIQUE\"}]},{\"@type\":\"WebSite\",\"@id\":\"https:\\\/\\\/top-parfumerie.fr\\\/#website\",\"url\":\"https:\\\/\\\/top-parfumerie.fr\\\/\",\"name\":\"TOP PARFUMERIE\",\"description\":\"L&#039;excellence du Parfum en Gros\",\"publisher\":{\"@id\":\"https:\\\/\\\/top-parfumerie.fr\\\/#organization\"},\"potentialAction\":[{\"@type\":\"SearchAction\",\"target\":{\"@type\":\"EntryPoint\",\"urlTemplate\":\"https:\\\/\\\/top-parfumerie.fr\\\/?s={search_term_string}\"},\"query-input\":{\"@type\":\"PropertyValueSpecification\",\"valueRequired\":true,\"valueName\":\"search_term_string\"}}],\"inLanguage\":\"en-US\"},{\"@type\":\"Organization\",\"@id\":\"https:\\\/\\\/top-parfumerie.fr\\\/#organization\",\"name\":\"TOP PARFUMERIE\",\"url\":\"https:\\\/\\\/top-parfumerie.fr\\\/\",\"logo\":{\"@type\":\"ImageObject\",\"inLanguage\":\"en-US\",\"@id\":\"https:\\\/\\\/top-parfumerie.fr\\\/#\\\/schema\\\/logo\\\/image\\\/\",\"url\":\"https:\\\/\\\/top-parfumerie.fr\\\/wp-content\\\/uploads\\\/2025\\\/02\\\/logo.jpg\",\"contentUrl\":\"https:\\\/\\\/top-parfumerie.fr\\\/wp-content\\\/uploads\\\/2025\\\/02\\\/logo.jpg\",\"width\":1600,\"height\":1600,\"caption\":\"TOP PARFUMERIE\"},\"image\":{\"@id\":\"https:\\\/\\\/top-parfumerie.fr\\\/#\\\/schema\\\/logo\\\/image\\\/\"}}]}<\/script>\n<!-- \/ Yoast SEO plugin. -->","yoast_head_json":{"title":"LOT DE 10 PARFUMS COLLECTION PRIV\u00c9E AUTHENTIQUE - TOP PARFUMERIE","robots":{"index":"index","follow":"follow","max-snippet":"max-snippet:-1","max-image-preview":"max-image-preview:large","max-video-preview":"max-video-preview:-1"},"canonical":"https:\/\/top-parfumerie.fr\/en\/product\/lot-de-10-parfums-collection-authentique\/","og_locale":"en_US","og_type":"article","og_title":"LOT DE 10 PARFUMS COLLECTION PRIV\u00c9E AUTHENTIQUE - TOP PARFUMERIE","og_description":"Nos produits sont class\u00e9s par ordre alphab\u00e9tique.  Clique ici pour acc\u00e9der \u00e0 la liste des correspondances des r\u00e9f\u00e9rences : LISTE CORRESPONDANCE DES R\u00c9F\u00c9RENCES.","og_url":"https:\/\/top-parfumerie.fr\/en\/product\/lot-de-10-parfums-collection-authentique\/","og_site_name":"TOP PARFUMERIE","article_modified_time":"2026-04-07T00:36:03+00:00","og_image":[{"width":1024,"height":1024,"url":"https:\/\/top-parfumerie.fr\/wp-content\/uploads\/2025\/11\/Photo-lot--1024x1024.png","type":"image\/png"}],"twitter_card":"summary_large_image","twitter_misc":{"Est. reading time":"1 minute"},"schema":{"@context":"https:\/\/schema.org","@graph":[{"@type":"WebPage","@id":"https:\/\/top-parfumerie.fr\/produit\/lot-de-10-parfums-collection-authentique\/","url":"https:\/\/top-parfumerie.fr\/produit\/lot-de-10-parfums-collection-authentique\/","name":"LOT DE 10 PARFUMS COLLECTION PRIV\u00c9E AUTHENTIQUE - TOP PARFUMERIE","isPartOf":{"@id":"https:\/\/top-parfumerie.fr\/#website"},"primaryImageOfPage":{"@id":"https:\/\/top-parfumerie.fr\/produit\/lot-de-10-parfums-collection-authentique\/#primaryimage"},"image":{"@id":"https:\/\/top-parfumerie.fr\/produit\/lot-de-10-parfums-collection-authentique\/#primaryimage"},"thumbnailUrl":"https:\/\/top-parfumerie.fr\/wp-content\/uploads\/2025\/11\/Photo-lot-.png","datePublished":"2025-11-28T21:15:26+00:00","dateModified":"2026-04-07T00:36:03+00:00","breadcrumb":{"@id":"https:\/\/top-parfumerie.fr\/produit\/lot-de-10-parfums-collection-authentique\/#breadcrumb"},"inLanguage":"en-US","potentialAction":[{"@type":"ReadAction","target":["https:\/\/top-parfumerie.fr\/produit\/lot-de-10-parfums-collection-authentique\/"]}]},{"@type":"ImageObject","inLanguage":"en-US","@id":"https:\/\/top-parfumerie.fr\/produit\/lot-de-10-parfums-collection-authentique\/#primaryimage","url":"https:\/\/top-parfumerie.fr\/wp-content\/uploads\/2025\/11\/Photo-lot-.png","contentUrl":"https:\/\/top-parfumerie.fr\/wp-content\/uploads\/2025\/11\/Photo-lot-.png","width":1600,"height":1600},{"@type":"BreadcrumbList","@id":"https:\/\/top-parfumerie.fr\/produit\/lot-de-10-parfums-collection-authentique\/#breadcrumb","itemListElement":[{"@type":"ListItem","position":1,"name":"Accueil","item":"https:\/\/top-parfumerie.fr\/"},{"@type":"ListItem","position":2,"name":"Boutique","item":"https:\/\/top-parfumerie.fr\/boutique\/"},{"@type":"ListItem","position":3,"name":"LOT DE 10 PARFUMS COLLECTION PRIV\u00c9E AUTHENTIQUE"}]},{"@type":"WebSite","@id":"https:\/\/top-parfumerie.fr\/#website","url":"https:\/\/top-parfumerie.fr\/","name":"TOP PARFUMERIE","description":"L&#039;excellence du Parfum en Gros","publisher":{"@id":"https:\/\/top-parfumerie.fr\/#organization"},"potentialAction":[{"@type":"SearchAction","target":{"@type":"EntryPoint","urlTemplate":"https:\/\/top-parfumerie.fr\/?s={search_term_string}"},"query-input":{"@type":"PropertyValueSpecification","valueRequired":true,"valueName":"search_term_string"}}],"inLanguage":"en-US"},{"@type":"Organization","@id":"https:\/\/top-parfumerie.fr\/#organization","name":"TOP PARFUMERIE","url":"https:\/\/top-parfumerie.fr\/","logo":{"@type":"ImageObject","inLanguage":"en-US","@id":"https:\/\/top-parfumerie.fr\/#\/schema\/logo\/image\/","url":"https:\/\/top-parfumerie.fr\/wp-content\/uploads\/2025\/02\/logo.jpg","contentUrl":"https:\/\/top-parfumerie.fr\/wp-content\/uploads\/2025\/02\/logo.jpg","width":1600,"height":1600,"caption":"TOP PARFUMERIE"},"image":{"@id":"https:\/\/top-parfumerie.fr\/#\/schema\/logo\/image\/"}}]}},"_links":{"self":[{"href":"https:\/\/top-parfumerie.fr\/en\/wp-json\/wp\/v2\/product\/1479","targetHints":{"allow":["GET"]}}],"collection":[{"href":"https:\/\/top-parfumerie.fr\/en\/wp-json\/wp\/v2\/product"}],"about":[{"href":"https:\/\/top-parfumerie.fr\/en\/wp-json\/wp\/v2\/types\/product"}],"replies":[{"embeddable":true,"href":"https:\/\/top-parfumerie.fr\/en\/wp-json\/wp\/v2\/comments?post=1479"}],"wp:featuredmedia":[{"embeddable":true,"href":"https:\/\/top-parfumerie.fr\/en\/wp-json\/wp\/v2\/media\/1480"}],"wp:attachment":[{"href":"https:\/\/top-parfumerie.fr\/en\/wp-json\/wp\/v2\/media?parent=1479"}],"wp:term":[{"taxonomy":"product_brand","embeddable":true,"href":"https:\/\/top-parfumerie.fr\/en\/wp-json\/wp\/v2\/product_brand?post=1479"},{"taxonomy":"product_cat","embeddable":true,"href":"https:\/\/top-parfumerie.fr\/en\/wp-json\/wp\/v2\/product_cat?post=1479"},{"taxonomy":"product_tag","embeddable":true,"href":"https:\/\/top-parfumerie.fr\/en\/wp-json\/wp\/v2\/product_tag?post=1479"}],"curies":[{"name":"wp","href":"https:\/\/api.w.org\/{rel}","templated":true}]}}