{"id":1140,"date":"2025-06-09T18:53:27","date_gmt":"2025-06-09T18:53:27","guid":{"rendered":"https:\/\/top-parfumerie.fr\/?post_type=product&#038;p=1140"},"modified":"2025-06-09T21:29:16","modified_gmt":"2025-06-09T21:29:16","slug":"trouvez-les-meilleurs-fournisseurs-demballage","status":"publish","type":"product","link":"https:\/\/top-parfumerie.fr\/en\/product\/trouvez-les-meilleurs-fournisseurs-demballage\/","title":{"rendered":"Trouvez les Meilleurs Fournisseurs d\u2019Emballage"},"content":{"rendered":"<p><strong>Simplifiez votre approvisionnement en emballages avec notre base de donn\u00e9es exclusive de fournisseurs qualifi\u00e9s. <\/strong>Ce produit digital vous permet de gagner un temps pr\u00e9cieux et de faire des \u00e9conomies en acc\u00e9dant directement aux meilleurs fournisseurs d\u2019emballage du march\u00e9. Que vous soyez une petite entreprise ou une grande industrie, nous avons s\u00e9lectionn\u00e9 pour vous des partenaires fiables et comp\u00e9titifs, capables de r\u00e9pondre \u00e0 vos besoins sp\u00e9cifiques.<\/p>\n<p><strong>Pourquoi choisir notre solution ?<\/strong><\/p>\n<ul>\n<li><strong>Gain de temps et d\u2019efficacit\u00e9<\/strong> : Plus besoin de chercher des fournisseurs sur diff\u00e9rents sites ou plateformes. Tout est r\u00e9uni dans un seul fichier pratique et actualis\u00e9 r\u00e9guli\u00e8rement.<\/li>\n<li><strong>Acc\u00e8s \u00e0 des fournisseurs de qualit\u00e9<\/strong> : Nous avons minutieusement v\u00e9rifi\u00e9 chaque fournisseur, pour vous garantir des produits de haute qualit\u00e9, conformes aux normes et standards de l\u2019industrie.<\/li>\n<li><strong>Adapt\u00e9 \u00e0 tous vos besoins<\/strong> : Des emballages \u00e9cologiques, biod\u00e9gradables, personnalis\u00e9s ou standards \u2013 trouvez exactement ce que vous cherchez, en un clin d\u2019\u0153il.<\/li>\n<li><strong>Mise \u00e0 jour continue<\/strong> : Nous mettons r\u00e9guli\u00e8rement \u00e0 jour notre base de donn\u00e9es pour vous garantir l\u2019acc\u00e8s aux nouvelles tendances et innovations en mati\u00e8re d\u2019emballage.<\/li>\n<\/ul>\n<p><strong>Comment \u00e7a fonctionne ?<\/strong><br \/>\nUne fois votre achat valid\u00e9, vous aurez un acc\u00e8s instantan\u00e9 \u00e0 notre fichier digital complet par e-mail et dans votre compte client. Il suffit de le t\u00e9l\u00e9charger et vous pourrez consulter les informations de contact des fournisseurs et leurs gammes de produits.<\/p>\n<p>Ne laissez pas la recherche de fournisseurs d\u2019emballage \u00eatre un frein \u00e0 la croissance de votre entreprise. <strong>Investissez dans notre solution d\u00e8s aujourd\u2019hui et optimisez votre cha\u00eene d\u2019approvisionnement !<\/strong><\/p>","protected":false},"excerpt":{"rendered":"<p>Simplifiez votre approvisionnement en emballages avec notre base de donn\u00e9es exclusive de fournisseurs qualifi\u00e9s. Ce produit digital vous permet de gagner un temps pr\u00e9cieux et de faire des \u00e9conomies en acc\u00e9dant directement aux meilleurs fournisseurs d\u2019emballage du march\u00e9. Que vous soyez une petite entreprise ou une grande industrie, nous avons s\u00e9lectionn\u00e9 pour vous des partenaires [&#8230;]\n","protected":false},"featured_media":1147,"comment_status":"open","ping_status":"closed","template":"","meta":[],"product_brand":[],"product_cat":[107],"product_tag":[],"class_list":{"0":"post-1140","1":"product","2":"type-product","3":"status-publish","4":"has-post-thumbnail","6":"product_cat-liste-fournisseur","8":"first","9":"instock","10":"downloadable","11":"shipping-taxable","12":"purchasable","13":"product-type-simple"},"yoast_head":"<!-- This site is optimized with the Yoast SEO plugin v27.5 - https:\/\/yoast.com\/product\/yoast-seo-wordpress\/ -->\n<title>Trouvez les Meilleurs Fournisseurs d\u2019Emballage - TOP PARFUMERIE<\/title>\n<meta name=\"robots\" content=\"index, follow, max-snippet:-1, max-image-preview:large, max-video-preview:-1\" \/>\n<link rel=\"canonical\" href=\"https:\/\/top-parfumerie.fr\/en\/product\/trouvez-les-meilleurs-fournisseurs-demballage\/\" \/>\n<meta property=\"og:locale\" content=\"en_US\" \/>\n<meta property=\"og:type\" content=\"article\" \/>\n<meta property=\"og:title\" content=\"Trouvez les Meilleurs Fournisseurs d\u2019Emballage - TOP PARFUMERIE\" \/>\n<meta property=\"og:description\" content=\"Simplifiez votre approvisionnement en emballages avec notre base de donn\u00e9es exclusive de fournisseurs qualifi\u00e9s. Ce produit digital vous permet de gagner un temps pr\u00e9cieux et de faire des \u00e9conomies en acc\u00e9dant directement aux meilleurs fournisseurs d\u2019emballage du march\u00e9. Que vous soyez une petite entreprise ou une grande industrie, nous avons s\u00e9lectionn\u00e9 pour vous des partenaires [...]\" \/>\n<meta property=\"og:url\" content=\"https:\/\/top-parfumerie.fr\/en\/product\/trouvez-les-meilleurs-fournisseurs-demballage\/\" \/>\n<meta property=\"og:site_name\" content=\"TOP PARFUMERIE\" \/>\n<meta property=\"article:modified_time\" content=\"2025-06-09T21:29:16+00:00\" \/>\n<meta property=\"og:image\" content=\"https:\/\/top-parfumerie.fr\/wp-content\/uploads\/2025\/06\/FF4E95BC-E875-4B00-A274-89F7A1368D1C-683x1024.png\" \/>\n\t<meta property=\"og:image:width\" content=\"683\" \/>\n\t<meta property=\"og:image:height\" content=\"1024\" \/>\n\t<meta property=\"og:image:type\" content=\"image\/png\" \/>\n<meta name=\"twitter:card\" content=\"summary_large_image\" \/>\n<meta name=\"twitter:label1\" content=\"Est. reading time\" \/>\n\t<meta name=\"twitter:data1\" content=\"2 minutes\" \/>\n<script type=\"application\/ld+json\" class=\"yoast-schema-graph\">{\"@context\":\"https:\\\/\\\/schema.org\",\"@graph\":[{\"@type\":\"WebPage\",\"@id\":\"https:\\\/\\\/top-parfumerie.fr\\\/produit\\\/trouvez-les-meilleurs-fournisseurs-demballage\\\/\",\"url\":\"https:\\\/\\\/top-parfumerie.fr\\\/produit\\\/trouvez-les-meilleurs-fournisseurs-demballage\\\/\",\"name\":\"Trouvez les Meilleurs Fournisseurs d\u2019Emballage - TOP PARFUMERIE\",\"isPartOf\":{\"@id\":\"https:\\\/\\\/top-parfumerie.fr\\\/#website\"},\"primaryImageOfPage\":{\"@id\":\"https:\\\/\\\/top-parfumerie.fr\\\/produit\\\/trouvez-les-meilleurs-fournisseurs-demballage\\\/#primaryimage\"},\"image\":{\"@id\":\"https:\\\/\\\/top-parfumerie.fr\\\/produit\\\/trouvez-les-meilleurs-fournisseurs-demballage\\\/#primaryimage\"},\"thumbnailUrl\":\"https:\\\/\\\/top-parfumerie.fr\\\/wp-content\\\/uploads\\\/2025\\\/06\\\/FF4E95BC-E875-4B00-A274-89F7A1368D1C.png\",\"datePublished\":\"2025-06-09T18:53:27+00:00\",\"dateModified\":\"2025-06-09T21:29:16+00:00\",\"breadcrumb\":{\"@id\":\"https:\\\/\\\/top-parfumerie.fr\\\/produit\\\/trouvez-les-meilleurs-fournisseurs-demballage\\\/#breadcrumb\"},\"inLanguage\":\"en-US\",\"potentialAction\":[{\"@type\":\"ReadAction\",\"target\":[\"https:\\\/\\\/top-parfumerie.fr\\\/produit\\\/trouvez-les-meilleurs-fournisseurs-demballage\\\/\"]}]},{\"@type\":\"ImageObject\",\"inLanguage\":\"en-US\",\"@id\":\"https:\\\/\\\/top-parfumerie.fr\\\/produit\\\/trouvez-les-meilleurs-fournisseurs-demballage\\\/#primaryimage\",\"url\":\"https:\\\/\\\/top-parfumerie.fr\\\/wp-content\\\/uploads\\\/2025\\\/06\\\/FF4E95BC-E875-4B00-A274-89F7A1368D1C.png\",\"contentUrl\":\"https:\\\/\\\/top-parfumerie.fr\\\/wp-content\\\/uploads\\\/2025\\\/06\\\/FF4E95BC-E875-4B00-A274-89F7A1368D1C.png\",\"width\":1024,\"height\":1536},{\"@type\":\"BreadcrumbList\",\"@id\":\"https:\\\/\\\/top-parfumerie.fr\\\/produit\\\/trouvez-les-meilleurs-fournisseurs-demballage\\\/#breadcrumb\",\"itemListElement\":[{\"@type\":\"ListItem\",\"position\":1,\"name\":\"Accueil\",\"item\":\"https:\\\/\\\/top-parfumerie.fr\\\/\"},{\"@type\":\"ListItem\",\"position\":2,\"name\":\"Boutique\",\"item\":\"https:\\\/\\\/top-parfumerie.fr\\\/boutique\\\/\"},{\"@type\":\"ListItem\",\"position\":3,\"name\":\"Trouvez les Meilleurs Fournisseurs d\u2019Emballage\"}]},{\"@type\":\"WebSite\",\"@id\":\"https:\\\/\\\/top-parfumerie.fr\\\/#website\",\"url\":\"https:\\\/\\\/top-parfumerie.fr\\\/\",\"name\":\"TOP PARFUMERIE\",\"description\":\"L&#039;excellence du Parfum en Gros\",\"publisher\":{\"@id\":\"https:\\\/\\\/top-parfumerie.fr\\\/#organization\"},\"potentialAction\":[{\"@type\":\"SearchAction\",\"target\":{\"@type\":\"EntryPoint\",\"urlTemplate\":\"https:\\\/\\\/top-parfumerie.fr\\\/?s={search_term_string}\"},\"query-input\":{\"@type\":\"PropertyValueSpecification\",\"valueRequired\":true,\"valueName\":\"search_term_string\"}}],\"inLanguage\":\"en-US\"},{\"@type\":\"Organization\",\"@id\":\"https:\\\/\\\/top-parfumerie.fr\\\/#organization\",\"name\":\"TOP PARFUMERIE\",\"url\":\"https:\\\/\\\/top-parfumerie.fr\\\/\",\"logo\":{\"@type\":\"ImageObject\",\"inLanguage\":\"en-US\",\"@id\":\"https:\\\/\\\/top-parfumerie.fr\\\/#\\\/schema\\\/logo\\\/image\\\/\",\"url\":\"https:\\\/\\\/top-parfumerie.fr\\\/wp-content\\\/uploads\\\/2025\\\/02\\\/logo.jpg\",\"contentUrl\":\"https:\\\/\\\/top-parfumerie.fr\\\/wp-content\\\/uploads\\\/2025\\\/02\\\/logo.jpg\",\"width\":1600,\"height\":1600,\"caption\":\"TOP PARFUMERIE\"},\"image\":{\"@id\":\"https:\\\/\\\/top-parfumerie.fr\\\/#\\\/schema\\\/logo\\\/image\\\/\"}}]}<\/script>\n<!-- \/ Yoast SEO plugin. -->","yoast_head_json":{"title":"Trouvez les Meilleurs Fournisseurs d\u2019Emballage - TOP PARFUMERIE","robots":{"index":"index","follow":"follow","max-snippet":"max-snippet:-1","max-image-preview":"max-image-preview:large","max-video-preview":"max-video-preview:-1"},"canonical":"https:\/\/top-parfumerie.fr\/en\/product\/trouvez-les-meilleurs-fournisseurs-demballage\/","og_locale":"en_US","og_type":"article","og_title":"Trouvez les Meilleurs Fournisseurs d\u2019Emballage - TOP PARFUMERIE","og_description":"Simplifiez votre approvisionnement en emballages avec notre base de donn\u00e9es exclusive de fournisseurs qualifi\u00e9s. Ce produit digital vous permet de gagner un temps pr\u00e9cieux et de faire des \u00e9conomies en acc\u00e9dant directement aux meilleurs fournisseurs d\u2019emballage du march\u00e9. Que vous soyez une petite entreprise ou une grande industrie, nous avons s\u00e9lectionn\u00e9 pour vous des partenaires [...]","og_url":"https:\/\/top-parfumerie.fr\/en\/product\/trouvez-les-meilleurs-fournisseurs-demballage\/","og_site_name":"TOP PARFUMERIE","article_modified_time":"2025-06-09T21:29:16+00:00","og_image":[{"width":683,"height":1024,"url":"https:\/\/top-parfumerie.fr\/wp-content\/uploads\/2025\/06\/FF4E95BC-E875-4B00-A274-89F7A1368D1C-683x1024.png","type":"image\/png"}],"twitter_card":"summary_large_image","twitter_misc":{"Est. reading time":"2 minutes"},"schema":{"@context":"https:\/\/schema.org","@graph":[{"@type":"WebPage","@id":"https:\/\/top-parfumerie.fr\/produit\/trouvez-les-meilleurs-fournisseurs-demballage\/","url":"https:\/\/top-parfumerie.fr\/produit\/trouvez-les-meilleurs-fournisseurs-demballage\/","name":"Trouvez les Meilleurs Fournisseurs d\u2019Emballage - TOP PARFUMERIE","isPartOf":{"@id":"https:\/\/top-parfumerie.fr\/#website"},"primaryImageOfPage":{"@id":"https:\/\/top-parfumerie.fr\/produit\/trouvez-les-meilleurs-fournisseurs-demballage\/#primaryimage"},"image":{"@id":"https:\/\/top-parfumerie.fr\/produit\/trouvez-les-meilleurs-fournisseurs-demballage\/#primaryimage"},"thumbnailUrl":"https:\/\/top-parfumerie.fr\/wp-content\/uploads\/2025\/06\/FF4E95BC-E875-4B00-A274-89F7A1368D1C.png","datePublished":"2025-06-09T18:53:27+00:00","dateModified":"2025-06-09T21:29:16+00:00","breadcrumb":{"@id":"https:\/\/top-parfumerie.fr\/produit\/trouvez-les-meilleurs-fournisseurs-demballage\/#breadcrumb"},"inLanguage":"en-US","potentialAction":[{"@type":"ReadAction","target":["https:\/\/top-parfumerie.fr\/produit\/trouvez-les-meilleurs-fournisseurs-demballage\/"]}]},{"@type":"ImageObject","inLanguage":"en-US","@id":"https:\/\/top-parfumerie.fr\/produit\/trouvez-les-meilleurs-fournisseurs-demballage\/#primaryimage","url":"https:\/\/top-parfumerie.fr\/wp-content\/uploads\/2025\/06\/FF4E95BC-E875-4B00-A274-89F7A1368D1C.png","contentUrl":"https:\/\/top-parfumerie.fr\/wp-content\/uploads\/2025\/06\/FF4E95BC-E875-4B00-A274-89F7A1368D1C.png","width":1024,"height":1536},{"@type":"BreadcrumbList","@id":"https:\/\/top-parfumerie.fr\/produit\/trouvez-les-meilleurs-fournisseurs-demballage\/#breadcrumb","itemListElement":[{"@type":"ListItem","position":1,"name":"Accueil","item":"https:\/\/top-parfumerie.fr\/"},{"@type":"ListItem","position":2,"name":"Boutique","item":"https:\/\/top-parfumerie.fr\/boutique\/"},{"@type":"ListItem","position":3,"name":"Trouvez les Meilleurs Fournisseurs d\u2019Emballage"}]},{"@type":"WebSite","@id":"https:\/\/top-parfumerie.fr\/#website","url":"https:\/\/top-parfumerie.fr\/","name":"TOP PARFUMERIE","description":"L&#039;excellence du Parfum en Gros","publisher":{"@id":"https:\/\/top-parfumerie.fr\/#organization"},"potentialAction":[{"@type":"SearchAction","target":{"@type":"EntryPoint","urlTemplate":"https:\/\/top-parfumerie.fr\/?s={search_term_string}"},"query-input":{"@type":"PropertyValueSpecification","valueRequired":true,"valueName":"search_term_string"}}],"inLanguage":"en-US"},{"@type":"Organization","@id":"https:\/\/top-parfumerie.fr\/#organization","name":"TOP PARFUMERIE","url":"https:\/\/top-parfumerie.fr\/","logo":{"@type":"ImageObject","inLanguage":"en-US","@id":"https:\/\/top-parfumerie.fr\/#\/schema\/logo\/image\/","url":"https:\/\/top-parfumerie.fr\/wp-content\/uploads\/2025\/02\/logo.jpg","contentUrl":"https:\/\/top-parfumerie.fr\/wp-content\/uploads\/2025\/02\/logo.jpg","width":1600,"height":1600,"caption":"TOP PARFUMERIE"},"image":{"@id":"https:\/\/top-parfumerie.fr\/#\/schema\/logo\/image\/"}}]}},"_links":{"self":[{"href":"https:\/\/top-parfumerie.fr\/en\/wp-json\/wp\/v2\/product\/1140","targetHints":{"allow":["GET"]}}],"collection":[{"href":"https:\/\/top-parfumerie.fr\/en\/wp-json\/wp\/v2\/product"}],"about":[{"href":"https:\/\/top-parfumerie.fr\/en\/wp-json\/wp\/v2\/types\/product"}],"replies":[{"embeddable":true,"href":"https:\/\/top-parfumerie.fr\/en\/wp-json\/wp\/v2\/comments?post=1140"}],"wp:featuredmedia":[{"embeddable":true,"href":"https:\/\/top-parfumerie.fr\/en\/wp-json\/wp\/v2\/media\/1147"}],"wp:attachment":[{"href":"https:\/\/top-parfumerie.fr\/en\/wp-json\/wp\/v2\/media?parent=1140"}],"wp:term":[{"taxonomy":"product_brand","embeddable":true,"href":"https:\/\/top-parfumerie.fr\/en\/wp-json\/wp\/v2\/product_brand?post=1140"},{"taxonomy":"product_cat","embeddable":true,"href":"https:\/\/top-parfumerie.fr\/en\/wp-json\/wp\/v2\/product_cat?post=1140"},{"taxonomy":"product_tag","embeddable":true,"href":"https:\/\/top-parfumerie.fr\/en\/wp-json\/wp\/v2\/product_tag?post=1140"}],"curies":[{"name":"wp","href":"https:\/\/api.w.org\/{rel}","templated":true}]}}