{"id":1134,"date":"2025-06-09T18:11:24","date_gmt":"2025-06-09T18:11:24","guid":{"rendered":"https:\/\/top-parfumerie.fr\/?post_type=product&#038;p=1134"},"modified":"2026-04-26T13:27:49","modified_gmt":"2026-04-26T13:27:49","slug":"lot-60-sprays-3e-u","status":"publish","type":"product","link":"https:\/\/top-parfumerie.fr\/en\/product\/lot-60-sprays-3e-u\/","title":{"rendered":"LOT 50 SPRAYS COLLECTION PRIV\u00c9E 3\u20ac\/unit\u00e9"},"content":{"rendered":"<p data-start=\"254\" data-end=\"578\">Ce <strong data-start=\"257\" data-end=\"303\">lot de 50 sprays Collection Priv\u00e9e<\/strong>\u00a0est un format parfait pour ceux qui veulent passer \u00e0 la vitesse sup\u00e9rieure \ud83d\ude80. Chaque spray de <strong data-start=\"399\" data-end=\"409\">250 ml<\/strong> est con\u00e7u pour laisser une <strong data-start=\"437\" data-end=\"481\">empreinte olfactive puissante et durable<\/strong>, id\u00e9ale pour parfumer les <strong data-start=\"508\" data-end=\"520\">textiles<\/strong>, <strong data-start=\"522\" data-end=\"536\">int\u00e9rieurs<\/strong>, <strong data-start=\"538\" data-end=\"550\">voitures<\/strong> ou <strong data-start=\"554\" data-end=\"577\">espaces commerciaux<\/strong>.<\/p>\n<p data-start=\"580\" data-end=\"884\">\ud83c\udf1f Format professionnel id\u00e9al pour la revente<br data-start=\"625\" data-end=\"628\" \/>\ud83d\udc8e Plus de 10 r\u00e9f\u00e9rences disponibles en stock<br data-start=\"673\" data-end=\"676\" \/>\ud83d\udd25 Nos best-sellers inclus : <b>Musc Tahara, Caramielo, Sun Coco, Yara&#8230;<\/b><br data-start=\"787\" data-end=\"790\" \/>\ud83d\udca8 Parfums intenses, tenue longue dur\u00e9e<br data-start=\"829\" data-end=\"832\" \/>\ud83d\udecd\ufe0f Collection connue et tr\u00e8s demand\u00e9e sur le march\u00e9<\/p>\n<p data-start=\"886\" data-end=\"1085\">Les sprays de la Collection Priv\u00e9e sont faciles \u00e0 vendre, appr\u00e9ci\u00e9s pour leur efficacit\u00e9 et leur parfum riche. Ce lot de 50 permet d\u2019avoir un bel assortiment et de r\u00e9pondre \u00e0 la demande sans rupture.<\/p>\n<p data-start=\"1087\" data-end=\"1137\">\ud83d\udce6 Livraison rapide en France et \u00e0 l\u2019international<\/p>","protected":false},"excerpt":{"rendered":"<p><em>3\u20ac l\u2019unit\u00e9<\/em> \/ NOS PRODUITS SONT CLASS\u00c9S PAR ORDRE ALPHAB\u00c9TIQUE.<\/p>","protected":false},"featured_media":2046,"comment_status":"open","ping_status":"closed","template":"","meta":[],"product_brand":[],"product_cat":[106],"product_tag":[],"class_list":{"0":"post-1134","1":"product","2":"type-product","3":"status-publish","4":"has-post-thumbnail","6":"product_cat-spray-collection-privee","8":"first","9":"instock","10":"shipping-taxable","11":"purchasable","12":"product-type-woosb"},"yoast_head":"<!-- This site is optimized with the Yoast SEO plugin v27.5 - https:\/\/yoast.com\/product\/yoast-seo-wordpress\/ -->\n<title>LOT 50 SPRAYS COLLECTION PRIV\u00c9E 3\u20ac\/unit\u00e9 - TOP PARFUMERIE<\/title>\n<meta name=\"robots\" content=\"index, follow, max-snippet:-1, max-image-preview:large, max-video-preview:-1\" \/>\n<link rel=\"canonical\" href=\"https:\/\/top-parfumerie.fr\/en\/product\/lot-60-sprays-3e-u\/\" \/>\n<meta property=\"og:locale\" content=\"en_US\" \/>\n<meta property=\"og:type\" content=\"article\" \/>\n<meta property=\"og:title\" content=\"LOT 50 SPRAYS COLLECTION PRIV\u00c9E 3\u20ac\/unit\u00e9 - TOP PARFUMERIE\" \/>\n<meta property=\"og:description\" content=\"3\u20ac l\u2019unit\u00e9 \/ NOS PRODUITS SONT CLASS\u00c9S PAR ORDRE ALPHAB\u00c9TIQUE.\" \/>\n<meta property=\"og:url\" content=\"https:\/\/top-parfumerie.fr\/en\/product\/lot-60-sprays-3e-u\/\" \/>\n<meta property=\"og:site_name\" content=\"TOP PARFUMERIE\" \/>\n<meta property=\"article:modified_time\" content=\"2026-04-26T13:27:49+00:00\" \/>\n<meta property=\"og:image\" content=\"https:\/\/top-parfumerie.fr\/wp-content\/uploads\/2025\/06\/Photo-lot-2.png\" \/>\n\t<meta property=\"og:image:width\" content=\"1600\" \/>\n\t<meta property=\"og:image:height\" content=\"1600\" \/>\n\t<meta property=\"og:image:type\" content=\"image\/png\" \/>\n<meta name=\"twitter:card\" content=\"summary_large_image\" \/>\n<meta name=\"twitter:label1\" content=\"Est. reading time\" \/>\n\t<meta name=\"twitter:data1\" content=\"1 minute\" \/>\n<script type=\"application\/ld+json\" class=\"yoast-schema-graph\">{\"@context\":\"https:\\\/\\\/schema.org\",\"@graph\":[{\"@type\":\"WebPage\",\"@id\":\"https:\\\/\\\/top-parfumerie.fr\\\/produit\\\/lot-60-sprays-3e-u\\\/\",\"url\":\"https:\\\/\\\/top-parfumerie.fr\\\/produit\\\/lot-60-sprays-3e-u\\\/\",\"name\":\"LOT 50 SPRAYS COLLECTION PRIV\u00c9E 3\u20ac\\\/unit\u00e9 - TOP PARFUMERIE\",\"isPartOf\":{\"@id\":\"https:\\\/\\\/top-parfumerie.fr\\\/#website\"},\"primaryImageOfPage\":{\"@id\":\"https:\\\/\\\/top-parfumerie.fr\\\/produit\\\/lot-60-sprays-3e-u\\\/#primaryimage\"},\"image\":{\"@id\":\"https:\\\/\\\/top-parfumerie.fr\\\/produit\\\/lot-60-sprays-3e-u\\\/#primaryimage\"},\"thumbnailUrl\":\"https:\\\/\\\/top-parfumerie.fr\\\/wp-content\\\/uploads\\\/2025\\\/06\\\/Photo-lot-2.png\",\"datePublished\":\"2025-06-09T18:11:24+00:00\",\"dateModified\":\"2026-04-26T13:27:49+00:00\",\"breadcrumb\":{\"@id\":\"https:\\\/\\\/top-parfumerie.fr\\\/produit\\\/lot-60-sprays-3e-u\\\/#breadcrumb\"},\"inLanguage\":\"en-US\",\"potentialAction\":[{\"@type\":\"ReadAction\",\"target\":[\"https:\\\/\\\/top-parfumerie.fr\\\/produit\\\/lot-60-sprays-3e-u\\\/\"]}]},{\"@type\":\"ImageObject\",\"inLanguage\":\"en-US\",\"@id\":\"https:\\\/\\\/top-parfumerie.fr\\\/produit\\\/lot-60-sprays-3e-u\\\/#primaryimage\",\"url\":\"https:\\\/\\\/top-parfumerie.fr\\\/wp-content\\\/uploads\\\/2025\\\/06\\\/Photo-lot-2.png\",\"contentUrl\":\"https:\\\/\\\/top-parfumerie.fr\\\/wp-content\\\/uploads\\\/2025\\\/06\\\/Photo-lot-2.png\",\"width\":1600,\"height\":1600},{\"@type\":\"BreadcrumbList\",\"@id\":\"https:\\\/\\\/top-parfumerie.fr\\\/produit\\\/lot-60-sprays-3e-u\\\/#breadcrumb\",\"itemListElement\":[{\"@type\":\"ListItem\",\"position\":1,\"name\":\"Accueil\",\"item\":\"https:\\\/\\\/top-parfumerie.fr\\\/\"},{\"@type\":\"ListItem\",\"position\":2,\"name\":\"Boutique\",\"item\":\"https:\\\/\\\/top-parfumerie.fr\\\/boutique\\\/\"},{\"@type\":\"ListItem\",\"position\":3,\"name\":\"LOT 50 SPRAYS COLLECTION PRIV\u00c9E 3\u20ac\\\/unit\u00e9\"}]},{\"@type\":\"WebSite\",\"@id\":\"https:\\\/\\\/top-parfumerie.fr\\\/#website\",\"url\":\"https:\\\/\\\/top-parfumerie.fr\\\/\",\"name\":\"TOP PARFUMERIE\",\"description\":\"L&#039;excellence du Parfum en Gros\",\"publisher\":{\"@id\":\"https:\\\/\\\/top-parfumerie.fr\\\/#organization\"},\"potentialAction\":[{\"@type\":\"SearchAction\",\"target\":{\"@type\":\"EntryPoint\",\"urlTemplate\":\"https:\\\/\\\/top-parfumerie.fr\\\/?s={search_term_string}\"},\"query-input\":{\"@type\":\"PropertyValueSpecification\",\"valueRequired\":true,\"valueName\":\"search_term_string\"}}],\"inLanguage\":\"en-US\"},{\"@type\":\"Organization\",\"@id\":\"https:\\\/\\\/top-parfumerie.fr\\\/#organization\",\"name\":\"TOP PARFUMERIE\",\"url\":\"https:\\\/\\\/top-parfumerie.fr\\\/\",\"logo\":{\"@type\":\"ImageObject\",\"inLanguage\":\"en-US\",\"@id\":\"https:\\\/\\\/top-parfumerie.fr\\\/#\\\/schema\\\/logo\\\/image\\\/\",\"url\":\"https:\\\/\\\/top-parfumerie.fr\\\/wp-content\\\/uploads\\\/2025\\\/02\\\/logo.jpg\",\"contentUrl\":\"https:\\\/\\\/top-parfumerie.fr\\\/wp-content\\\/uploads\\\/2025\\\/02\\\/logo.jpg\",\"width\":1600,\"height\":1600,\"caption\":\"TOP PARFUMERIE\"},\"image\":{\"@id\":\"https:\\\/\\\/top-parfumerie.fr\\\/#\\\/schema\\\/logo\\\/image\\\/\"}}]}<\/script>\n<!-- \/ Yoast SEO plugin. -->","yoast_head_json":{"title":"LOT 50 SPRAYS COLLECTION PRIV\u00c9E 3\u20ac\/unit\u00e9 - TOP PARFUMERIE","robots":{"index":"index","follow":"follow","max-snippet":"max-snippet:-1","max-image-preview":"max-image-preview:large","max-video-preview":"max-video-preview:-1"},"canonical":"https:\/\/top-parfumerie.fr\/en\/product\/lot-60-sprays-3e-u\/","og_locale":"en_US","og_type":"article","og_title":"LOT 50 SPRAYS COLLECTION PRIV\u00c9E 3\u20ac\/unit\u00e9 - TOP PARFUMERIE","og_description":"3\u20ac l\u2019unit\u00e9 \/ NOS PRODUITS SONT CLASS\u00c9S PAR ORDRE ALPHAB\u00c9TIQUE.","og_url":"https:\/\/top-parfumerie.fr\/en\/product\/lot-60-sprays-3e-u\/","og_site_name":"TOP PARFUMERIE","article_modified_time":"2026-04-26T13:27:49+00:00","og_image":[{"width":1600,"height":1600,"url":"https:\/\/top-parfumerie.fr\/wp-content\/uploads\/2025\/06\/Photo-lot-2.png","type":"image\/png"}],"twitter_card":"summary_large_image","twitter_misc":{"Est. reading time":"1 minute"},"schema":{"@context":"https:\/\/schema.org","@graph":[{"@type":"WebPage","@id":"https:\/\/top-parfumerie.fr\/produit\/lot-60-sprays-3e-u\/","url":"https:\/\/top-parfumerie.fr\/produit\/lot-60-sprays-3e-u\/","name":"LOT 50 SPRAYS COLLECTION PRIV\u00c9E 3\u20ac\/unit\u00e9 - TOP PARFUMERIE","isPartOf":{"@id":"https:\/\/top-parfumerie.fr\/#website"},"primaryImageOfPage":{"@id":"https:\/\/top-parfumerie.fr\/produit\/lot-60-sprays-3e-u\/#primaryimage"},"image":{"@id":"https:\/\/top-parfumerie.fr\/produit\/lot-60-sprays-3e-u\/#primaryimage"},"thumbnailUrl":"https:\/\/top-parfumerie.fr\/wp-content\/uploads\/2025\/06\/Photo-lot-2.png","datePublished":"2025-06-09T18:11:24+00:00","dateModified":"2026-04-26T13:27:49+00:00","breadcrumb":{"@id":"https:\/\/top-parfumerie.fr\/produit\/lot-60-sprays-3e-u\/#breadcrumb"},"inLanguage":"en-US","potentialAction":[{"@type":"ReadAction","target":["https:\/\/top-parfumerie.fr\/produit\/lot-60-sprays-3e-u\/"]}]},{"@type":"ImageObject","inLanguage":"en-US","@id":"https:\/\/top-parfumerie.fr\/produit\/lot-60-sprays-3e-u\/#primaryimage","url":"https:\/\/top-parfumerie.fr\/wp-content\/uploads\/2025\/06\/Photo-lot-2.png","contentUrl":"https:\/\/top-parfumerie.fr\/wp-content\/uploads\/2025\/06\/Photo-lot-2.png","width":1600,"height":1600},{"@type":"BreadcrumbList","@id":"https:\/\/top-parfumerie.fr\/produit\/lot-60-sprays-3e-u\/#breadcrumb","itemListElement":[{"@type":"ListItem","position":1,"name":"Accueil","item":"https:\/\/top-parfumerie.fr\/"},{"@type":"ListItem","position":2,"name":"Boutique","item":"https:\/\/top-parfumerie.fr\/boutique\/"},{"@type":"ListItem","position":3,"name":"LOT 50 SPRAYS COLLECTION PRIV\u00c9E 3\u20ac\/unit\u00e9"}]},{"@type":"WebSite","@id":"https:\/\/top-parfumerie.fr\/#website","url":"https:\/\/top-parfumerie.fr\/","name":"TOP PARFUMERIE","description":"L&#039;excellence du Parfum en Gros","publisher":{"@id":"https:\/\/top-parfumerie.fr\/#organization"},"potentialAction":[{"@type":"SearchAction","target":{"@type":"EntryPoint","urlTemplate":"https:\/\/top-parfumerie.fr\/?s={search_term_string}"},"query-input":{"@type":"PropertyValueSpecification","valueRequired":true,"valueName":"search_term_string"}}],"inLanguage":"en-US"},{"@type":"Organization","@id":"https:\/\/top-parfumerie.fr\/#organization","name":"TOP PARFUMERIE","url":"https:\/\/top-parfumerie.fr\/","logo":{"@type":"ImageObject","inLanguage":"en-US","@id":"https:\/\/top-parfumerie.fr\/#\/schema\/logo\/image\/","url":"https:\/\/top-parfumerie.fr\/wp-content\/uploads\/2025\/02\/logo.jpg","contentUrl":"https:\/\/top-parfumerie.fr\/wp-content\/uploads\/2025\/02\/logo.jpg","width":1600,"height":1600,"caption":"TOP PARFUMERIE"},"image":{"@id":"https:\/\/top-parfumerie.fr\/#\/schema\/logo\/image\/"}}]}},"_links":{"self":[{"href":"https:\/\/top-parfumerie.fr\/en\/wp-json\/wp\/v2\/product\/1134","targetHints":{"allow":["GET"]}}],"collection":[{"href":"https:\/\/top-parfumerie.fr\/en\/wp-json\/wp\/v2\/product"}],"about":[{"href":"https:\/\/top-parfumerie.fr\/en\/wp-json\/wp\/v2\/types\/product"}],"replies":[{"embeddable":true,"href":"https:\/\/top-parfumerie.fr\/en\/wp-json\/wp\/v2\/comments?post=1134"}],"wp:featuredmedia":[{"embeddable":true,"href":"https:\/\/top-parfumerie.fr\/en\/wp-json\/wp\/v2\/media\/2046"}],"wp:attachment":[{"href":"https:\/\/top-parfumerie.fr\/en\/wp-json\/wp\/v2\/media?parent=1134"}],"wp:term":[{"taxonomy":"product_brand","embeddable":true,"href":"https:\/\/top-parfumerie.fr\/en\/wp-json\/wp\/v2\/product_brand?post=1134"},{"taxonomy":"product_cat","embeddable":true,"href":"https:\/\/top-parfumerie.fr\/en\/wp-json\/wp\/v2\/product_cat?post=1134"},{"taxonomy":"product_tag","embeddable":true,"href":"https:\/\/top-parfumerie.fr\/en\/wp-json\/wp\/v2\/product_tag?post=1134"}],"curies":[{"name":"wp","href":"https:\/\/api.w.org\/{rel}","templated":true}]}}