{"id":1109,"date":"2025-06-09T18:05:07","date_gmt":"2025-06-09T18:05:07","guid":{"rendered":"https:\/\/top-parfumerie.fr\/?post_type=product&#038;p=1109"},"modified":"2026-04-24T20:33:40","modified_gmt":"2026-04-24T20:33:40","slug":"lot-20-sprays-4e-u","status":"publish","type":"product","link":"https:\/\/top-parfumerie.fr\/en\/product\/lot-20-sprays-4e-u\/","title":{"rendered":"LOT 20 SPRAYS COLLECTION PRIV\u00c9E 3,50\u20ac\/unit\u00e9"},"content":{"rendered":"<p data-start=\"295\" data-end=\"580\">Pr\u00eat(e) \u00e0 te lancer ? Ce <strong data-start=\"320\" data-end=\"365\">lot de 20 sprays Collection Priv\u00e9e<\/strong>\u00a0est parfait pour d\u00e9marrer une activit\u00e9 ou tester nos best-sellers sans se ruiner ! Chaque spray de <strong data-start=\"465\" data-end=\"475\">250 ml<\/strong> diffuse un parfum puissant, qui tient dans l\u2019air \ud83c\udf00 et transforme l\u2019ambiance en quelques pulv\u00e9risations.<\/p>\n<p data-start=\"582\" data-end=\"1023\">\ud83c\udf1f Format id\u00e9al pour se lancer<br data-start=\"612\" data-end=\"615\" \/>\ud83d\udc8e 10+ r\u00e9f\u00e9rences en stock, disponibles imm\u00e9diatement<br data-start=\"668\" data-end=\"671\" \/>\ud83d\udd25 Les meilleurs parfums de la gamme : Coton Frais, Sun Coco, Musc Tahara, Yara\u00a0et bien d\u2019autres<br data-start=\"775\" data-end=\"778\" \/>\ud83d\udecd\ufe0f Collection tr\u00e8s connue et demand\u00e9e sur le march\u00e9, surtout pour la revente<br data-start=\"855\" data-end=\"858\" \/>\ud83d\udca8 Parfums intenses et longue tenue \u2013 parfait pour <strong data-start=\"909\" data-end=\"921\">textiles<\/strong>, <strong data-start=\"923\" data-end=\"935\">voitures<\/strong> et <strong data-start=\"939\" data-end=\"953\">int\u00e9rieurs<\/strong><\/p>\n<p data-start=\"1025\" data-end=\"1265\">Ce pack est un excellent choix pour les <strong data-start=\"1065\" data-end=\"1079\">revendeurs<\/strong>, les <strong data-start=\"1085\" data-end=\"1107\">auto-entrepreneurs<\/strong> ou m\u00eame les passionn\u00e9s qui veulent proposer une s\u00e9lection qui sent bon et qui pla\u00eet. Nos sprays sont <strong data-start=\"1209\" data-end=\"1226\">tr\u00e8s demand\u00e9s<\/strong>, alors fonce avant rupture de stock \ud83d\ude80<\/p>","protected":false},"excerpt":{"rendered":"<p><em>4\u20ac l\u2019unit\u00e9<\/em> \/ NOS PRODUITS SONT CLASS\u00c9S PAR ORDRE ALPHAB\u00c9TIQUE.<\/p>","protected":false},"featured_media":2046,"comment_status":"open","ping_status":"closed","template":"","meta":[],"product_brand":[],"product_cat":[106],"product_tag":[],"class_list":{"0":"post-1109","1":"product","2":"type-product","3":"status-publish","4":"has-post-thumbnail","6":"product_cat-spray-collection-privee","8":"first","9":"instock","10":"shipping-taxable","11":"purchasable","12":"product-type-woosb"},"yoast_head":"<!-- This site is optimized with the Yoast SEO plugin v27.5 - https:\/\/yoast.com\/product\/yoast-seo-wordpress\/ -->\n<title>LOT 20 SPRAYS COLLECTION PRIV\u00c9E 3,50\u20ac\/unit\u00e9 - TOP PARFUMERIE<\/title>\n<meta name=\"robots\" content=\"index, follow, max-snippet:-1, max-image-preview:large, max-video-preview:-1\" \/>\n<link rel=\"canonical\" href=\"https:\/\/top-parfumerie.fr\/en\/product\/lot-20-sprays-4e-u\/\" \/>\n<meta property=\"og:locale\" content=\"en_US\" \/>\n<meta property=\"og:type\" content=\"article\" \/>\n<meta property=\"og:title\" content=\"LOT 20 SPRAYS COLLECTION PRIV\u00c9E 3,50\u20ac\/unit\u00e9 - TOP PARFUMERIE\" \/>\n<meta property=\"og:description\" content=\"4\u20ac l\u2019unit\u00e9 \/ NOS PRODUITS SONT CLASS\u00c9S PAR ORDRE ALPHAB\u00c9TIQUE.\" \/>\n<meta property=\"og:url\" content=\"https:\/\/top-parfumerie.fr\/en\/product\/lot-20-sprays-4e-u\/\" \/>\n<meta property=\"og:site_name\" content=\"TOP PARFUMERIE\" \/>\n<meta property=\"article:modified_time\" content=\"2026-04-24T20:33:40+00:00\" \/>\n<meta property=\"og:image\" content=\"https:\/\/top-parfumerie.fr\/wp-content\/uploads\/2025\/06\/Photo-lot-2.png\" \/>\n\t<meta property=\"og:image:width\" content=\"1600\" \/>\n\t<meta property=\"og:image:height\" content=\"1600\" \/>\n\t<meta property=\"og:image:type\" content=\"image\/png\" \/>\n<meta name=\"twitter:card\" content=\"summary_large_image\" \/>\n<meta name=\"twitter:label1\" content=\"Est. reading time\" \/>\n\t<meta name=\"twitter:data1\" content=\"1 minute\" \/>\n<script type=\"application\/ld+json\" class=\"yoast-schema-graph\">{\"@context\":\"https:\\\/\\\/schema.org\",\"@graph\":[{\"@type\":\"WebPage\",\"@id\":\"https:\\\/\\\/top-parfumerie.fr\\\/produit\\\/lot-20-sprays-4e-u\\\/\",\"url\":\"https:\\\/\\\/top-parfumerie.fr\\\/produit\\\/lot-20-sprays-4e-u\\\/\",\"name\":\"LOT 20 SPRAYS COLLECTION PRIV\u00c9E 3,50\u20ac\\\/unit\u00e9 - TOP PARFUMERIE\",\"isPartOf\":{\"@id\":\"https:\\\/\\\/top-parfumerie.fr\\\/#website\"},\"primaryImageOfPage\":{\"@id\":\"https:\\\/\\\/top-parfumerie.fr\\\/produit\\\/lot-20-sprays-4e-u\\\/#primaryimage\"},\"image\":{\"@id\":\"https:\\\/\\\/top-parfumerie.fr\\\/produit\\\/lot-20-sprays-4e-u\\\/#primaryimage\"},\"thumbnailUrl\":\"https:\\\/\\\/top-parfumerie.fr\\\/wp-content\\\/uploads\\\/2025\\\/06\\\/Photo-lot-2.png\",\"datePublished\":\"2025-06-09T18:05:07+00:00\",\"dateModified\":\"2026-04-24T20:33:40+00:00\",\"breadcrumb\":{\"@id\":\"https:\\\/\\\/top-parfumerie.fr\\\/produit\\\/lot-20-sprays-4e-u\\\/#breadcrumb\"},\"inLanguage\":\"en-US\",\"potentialAction\":[{\"@type\":\"ReadAction\",\"target\":[\"https:\\\/\\\/top-parfumerie.fr\\\/produit\\\/lot-20-sprays-4e-u\\\/\"]}]},{\"@type\":\"ImageObject\",\"inLanguage\":\"en-US\",\"@id\":\"https:\\\/\\\/top-parfumerie.fr\\\/produit\\\/lot-20-sprays-4e-u\\\/#primaryimage\",\"url\":\"https:\\\/\\\/top-parfumerie.fr\\\/wp-content\\\/uploads\\\/2025\\\/06\\\/Photo-lot-2.png\",\"contentUrl\":\"https:\\\/\\\/top-parfumerie.fr\\\/wp-content\\\/uploads\\\/2025\\\/06\\\/Photo-lot-2.png\",\"width\":1600,\"height\":1600},{\"@type\":\"BreadcrumbList\",\"@id\":\"https:\\\/\\\/top-parfumerie.fr\\\/produit\\\/lot-20-sprays-4e-u\\\/#breadcrumb\",\"itemListElement\":[{\"@type\":\"ListItem\",\"position\":1,\"name\":\"Accueil\",\"item\":\"https:\\\/\\\/top-parfumerie.fr\\\/\"},{\"@type\":\"ListItem\",\"position\":2,\"name\":\"Boutique\",\"item\":\"https:\\\/\\\/top-parfumerie.fr\\\/boutique\\\/\"},{\"@type\":\"ListItem\",\"position\":3,\"name\":\"LOT 20 SPRAYS COLLECTION PRIV\u00c9E 3,50\u20ac\\\/unit\u00e9\"}]},{\"@type\":\"WebSite\",\"@id\":\"https:\\\/\\\/top-parfumerie.fr\\\/#website\",\"url\":\"https:\\\/\\\/top-parfumerie.fr\\\/\",\"name\":\"TOP PARFUMERIE\",\"description\":\"L&#039;excellence du Parfum en Gros\",\"publisher\":{\"@id\":\"https:\\\/\\\/top-parfumerie.fr\\\/#organization\"},\"potentialAction\":[{\"@type\":\"SearchAction\",\"target\":{\"@type\":\"EntryPoint\",\"urlTemplate\":\"https:\\\/\\\/top-parfumerie.fr\\\/?s={search_term_string}\"},\"query-input\":{\"@type\":\"PropertyValueSpecification\",\"valueRequired\":true,\"valueName\":\"search_term_string\"}}],\"inLanguage\":\"en-US\"},{\"@type\":\"Organization\",\"@id\":\"https:\\\/\\\/top-parfumerie.fr\\\/#organization\",\"name\":\"TOP PARFUMERIE\",\"url\":\"https:\\\/\\\/top-parfumerie.fr\\\/\",\"logo\":{\"@type\":\"ImageObject\",\"inLanguage\":\"en-US\",\"@id\":\"https:\\\/\\\/top-parfumerie.fr\\\/#\\\/schema\\\/logo\\\/image\\\/\",\"url\":\"https:\\\/\\\/top-parfumerie.fr\\\/wp-content\\\/uploads\\\/2025\\\/02\\\/logo.jpg\",\"contentUrl\":\"https:\\\/\\\/top-parfumerie.fr\\\/wp-content\\\/uploads\\\/2025\\\/02\\\/logo.jpg\",\"width\":1600,\"height\":1600,\"caption\":\"TOP PARFUMERIE\"},\"image\":{\"@id\":\"https:\\\/\\\/top-parfumerie.fr\\\/#\\\/schema\\\/logo\\\/image\\\/\"}}]}<\/script>\n<!-- \/ Yoast SEO plugin. -->","yoast_head_json":{"title":"LOT 20 SPRAYS COLLECTION PRIV\u00c9E 3,50\u20ac\/unit\u00e9 - TOP PARFUMERIE","robots":{"index":"index","follow":"follow","max-snippet":"max-snippet:-1","max-image-preview":"max-image-preview:large","max-video-preview":"max-video-preview:-1"},"canonical":"https:\/\/top-parfumerie.fr\/en\/product\/lot-20-sprays-4e-u\/","og_locale":"en_US","og_type":"article","og_title":"LOT 20 SPRAYS COLLECTION PRIV\u00c9E 3,50\u20ac\/unit\u00e9 - TOP PARFUMERIE","og_description":"4\u20ac l\u2019unit\u00e9 \/ NOS PRODUITS SONT CLASS\u00c9S PAR ORDRE ALPHAB\u00c9TIQUE.","og_url":"https:\/\/top-parfumerie.fr\/en\/product\/lot-20-sprays-4e-u\/","og_site_name":"TOP PARFUMERIE","article_modified_time":"2026-04-24T20:33:40+00:00","og_image":[{"width":1600,"height":1600,"url":"https:\/\/top-parfumerie.fr\/wp-content\/uploads\/2025\/06\/Photo-lot-2.png","type":"image\/png"}],"twitter_card":"summary_large_image","twitter_misc":{"Est. reading time":"1 minute"},"schema":{"@context":"https:\/\/schema.org","@graph":[{"@type":"WebPage","@id":"https:\/\/top-parfumerie.fr\/produit\/lot-20-sprays-4e-u\/","url":"https:\/\/top-parfumerie.fr\/produit\/lot-20-sprays-4e-u\/","name":"LOT 20 SPRAYS COLLECTION PRIV\u00c9E 3,50\u20ac\/unit\u00e9 - TOP PARFUMERIE","isPartOf":{"@id":"https:\/\/top-parfumerie.fr\/#website"},"primaryImageOfPage":{"@id":"https:\/\/top-parfumerie.fr\/produit\/lot-20-sprays-4e-u\/#primaryimage"},"image":{"@id":"https:\/\/top-parfumerie.fr\/produit\/lot-20-sprays-4e-u\/#primaryimage"},"thumbnailUrl":"https:\/\/top-parfumerie.fr\/wp-content\/uploads\/2025\/06\/Photo-lot-2.png","datePublished":"2025-06-09T18:05:07+00:00","dateModified":"2026-04-24T20:33:40+00:00","breadcrumb":{"@id":"https:\/\/top-parfumerie.fr\/produit\/lot-20-sprays-4e-u\/#breadcrumb"},"inLanguage":"en-US","potentialAction":[{"@type":"ReadAction","target":["https:\/\/top-parfumerie.fr\/produit\/lot-20-sprays-4e-u\/"]}]},{"@type":"ImageObject","inLanguage":"en-US","@id":"https:\/\/top-parfumerie.fr\/produit\/lot-20-sprays-4e-u\/#primaryimage","url":"https:\/\/top-parfumerie.fr\/wp-content\/uploads\/2025\/06\/Photo-lot-2.png","contentUrl":"https:\/\/top-parfumerie.fr\/wp-content\/uploads\/2025\/06\/Photo-lot-2.png","width":1600,"height":1600},{"@type":"BreadcrumbList","@id":"https:\/\/top-parfumerie.fr\/produit\/lot-20-sprays-4e-u\/#breadcrumb","itemListElement":[{"@type":"ListItem","position":1,"name":"Accueil","item":"https:\/\/top-parfumerie.fr\/"},{"@type":"ListItem","position":2,"name":"Boutique","item":"https:\/\/top-parfumerie.fr\/boutique\/"},{"@type":"ListItem","position":3,"name":"LOT 20 SPRAYS COLLECTION PRIV\u00c9E 3,50\u20ac\/unit\u00e9"}]},{"@type":"WebSite","@id":"https:\/\/top-parfumerie.fr\/#website","url":"https:\/\/top-parfumerie.fr\/","name":"TOP PARFUMERIE","description":"L&#039;excellence du Parfum en Gros","publisher":{"@id":"https:\/\/top-parfumerie.fr\/#organization"},"potentialAction":[{"@type":"SearchAction","target":{"@type":"EntryPoint","urlTemplate":"https:\/\/top-parfumerie.fr\/?s={search_term_string}"},"query-input":{"@type":"PropertyValueSpecification","valueRequired":true,"valueName":"search_term_string"}}],"inLanguage":"en-US"},{"@type":"Organization","@id":"https:\/\/top-parfumerie.fr\/#organization","name":"TOP PARFUMERIE","url":"https:\/\/top-parfumerie.fr\/","logo":{"@type":"ImageObject","inLanguage":"en-US","@id":"https:\/\/top-parfumerie.fr\/#\/schema\/logo\/image\/","url":"https:\/\/top-parfumerie.fr\/wp-content\/uploads\/2025\/02\/logo.jpg","contentUrl":"https:\/\/top-parfumerie.fr\/wp-content\/uploads\/2025\/02\/logo.jpg","width":1600,"height":1600,"caption":"TOP PARFUMERIE"},"image":{"@id":"https:\/\/top-parfumerie.fr\/#\/schema\/logo\/image\/"}}]}},"_links":{"self":[{"href":"https:\/\/top-parfumerie.fr\/en\/wp-json\/wp\/v2\/product\/1109","targetHints":{"allow":["GET"]}}],"collection":[{"href":"https:\/\/top-parfumerie.fr\/en\/wp-json\/wp\/v2\/product"}],"about":[{"href":"https:\/\/top-parfumerie.fr\/en\/wp-json\/wp\/v2\/types\/product"}],"replies":[{"embeddable":true,"href":"https:\/\/top-parfumerie.fr\/en\/wp-json\/wp\/v2\/comments?post=1109"}],"wp:featuredmedia":[{"embeddable":true,"href":"https:\/\/top-parfumerie.fr\/en\/wp-json\/wp\/v2\/media\/2046"}],"wp:attachment":[{"href":"https:\/\/top-parfumerie.fr\/en\/wp-json\/wp\/v2\/media?parent=1109"}],"wp:term":[{"taxonomy":"product_brand","embeddable":true,"href":"https:\/\/top-parfumerie.fr\/en\/wp-json\/wp\/v2\/product_brand?post=1109"},{"taxonomy":"product_cat","embeddable":true,"href":"https:\/\/top-parfumerie.fr\/en\/wp-json\/wp\/v2\/product_cat?post=1109"},{"taxonomy":"product_tag","embeddable":true,"href":"https:\/\/top-parfumerie.fr\/en\/wp-json\/wp\/v2\/product_tag?post=1109"}],"curies":[{"name":"wp","href":"https:\/\/api.w.org\/{rel}","templated":true}]}}