{"id":1108,"date":"2025-06-09T17:17:49","date_gmt":"2025-06-09T17:17:49","guid":{"rendered":"https:\/\/top-parfumerie.fr\/?post_type=product&#038;p=1108"},"modified":"2026-04-23T14:59:57","modified_gmt":"2026-04-23T14:59:57","slug":"lot-de-200-parfums-55e-u","status":"publish","type":"product","link":"https:\/\/top-parfumerie.fr\/en\/product\/lot-de-200-parfums-55e-u\/","title":{"rendered":"LOT DE 200 PARFUMS COLLECTION PRIV\u00c9E AUTHENTIQUE"},"content":{"rendered":"<p data-start=\"320\" data-end=\"615\">Optez pour notre <strong data-start=\"337\" data-end=\"389\">Lot de 200 Parfums Collection Priv\u00e9e Authentique<\/strong>, un assortiment g\u00e9n\u00e9reux de <strong data-start=\"418\" data-end=\"481\">fragrances inspir\u00e9es des grandes tendances de la parfumerie<\/strong>. Avec <strong data-start=\"488\" data-end=\"517\">87 r\u00e9f\u00e9rences disponibles<\/strong>, vous b\u00e9n\u00e9ficiez d\u2019un \u00e9ventail de senteurs vari\u00e9es pour r\u00e9pondre \u00e0 tous les profils de client\u00e8le.<\/p>\n<h4 data-start=\"617\" data-end=\"653\">\u2705 Caract\u00e9ristiques du produit :<\/h4>\n<ul data-start=\"654\" data-end=\"1027\">\n<li data-start=\"654\" data-end=\"725\">\n<p data-start=\"656\" data-end=\"725\"><strong data-start=\"656\" data-end=\"672\">Format 50 ml<\/strong> : pratique, \u00e9l\u00e9gant et adapt\u00e9 \u00e0 un usage quotidien<\/p>\n<\/li>\n<li data-start=\"726\" data-end=\"819\">\n<p data-start=\"728\" data-end=\"819\"><strong data-start=\"728\" data-end=\"750\">Tenue longue dur\u00e9e<\/strong> : jusqu&rsquo;\u00e0 8 \u00e0 10 heures sur la peau, jusqu\u2019\u00e0 3 \u00e0 4 jours sur les v\u00eatements<\/p>\n<\/li>\n<li data-start=\"820\" data-end=\"912\">\n<p data-start=\"822\" data-end=\"912\"><strong data-start=\"822\" data-end=\"851\">83 r\u00e9f\u00e9rences diff\u00e9rentes<\/strong> : un large panel de parfums pour satisfaire tous les go\u00fbts<\/p>\n<\/li>\n<li data-start=\"913\" data-end=\"1027\">\n<p data-start=\"915\" data-end=\"1027\"><strong data-start=\"915\" data-end=\"941\">Fragrances \u00e9quilibr\u00e9es<\/strong> : alliance d\u2019\u00e9l\u00e9gance, d\u2019intensit\u00e9 et de caract\u00e8re pour une belle signature olfactive<\/p>\n<\/li>\n<\/ul>\n<p data-start=\"1029\" data-end=\"1252\">Ce <strong data-start=\"1032\" data-end=\"1054\">lot de 200 parfums<\/strong> est id\u00e9al pour les <strong data-start=\"1074\" data-end=\"1088\">revendeurs<\/strong>, <strong data-start=\"1090\" data-end=\"1105\">commer\u00e7ants<\/strong>, ou <strong data-start=\"1110\" data-end=\"1132\">auto-entrepreneurs<\/strong> cherchant \u00e0 diversifier leur offre, tester les pr\u00e9f\u00e9rences de leur client\u00e8le, ou constituer un stock vari\u00e9 et rentable.<\/p>\n<hr data-start=\"1254\" data-end=\"1257\" \/>\n<h3 data-start=\"1259\" data-end=\"1320\">\ud83c\udf1f Pourquoi choisir notre Collection Priv\u00e9e Authentique ?<\/h3>\n<ul data-start=\"1321\" data-end=\"1590\">\n<li data-start=\"1321\" data-end=\"1370\">\n<p data-start=\"1323\" data-end=\"1370\">Excellent \u00e9quilibre entre <strong data-start=\"1349\" data-end=\"1368\">qualit\u00e9 et prix<\/strong><\/p>\n<\/li>\n<li data-start=\"1371\" data-end=\"1460\">\n<p data-start=\"1373\" data-end=\"1460\"><strong data-start=\"1373\" data-end=\"1415\">Fragrances soigneusement s\u00e9lectionn\u00e9es<\/strong>, inspir\u00e9es des senteurs les plus demand\u00e9es<\/p>\n<\/li>\n<li data-start=\"1461\" data-end=\"1537\">\n<p data-start=\"1463\" data-end=\"1537\"><strong data-start=\"1463\" data-end=\"1494\">Stock disponible en continu<\/strong> pour assurer un approvisionnement fiable<\/p>\n<\/li>\n<li data-start=\"1538\" data-end=\"1590\">\n<p data-start=\"1540\" data-end=\"1590\"><strong data-start=\"1540\" data-end=\"1560\">Livraison rapide<\/strong> et <strong data-start=\"1564\" data-end=\"1590\">service client r\u00e9actif<\/strong><\/p>\n<\/li>\n<\/ul>\n<hr data-start=\"1592\" data-end=\"1595\" \/>\n<p data-start=\"1597\" data-end=\"1734\">\ud83d\ude80 <strong data-start=\"1600\" data-end=\"1635\">Passez commande d\u00e8s aujourd\u2019hui<\/strong> et enrichissez votre catalogue avec des parfums vari\u00e9s, appr\u00e9ci\u00e9s, et pr\u00eats \u00e0 s\u00e9duire vos clients.<\/p>\n<p data-start=\"1597\" data-end=\"1734\">\u26a0\ufe0f <strong data-start=\"1338\" data-end=\"1364\">Information importante<\/strong> : En cas de rupture de stock, certains \u00e9l\u00e9ments (packaging, bouchon, cache-pompe ou pulv\u00e9risateur) peuvent \u00eatre livr\u00e9s sans gravure ou avec une finition diff\u00e9rente, sans impact sur la qualit\u00e9 du parfum.<\/p>","protected":false},"excerpt":{"rendered":"<p><em>5.50\u2009\u20ac l\u2019unit\u00e9 \u2013 <\/em>NOS PRODUITS SONT CLASS\u00c9S PAR ODRE ALPHAB\u00c9TIQUE.<\/p>\n<p>Consulter notre tableau des r\u00e9f\u00e9rences et \u00e9quivalences en cliquant ici : <a href=\"https:\/\/top-parfumerie.fr\/wp-content\/uploads\/2025\/02\/Liste-ref-CA.pdf\">LISTE CORRESPONDANCE DES R\u00c9F\u00c9RENCES.<\/a><\/p>","protected":false},"featured_media":1480,"comment_status":"open","ping_status":"closed","template":"","meta":[],"product_brand":[],"product_cat":[80],"product_tag":[],"class_list":{"0":"post-1108","1":"product","2":"type-product","3":"status-publish","4":"has-post-thumbnail","6":"product_cat-nos-lots-authentique-en-gros","8":"first","9":"instock","10":"downloadable","11":"shipping-taxable","12":"purchasable","13":"product-type-woosb"},"yoast_head":"<!-- This site is optimized with the Yoast SEO plugin v27.5 - https:\/\/yoast.com\/product\/yoast-seo-wordpress\/ -->\n<title>LOT DE 200 PARFUMS COLLECTION PRIV\u00c9E AUTHENTIQUE - TOP PARFUMERIE<\/title>\n<meta name=\"robots\" content=\"index, follow, max-snippet:-1, max-image-preview:large, max-video-preview:-1\" \/>\n<link rel=\"canonical\" href=\"https:\/\/top-parfumerie.fr\/en\/product\/lot-de-200-parfums-55e-u\/\" \/>\n<meta property=\"og:locale\" content=\"en_US\" \/>\n<meta property=\"og:type\" content=\"article\" \/>\n<meta property=\"og:title\" content=\"LOT DE 200 PARFUMS COLLECTION PRIV\u00c9E AUTHENTIQUE - TOP PARFUMERIE\" \/>\n<meta property=\"og:description\" content=\"5.50\u2009\u20ac l\u2019unit\u00e9 \u2013 NOS PRODUITS SONT CLASS\u00c9S PAR ODRE ALPHAB\u00c9TIQUE.  Consulter notre tableau des r\u00e9f\u00e9rences et \u00e9quivalences en cliquant ici : LISTE CORRESPONDANCE DES R\u00c9F\u00c9RENCES.\" \/>\n<meta property=\"og:url\" content=\"https:\/\/top-parfumerie.fr\/en\/product\/lot-de-200-parfums-55e-u\/\" \/>\n<meta property=\"og:site_name\" content=\"TOP PARFUMERIE\" \/>\n<meta property=\"article:modified_time\" content=\"2026-04-23T14:59:57+00:00\" \/>\n<meta property=\"og:image\" content=\"https:\/\/top-parfumerie.fr\/wp-content\/uploads\/2025\/11\/Photo-lot--1024x1024.png\" \/>\n\t<meta property=\"og:image:width\" content=\"1024\" \/>\n\t<meta property=\"og:image:height\" content=\"1024\" \/>\n\t<meta property=\"og:image:type\" content=\"image\/png\" \/>\n<meta name=\"twitter:card\" content=\"summary_large_image\" \/>\n<meta name=\"twitter:label1\" content=\"Est. reading time\" \/>\n\t<meta name=\"twitter:data1\" content=\"2 minutes\" \/>\n<script type=\"application\/ld+json\" class=\"yoast-schema-graph\">{\"@context\":\"https:\\\/\\\/schema.org\",\"@graph\":[{\"@type\":\"WebPage\",\"@id\":\"https:\\\/\\\/top-parfumerie.fr\\\/produit\\\/lot-de-200-parfums-55e-u\\\/\",\"url\":\"https:\\\/\\\/top-parfumerie.fr\\\/produit\\\/lot-de-200-parfums-55e-u\\\/\",\"name\":\"LOT DE 200 PARFUMS COLLECTION PRIV\u00c9E AUTHENTIQUE - TOP PARFUMERIE\",\"isPartOf\":{\"@id\":\"https:\\\/\\\/top-parfumerie.fr\\\/#website\"},\"primaryImageOfPage\":{\"@id\":\"https:\\\/\\\/top-parfumerie.fr\\\/produit\\\/lot-de-200-parfums-55e-u\\\/#primaryimage\"},\"image\":{\"@id\":\"https:\\\/\\\/top-parfumerie.fr\\\/produit\\\/lot-de-200-parfums-55e-u\\\/#primaryimage\"},\"thumbnailUrl\":\"https:\\\/\\\/top-parfumerie.fr\\\/wp-content\\\/uploads\\\/2025\\\/11\\\/Photo-lot-.png\",\"datePublished\":\"2025-06-09T17:17:49+00:00\",\"dateModified\":\"2026-04-23T14:59:57+00:00\",\"breadcrumb\":{\"@id\":\"https:\\\/\\\/top-parfumerie.fr\\\/produit\\\/lot-de-200-parfums-55e-u\\\/#breadcrumb\"},\"inLanguage\":\"en-US\",\"potentialAction\":[{\"@type\":\"ReadAction\",\"target\":[\"https:\\\/\\\/top-parfumerie.fr\\\/produit\\\/lot-de-200-parfums-55e-u\\\/\"]}]},{\"@type\":\"ImageObject\",\"inLanguage\":\"en-US\",\"@id\":\"https:\\\/\\\/top-parfumerie.fr\\\/produit\\\/lot-de-200-parfums-55e-u\\\/#primaryimage\",\"url\":\"https:\\\/\\\/top-parfumerie.fr\\\/wp-content\\\/uploads\\\/2025\\\/11\\\/Photo-lot-.png\",\"contentUrl\":\"https:\\\/\\\/top-parfumerie.fr\\\/wp-content\\\/uploads\\\/2025\\\/11\\\/Photo-lot-.png\",\"width\":1600,\"height\":1600},{\"@type\":\"BreadcrumbList\",\"@id\":\"https:\\\/\\\/top-parfumerie.fr\\\/produit\\\/lot-de-200-parfums-55e-u\\\/#breadcrumb\",\"itemListElement\":[{\"@type\":\"ListItem\",\"position\":1,\"name\":\"Accueil\",\"item\":\"https:\\\/\\\/top-parfumerie.fr\\\/\"},{\"@type\":\"ListItem\",\"position\":2,\"name\":\"Boutique\",\"item\":\"https:\\\/\\\/top-parfumerie.fr\\\/boutique\\\/\"},{\"@type\":\"ListItem\",\"position\":3,\"name\":\"LOT DE 200 PARFUMS COLLECTION PRIV\u00c9E AUTHENTIQUE\"}]},{\"@type\":\"WebSite\",\"@id\":\"https:\\\/\\\/top-parfumerie.fr\\\/#website\",\"url\":\"https:\\\/\\\/top-parfumerie.fr\\\/\",\"name\":\"TOP PARFUMERIE\",\"description\":\"L&#039;excellence du Parfum en Gros\",\"publisher\":{\"@id\":\"https:\\\/\\\/top-parfumerie.fr\\\/#organization\"},\"potentialAction\":[{\"@type\":\"SearchAction\",\"target\":{\"@type\":\"EntryPoint\",\"urlTemplate\":\"https:\\\/\\\/top-parfumerie.fr\\\/?s={search_term_string}\"},\"query-input\":{\"@type\":\"PropertyValueSpecification\",\"valueRequired\":true,\"valueName\":\"search_term_string\"}}],\"inLanguage\":\"en-US\"},{\"@type\":\"Organization\",\"@id\":\"https:\\\/\\\/top-parfumerie.fr\\\/#organization\",\"name\":\"TOP PARFUMERIE\",\"url\":\"https:\\\/\\\/top-parfumerie.fr\\\/\",\"logo\":{\"@type\":\"ImageObject\",\"inLanguage\":\"en-US\",\"@id\":\"https:\\\/\\\/top-parfumerie.fr\\\/#\\\/schema\\\/logo\\\/image\\\/\",\"url\":\"https:\\\/\\\/top-parfumerie.fr\\\/wp-content\\\/uploads\\\/2025\\\/02\\\/logo.jpg\",\"contentUrl\":\"https:\\\/\\\/top-parfumerie.fr\\\/wp-content\\\/uploads\\\/2025\\\/02\\\/logo.jpg\",\"width\":1600,\"height\":1600,\"caption\":\"TOP PARFUMERIE\"},\"image\":{\"@id\":\"https:\\\/\\\/top-parfumerie.fr\\\/#\\\/schema\\\/logo\\\/image\\\/\"}}]}<\/script>\n<!-- \/ Yoast SEO plugin. -->","yoast_head_json":{"title":"LOT DE 200 PARFUMS COLLECTION PRIV\u00c9E AUTHENTIQUE - TOP PARFUMERIE","robots":{"index":"index","follow":"follow","max-snippet":"max-snippet:-1","max-image-preview":"max-image-preview:large","max-video-preview":"max-video-preview:-1"},"canonical":"https:\/\/top-parfumerie.fr\/en\/product\/lot-de-200-parfums-55e-u\/","og_locale":"en_US","og_type":"article","og_title":"LOT DE 200 PARFUMS COLLECTION PRIV\u00c9E AUTHENTIQUE - TOP PARFUMERIE","og_description":"5.50\u2009\u20ac l\u2019unit\u00e9 \u2013 NOS PRODUITS SONT CLASS\u00c9S PAR ODRE ALPHAB\u00c9TIQUE.  Consulter notre tableau des r\u00e9f\u00e9rences et \u00e9quivalences en cliquant ici : LISTE CORRESPONDANCE DES R\u00c9F\u00c9RENCES.","og_url":"https:\/\/top-parfumerie.fr\/en\/product\/lot-de-200-parfums-55e-u\/","og_site_name":"TOP PARFUMERIE","article_modified_time":"2026-04-23T14:59:57+00:00","og_image":[{"width":1024,"height":1024,"url":"https:\/\/top-parfumerie.fr\/wp-content\/uploads\/2025\/11\/Photo-lot--1024x1024.png","type":"image\/png"}],"twitter_card":"summary_large_image","twitter_misc":{"Est. reading time":"2 minutes"},"schema":{"@context":"https:\/\/schema.org","@graph":[{"@type":"WebPage","@id":"https:\/\/top-parfumerie.fr\/produit\/lot-de-200-parfums-55e-u\/","url":"https:\/\/top-parfumerie.fr\/produit\/lot-de-200-parfums-55e-u\/","name":"LOT DE 200 PARFUMS COLLECTION PRIV\u00c9E AUTHENTIQUE - TOP PARFUMERIE","isPartOf":{"@id":"https:\/\/top-parfumerie.fr\/#website"},"primaryImageOfPage":{"@id":"https:\/\/top-parfumerie.fr\/produit\/lot-de-200-parfums-55e-u\/#primaryimage"},"image":{"@id":"https:\/\/top-parfumerie.fr\/produit\/lot-de-200-parfums-55e-u\/#primaryimage"},"thumbnailUrl":"https:\/\/top-parfumerie.fr\/wp-content\/uploads\/2025\/11\/Photo-lot-.png","datePublished":"2025-06-09T17:17:49+00:00","dateModified":"2026-04-23T14:59:57+00:00","breadcrumb":{"@id":"https:\/\/top-parfumerie.fr\/produit\/lot-de-200-parfums-55e-u\/#breadcrumb"},"inLanguage":"en-US","potentialAction":[{"@type":"ReadAction","target":["https:\/\/top-parfumerie.fr\/produit\/lot-de-200-parfums-55e-u\/"]}]},{"@type":"ImageObject","inLanguage":"en-US","@id":"https:\/\/top-parfumerie.fr\/produit\/lot-de-200-parfums-55e-u\/#primaryimage","url":"https:\/\/top-parfumerie.fr\/wp-content\/uploads\/2025\/11\/Photo-lot-.png","contentUrl":"https:\/\/top-parfumerie.fr\/wp-content\/uploads\/2025\/11\/Photo-lot-.png","width":1600,"height":1600},{"@type":"BreadcrumbList","@id":"https:\/\/top-parfumerie.fr\/produit\/lot-de-200-parfums-55e-u\/#breadcrumb","itemListElement":[{"@type":"ListItem","position":1,"name":"Accueil","item":"https:\/\/top-parfumerie.fr\/"},{"@type":"ListItem","position":2,"name":"Boutique","item":"https:\/\/top-parfumerie.fr\/boutique\/"},{"@type":"ListItem","position":3,"name":"LOT DE 200 PARFUMS COLLECTION PRIV\u00c9E AUTHENTIQUE"}]},{"@type":"WebSite","@id":"https:\/\/top-parfumerie.fr\/#website","url":"https:\/\/top-parfumerie.fr\/","name":"TOP PARFUMERIE","description":"L&#039;excellence du Parfum en Gros","publisher":{"@id":"https:\/\/top-parfumerie.fr\/#organization"},"potentialAction":[{"@type":"SearchAction","target":{"@type":"EntryPoint","urlTemplate":"https:\/\/top-parfumerie.fr\/?s={search_term_string}"},"query-input":{"@type":"PropertyValueSpecification","valueRequired":true,"valueName":"search_term_string"}}],"inLanguage":"en-US"},{"@type":"Organization","@id":"https:\/\/top-parfumerie.fr\/#organization","name":"TOP PARFUMERIE","url":"https:\/\/top-parfumerie.fr\/","logo":{"@type":"ImageObject","inLanguage":"en-US","@id":"https:\/\/top-parfumerie.fr\/#\/schema\/logo\/image\/","url":"https:\/\/top-parfumerie.fr\/wp-content\/uploads\/2025\/02\/logo.jpg","contentUrl":"https:\/\/top-parfumerie.fr\/wp-content\/uploads\/2025\/02\/logo.jpg","width":1600,"height":1600,"caption":"TOP PARFUMERIE"},"image":{"@id":"https:\/\/top-parfumerie.fr\/#\/schema\/logo\/image\/"}}]}},"_links":{"self":[{"href":"https:\/\/top-parfumerie.fr\/en\/wp-json\/wp\/v2\/product\/1108","targetHints":{"allow":["GET"]}}],"collection":[{"href":"https:\/\/top-parfumerie.fr\/en\/wp-json\/wp\/v2\/product"}],"about":[{"href":"https:\/\/top-parfumerie.fr\/en\/wp-json\/wp\/v2\/types\/product"}],"replies":[{"embeddable":true,"href":"https:\/\/top-parfumerie.fr\/en\/wp-json\/wp\/v2\/comments?post=1108"}],"wp:featuredmedia":[{"embeddable":true,"href":"https:\/\/top-parfumerie.fr\/en\/wp-json\/wp\/v2\/media\/1480"}],"wp:attachment":[{"href":"https:\/\/top-parfumerie.fr\/en\/wp-json\/wp\/v2\/media?parent=1108"}],"wp:term":[{"taxonomy":"product_brand","embeddable":true,"href":"https:\/\/top-parfumerie.fr\/en\/wp-json\/wp\/v2\/product_brand?post=1108"},{"taxonomy":"product_cat","embeddable":true,"href":"https:\/\/top-parfumerie.fr\/en\/wp-json\/wp\/v2\/product_cat?post=1108"},{"taxonomy":"product_tag","embeddable":true,"href":"https:\/\/top-parfumerie.fr\/en\/wp-json\/wp\/v2\/product_tag?post=1108"}],"curies":[{"name":"wp","href":"https:\/\/api.w.org\/{rel}","templated":true}]}}